{"id":8732,"date":"2024-05-22T09:50:03","date_gmt":"2024-05-22T07:50:03","guid":{"rendered":"https:\/\/etoropartners.com\/be-accurate\/"},"modified":"2024-08-26T11:01:02","modified_gmt":"2024-08-26T09:01:02","slug":"be-accurate","status":"publish","type":"page","link":"https:\/\/etoropartners.com\/da\/be-accurate\/","title":{"rendered":"How to be accurate, balanced, and not misleading"},"content":{"rendered":"\n<section class=\"wp-block-group wp-block-group-boxed wp-block-group-small-top-padding wp-block-group-small-bottom-padding\"><div class=\"wp-block-group-inner is-layout-flow wp-block-group-is-layout-flow\">\n<div class=\"wp-block-columns are-vertically-aligned-top wp-block-columns-1 is-layout-flex wp-container-core-columns-is-layout-9d6595d7 wp-block-columns-is-layout-flex\">\n<div class=\"wp-block-column wp-block-column-align-desktop-center wp-block-column-align-mobile-center is-layout-flow wp-block-column-is-layout-flow\">\n<h2 class=\"wp-block-heading has-text-align-center\">S\u00e5dan er du\u00a0 pr\u00e6cis, balanceret og ikke misvisende\u00a0<\/h2>\n\n\n\n<figure class=\"wp-block-image size-full\"><img loading=\"lazy\" decoding=\"async\" width=\"1600\" height=\"400\" src=\"https:\/\/etoropartners.com\/wp-content\/uploads\/2024\/05\/Cover_be-accurate.jpg\" alt=\"\" class=\"wp-image-8091 wp-image-desktop\" srcset=\"https:\/\/etoropartners.com\/wp-content\/uploads\/2024\/05\/Cover_be-accurate.jpg 1600w, https:\/\/etoropartners.com\/wp-content\/uploads\/2024\/05\/Cover_be-accurate-300x75.jpg 300w, https:\/\/etoropartners.com\/wp-content\/uploads\/2024\/05\/Cover_be-accurate-1024x256.jpg 1024w, https:\/\/etoropartners.com\/wp-content\/uploads\/2024\/05\/Cover_be-accurate-768x192.jpg 768w, https:\/\/etoropartners.com\/wp-content\/uploads\/2024\/05\/Cover_be-accurate-1536x384.jpg 1536w\" sizes=\"auto, (max-width: 1600px) 100vw, 1600px\" \/><\/figure>\n<\/div>\n<\/div>\n<\/div><\/section>\n\n\n\n<section class=\"wp-block-group wp-block-group-boxed wp-block-group-small-top-padding wp-block-group-small-bottom-padding\"><div class=\"wp-block-group-inner is-layout-flow wp-block-group-is-layout-flow\">\n<div class=\"wp-block-columns are-vertically-aligned-top wp-block-columns-1 is-layout-flex wp-container-core-columns-is-layout-9d6595d7 wp-block-columns-is-layout-flex\">\n<div class=\"wp-block-column is-layout-flow wp-block-column-is-layout-flow\">\n<p>En af de vigtigste regler i compliance siger, at din promovering skal v\u00e6re pr\u00e6cis, balanceret og ikke misvisende. Nedenfor finder du flere eksempler, der illustrerer pr\u00e6cis, hvad det betyder.<\/p>\n\n\n\n<p class=\"is-style-heading-2\"><br>4 ting du skal v\u00e6re pr\u00e6cis omkring:<\/p>\n\n\n\n<p><br>1. Udgiv dig ikke for at v\u00e6re nogen, du ikke er: P\u00e5st\u00e5 ikke, at du repr\u00e6senterer eToro, og brug ikke eToro i dit dom\u00e6nenavn.<\/p>\n\n\n\n<p>2. Udstil ikke eToro som et lokalt brand, n\u00e5r det ikke er: En s\u00e6tning som fx \u201cDen bedste franske m\u00e6gler\u201d er ikke compliant. Selvom eToro er tilg\u00e6ngelig i Frankrig, er det ikke en fransk m\u00e6gler, s\u00e5 undg\u00e5 at beskrive det som det som s\u00e5dan.&nbsp;<\/p>\n\n\n\n<p>3. Promover ikke utilg\u00e6ngelige instrumenter, promoveringer eller betalingsmetoder: Promover kun, hvad der rent faktisk er tilg\u00e6ngeligt.<\/p>\n\n\n\n<p>4. V\u00e6r pr\u00e6cis omkring betalingsmuligheder, gebyrer og maksimal gearing (afh\u00e6ngigt af det underliggende aktiv), og s\u00f8rg for at tjekke oversigten over gebyrer p\u00e5 eToros hjemmeside for de mest opdaterede informationer.<\/p>\n\n\n\n<p>Du kan finde links til alle de oplysninger, du skal bruge til at skrive pr\u00e6cise kampagner i sektionen <a href=\"https:\/\/etoropartners.com\/da\/find-out-more\/\">\u201cFind ud af mere\u201d<\/a> p\u00e5 eToros-partnerhub.\u00a0<br><\/p>\n<\/div>\n<\/div>\n<\/div><\/section>\n\n\n\n<section class=\"wp-block-group wp-block-group-boxed wp-block-group-small-top-padding wp-block-group-small-bottom-padding\"><div class=\"wp-block-group-inner is-layout-flow wp-block-group-is-layout-flow\">\n<div class=\"wp-block-columns are-vertically-aligned-top wp-block-columns-1 is-layout-flex wp-container-core-columns-is-layout-9d6595d7 wp-block-columns-is-layout-flex\">\n<div class=\"wp-block-column wp-block-column-align-desktop-center wp-block-column-align-mobile-center is-layout-flow wp-block-column-is-layout-flow\">\n<figure class=\"wp-block-embed is-type-rich is-provider-embed-handler wp-block-embed-embed-handler wp-embed-aspect-16-9 wp-has-aspect-ratio\"><div class=\"wp-block-embed__wrapper\">\n<div class=\"ec-video\"><iframe loading=\"lazy\" title=\"Compliance training video 2 - 16:9 - How to be accurate, fair, not misleading\" width=\"500\" height=\"281\" src=\"https:\/\/www.youtube.com\/embed\/Im2UgdX05dg?feature=oembed\" frameborder=\"0\" allow=\"accelerometer; autoplay; clipboard-write; encrypted-media; gyroscope; picture-in-picture; web-share\" referrerpolicy=\"strict-origin-when-cross-origin\" allowfullscreen><\/iframe><\/div>\n<\/div><\/figure>\n<\/div>\n<\/div>\n<\/div><\/section>\n\n\n\n<section class=\"wp-block-group wp-block-group-boxed wp-block-group-small-top-padding wp-block-group-small-bottom-padding\"><div class=\"wp-block-group-inner is-layout-flow wp-block-group-is-layout-flow\">\n<div class=\"wp-block-columns are-vertically-aligned-top wp-block-columns-1 is-layout-flex wp-container-core-columns-is-layout-9d6595d7 wp-block-columns-is-layout-flex\">\n<div class=\"wp-block-column is-layout-flow wp-block-column-is-layout-flow\">\n<p class=\"is-style-heading-2\">Din promovering skal v\u00e6re balanceret:\u00a0<\/p>\n\n\n\n<p>1. S\u00f8rg for, at dit budskab er balanceret: N\u00e5r du n\u00e6vner mulige gevinster, skal du altid inkludere de medf\u00f8lgende risici og mulige tab. Hvis du n\u00e6vner, at gearing kan bruges til at maksimere gevinster, skal du p\u00e5 samme m\u00e5de n\u00e6vne, at det maksimerer potentielle tab.&nbsp;<\/p>\n\n\n\n<p>2. Brug ikke billeder, der antydergevinster, som i bl.a. kontanter, luksusbiler osv.<\/p>\n\n\n\n<p>3. N\u00e5r du promoverer Popular Investors, s\u00e5 kald dem ikke &#8220;professionelle traders\u201d, \u201cprofessionelle handlende\u201d eller \u201cverdens bedste traders\u201d. Du skal bruge mere pr\u00e6cise beskrivelser som \u201cde bedste tradere p\u00e5 eToro\u201d eller \u201cerfarne handlende\u201d eller \u201ctoppr\u00e6sterende handlende\u201d.<\/p>\n\n\n\n<p>4. N\u00e5r du promoverer CopyTrading, m\u00e5 du ikke komme med udsagn som \u201cdu beh\u00f8ver ingen viden\u201d eller \u201cl\u00e6n dig tilbage og slap af, mens andre g\u00f8r arbejdet for dig\u201d. Husk, at CopyTrading stadig er handel, og risici og tab stadig kan forekomme.<\/p>\n\n\n\n<p>5. Undg\u00e5 at referere til aktiemarkedet som &#8220;nemt\u201d. Handel er ikke nemt, s\u00e5 undg\u00e5 s\u00e6tninger som \u201cHandel er nemt p\u00e5 eToro\u201d eller \u201ceToro er for begyndere\u201d. Du kan i stedet fremh\u00e6ve, at eToro er brugervenligt med en intuitiv platform.\u00a0<\/p>\n\n\n\n<p class=\"is-style-heading-2\"><br><br>Sidst, men ikke mindst \u2013 v\u00e6r ikke misvisende.\u00a0<\/p>\n\n\n\n<p>Hvis noget er hverken pr\u00e6cist eller balanceret, er det sandsynligvis vildledende for en kunde i forhold til at tr\u00e6ffe en k\u00f8bsbeslutning. S\u00e5 undg\u00e5 at bruge s\u00e6tninger som:\u00a0<\/p>\n\n\n\n<ul class=\"wp-block-list wp-block-list wp-block-list-circle\">\n<li>\u201cTrading har aldrig v\u00e6ret nemmere\u201d<\/li>\n\n\n\n<li>\u201cStart din karriere som handlende lige nu\u201d<\/li>\n\n\n\n<li>\u201cDu kan bruge trading til at skabe en sekund\u00e6r indkomst og betale din g\u00e6ld af hurtigere\u201d.<\/li>\n<\/ul>\n\n\n\n<p>Som opsummering skal du huske, at compliance (overenstemmelse med love og regler) kan v\u00e6re udfordrende, s\u00e5 hvis du er tvivl om noget, kan du r\u00e6kke ud til din Affiliate Manager eller booke et privat compliance-m\u00f8de via Calendly.\u00a0<br><\/p>\n<\/div>\n<\/div>\n<\/div><\/section>\n","protected":false},"excerpt":{"rendered":"<p>S\u00e5dan er du\u00a0 pr\u00e6cis, balanceret og ikke misvisende\u00a0 En af de vigtigste regler i compliance siger, at din promovering skal v\u00e6re pr\u00e6cis, balanceret og ikke misvisende. Nedenfor finder du flere eksempler, der illustrerer pr\u00e6cis, hvad det betyder. 4 ting du skal v\u00e6re pr\u00e6cis omkring: 1. Udgiv dig ikke for at v\u00e6re nogen, du ikke er: [&hellip;]<\/p>\n","protected":false},"author":11,"featured_media":8080,"parent":0,"menu_order":0,"comment_status":"closed","ping_status":"closed","template":"","meta":{"_acf_changed":false,"sticky_cta_settings":"","footnotes":""},"class_list":["post-8732","page","type-page","status-publish","has-post-thumbnail","hentry"],"acf":[],"yoast_head":"<!-- This site is optimized with the Yoast SEO plugin v27.3 - https:\/\/yoast.com\/product\/yoast-seo-wordpress\/ -->\n<title>Hvordan man er pr\u00e6cis, balanceret og ikke misvisende<\/title>\n<meta name=\"description\" content=\"En af de vigstige regler i compliance siger, at din promovering skal v\u00e6re pr\u00e6cis, balanceret og ikke misvisende. Nedenfor er nogle eksempler\" \/>\n<meta name=\"robots\" content=\"index, follow, max-snippet:-1, max-image-preview:large, max-video-preview:-1\" \/>\n<link rel=\"canonical\" href=\"https:\/\/etoropartners.com\/da\/be-accurate\/\" \/>\n<meta property=\"og:locale\" content=\"da_DK\" \/>\n<meta property=\"og:type\" content=\"article\" \/>\n<meta property=\"og:title\" content=\"Hvordan man er pr\u00e6cis, balanceret og ikke misvisende\" \/>\n<meta property=\"og:description\" content=\"En af de vigstige regler i compliance siger, at din promovering skal v\u00e6re pr\u00e6cis, balanceret og ikke misvisende. Nedenfor er nogle eksempler\" \/>\n<meta property=\"og:url\" content=\"https:\/\/etoropartners.com\/da\/be-accurate\/\" \/>\n<meta property=\"og:site_name\" content=\"eToro Partners\" \/>\n<meta property=\"article:modified_time\" content=\"2024-08-26T09:01:02+00:00\" \/>\n<meta property=\"og:image\" content=\"https:\/\/etoropartners.com\/wp-content\/uploads\/2024\/05\/Featured_be-accurate.png\" \/>\n\t<meta property=\"og:image:width\" content=\"1200\" \/>\n\t<meta property=\"og:image:height\" content=\"630\" \/>\n\t<meta property=\"og:image:type\" content=\"image\/png\" \/>\n<meta name=\"twitter:card\" content=\"summary_large_image\" \/>\n<meta name=\"twitter:label1\" content=\"Estimeret l\u00e6setid\" \/>\n\t<meta name=\"twitter:data1\" content=\"3 minutter\" \/>\n<script type=\"application\/ld+json\" class=\"yoast-schema-graph\">{\"@context\":\"https:\\\/\\\/schema.org\",\"@graph\":[{\"@type\":\"WebPage\",\"@id\":\"https:\\\/\\\/etoropartners.com\\\/da\\\/be-accurate\\\/\",\"url\":\"https:\\\/\\\/etoropartners.com\\\/da\\\/be-accurate\\\/\",\"name\":\"Hvordan man er pr\u00e6cis, balanceret og ikke misvisende\",\"isPartOf\":{\"@id\":\"https:\\\/\\\/etoropartners.com\\\/da\\\/#website\"},\"primaryImageOfPage\":{\"@id\":\"https:\\\/\\\/etoropartners.com\\\/da\\\/be-accurate\\\/#primaryimage\"},\"image\":{\"@id\":\"https:\\\/\\\/etoropartners.com\\\/da\\\/be-accurate\\\/#primaryimage\"},\"thumbnailUrl\":\"https:\\\/\\\/etoropartners.com\\\/wp-content\\\/uploads\\\/2024\\\/05\\\/Featured_be-accurate.png\",\"datePublished\":\"2024-05-22T07:50:03+00:00\",\"dateModified\":\"2024-08-26T09:01:02+00:00\",\"description\":\"En af de vigstige regler i compliance siger, at din promovering skal v\u00e6re pr\u00e6cis, balanceret og ikke misvisende. Nedenfor er nogle eksempler\",\"breadcrumb\":{\"@id\":\"https:\\\/\\\/etoropartners.com\\\/da\\\/be-accurate\\\/#breadcrumb\"},\"inLanguage\":\"da-DK\",\"potentialAction\":[{\"@type\":\"ReadAction\",\"target\":[\"https:\\\/\\\/etoropartners.com\\\/da\\\/be-accurate\\\/\"]}]},{\"@type\":\"ImageObject\",\"inLanguage\":\"da-DK\",\"@id\":\"https:\\\/\\\/etoropartners.com\\\/da\\\/be-accurate\\\/#primaryimage\",\"url\":\"https:\\\/\\\/etoropartners.com\\\/wp-content\\\/uploads\\\/2024\\\/05\\\/Featured_be-accurate.png\",\"contentUrl\":\"https:\\\/\\\/etoropartners.com\\\/wp-content\\\/uploads\\\/2024\\\/05\\\/Featured_be-accurate.png\",\"width\":1200,\"height\":630,\"caption\":\"Be accurate\"},{\"@type\":\"BreadcrumbList\",\"@id\":\"https:\\\/\\\/etoropartners.com\\\/da\\\/be-accurate\\\/#breadcrumb\",\"itemListElement\":[{\"@type\":\"ListItem\",\"position\":1,\"name\":\"Home\",\"item\":\"https:\\\/\\\/etoropartners.wpengine.com\\\/da\\\/\"},{\"@type\":\"ListItem\",\"position\":2,\"name\":\"How to be accurate, balanced, and not misleading\"}]},{\"@type\":\"WebSite\",\"@id\":\"https:\\\/\\\/etoropartners.com\\\/da\\\/#website\",\"url\":\"https:\\\/\\\/etoropartners.com\\\/da\\\/\",\"name\":\"eToro Partners\",\"description\":\"\",\"potentialAction\":[{\"@type\":\"SearchAction\",\"target\":{\"@type\":\"EntryPoint\",\"urlTemplate\":\"https:\\\/\\\/etoropartners.com\\\/da\\\/?s={search_term_string}\"},\"query-input\":{\"@type\":\"PropertyValueSpecification\",\"valueRequired\":true,\"valueName\":\"search_term_string\"}}],\"inLanguage\":\"da-DK\"}]}<\/script>\n<!-- \/ Yoast SEO plugin. -->","yoast_head_json":{"title":"Hvordan man er pr\u00e6cis, balanceret og ikke misvisende","description":"En af de vigstige regler i compliance siger, at din promovering skal v\u00e6re pr\u00e6cis, balanceret og ikke misvisende. Nedenfor er nogle eksempler","robots":{"index":"index","follow":"follow","max-snippet":"max-snippet:-1","max-image-preview":"max-image-preview:large","max-video-preview":"max-video-preview:-1"},"canonical":"https:\/\/etoropartners.com\/da\/be-accurate\/","og_locale":"da_DK","og_type":"article","og_title":"Hvordan man er pr\u00e6cis, balanceret og ikke misvisende","og_description":"En af de vigstige regler i compliance siger, at din promovering skal v\u00e6re pr\u00e6cis, balanceret og ikke misvisende. Nedenfor er nogle eksempler","og_url":"https:\/\/etoropartners.com\/da\/be-accurate\/","og_site_name":"eToro Partners","article_modified_time":"2024-08-26T09:01:02+00:00","og_image":[{"width":1200,"height":630,"url":"https:\/\/etoropartners.com\/wp-content\/uploads\/2024\/05\/Featured_be-accurate.png","type":"image\/png"}],"twitter_card":"summary_large_image","twitter_misc":{"Estimeret l\u00e6setid":"3 minutter"},"schema":{"@context":"https:\/\/schema.org","@graph":[{"@type":"WebPage","@id":"https:\/\/etoropartners.com\/da\/be-accurate\/","url":"https:\/\/etoropartners.com\/da\/be-accurate\/","name":"Hvordan man er pr\u00e6cis, balanceret og ikke misvisende","isPartOf":{"@id":"https:\/\/etoropartners.com\/da\/#website"},"primaryImageOfPage":{"@id":"https:\/\/etoropartners.com\/da\/be-accurate\/#primaryimage"},"image":{"@id":"https:\/\/etoropartners.com\/da\/be-accurate\/#primaryimage"},"thumbnailUrl":"https:\/\/etoropartners.com\/wp-content\/uploads\/2024\/05\/Featured_be-accurate.png","datePublished":"2024-05-22T07:50:03+00:00","dateModified":"2024-08-26T09:01:02+00:00","description":"En af de vigstige regler i compliance siger, at din promovering skal v\u00e6re pr\u00e6cis, balanceret og ikke misvisende. Nedenfor er nogle eksempler","breadcrumb":{"@id":"https:\/\/etoropartners.com\/da\/be-accurate\/#breadcrumb"},"inLanguage":"da-DK","potentialAction":[{"@type":"ReadAction","target":["https:\/\/etoropartners.com\/da\/be-accurate\/"]}]},{"@type":"ImageObject","inLanguage":"da-DK","@id":"https:\/\/etoropartners.com\/da\/be-accurate\/#primaryimage","url":"https:\/\/etoropartners.com\/wp-content\/uploads\/2024\/05\/Featured_be-accurate.png","contentUrl":"https:\/\/etoropartners.com\/wp-content\/uploads\/2024\/05\/Featured_be-accurate.png","width":1200,"height":630,"caption":"Be accurate"},{"@type":"BreadcrumbList","@id":"https:\/\/etoropartners.com\/da\/be-accurate\/#breadcrumb","itemListElement":[{"@type":"ListItem","position":1,"name":"Home","item":"https:\/\/etoropartners.wpengine.com\/da\/"},{"@type":"ListItem","position":2,"name":"How to be accurate, balanced, and not misleading"}]},{"@type":"WebSite","@id":"https:\/\/etoropartners.com\/da\/#website","url":"https:\/\/etoropartners.com\/da\/","name":"eToro Partners","description":"","potentialAction":[{"@type":"SearchAction","target":{"@type":"EntryPoint","urlTemplate":"https:\/\/etoropartners.com\/da\/?s={search_term_string}"},"query-input":{"@type":"PropertyValueSpecification","valueRequired":true,"valueName":"search_term_string"}}],"inLanguage":"da-DK"}]}},"_links":{"self":[{"href":"https:\/\/etoropartners.com\/da\/wp-json\/wp\/v2\/pages\/8732","targetHints":{"allow":["GET"]}}],"collection":[{"href":"https:\/\/etoropartners.com\/da\/wp-json\/wp\/v2\/pages"}],"about":[{"href":"https:\/\/etoropartners.com\/da\/wp-json\/wp\/v2\/types\/page"}],"author":[{"embeddable":true,"href":"https:\/\/etoropartners.com\/da\/wp-json\/wp\/v2\/users\/11"}],"replies":[{"embeddable":true,"href":"https:\/\/etoropartners.com\/da\/wp-json\/wp\/v2\/comments?post=8732"}],"version-history":[{"count":0,"href":"https:\/\/etoropartners.com\/da\/wp-json\/wp\/v2\/pages\/8732\/revisions"}],"wp:featuredmedia":[{"embeddable":true,"href":"https:\/\/etoropartners.com\/da\/wp-json\/wp\/v2\/media\/8080"}],"wp:attachment":[{"href":"https:\/\/etoropartners.com\/da\/wp-json\/wp\/v2\/media?parent=8732"}],"curies":[{"name":"wp","href":"https:\/\/api.w.org\/{rel}","templated":true}]}}