{"id":8702,"date":"2024-05-22T10:18:48","date_gmt":"2024-05-22T08:18:48","guid":{"rendered":"https:\/\/etoropartners.com\/multi-regulated-platform\/"},"modified":"2024-08-21T15:13:39","modified_gmt":"2024-08-21T13:13:39","slug":"multi-regulated-platform","status":"publish","type":"page","link":"https:\/\/etoropartners.com\/da\/multi-regulated-platform\/","title":{"rendered":"Promoting a multi-regulated platform"},"content":{"rendered":"\n<section class=\"wp-block-group wp-block-group-boxed wp-block-group-small-top-padding wp-block-group-small-bottom-padding\"><div class=\"wp-block-group-inner is-layout-flow wp-block-group-is-layout-flow\">\n<div class=\"wp-block-columns are-vertically-aligned-top wp-block-columns-1 is-layout-flex wp-container-core-columns-is-layout-9d6595d7 wp-block-columns-is-layout-flex\">\n<div class=\"wp-block-column wp-block-column-align-desktop-center wp-block-column-align-mobile-center is-layout-flow wp-block-column-is-layout-flow\">\n<h2 class=\"wp-block-heading has-text-align-center\">Promovering af en multi-reguleret platform<\/h2>\n\n\n\n<figure class=\"wp-block-image size-full\"><img loading=\"lazy\" decoding=\"async\" width=\"1600\" height=\"400\" src=\"https:\/\/etoropartners.com\/wp-content\/uploads\/2024\/05\/Cover_multi-regulated-platform-1.jpg\" alt=\"\" class=\"wp-image-8144 wp-image-desktop\" srcset=\"https:\/\/etoropartners.com\/wp-content\/uploads\/2024\/05\/Cover_multi-regulated-platform-1.jpg 1600w, https:\/\/etoropartners.com\/wp-content\/uploads\/2024\/05\/Cover_multi-regulated-platform-1-300x75.jpg 300w, https:\/\/etoropartners.com\/wp-content\/uploads\/2024\/05\/Cover_multi-regulated-platform-1-1024x256.jpg 1024w, https:\/\/etoropartners.com\/wp-content\/uploads\/2024\/05\/Cover_multi-regulated-platform-1-768x192.jpg 768w, https:\/\/etoropartners.com\/wp-content\/uploads\/2024\/05\/Cover_multi-regulated-platform-1-1536x384.jpg 1536w\" sizes=\"auto, (max-width: 1600px) 100vw, 1600px\" \/><\/figure>\n<\/div>\n<\/div>\n<\/div><\/section>\n\n\n\n<section class=\"wp-block-group wp-block-group-boxed wp-block-group-small-top-padding wp-block-group-small-bottom-padding\"><div class=\"wp-block-group-inner is-layout-flow wp-block-group-is-layout-flow\">\n<div class=\"wp-block-columns are-vertically-aligned-top wp-block-columns-1 is-layout-flex wp-container-core-columns-is-layout-9d6595d7 wp-block-columns-is-layout-flex\">\n<div class=\"wp-block-column is-layout-flow wp-block-column-is-layout-flow\">\n<p>Virksomhederne i eToro Group er reguleret af forskellige myndigheder. Derfor kan forskellige krav og regler v\u00e6re g\u00e6ldende i forskellige lande, og ikke alle aktiver m\u00e5 promoveres i hvert land. Reglerne er bestemt af dit publikums land samt det sprog, som du bruger p\u00e5 din hjemmeside, URL-udvidelsen samt n\u00e6vnelse af specifikke lande eller landerelaterede ting som bl.a. lokal valuta.\u00a0<br><\/p>\n<\/div>\n<\/div>\n<\/div><\/section>\n\n\n\n<section class=\"wp-block-group wp-block-group-boxed wp-block-group-small-top-padding wp-block-group-small-bottom-padding\"><div class=\"wp-block-group-inner is-layout-flow wp-block-group-is-layout-flow\">\n<div class=\"wp-block-columns are-vertically-aligned-top wp-block-columns-1 is-layout-flex wp-container-core-columns-is-layout-9d6595d7 wp-block-columns-is-layout-flex\">\n<div class=\"wp-block-column wp-block-column-align-desktop-center wp-block-column-align-mobile-center is-layout-flow wp-block-column-is-layout-flow\">\n<figure class=\"wp-block-embed is-type-rich is-provider-embed-handler wp-block-embed-embed-handler wp-embed-aspect-16-9 wp-has-aspect-ratio\"><div class=\"wp-block-embed__wrapper\">\n<div class=\"ec-video\"><iframe loading=\"lazy\" title=\"Compliance training video 3 - 16:9 - How to  promote a multiregulated platform\" width=\"500\" height=\"281\" src=\"https:\/\/www.youtube.com\/embed\/u3qzbbYTbjI?feature=oembed\" frameborder=\"0\" allow=\"accelerometer; autoplay; clipboard-write; encrypted-media; gyroscope; picture-in-picture; web-share\" referrerpolicy=\"strict-origin-when-cross-origin\" allowfullscreen><\/iframe><\/div>\n<\/div><\/figure>\n<\/div>\n<\/div>\n<\/div><\/section>\n\n\n\n<section class=\"wp-block-group wp-block-group-boxed wp-block-group-small-top-padding wp-block-group-small-bottom-padding\"><div class=\"wp-block-group-inner is-layout-flow wp-block-group-is-layout-flow\">\n<div class=\"wp-block-columns are-vertically-aligned-top wp-block-columns-1 is-layout-flex wp-container-core-columns-is-layout-9d6595d7 wp-block-columns-is-layout-flex\">\n<div class=\"wp-block-column is-layout-flow wp-block-column-is-layout-flow\">\n<p>S\u00e5 f\u00f8rst og fremmest s\u00f8rg for, at du <strong>ikke promoverer eToro i et begr\u00e6nset land, <\/strong>da du ikke kun vil miste CPA for disse lande, men promovering af eToro i et begr\u00e6nset land er et alvorlig overtr\u00e6delse, der kan f\u00f8re det oph\u00f8r af vores partnerskab.&nbsp;<\/p>\n\n\n\n<p>S\u00e5 v\u00e6r opm\u00e6rksom.<\/p>\n\n\n\n<p>S\u00f8rg ogs\u00e5 for, at du <strong>promoverer aktiver, der m\u00e5 promoveres i landet,<\/strong> du m\u00e5lretter mod. Bem\u00e6rk, at visse lande har begr\u00e6nsninger p\u00e5 promovering af visse aktiver, s\u00e5 s\u00f8rg for at v\u00e6re i overensstemmelse med, hvilke aktiver du m\u00e5 eller ikke m\u00e5 promovere. For specifikke eksempler skal du referere til retningslinjerne.<br><br>Du m\u00e5 fx gerne promovere krypto i USA. Hvis du har speciel godkendelse, m\u00e5 du ogs\u00e5 gerne promovere aktier, ETF\u2019er og optioner. Men CFD&#8217;er er IKKE tilg\u00e6ngelige i USA, og derfor er forex, r\u00e5varer, shorting og gearing ikke tilg\u00e6ngelige, og kan ikke promoveres i USA.<br><\/p>\n\n\n\n<p>Du kan finde alle lande- og produktrestriktioner i vores <a href=\"https:\/\/etoropartners.com\/da\/guidelines\/\">retningslinjer<\/a>. Husk, at det er underlagt opdateringer.<\/p>\n\n\n\n<p>Det er ogs\u00e5 vigtigt at v\u00e6re opm\u00e6rksom p\u00e5, <strong>hvilken enhed der tilbyder hvilket produkt. <\/strong>Fx tilbyder eToro USA LLC en platform for amerikanske kunder til at k\u00f8be og s\u00e6lge krypto, og de er reguleret af FinCen, mens eToro USA Securities Inc. er en m\u00e6gler-forhandler, der reguleres af FINRA, der tillader handel med aktier, ETF\u2019er og optioner. Forveksl ikke de to.<\/p>\n\n\n\n<p>Du kan finde den fulde liste over enheder, produkttilbud og licenser p\u00e5 siden <a href=\"https:\/\/www.etoro.com\/da-dk\/customer-service\/regulation-license\/\">Regulering og licens<\/a> p\u00e5 eToro.<\/p>\n\n\n\n<p>Dern\u00e6st skal du <strong>v\u00e6re opm\u00e6rksom p\u00e5 advarslerne om risici. <\/strong>De risikoadvarsler, du skal bruge, bestemmes af de lande, hvor du promoverer eToro, samt af de aktiver, du promoverer. Tjek vores tutorial omkring advarsler om risici i vores <a href=\"https:\/\/etoropartners.com\/da\/guidelines\/\">retningslinjer<\/a> og se, hvilke risikoadvarsler du skal bruge og hvorn\u00e5r.<\/p>\n\n\n\n<p>Hvis du promoverer flere aktiver, skal du bruge alle g\u00e6ldende advarsler om risici.&nbsp;<\/p>\n\n\n\n<p>Nogle gange vil forskellige regler g\u00f8re sig g\u00e6ldende. Hvis du fx promoverer p\u00e5 spansk eller p\u00e5 engelsk, kan du have blandede publikummer fra forskellige lande. I disse tilf\u00e6lde skal du overholde reglerne fra alle relevante regulatorer.&nbsp;<\/p>\n<\/div>\n<\/div>\n<\/div><\/section>\n","protected":false},"excerpt":{"rendered":"<p>Promovering af en multi-reguleret platform Virksomhederne i eToro Group er reguleret af forskellige myndigheder. Derfor kan forskellige krav og regler v\u00e6re g\u00e6ldende i forskellige lande, og ikke alle aktiver m\u00e5 promoveres i hvert land. Reglerne er bestemt af dit publikums land samt det sprog, som du bruger p\u00e5 din hjemmeside, URL-udvidelsen samt n\u00e6vnelse af specifikke [&hellip;]<\/p>\n","protected":false},"author":11,"featured_media":8118,"parent":0,"menu_order":0,"comment_status":"closed","ping_status":"closed","template":"","meta":{"_acf_changed":false,"sticky_cta_settings":"","footnotes":""},"class_list":["post-8702","page","type-page","status-publish","has-post-thumbnail","hentry"],"acf":[],"yoast_head":"<!-- This site is optimized with the Yoast SEO plugin v27.3 - https:\/\/yoast.com\/product\/yoast-seo-wordpress\/ -->\n<title>Promovering af en multi-reguleret platform<\/title>\n<meta name=\"description\" content=\"Virksomhederne der udg\u00f8r eToro gruppen er reguleret af forskellige myndigheder. Derfor g\u00e6lder forskellige krav og regler i forskellige lande\" \/>\n<meta name=\"robots\" content=\"index, follow, max-snippet:-1, max-image-preview:large, max-video-preview:-1\" \/>\n<link rel=\"canonical\" href=\"https:\/\/etoropartners.com\/da\/multi-regulated-platform\/\" \/>\n<meta property=\"og:locale\" content=\"da_DK\" \/>\n<meta property=\"og:type\" content=\"article\" \/>\n<meta property=\"og:title\" content=\"Promovering af en multi-reguleret platform\" \/>\n<meta property=\"og:description\" content=\"Virksomhederne der udg\u00f8r eToro gruppen er reguleret af forskellige myndigheder. Derfor g\u00e6lder forskellige krav og regler i forskellige lande\" \/>\n<meta property=\"og:url\" content=\"https:\/\/etoropartners.com\/da\/multi-regulated-platform\/\" \/>\n<meta property=\"og:site_name\" content=\"eToro Partners\" \/>\n<meta property=\"article:modified_time\" content=\"2024-08-21T13:13:39+00:00\" \/>\n<meta property=\"og:image\" content=\"https:\/\/etoropartners.com\/wp-content\/uploads\/2024\/05\/Featured_multi-regulated-platform.png\" \/>\n\t<meta property=\"og:image:width\" content=\"1200\" \/>\n\t<meta property=\"og:image:height\" content=\"630\" \/>\n\t<meta property=\"og:image:type\" content=\"image\/png\" \/>\n<meta name=\"twitter:card\" content=\"summary_large_image\" \/>\n<meta name=\"twitter:label1\" content=\"Estimeret l\u00e6setid\" \/>\n\t<meta name=\"twitter:data1\" content=\"3 minutter\" \/>\n<script type=\"application\/ld+json\" class=\"yoast-schema-graph\">{\"@context\":\"https:\\\/\\\/schema.org\",\"@graph\":[{\"@type\":\"WebPage\",\"@id\":\"https:\\\/\\\/etoropartners.com\\\/da\\\/multi-regulated-platform\\\/\",\"url\":\"https:\\\/\\\/etoropartners.com\\\/da\\\/multi-regulated-platform\\\/\",\"name\":\"Promovering af en multi-reguleret platform\",\"isPartOf\":{\"@id\":\"https:\\\/\\\/etoropartners.com\\\/da\\\/#website\"},\"primaryImageOfPage\":{\"@id\":\"https:\\\/\\\/etoropartners.com\\\/da\\\/multi-regulated-platform\\\/#primaryimage\"},\"image\":{\"@id\":\"https:\\\/\\\/etoropartners.com\\\/da\\\/multi-regulated-platform\\\/#primaryimage\"},\"thumbnailUrl\":\"https:\\\/\\\/etoropartners.com\\\/wp-content\\\/uploads\\\/2024\\\/05\\\/Featured_multi-regulated-platform.png\",\"datePublished\":\"2024-05-22T08:18:48+00:00\",\"dateModified\":\"2024-08-21T13:13:39+00:00\",\"description\":\"Virksomhederne der udg\u00f8r eToro gruppen er reguleret af forskellige myndigheder. Derfor g\u00e6lder forskellige krav og regler i forskellige lande\",\"breadcrumb\":{\"@id\":\"https:\\\/\\\/etoropartners.com\\\/da\\\/multi-regulated-platform\\\/#breadcrumb\"},\"inLanguage\":\"da-DK\",\"potentialAction\":[{\"@type\":\"ReadAction\",\"target\":[\"https:\\\/\\\/etoropartners.com\\\/da\\\/multi-regulated-platform\\\/\"]}]},{\"@type\":\"ImageObject\",\"inLanguage\":\"da-DK\",\"@id\":\"https:\\\/\\\/etoropartners.com\\\/da\\\/multi-regulated-platform\\\/#primaryimage\",\"url\":\"https:\\\/\\\/etoropartners.com\\\/wp-content\\\/uploads\\\/2024\\\/05\\\/Featured_multi-regulated-platform.png\",\"contentUrl\":\"https:\\\/\\\/etoropartners.com\\\/wp-content\\\/uploads\\\/2024\\\/05\\\/Featured_multi-regulated-platform.png\",\"width\":1200,\"height\":630},{\"@type\":\"BreadcrumbList\",\"@id\":\"https:\\\/\\\/etoropartners.com\\\/da\\\/multi-regulated-platform\\\/#breadcrumb\",\"itemListElement\":[{\"@type\":\"ListItem\",\"position\":1,\"name\":\"Home\",\"item\":\"https:\\\/\\\/etoropartners.wpengine.com\\\/da\\\/\"},{\"@type\":\"ListItem\",\"position\":2,\"name\":\"Promoting a multi-regulated platform\"}]},{\"@type\":\"WebSite\",\"@id\":\"https:\\\/\\\/etoropartners.com\\\/da\\\/#website\",\"url\":\"https:\\\/\\\/etoropartners.com\\\/da\\\/\",\"name\":\"eToro Partners\",\"description\":\"\",\"potentialAction\":[{\"@type\":\"SearchAction\",\"target\":{\"@type\":\"EntryPoint\",\"urlTemplate\":\"https:\\\/\\\/etoropartners.com\\\/da\\\/?s={search_term_string}\"},\"query-input\":{\"@type\":\"PropertyValueSpecification\",\"valueRequired\":true,\"valueName\":\"search_term_string\"}}],\"inLanguage\":\"da-DK\"}]}<\/script>\n<!-- \/ Yoast SEO plugin. -->","yoast_head_json":{"title":"Promovering af en multi-reguleret platform","description":"Virksomhederne der udg\u00f8r eToro gruppen er reguleret af forskellige myndigheder. Derfor g\u00e6lder forskellige krav og regler i forskellige lande","robots":{"index":"index","follow":"follow","max-snippet":"max-snippet:-1","max-image-preview":"max-image-preview:large","max-video-preview":"max-video-preview:-1"},"canonical":"https:\/\/etoropartners.com\/da\/multi-regulated-platform\/","og_locale":"da_DK","og_type":"article","og_title":"Promovering af en multi-reguleret platform","og_description":"Virksomhederne der udg\u00f8r eToro gruppen er reguleret af forskellige myndigheder. Derfor g\u00e6lder forskellige krav og regler i forskellige lande","og_url":"https:\/\/etoropartners.com\/da\/multi-regulated-platform\/","og_site_name":"eToro Partners","article_modified_time":"2024-08-21T13:13:39+00:00","og_image":[{"width":1200,"height":630,"url":"https:\/\/etoropartners.com\/wp-content\/uploads\/2024\/05\/Featured_multi-regulated-platform.png","type":"image\/png"}],"twitter_card":"summary_large_image","twitter_misc":{"Estimeret l\u00e6setid":"3 minutter"},"schema":{"@context":"https:\/\/schema.org","@graph":[{"@type":"WebPage","@id":"https:\/\/etoropartners.com\/da\/multi-regulated-platform\/","url":"https:\/\/etoropartners.com\/da\/multi-regulated-platform\/","name":"Promovering af en multi-reguleret platform","isPartOf":{"@id":"https:\/\/etoropartners.com\/da\/#website"},"primaryImageOfPage":{"@id":"https:\/\/etoropartners.com\/da\/multi-regulated-platform\/#primaryimage"},"image":{"@id":"https:\/\/etoropartners.com\/da\/multi-regulated-platform\/#primaryimage"},"thumbnailUrl":"https:\/\/etoropartners.com\/wp-content\/uploads\/2024\/05\/Featured_multi-regulated-platform.png","datePublished":"2024-05-22T08:18:48+00:00","dateModified":"2024-08-21T13:13:39+00:00","description":"Virksomhederne der udg\u00f8r eToro gruppen er reguleret af forskellige myndigheder. Derfor g\u00e6lder forskellige krav og regler i forskellige lande","breadcrumb":{"@id":"https:\/\/etoropartners.com\/da\/multi-regulated-platform\/#breadcrumb"},"inLanguage":"da-DK","potentialAction":[{"@type":"ReadAction","target":["https:\/\/etoropartners.com\/da\/multi-regulated-platform\/"]}]},{"@type":"ImageObject","inLanguage":"da-DK","@id":"https:\/\/etoropartners.com\/da\/multi-regulated-platform\/#primaryimage","url":"https:\/\/etoropartners.com\/wp-content\/uploads\/2024\/05\/Featured_multi-regulated-platform.png","contentUrl":"https:\/\/etoropartners.com\/wp-content\/uploads\/2024\/05\/Featured_multi-regulated-platform.png","width":1200,"height":630},{"@type":"BreadcrumbList","@id":"https:\/\/etoropartners.com\/da\/multi-regulated-platform\/#breadcrumb","itemListElement":[{"@type":"ListItem","position":1,"name":"Home","item":"https:\/\/etoropartners.wpengine.com\/da\/"},{"@type":"ListItem","position":2,"name":"Promoting a multi-regulated platform"}]},{"@type":"WebSite","@id":"https:\/\/etoropartners.com\/da\/#website","url":"https:\/\/etoropartners.com\/da\/","name":"eToro Partners","description":"","potentialAction":[{"@type":"SearchAction","target":{"@type":"EntryPoint","urlTemplate":"https:\/\/etoropartners.com\/da\/?s={search_term_string}"},"query-input":{"@type":"PropertyValueSpecification","valueRequired":true,"valueName":"search_term_string"}}],"inLanguage":"da-DK"}]}},"_links":{"self":[{"href":"https:\/\/etoropartners.com\/da\/wp-json\/wp\/v2\/pages\/8702","targetHints":{"allow":["GET"]}}],"collection":[{"href":"https:\/\/etoropartners.com\/da\/wp-json\/wp\/v2\/pages"}],"about":[{"href":"https:\/\/etoropartners.com\/da\/wp-json\/wp\/v2\/types\/page"}],"author":[{"embeddable":true,"href":"https:\/\/etoropartners.com\/da\/wp-json\/wp\/v2\/users\/11"}],"replies":[{"embeddable":true,"href":"https:\/\/etoropartners.com\/da\/wp-json\/wp\/v2\/comments?post=8702"}],"version-history":[{"count":0,"href":"https:\/\/etoropartners.com\/da\/wp-json\/wp\/v2\/pages\/8702\/revisions"}],"wp:featuredmedia":[{"embeddable":true,"href":"https:\/\/etoropartners.com\/da\/wp-json\/wp\/v2\/media\/8118"}],"wp:attachment":[{"href":"https:\/\/etoropartners.com\/da\/wp-json\/wp\/v2\/media?parent=8702"}],"curies":[{"name":"wp","href":"https:\/\/api.w.org\/{rel}","templated":true}]}}