{"id":8670,"date":"2024-05-22T08:47:21","date_gmt":"2024-05-22T06:47:21","guid":{"rendered":"https:\/\/etoropartners.com\/8-most-important-things\/"},"modified":"2024-08-21T11:00:07","modified_gmt":"2024-08-21T09:00:07","slug":"8-most-important-things","status":"publish","type":"page","link":"https:\/\/etoropartners.com\/da\/8-most-important-things\/","title":{"rendered":"8 most important things to consider when creating a compliant campaign"},"content":{"rendered":"\n<section class=\"wp-block-group wp-block-group-boxed wp-block-group-small-top-padding wp-block-group-small-bottom-padding\"><div class=\"wp-block-group-inner is-layout-flow wp-block-group-is-layout-flow\">\n<div class=\"wp-block-columns are-vertically-aligned-top wp-block-columns-1 is-layout-flex wp-container-core-columns-is-layout-9d6595d7 wp-block-columns-is-layout-flex\">\n<div class=\"wp-block-column wp-block-column-align-desktop-center wp-block-column-align-mobile-center is-layout-flow wp-block-column-is-layout-flow\">\n<h2 class=\"wp-block-heading has-text-align-center\">De 8 vigtigste ting, du skal huske, n\u00e5r du opretter kampagner i overensstemmelse med compliance<\/h2>\n\n\n\n<figure class=\"wp-block-image size-full\"><img loading=\"lazy\" decoding=\"async\" width=\"1600\" height=\"400\" src=\"https:\/\/etoropartners.com\/wp-content\/uploads\/2024\/05\/Cover_8-most-important-things.jpg\" alt=\"8 most important things to consider when creating a compliant campaign\" class=\"wp-image-8016 wp-image-desktop\" srcset=\"https:\/\/etoropartners.com\/wp-content\/uploads\/2024\/05\/Cover_8-most-important-things.jpg 1600w, https:\/\/etoropartners.com\/wp-content\/uploads\/2024\/05\/Cover_8-most-important-things-300x75.jpg 300w, https:\/\/etoropartners.com\/wp-content\/uploads\/2024\/05\/Cover_8-most-important-things-1024x256.jpg 1024w, https:\/\/etoropartners.com\/wp-content\/uploads\/2024\/05\/Cover_8-most-important-things-768x192.jpg 768w, https:\/\/etoropartners.com\/wp-content\/uploads\/2024\/05\/Cover_8-most-important-things-1536x384.jpg 1536w\" sizes=\"auto, (max-width: 1600px) 100vw, 1600px\" \/><\/figure>\n<\/div>\n<\/div>\n<\/div><\/section>\n\n\n\n<section class=\"wp-block-group wp-block-group-boxed wp-block-group-small-top-padding wp-block-group-small-bottom-padding\"><div class=\"wp-block-group-inner is-layout-flow wp-block-group-is-layout-flow\">\n<div class=\"wp-block-columns are-vertically-aligned-top wp-block-columns-1 is-layout-flex wp-container-core-columns-is-layout-9d6595d7 wp-block-columns-is-layout-flex\">\n<div class=\"wp-block-column is-layout-flow wp-block-column-is-layout-flow\">\n<p class=\"has-text-align-left\">eToro er et anerkendt brand, der giver handlende og investorer over hele verden en sikker og reguleret handelsoplevelse. Derfor er det utrolig vigtigt, at du laver en kampagne, der f\u00f8lger de lovgivningsm\u00e6ssige krav og retningslinjerne i den jurisdiktion, hvor du promoverer eToro.&nbsp;<\/p>\n\n\n\n<p>F\u00f8lg <a href=\"https:\/\/etoropartners.com\/da\/guidelines\/\">retningslinjerne for samarbejdspartnere<\/a> og de nedenst\u00e5ende regler, og du vil v\u00e6re godt p\u00e5 vej mod et partnerskab, der overholder compliance. V\u00e6r opm\u00e6rksom p\u00e5, at vi sanktionerer samarbejdspartnere (affiliates), der promoverer eToro p\u00e5 en ikke-compliant m\u00e5de. Ved overtr\u00e6delse af reglerne (<strong>brud p\u00e5 compliance<\/strong>) eller usamarbejdsvillighed deaktiverer vi din konto, og vi kan <strong>annullere din betaling og afbryde partnerskabet.&nbsp;<\/strong><\/p>\n\n\n\n<p>Husk at tjekke din kampagne regelm\u00e6ssigt. Vi arbejder hurtigt og tilpasser os l\u00f8bende lovgivning og markeds\u00e6ndringer, og vi beder om rettelser og\/eller \u00e6ndringer, n\u00e5r det er p\u00e5kr\u00e6vet.<\/p>\n<\/div>\n<\/div>\n<\/div><\/section>\n\n\n\n<section class=\"wp-block-group wp-block-group-boxed wp-block-group-small-top-padding wp-block-group-small-bottom-padding\"><div class=\"wp-block-group-inner is-layout-flow wp-block-group-is-layout-flow\">\n<div class=\"wp-block-columns are-vertically-aligned-top wp-block-columns-1 is-layout-flex wp-container-core-columns-is-layout-9d6595d7 wp-block-columns-is-layout-flex\">\n<div class=\"wp-block-column wp-block-column-align-desktop-center wp-block-column-align-mobile-center is-layout-flow wp-block-column-is-layout-flow\">\n<figure class=\"wp-block-embed is-type-rich is-provider-embed-handler wp-block-embed-embed-handler wp-embed-aspect-16-9 wp-has-aspect-ratio\"><div class=\"wp-block-embed__wrapper\">\n<div class=\"ec-video\"><iframe loading=\"lazy\" title=\"compliance Training Video - N1 - 8 Most Important things to be compliant\" width=\"500\" height=\"281\" src=\"https:\/\/www.youtube.com\/embed\/UGYqpMcdc84?feature=oembed\" frameborder=\"0\" allow=\"accelerometer; autoplay; clipboard-write; encrypted-media; gyroscope; picture-in-picture; web-share\" referrerpolicy=\"strict-origin-when-cross-origin\" allowfullscreen><\/iframe><\/div>\n<\/div><\/figure>\n<\/div>\n<\/div>\n<\/div><\/section>\n\n\n\n<section class=\"wp-block-group wp-block-group-boxed wp-block-group-small-top-padding wp-block-group-small-bottom-padding\"><div class=\"wp-block-group-inner is-layout-flow wp-block-group-is-layout-flow\">\n<div class=\"wp-block-columns are-vertically-aligned-top wp-block-columns-1 is-layout-flex wp-container-core-columns-is-layout-9d6595d7 wp-block-columns-is-layout-flex\">\n<div class=\"wp-block-column is-layout-flow wp-block-column-is-layout-flow\">\n<p class=\"is-style-heading-2\"><strong>Del dine UR\u2019Ler<\/strong><\/p>\n\n\n\n<p>S\u00f8rg for KUN at reklamere for eToro p\u00e5 hjemmesider, som du har oplyst til eToro. N\u00e5r du vil promovere eToro p\u00e5 en ny kanal eller hjemmeside, skal du sende den til din Affiliate Manager f\u00f8rst for godkendelse. Vi skal vide, hvordan og hvor eToro bliver promoveret.<\/p>\n\n\n\n<p class=\"is-style-heading-2\"><strong>Pr\u00e6cis, balanceret og ikke misvisende<\/strong><\/p>\n\n\n\n<p>Du skal altid v\u00e6re pr\u00e6cis, balanceret og hverken misvisende eller vildledende. S\u00f8rg for, at al informationen er korrekt og opdateret. Husk altid at n\u00e6vne risici. F\u00e5 ikke investeringer til at lyde nemme, eller lav ikke falske l\u00f8fter og misvisende udsagn. Brug ikke eToro i dit dom\u00e6nenavn og p\u00e5st\u00e5 ikke, at du repr\u00e6senterer eller arbejder for eToro.<\/p>\n\n\n\n<p class=\"is-style-heading-2\"><strong>Forbudte lande<\/strong><\/p>\n\n\n\n<p>Promover ikke eToro i <a href=\"https:\/\/etoropartners.com\/da\/guidelines\/\">forbudte lande<\/a>. Husk, at vi heller ikke betaler for s\u00e5danne promoveringer. Du kan finde listen af forbudte lande i retningslinjerne. S\u00f8rg for ikke at bruge landet i URL&#8217;en, eller landets landekode, sprog eller n\u00e6vnelse ved navn p\u00e5 din hjemmeside.<\/p>\n\n\n\n<p class=\"is-style-heading-2\"><strong>Produktrestriktioner<\/strong><\/p>\n\n\n\n<p>V\u00e6r opm\u00e6rksom p\u00e5 <a href=\"https:\/\/etoropartners.com\/da\/guidelines\/\">produktrestriktioner<\/a>: Du m\u00e5 ikke promovere visse aktivtyper i bestemte lande. Hvis du promoverer globalt, skal du s\u00f8rge for at n\u00e6vne, hvad der er tilg\u00e6ngeligt i hvert land, eller hvad der ikke er. Et eksempel kan v\u00e6re: \u201cHandl krypto, aktier, r\u00e5varer og Forex p\u00e5 eToro (r\u00e5varer og Forex er ikke tilg\u00e6ngeligt i USA)\u201d. Lovgivningen kan \u00e6ndre sig, s\u00e5 s\u00f8rg for, at du er opdateret omkring krav og restriktioner.<\/p>\n\n\n\n<p class=\"is-style-heading-2\"><strong>Ikke investeringsr\u00e5dgivning<\/strong><\/p>\n\n\n\n<p>Inkluder ikke eToro i indhold, der tilbyder investeringsr\u00e5dgivning.<\/p>\n\n\n\n<p class=\"is-style-heading-2\"><strong>Advarsler om risici<\/strong><\/p>\n\n\n\n<p>S\u00f8rg altid for at tilf\u00f8je den korrekte <a href=\"https:\/\/etoropartners.com\/da\/guidelines\/\">advarsel om risiko<\/a> p\u00e5 den rigtige placering og i den samme st\u00f8rrelse som resten af din tekst. Du kan finde advarsler om risici i retningslinjerne. Ansvarsfraskrivelserne skal v\u00e6re t\u00e6t p\u00e5 ethvert link, der omdirigerer til eToro, over anmeldelser og artikler, i videoer og i deres beskrivelser.<\/p>\n\n\n\n<p class=\"is-style-heading-2\"><strong>Skab ikke en f\u00f8lelse af, at det haster<\/strong><\/p>\n\n\n\n<p>Skab ikke en f\u00f8lelse af, at det haster med at k\u00f8be visse instrumenter.<\/p>\n\n\n\n<p class=\"is-style-heading-2\"><strong>Ingen offentligg\u00f8relse af KYC, ingen scamming<\/strong><\/p>\n\n\n\n<p>Offentligg\u00f8r ikke fortrolige oplysninger eller hj\u00e6lp handlende med at snyde eToro. Guide ikke handlende igennem, hvordan de skal besvare KYC-sp\u00f8rgsm\u00e5lene, og tilbyd ikke incitamenter for at handle p\u00e5 platformen.<\/p>\n<\/div>\n<\/div>\n<\/div><\/section>\n","protected":false},"excerpt":{"rendered":"<p>De 8 vigtigste ting, du skal huske, n\u00e5r du opretter kampagner i overensstemmelse med compliance eToro er et anerkendt brand, der giver handlende og investorer over hele verden en sikker og reguleret handelsoplevelse. Derfor er det utrolig vigtigt, at du laver en kampagne, der f\u00f8lger de lovgivningsm\u00e6ssige krav og retningslinjerne i den jurisdiktion, hvor du [&hellip;]<\/p>\n","protected":false},"author":11,"featured_media":8065,"parent":0,"menu_order":0,"comment_status":"closed","ping_status":"closed","template":"","meta":{"_acf_changed":false,"sticky_cta_settings":"","footnotes":""},"class_list":["post-8670","page","type-page","status-publish","has-post-thumbnail","hentry"],"acf":[],"yoast_head":"<!-- This site is optimized with the Yoast SEO plugin v27.3 - https:\/\/yoast.com\/product\/yoast-seo-wordpress\/ -->\n<title>De 8 vigtigste ting for en compliant kampagne<\/title>\n<meta name=\"description\" content=\"eToro er et anderkendt brand, der udbyder en sikker og reguleret handelsoplevelse til tradere og investorer. Det er altafg\u00f8rende at du skaber en kampagne, der overholder de regulative krav.\" \/>\n<meta name=\"robots\" content=\"index, follow, max-snippet:-1, max-image-preview:large, max-video-preview:-1\" \/>\n<link rel=\"canonical\" href=\"https:\/\/etoropartners.com\/da\/8-most-important-things\/\" \/>\n<meta property=\"og:locale\" content=\"da_DK\" \/>\n<meta property=\"og:type\" content=\"article\" \/>\n<meta property=\"og:title\" content=\"De 8 vigtigste ting for en compliant kampagne\" \/>\n<meta property=\"og:description\" content=\"eToro er et anderkendt brand, der udbyder en sikker og reguleret handelsoplevelse til tradere og investorer. Det er altafg\u00f8rende at du skaber en kampagne, der overholder de regulative krav.\" \/>\n<meta property=\"og:url\" content=\"https:\/\/etoropartners.com\/da\/8-most-important-things\/\" \/>\n<meta property=\"og:site_name\" content=\"eToro Partners\" \/>\n<meta property=\"article:modified_time\" content=\"2024-08-21T09:00:07+00:00\" \/>\n<meta property=\"og:image\" content=\"https:\/\/etoropartners.com\/wp-content\/uploads\/2024\/05\/Featured_8-most-important-things.png\" \/>\n\t<meta property=\"og:image:width\" content=\"1200\" \/>\n\t<meta property=\"og:image:height\" content=\"630\" \/>\n\t<meta property=\"og:image:type\" content=\"image\/png\" \/>\n<meta name=\"twitter:card\" content=\"summary_large_image\" \/>\n<meta name=\"twitter:label1\" content=\"Estimeret l\u00e6setid\" \/>\n\t<meta name=\"twitter:data1\" content=\"3 minutter\" \/>\n<script type=\"application\/ld+json\" class=\"yoast-schema-graph\">{\"@context\":\"https:\\\/\\\/schema.org\",\"@graph\":[{\"@type\":\"WebPage\",\"@id\":\"https:\\\/\\\/etoropartners.com\\\/da\\\/8-most-important-things\\\/\",\"url\":\"https:\\\/\\\/etoropartners.com\\\/da\\\/8-most-important-things\\\/\",\"name\":\"De 8 vigtigste ting for en compliant kampagne\",\"isPartOf\":{\"@id\":\"https:\\\/\\\/etoropartners.com\\\/da\\\/#website\"},\"primaryImageOfPage\":{\"@id\":\"https:\\\/\\\/etoropartners.com\\\/da\\\/8-most-important-things\\\/#primaryimage\"},\"image\":{\"@id\":\"https:\\\/\\\/etoropartners.com\\\/da\\\/8-most-important-things\\\/#primaryimage\"},\"thumbnailUrl\":\"https:\\\/\\\/etoropartners.com\\\/wp-content\\\/uploads\\\/2024\\\/05\\\/Featured_8-most-important-things.png\",\"datePublished\":\"2024-05-22T06:47:21+00:00\",\"dateModified\":\"2024-08-21T09:00:07+00:00\",\"description\":\"eToro er et anderkendt brand, der udbyder en sikker og reguleret handelsoplevelse til tradere og investorer. Det er altafg\u00f8rende at du skaber en kampagne, der overholder de regulative krav.\",\"breadcrumb\":{\"@id\":\"https:\\\/\\\/etoropartners.com\\\/da\\\/8-most-important-things\\\/#breadcrumb\"},\"inLanguage\":\"da-DK\",\"potentialAction\":[{\"@type\":\"ReadAction\",\"target\":[\"https:\\\/\\\/etoropartners.com\\\/da\\\/8-most-important-things\\\/\"]}]},{\"@type\":\"ImageObject\",\"inLanguage\":\"da-DK\",\"@id\":\"https:\\\/\\\/etoropartners.com\\\/da\\\/8-most-important-things\\\/#primaryimage\",\"url\":\"https:\\\/\\\/etoropartners.com\\\/wp-content\\\/uploads\\\/2024\\\/05\\\/Featured_8-most-important-things.png\",\"contentUrl\":\"https:\\\/\\\/etoropartners.com\\\/wp-content\\\/uploads\\\/2024\\\/05\\\/Featured_8-most-important-things.png\",\"width\":1200,\"height\":630,\"caption\":\"8 most important things to consider when creating a compliant campaign\"},{\"@type\":\"BreadcrumbList\",\"@id\":\"https:\\\/\\\/etoropartners.com\\\/da\\\/8-most-important-things\\\/#breadcrumb\",\"itemListElement\":[{\"@type\":\"ListItem\",\"position\":1,\"name\":\"Home\",\"item\":\"https:\\\/\\\/etoropartners.wpengine.com\\\/da\\\/\"},{\"@type\":\"ListItem\",\"position\":2,\"name\":\"8 most important things to consider when creating a compliant campaign\"}]},{\"@type\":\"WebSite\",\"@id\":\"https:\\\/\\\/etoropartners.com\\\/da\\\/#website\",\"url\":\"https:\\\/\\\/etoropartners.com\\\/da\\\/\",\"name\":\"eToro Partners\",\"description\":\"\",\"potentialAction\":[{\"@type\":\"SearchAction\",\"target\":{\"@type\":\"EntryPoint\",\"urlTemplate\":\"https:\\\/\\\/etoropartners.com\\\/da\\\/?s={search_term_string}\"},\"query-input\":{\"@type\":\"PropertyValueSpecification\",\"valueRequired\":true,\"valueName\":\"search_term_string\"}}],\"inLanguage\":\"da-DK\"}]}<\/script>\n<!-- \/ Yoast SEO plugin. -->","yoast_head_json":{"title":"De 8 vigtigste ting for en compliant kampagne","description":"eToro er et anderkendt brand, der udbyder en sikker og reguleret handelsoplevelse til tradere og investorer. Det er altafg\u00f8rende at du skaber en kampagne, der overholder de regulative krav.","robots":{"index":"index","follow":"follow","max-snippet":"max-snippet:-1","max-image-preview":"max-image-preview:large","max-video-preview":"max-video-preview:-1"},"canonical":"https:\/\/etoropartners.com\/da\/8-most-important-things\/","og_locale":"da_DK","og_type":"article","og_title":"De 8 vigtigste ting for en compliant kampagne","og_description":"eToro er et anderkendt brand, der udbyder en sikker og reguleret handelsoplevelse til tradere og investorer. Det er altafg\u00f8rende at du skaber en kampagne, der overholder de regulative krav.","og_url":"https:\/\/etoropartners.com\/da\/8-most-important-things\/","og_site_name":"eToro Partners","article_modified_time":"2024-08-21T09:00:07+00:00","og_image":[{"width":1200,"height":630,"url":"https:\/\/etoropartners.com\/wp-content\/uploads\/2024\/05\/Featured_8-most-important-things.png","type":"image\/png"}],"twitter_card":"summary_large_image","twitter_misc":{"Estimeret l\u00e6setid":"3 minutter"},"schema":{"@context":"https:\/\/schema.org","@graph":[{"@type":"WebPage","@id":"https:\/\/etoropartners.com\/da\/8-most-important-things\/","url":"https:\/\/etoropartners.com\/da\/8-most-important-things\/","name":"De 8 vigtigste ting for en compliant kampagne","isPartOf":{"@id":"https:\/\/etoropartners.com\/da\/#website"},"primaryImageOfPage":{"@id":"https:\/\/etoropartners.com\/da\/8-most-important-things\/#primaryimage"},"image":{"@id":"https:\/\/etoropartners.com\/da\/8-most-important-things\/#primaryimage"},"thumbnailUrl":"https:\/\/etoropartners.com\/wp-content\/uploads\/2024\/05\/Featured_8-most-important-things.png","datePublished":"2024-05-22T06:47:21+00:00","dateModified":"2024-08-21T09:00:07+00:00","description":"eToro er et anderkendt brand, der udbyder en sikker og reguleret handelsoplevelse til tradere og investorer. Det er altafg\u00f8rende at du skaber en kampagne, der overholder de regulative krav.","breadcrumb":{"@id":"https:\/\/etoropartners.com\/da\/8-most-important-things\/#breadcrumb"},"inLanguage":"da-DK","potentialAction":[{"@type":"ReadAction","target":["https:\/\/etoropartners.com\/da\/8-most-important-things\/"]}]},{"@type":"ImageObject","inLanguage":"da-DK","@id":"https:\/\/etoropartners.com\/da\/8-most-important-things\/#primaryimage","url":"https:\/\/etoropartners.com\/wp-content\/uploads\/2024\/05\/Featured_8-most-important-things.png","contentUrl":"https:\/\/etoropartners.com\/wp-content\/uploads\/2024\/05\/Featured_8-most-important-things.png","width":1200,"height":630,"caption":"8 most important things to consider when creating a compliant campaign"},{"@type":"BreadcrumbList","@id":"https:\/\/etoropartners.com\/da\/8-most-important-things\/#breadcrumb","itemListElement":[{"@type":"ListItem","position":1,"name":"Home","item":"https:\/\/etoropartners.wpengine.com\/da\/"},{"@type":"ListItem","position":2,"name":"8 most important things to consider when creating a compliant campaign"}]},{"@type":"WebSite","@id":"https:\/\/etoropartners.com\/da\/#website","url":"https:\/\/etoropartners.com\/da\/","name":"eToro Partners","description":"","potentialAction":[{"@type":"SearchAction","target":{"@type":"EntryPoint","urlTemplate":"https:\/\/etoropartners.com\/da\/?s={search_term_string}"},"query-input":{"@type":"PropertyValueSpecification","valueRequired":true,"valueName":"search_term_string"}}],"inLanguage":"da-DK"}]}},"_links":{"self":[{"href":"https:\/\/etoropartners.com\/da\/wp-json\/wp\/v2\/pages\/8670","targetHints":{"allow":["GET"]}}],"collection":[{"href":"https:\/\/etoropartners.com\/da\/wp-json\/wp\/v2\/pages"}],"about":[{"href":"https:\/\/etoropartners.com\/da\/wp-json\/wp\/v2\/types\/page"}],"author":[{"embeddable":true,"href":"https:\/\/etoropartners.com\/da\/wp-json\/wp\/v2\/users\/11"}],"replies":[{"embeddable":true,"href":"https:\/\/etoropartners.com\/da\/wp-json\/wp\/v2\/comments?post=8670"}],"version-history":[{"count":0,"href":"https:\/\/etoropartners.com\/da\/wp-json\/wp\/v2\/pages\/8670\/revisions"}],"wp:featuredmedia":[{"embeddable":true,"href":"https:\/\/etoropartners.com\/da\/wp-json\/wp\/v2\/media\/8065"}],"wp:attachment":[{"href":"https:\/\/etoropartners.com\/da\/wp-json\/wp\/v2\/media?parent=8670"}],"curies":[{"name":"wp","href":"https:\/\/api.w.org\/{rel}","templated":true}]}}