{"id":8619,"date":"2024-05-22T13:20:48","date_gmt":"2024-05-22T11:20:48","guid":{"rendered":"https:\/\/etoropartners.com\/youtube-guidelines\/"},"modified":"2026-02-02T13:04:49","modified_gmt":"2026-02-02T11:04:49","slug":"youtube-guidelines","status":"publish","type":"page","link":"https:\/\/etoropartners.com\/da\/youtube-guidelines\/","title":{"rendered":"Vejledning i influencer-compliance"},"content":{"rendered":"\n<section class=\"wp-block-group wp-block-group-boxed wp-block-group-small-top-padding wp-block-group-small-bottom-padding\"><div class=\"wp-block-group-inner is-layout-flow wp-block-group-is-layout-flow\">\n<div class=\"wp-block-columns are-vertically-aligned-top wp-block-columns-1 is-layout-flex wp-container-core-columns-is-layout-9d6595d7 wp-block-columns-is-layout-flex\">\n<div class=\"wp-block-column wp-block-column-align-desktop-center wp-block-column-align-mobile-center is-layout-flow wp-block-column-is-layout-flow\">\n<h2 class=\"wp-block-heading\">Vejledning i influencer-compliance<\/h2>\n\n\n\n<figure class=\"wp-block-image size-large\"><img loading=\"lazy\" decoding=\"async\" width=\"1024\" height=\"256\" src=\"https:\/\/etoropartners.com\/wp-content\/uploads\/2026\/01\/4301-12.10.25-eToro-Affiliate-Program-Influencer-compliance-guide-Header-1600x400px-V2-1024x256.jpg\" alt=\"\" class=\"wp-image-9302 wp-image-desktop\" srcset=\"https:\/\/etoropartners.com\/wp-content\/uploads\/2026\/01\/4301-12.10.25-eToro-Affiliate-Program-Influencer-compliance-guide-Header-1600x400px-V2-1024x256.jpg 1024w, https:\/\/etoropartners.com\/wp-content\/uploads\/2026\/01\/4301-12.10.25-eToro-Affiliate-Program-Influencer-compliance-guide-Header-1600x400px-V2-300x75.jpg 300w, https:\/\/etoropartners.com\/wp-content\/uploads\/2026\/01\/4301-12.10.25-eToro-Affiliate-Program-Influencer-compliance-guide-Header-1600x400px-V2-768x192.jpg 768w, https:\/\/etoropartners.com\/wp-content\/uploads\/2026\/01\/4301-12.10.25-eToro-Affiliate-Program-Influencer-compliance-guide-Header-1600x400px-V2-1536x384.jpg 1536w, https:\/\/etoropartners.com\/wp-content\/uploads\/2026\/01\/4301-12.10.25-eToro-Affiliate-Program-Influencer-compliance-guide-Header-1600x400px-V2.jpg 1600w\" sizes=\"auto, (max-width: 1024px) 100vw, 1024px\" \/><\/figure>\n<\/div>\n<\/div>\n<\/div><\/section>\n\n\n\n<section class=\"wp-block-group wp-block-group-boxed wp-block-group-small-top-padding wp-block-group-small-bottom-padding\"><div class=\"wp-block-group-inner is-layout-flow wp-block-group-is-layout-flow\">\n<div class=\"wp-block-columns are-vertically-aligned-top wp-block-columns-1 is-layout-flex wp-container-core-columns-is-layout-9d6595d7 wp-block-columns-is-layout-flex\">\n<div class=\"wp-block-column is-layout-flow wp-block-column-is-layout-flow\">\n<p>eToro er et velrenommeret brand, der tilbyder handlende og investorer over hele verden en sikker og reguleret handelsoplevelse. Vi er forpligtet til gennemsigtige, retf\u00e6rdige og ansvarlige markedsf\u00f8ringspraksisser og til at opretholde integriteten i det finansielle system. Som influencer spiller du en afg\u00f8rende rolle i at bevare denne tillid. Det er derfor afg\u00f8rende, at alle kampagner, du skaber, er i fuld overensstemmelse med g\u00e6ldende lovgivning og retningslinjer i den jurisdiktion, hvor du promoverer \u2013 eller har til hensigt at promovere \u2013 eToro. Denne vejledning beskriver de vigtigste compliancekrav for influencere, der promoverer eToro, og supplerer de \u00f8vrige tilg\u00e6ngelige retningslinjer <a href=\"https:\/\/etoropartners.com\/da\/compliance-guidelines\/\">her <\/a>.<\/p>\n\n\n\n<p><\/p>\n\n\n\n<p><strong>Indledende gennemgang af indholdet:<\/strong> Inden du udgiver indhold om eToro, skal du indsende dit materiale eller manuskript til gennemgang hos din Affiliate Manager. Denne proces sikrer, at alt promoveringsindhold er i overensstemmelse med eToros politikker og retningslinjer samt g\u00e6ldende lovgivning, f\u00f8r det offentligg\u00f8res.<\/p>\n\n\n\n<p><\/p>\n\n\n\n<p><strong>Promovering i forskellige lande:<\/strong>eToro opererer i mere end 100 lande verden over. Der g\u00e6lder dog lovgivningsm\u00e6ssige begr\u00e6nsninger for markedsf\u00f8ring af eToros tjenester og visse produkter i specifikke jurisdiktioner.N \u00e5r du promoverer eToro, skal du undlade at n\u00e6vne eller m\u00e5lrette mod lande med g\u00e6ldende begr\u00e6nsninger. Dette omfatter blandt andet brug af sprog, valutaer eller andre referencer, der er specifikt knyttet til s\u00e5danne lande, da dette kan opfattes som markedsf\u00f8ring i en begr\u00e6nset jurisdiktion. Derudover skal du sikre, at du ikke promoverer produkter, som er begr\u00e6nsede eller ikke tilg\u00e6ngelige i det land, dit indhold er m\u00e5lrettet.. Du kan finde yderligere oplysninger i vores <a href=\"https:\/\/etoropartners.com\/da\/compliance-guidelines\/\">retningslinjer.<\/a><\/p>\n\n\n\n<p><\/p>\n\n\n\n<p><strong>Promovering i USA:<\/strong> I USA m\u00e5 du kun promovere eToro via en amerikansk konto og f\u00f8rst efter, at b\u00e5de din konto og dit indhold er blevet godkendt af det amerikanske compliance-team. Du skal f\u00f8lge de <a href=\"https:\/\/docs.google.com\/presentation\/d\/1U5-1DmQStR6pC0GPSti47MVmm_ucMxmz1t-ZmNSzSb0\/edit?slide=id.g3452ee07848_1_2#slide=id.g3452ee07848_1_2\">USA-specifikke retningslinjer <\/a>for at sikre, at dit indhold er i overensstemmelse med g\u00e6ldende lovgivning. Bem\u00e6rk, at globale konti ikke vil blive afl\u00f8nnet for amerikanske forhandlere, og amerikanske konti vil kun blive afl\u00f8nnet for amerikanske forhandlere.<\/p>\n\n\n\n<p><strong>Vigtige krav til overholdelse:<\/strong><\/p>\n\n\n\n<ol class=\"wp-block-list wp-block-list\">\n<li><strong>Offentligg\u00f8r dine URL&#8217;er:\u00a0<\/strong>\n<ul class=\"wp-block-list wp-block-list wp-block-list-circle\">\n<li>Markedsf\u00f8r kun eToro p\u00e5 websteder og kanaler, som du har oplyst til eToro. Hvis du \u00f8nsker at bruge en ny kanal eller et nyt websted, skal du sende det til din affiliate manager til godkendelse. Vi skal vide, hvordan og hvor eToro markedsf\u00f8res.<\/li>\n<\/ul>\n<\/li>\n\n\n\n<li><strong>N\u00f8jagtighed og ikke-vildledende oplysninger:\u00a0<\/strong>\n<ul class=\"wp-block-list wp-block-list wp-block-list-circle\">\n<li>S\u00f8rg for, at alle oplysninger er <a href=\"https:\/\/etoropartners.com\/da\/be-accurate\/\">n\u00f8jagtige, afbalancerede og opdaterede<\/a>. N\u00e6vn de risici, der er forbundet med investering. Undg\u00e5 at f\u00e5 investering til at lyde let, give falske l\u00f8fter eller bruge vildledende udsagn. Brug ikke billeder eller emojis, der symboliserer rigdom eller opadg\u00e5ende tendenser (f.eks. pengestakke, dyre biler, raketter). Brug ikke eToro i dit dom\u00e6nenavn, og angiv ikke, at du repr\u00e6senterer eller arbejder for eToro.<\/li>\n<\/ul>\n<\/li>\n\n\n\n<li><strong>Ingen investeringsr\u00e5dgivning:\u00a0<\/strong>\n<ul class=\"wp-block-list wp-block-list wp-block-list-circle\">\n<li>Inklud\u00e9r ikke eToro i indhold, der tilbyder investeringsr\u00e5dgivning.<\/li>\n<\/ul>\n<\/li>\n\n\n\n<li><strong>Skab ikke un\u00f8dvendig tidsm\u00e6ssig pres:\u00a0<\/strong>\n<ul class=\"wp-block-list wp-block-list wp-block-list-circle\">\n<li>Skab ikke en f\u00f8lelse af, at det haster med at k\u00f8be bestemte instrumenter.<\/li>\n<\/ul>\n<\/li>\n\n\n\n<li><strong>Fortrolighed og bek\u00e6mpelse af svindel:\u00a0<\/strong>\n<ul class=\"wp-block-list wp-block-list wp-block-list-circle\">\n<li>Du m\u00e5 ikke videregive fortrolige oplysninger eller hj\u00e6lpe handlende med at svindle eToro. Du m\u00e5 ikke vejlede handlende i, hvordan de skal besvare KYC-sp\u00f8rgsm\u00e5l, eller tilskynde dem til at handle p\u00e5 platformen.<\/li>\n<\/ul>\n<\/li>\n<\/ol>\n\n\n\n<p><strong>Advarsler om risici:<\/strong> S\u00f8rg for altid at tilf\u00f8je den korrekte <a href=\"https:\/\/etoropartners.com\/da\/risk-warnings\/\">risikoadvarsel<\/a> for de promoverede aktiver og det land, du m\u00e5lretter mod, i en l\u00e6sbar st\u00f8rrelse. Til sociale medier skal du bruge den &#8220;generiske&#8221; risikovarsel. Hvis dit indhold kun handler om kryptovaluta, skal du i stedet bruge risikovarslen for kryptovaluta. Risikovarslen skal placeres t\u00e6t p\u00e5 hvert link, der omdirigerer til eToro, og i hvert indl\u00e6g om eToro. I videoindhold skal advarslen v\u00e6re synlig p\u00e5 sk\u00e6rmen i 10 sekunder i slutningen af videoer om eToro og ogs\u00e5 vises i videobeskrivelserne ved siden af eToro-linket. P\u00e5 platforme som TikTok og Instagram kan du bruge den korte version af risikovarslingen &#8220;Aktier og ETF&#8217;er&#8221; p\u00e5 grund af tegnbegr\u00e6nsninger.<\/p>\n\n\n\n<p><br><strong>Offentligg\u00f8relse:<\/strong> P\u00e5 sociale medier skal du sikre dig, at dit materiale tydeligt kan identificeres som en annonce. Det kan v\u00e6re s\u00e5 simpelt som at tilf\u00f8je en angivelse som f.eks. &#8220;#reklame&#8221;.<\/p>\n\n\n\n<p><br><strong>Periodisk gennemgang af indhold og overholdelse:<\/strong> eToro vil periodisk gennemg\u00e5 dit salgsfremmende indhold for at sikre l\u00f8bende overholdelse af sine interne politikker og g\u00e6ldende lovgivningsm\u00e6ssige rammer. Du er forpligtet til at samarbejde fuldt ud med enhver overensstemmelseskontrol og til at implementere de kr\u00e6vede \u00e6ndringer omg\u00e5ende. Manglende overholdelse af eToros retningslinjer kan resultere i opsigelse af din konto\/dit kundeforhold hos os.<\/p>\n\n\n\n<p><\/p>\n\n\n\n<p><strong>Tak, fordi du opretholder eToros h\u00f8je standarder. Vi gl\u00e6der os til at se dine gode bidrag!<\/strong><\/p>\n\n\n\n<p>eToro er en investeringsplatform med flere aktiver. V\u00e6rdien af dine investeringer kan g\u00e5 op eller ned.&nbsp; Din kapital er i fare.<\/p>\n\n\n\n<p>eToro AUS Capital Limited AFSL 491139. eToro er en investeringsplatform med flere aktiver. V\u00e6rdien af dine investeringer kan g\u00e5 op eller ned. Din kapital er i fare. Se PDS og TMD<\/p>\n<\/div>\n<\/div>\n<\/div><\/section>\n","protected":false},"excerpt":{"rendered":"<p>Vejledning i influencer-compliance eToro er et velrenommeret brand, der tilbyder handlende og investorer over hele verden en sikker og reguleret handelsoplevelse. Vi er forpligtet til gennemsigtige, retf\u00e6rdige og ansvarlige markedsf\u00f8ringspraksisser og til at opretholde integriteten i det finansielle system. Som influencer spiller du en afg\u00f8rende rolle i at bevare denne tillid. Det er derfor afg\u00f8rende, [&hellip;]<\/p>\n","protected":false},"author":11,"featured_media":0,"parent":0,"menu_order":0,"comment_status":"closed","ping_status":"closed","template":"","meta":{"_acf_changed":false,"sticky_cta_settings":"","footnotes":""},"class_list":["post-8619","page","type-page","status-publish","hentry"],"acf":[],"yoast_head":"<!-- This site is optimized with the Yoast SEO plugin v27.3 - https:\/\/yoast.com\/product\/yoast-seo-wordpress\/ -->\n<title>YouTube retningslinjer<\/title>\n<meta name=\"description\" content=\"L\u00e6r mere omkring retningslinjerne for din YouTube kampagne her\" \/>\n<meta name=\"robots\" content=\"index, follow, max-snippet:-1, max-image-preview:large, max-video-preview:-1\" \/>\n<link rel=\"canonical\" href=\"https:\/\/etoropartners.com\/da\/youtube-guidelines\/\" \/>\n<meta property=\"og:locale\" content=\"da_DK\" \/>\n<meta property=\"og:type\" content=\"article\" \/>\n<meta property=\"og:title\" content=\"YouTube retningslinjer\" \/>\n<meta property=\"og:description\" content=\"L\u00e6r mere omkring retningslinjerne for din YouTube kampagne her\" \/>\n<meta property=\"og:url\" content=\"https:\/\/etoropartners.com\/da\/youtube-guidelines\/\" \/>\n<meta property=\"og:site_name\" content=\"eToro Partners\" \/>\n<meta property=\"article:modified_time\" content=\"2026-02-02T11:04:49+00:00\" \/>\n<meta property=\"og:image\" content=\"https:\/\/etoropartners.com\/wp-content\/uploads\/2026\/01\/4301-12.10.25-eToro-Affiliate-Program-Influencer-compliance-guide-Header-1600x400px-V2.jpg\" \/>\n\t<meta property=\"og:image:width\" content=\"1600\" \/>\n\t<meta property=\"og:image:height\" content=\"400\" \/>\n\t<meta property=\"og:image:type\" content=\"image\/jpeg\" \/>\n<meta name=\"twitter:card\" content=\"summary_large_image\" \/>\n<meta name=\"twitter:label1\" content=\"Estimeret l\u00e6setid\" \/>\n\t<meta name=\"twitter:data1\" content=\"4 minutter\" \/>\n<script type=\"application\/ld+json\" class=\"yoast-schema-graph\">{\"@context\":\"https:\\\/\\\/schema.org\",\"@graph\":[{\"@type\":\"WebPage\",\"@id\":\"https:\\\/\\\/etoropartners.com\\\/da\\\/youtube-guidelines\\\/\",\"url\":\"https:\\\/\\\/etoropartners.com\\\/da\\\/youtube-guidelines\\\/\",\"name\":\"YouTube retningslinjer\",\"isPartOf\":{\"@id\":\"https:\\\/\\\/etoropartners.com\\\/da\\\/#website\"},\"primaryImageOfPage\":{\"@id\":\"https:\\\/\\\/etoropartners.com\\\/da\\\/youtube-guidelines\\\/#primaryimage\"},\"image\":{\"@id\":\"https:\\\/\\\/etoropartners.com\\\/da\\\/youtube-guidelines\\\/#primaryimage\"},\"thumbnailUrl\":\"https:\\\/\\\/etoropartners.com\\\/wp-content\\\/uploads\\\/2026\\\/01\\\/4301-12.10.25-eToro-Affiliate-Program-Influencer-compliance-guide-Header-1600x400px-V2-1024x256.jpg\",\"datePublished\":\"2024-05-22T11:20:48+00:00\",\"dateModified\":\"2026-02-02T11:04:49+00:00\",\"description\":\"L\u00e6r mere omkring retningslinjerne for din YouTube kampagne her\",\"breadcrumb\":{\"@id\":\"https:\\\/\\\/etoropartners.com\\\/da\\\/youtube-guidelines\\\/#breadcrumb\"},\"inLanguage\":\"da-DK\",\"potentialAction\":[{\"@type\":\"ReadAction\",\"target\":[\"https:\\\/\\\/etoropartners.com\\\/da\\\/youtube-guidelines\\\/\"]}]},{\"@type\":\"ImageObject\",\"inLanguage\":\"da-DK\",\"@id\":\"https:\\\/\\\/etoropartners.com\\\/da\\\/youtube-guidelines\\\/#primaryimage\",\"url\":\"https:\\\/\\\/etoropartners.com\\\/wp-content\\\/uploads\\\/2026\\\/01\\\/4301-12.10.25-eToro-Affiliate-Program-Influencer-compliance-guide-Header-1600x400px-V2-1024x256.jpg\",\"contentUrl\":\"https:\\\/\\\/etoropartners.com\\\/wp-content\\\/uploads\\\/2026\\\/01\\\/4301-12.10.25-eToro-Affiliate-Program-Influencer-compliance-guide-Header-1600x400px-V2-1024x256.jpg\"},{\"@type\":\"BreadcrumbList\",\"@id\":\"https:\\\/\\\/etoropartners.com\\\/da\\\/youtube-guidelines\\\/#breadcrumb\",\"itemListElement\":[{\"@type\":\"ListItem\",\"position\":1,\"name\":\"Home\",\"item\":\"https:\\\/\\\/etoropartners.wpengine.com\\\/da\\\/\"},{\"@type\":\"ListItem\",\"position\":2,\"name\":\"Vejledning i influencer-compliance\"}]},{\"@type\":\"WebSite\",\"@id\":\"https:\\\/\\\/etoropartners.com\\\/da\\\/#website\",\"url\":\"https:\\\/\\\/etoropartners.com\\\/da\\\/\",\"name\":\"eToro Partners\",\"description\":\"\",\"potentialAction\":[{\"@type\":\"SearchAction\",\"target\":{\"@type\":\"EntryPoint\",\"urlTemplate\":\"https:\\\/\\\/etoropartners.com\\\/da\\\/?s={search_term_string}\"},\"query-input\":{\"@type\":\"PropertyValueSpecification\",\"valueRequired\":true,\"valueName\":\"search_term_string\"}}],\"inLanguage\":\"da-DK\"}]}<\/script>\n<!-- \/ Yoast SEO plugin. -->","yoast_head_json":{"title":"YouTube retningslinjer","description":"L\u00e6r mere omkring retningslinjerne for din YouTube kampagne her","robots":{"index":"index","follow":"follow","max-snippet":"max-snippet:-1","max-image-preview":"max-image-preview:large","max-video-preview":"max-video-preview:-1"},"canonical":"https:\/\/etoropartners.com\/da\/youtube-guidelines\/","og_locale":"da_DK","og_type":"article","og_title":"YouTube retningslinjer","og_description":"L\u00e6r mere omkring retningslinjerne for din YouTube kampagne her","og_url":"https:\/\/etoropartners.com\/da\/youtube-guidelines\/","og_site_name":"eToro Partners","article_modified_time":"2026-02-02T11:04:49+00:00","og_image":[{"width":1600,"height":400,"url":"https:\/\/etoropartners.com\/wp-content\/uploads\/2026\/01\/4301-12.10.25-eToro-Affiliate-Program-Influencer-compliance-guide-Header-1600x400px-V2.jpg","type":"image\/jpeg"}],"twitter_card":"summary_large_image","twitter_misc":{"Estimeret l\u00e6setid":"4 minutter"},"schema":{"@context":"https:\/\/schema.org","@graph":[{"@type":"WebPage","@id":"https:\/\/etoropartners.com\/da\/youtube-guidelines\/","url":"https:\/\/etoropartners.com\/da\/youtube-guidelines\/","name":"YouTube retningslinjer","isPartOf":{"@id":"https:\/\/etoropartners.com\/da\/#website"},"primaryImageOfPage":{"@id":"https:\/\/etoropartners.com\/da\/youtube-guidelines\/#primaryimage"},"image":{"@id":"https:\/\/etoropartners.com\/da\/youtube-guidelines\/#primaryimage"},"thumbnailUrl":"https:\/\/etoropartners.com\/wp-content\/uploads\/2026\/01\/4301-12.10.25-eToro-Affiliate-Program-Influencer-compliance-guide-Header-1600x400px-V2-1024x256.jpg","datePublished":"2024-05-22T11:20:48+00:00","dateModified":"2026-02-02T11:04:49+00:00","description":"L\u00e6r mere omkring retningslinjerne for din YouTube kampagne her","breadcrumb":{"@id":"https:\/\/etoropartners.com\/da\/youtube-guidelines\/#breadcrumb"},"inLanguage":"da-DK","potentialAction":[{"@type":"ReadAction","target":["https:\/\/etoropartners.com\/da\/youtube-guidelines\/"]}]},{"@type":"ImageObject","inLanguage":"da-DK","@id":"https:\/\/etoropartners.com\/da\/youtube-guidelines\/#primaryimage","url":"https:\/\/etoropartners.com\/wp-content\/uploads\/2026\/01\/4301-12.10.25-eToro-Affiliate-Program-Influencer-compliance-guide-Header-1600x400px-V2-1024x256.jpg","contentUrl":"https:\/\/etoropartners.com\/wp-content\/uploads\/2026\/01\/4301-12.10.25-eToro-Affiliate-Program-Influencer-compliance-guide-Header-1600x400px-V2-1024x256.jpg"},{"@type":"BreadcrumbList","@id":"https:\/\/etoropartners.com\/da\/youtube-guidelines\/#breadcrumb","itemListElement":[{"@type":"ListItem","position":1,"name":"Home","item":"https:\/\/etoropartners.wpengine.com\/da\/"},{"@type":"ListItem","position":2,"name":"Vejledning i influencer-compliance"}]},{"@type":"WebSite","@id":"https:\/\/etoropartners.com\/da\/#website","url":"https:\/\/etoropartners.com\/da\/","name":"eToro Partners","description":"","potentialAction":[{"@type":"SearchAction","target":{"@type":"EntryPoint","urlTemplate":"https:\/\/etoropartners.com\/da\/?s={search_term_string}"},"query-input":{"@type":"PropertyValueSpecification","valueRequired":true,"valueName":"search_term_string"}}],"inLanguage":"da-DK"}]}},"_links":{"self":[{"href":"https:\/\/etoropartners.com\/da\/wp-json\/wp\/v2\/pages\/8619","targetHints":{"allow":["GET"]}}],"collection":[{"href":"https:\/\/etoropartners.com\/da\/wp-json\/wp\/v2\/pages"}],"about":[{"href":"https:\/\/etoropartners.com\/da\/wp-json\/wp\/v2\/types\/page"}],"author":[{"embeddable":true,"href":"https:\/\/etoropartners.com\/da\/wp-json\/wp\/v2\/users\/11"}],"replies":[{"embeddable":true,"href":"https:\/\/etoropartners.com\/da\/wp-json\/wp\/v2\/comments?post=8619"}],"version-history":[{"count":0,"href":"https:\/\/etoropartners.com\/da\/wp-json\/wp\/v2\/pages\/8619\/revisions"}],"wp:attachment":[{"href":"https:\/\/etoropartners.com\/da\/wp-json\/wp\/v2\/media?parent=8619"}],"curies":[{"name":"wp","href":"https:\/\/api.w.org\/{rel}","templated":true}]}}