{"id":8603,"date":"2024-04-25T16:13:17","date_gmt":"2024-04-25T14:13:17","guid":{"rendered":"https:\/\/etoropartners.com\/risk-warnings\/"},"modified":"2025-10-29T15:26:14","modified_gmt":"2025-10-29T13:26:14","slug":"risk-warnings","status":"publish","type":"page","link":"https:\/\/etoropartners.com\/da\/risk-warnings\/","title":{"rendered":"Advarsler om risici"},"content":{"rendered":"\n<p>eToro-platformen opererer under flere enheder, der udg\u00f8r eToro Group, som hver is\u00e6r er underlagt forskellige regulatorer og derfor har forskellige lovkrav&nbsp;<\/p>\n\n\n\n<h2 class=\"wp-block-heading\">Liste over lande pr. kategori&nbsp;<\/h2>\n\n\n\n<p>Find den korrekte ansvarsfraskrivelse for det land, hvor du promoverer eToro ved hj\u00e6lp af listen nedenfor. Hvis du promoverer i flere lande, skal du bruge alle g\u00e6ldende advarsler om risici.<\/p>\n\n\n\n<p>A \u2013 Australien<\/p>\n\n\n\n<p>B \u2013 \u00d8strig, Bulgarien,  Kroatien, Cypern, Tjekkiet, Danmark, Estland, Finland, Frankrig, Fransk Guyana, Fransk Polynesien, Tyskland, Gr\u00e6kenland, Guadeloupe, Ungarn, Island, Irland, Italien, Letland, Liechtenstein, Litauen, Luxembourg, Malta, Martinique, Mayotte, Holland, Norge, Polen, R\u00e9union Island, Rum\u00e6nien, Slovakiet, Spanien, Sverige, Schweiz, Forenede Arabiske Emirater<\/p>\n\n\n\n<p>C \u2013 Gibraltar, Storbritannien<\/p>\n\n\n\n<p>D \u2013 Seychellerne, Chile, Forenede Arabiske Emirater<\/p>\n\n\n\n<h2 class=\"wp-block-heading\">Advarsler om risici<\/h2>\n\n\n\n<p>Du kan bruge vores widget til at sikre, at dine finansielle annoncer overholder de g\u00e6ldende nationale regler: Indtast landet, s\u00e5 kontrollerer den tilladelsen og genererer de n\u00f8dvendige risikoadvarsler for hvert instrument.<\/p>\n\n\n\n<div class=\"wp-block-etoro-compliance-regulations-widget\">\n    <div class=\"wp-block-etoro-compliance-regulations-widget-search-block\">\n        <div class=\"wp-block-etoro-compliance-regulations-widget-search-title\"><\/div>\n        <div class=\"wp-block-etoro-compliance-regulations-widget-search-wrapper\">\n            <div id=\"select_overlay\">\n                <div class=\"loader\"><\/div>\n            <\/div>\n            <select id=\"wp-block-etoro-compliance-regulations-widget-search\"\n                    class=\"wp-block-etoro-compliance-regulations-widget-search\" name=\"search\">\n                <option value=\"\" disabled selected>Country<\/option>\n            <\/select>\n        <\/div>\n        <p id=\"wp-block-etoro-compliance-regulations-widget-restrictions\"\n            class=\"wp-block-etoro-compliance-regulations-widget-restrictions\"><\/p>\n    <\/div>\n    <div id=\"wp-block-etoro-compliance-regulations-widget-items-wrapper\" class=\"wp-block-etoro-compliance-regulations-widget-items-wrapper\"><\/div>\n<\/div>\n\n\n<hr class=\"wp-block-separator wp-block-separator-color-dark-grey wp-block-separator-spaces-medium wp-block-separator-weight-1\"\/>\n\n\n\n<figure class=\"wp-block-table\"><div class=\"wp-block-table-content\"><div class=\"wp-block-table-content-nav wp-block-table-content-nav-left\"><div class=\"wp-block-table-content-nav-arrow wp-block-table-content-nav-arrow-left\"><\/div><\/div><div class=\"wp-block-table-content-nav wp-block-table-content-nav-right\"><div class=\"wp-block-table-content-nav-arrow wp-block-table-content-nav-arrow-right\"><\/div><\/div><div class=\"wp-block-table-content-table\"><table><thead><tr><th><strong>Produkt<\/strong><\/th><th>A<\/th><th>B<\/th><th>C<\/th><th>D<\/th><\/tr><\/thead><tbody><tr><td>Generisk (virtuel platform, Demokonto, Academy)<\/td><td>eToro AUS Capital Limited AFSL 491139. eToro er en multi-aktivs investeringsplatform. V\u00e6rdien af dine investeringer kan stige eller falde. Din kapital er udsat for risici. Se <a href=\"https:\/\/www.etoro.com\/da-dk\/customer-service\/terms-conditions\/\">PDS<\/a> og <a href=\"https:\/\/www.etoro.com\/da-dk\/customer-service\/regulation-license\/aus-risk-warning\/\">TMD<\/a><br><\/td><td>eToro er en multi-aktivs investeringsplatform. V\u00e6rdien af dine investeringer kan stige eller falde. Din kapital er udsat for risici.<\/td><td>eToro er en multi-aktivs investeringsplatform. V\u00e6rdien af dine investeringer kan stige eller falde. Din kapital er udsat for risici.<\/td><td>eToro er en multi-aktivs investeringsplatform. V\u00e6rdien af dine investeringer kan stige eller falde. Din kapital er udsat for risici.<\/td><\/tr><tr><td>Aktier og ETF\u2019er<\/td><td>eToro Service ARSN 637 489 466 Kapital er udsat for risiko. Se <a href=\"https:\/\/www.etoro.com\/da-dk\/customer-service\/terms-conditions\/\">PDS<\/a> og <a href=\"https:\/\/www.etoro.com\/da-dk\/customer-service\/regulation-license\/aus-risk-warning\/\">TMD<\/a><\/td><td>Din kapital er udsa for risici.<\/td><td>Din kapital er udsa for risici.<\/td><td>Din kapital er udsa for risici.<\/td><\/tr><tr><td>CFD*<br>(r\u00e5varer, valutaer, Iindekser, gearing, korte positioner, krypto-CFD, aktie-CFD)<br><br><\/td><td>AFSL 491139. Kapital er udsat. Se <a href=\"https:\/\/www.etoro.com\/da-dk\/customer-service\/terms-conditions\/\">PDS<\/a> og <a href=\"https:\/\/www.etoro.com\/da-dk\/customer-service\/regulation-license\/aus-risk-warning\/\">TMD<\/a><\/td><td>CFD\u2019er er komplekse instrumenter og kommer med en h\u00f8j risiko for at tabe penge hurtigt p\u00e5 grund af gearing. <strong>xx % af private investorkonti taber penge, n\u00e5r de handler med CFD\u2019er med denne udbyder. <\/strong>Du b\u00f8r overveje, om du forst\u00e5r, hvordan CFD\u2019er virker og, om du har r\u00e5d til at tage den store risiko for at miste dine penge.<\/td><td>CFD\u2019er er komplekse instrumenter og kommer med en h\u00f8j risiko for at tabe penge hurtigt p\u00e5 grund af gearing. <strong>xx % af private investorkonti taber penge, n\u00e5r de handler med CFD\u2019er med denne udbyder. <\/strong>Du b\u00f8r overveje, om du forst\u00e5r, hvordan CFD\u2019er virker og, om du har r\u00e5d til at tage den store risiko for at miste dine penge.<\/td><td>CFD\u2019er er komplekse instrumenter og kommer med en h\u00f8j risiko for at tabe penge hurtigt p\u00e5 grund af gearing. <strong>xx % af private investorkonti taber penge, n\u00e5r de handler med CFD\u2019er med denne udbyder. <\/strong>Du b\u00f8r overveje, om du forst\u00e5r, hvordan CFD\u2019er virker og, om du har r\u00e5d til at tage den store risiko for at miste dine penge.<\/td><\/tr><tr><td>CFD*<br>(r\u00e5varer, valutaer, indekser, gearing, korte positioner, krypto-CFD, aktie-CFD)<br><\/td><td>Kapital er udsat for risici. Se <a href=\"https:\/\/www.etoro.com\/da-dk\/customer-service\/terms-conditions\/\">PDS<\/a> og <a href=\"https:\/\/www.etoro.com\/da-dk\/customer-service\/regulation-license\/aus-risk-warning\/\">TMD<\/a>.<\/td><td><strong><strong>xx % af private CFD-konti mister penge<\/strong><\/strong><\/td><td><strong><strong>xx % af private CFD-konti mister penge<\/strong><\/strong><\/td><td><strong><strong>xx % af private CFD-konti mister penge<\/strong><\/strong><\/td><\/tr><tr><td>Kryptovaluta<\/td><td>Kryptoaktiver er uregulerede og <a href=\"https:\/\/www.etoro.com\/da-dk\/customer-service\/terms-conditions\/\">meget spekulative<\/a>. Ingen forbrugerbeskyttelse. Kapital er udsat for risici.<\/td><td>Kryptoinvesteringer er risikable og muligvis ikke egnede til private investorer; du kan miste hele din investering. Forst\u00e5 risiciene her: https:\/\/etoro.tw\/3PI44nZ.<\/td><td>Invester ikke, medmindre, du er forberedt p\u00e5 at miste alle de penge, du har investeret. Dette er en h\u00f8jrisikosinvestering, og du b\u00f8r ikke forvente at v\u00e6re beskyttet, hvis noget g\u00e5r galt. <a href=\"https:\/\/www.etoro.com\/da-dk\/customer-service\/terms-conditions\/trading-restriction\/\">Brug 2 minutter p\u00e5 at l\u00e6re mere<\/a>.<\/td><td>Kryptoaktiver er meget volatile og uregulerede i Seychellerne. Ingen forbrugerbeskyttelse. Skat p\u00e5 gevinst kan v\u00e6reg\u00e6ldende.<\/td><\/tr><tr><td>Copytrading \/ smart-portef\u00f8ljer \/ popul\u00e6re investorer<\/td><td>AFSL 491139. Kapital er udsat for risici. Se <a href=\"https:\/\/www.etoro.com\/da-dk\/customer-service\/terms-conditions\/\">PDS<\/a> og <a href=\"https:\/\/www.etoro.com\/da-dk\/customer-service\/regulation-license\/aus-risk-warning\/\">TMD<\/a>.<\/td><td>Copy Trading er ikke investeringsr\u00e5dgivning. V\u00e6rdien af dine investeringer kan g\u00e5 stige eller falde. Din kapital er udsat for risici.<\/td><td>Copy Trading er ikke investeringsr\u00e5dgivning. V\u00e6rdien af dine investeringer kan g\u00e5 stige eller falde. Din kapital er udsat for risici.<\/td><td>Copy Trading er ikke investeringsr\u00e5dgivning. V\u00e6rdien af dine investeringer kan g\u00e5 stige eller falde. Din kapital er udsat for risici.<\/td><\/tr><tr><td>Sociale medier<\/td><td>Kan v\u00e6lges fra nedenst\u00e5ende muligheder:<br>Jeg tjener en provision,vhvis du tilmelder dig med mit link. Sponseret af eToro. #Reklame #eToroAffiliate<\/td><td>Kan v\u00e6lges fra nedenst\u00e5ende muligheder:<br>Jeg tjener en provision,vhvis du tilmelder dig med mit link. Sponseret af eToro. #Reklame #eToroAffiliate<\/td><td>Kan v\u00e6lges fra nedenst\u00e5ende muligheder:<br>Jeg tjener en provision,vhvis du tilmelder dig med mit link. Sponseret af eToro. #Reklame #eToroAffiliate<\/td><td>Kan v\u00e6lges fra nedenst\u00e5ende muligheder:<br>Jeg tjener en provision,vhvis du tilmelder dig med mit link. Sponseret af eToro. #Reklame #eToroAffiliate<\/td><\/tr><\/tbody><\/table><\/div><\/div><\/figure>\n\n\n\n<p>*Vi anbefaler at bruge det \u201c<a href=\"https:\/\/etoropartners.com\/wp-content\/uploads\/2024\/05\/Dynamic-disclaimer-percent-tool.pdf\">dynamiske ansvarsfraskrivelses procent-v\u00e6rkt\u00f8j<\/a>\u201d ved promovering af CFD\u2019er for at sikre, at procentsatserne opdateres automatisk hvert kvartal.<\/p>\n\n\n\n<hr class=\"wp-block-separator wp-block-separator-color-dark-grey wp-block-separator-spaces-medium wp-block-separator-weight-1\"\/>\n\n\n\n<h2 class=\"wp-block-heading is-style-heading-2\">Lande med specifikke advarsler om risici<\/h2>\n\n\n\n<figure class=\"wp-block-table\"><div class=\"wp-block-table-content\"><div class=\"wp-block-table-content-nav wp-block-table-content-nav-left\"><div class=\"wp-block-table-content-nav-arrow wp-block-table-content-nav-arrow-left\"><\/div><\/div><div class=\"wp-block-table-content-nav wp-block-table-content-nav-right\"><div class=\"wp-block-table-content-nav-arrow wp-block-table-content-nav-arrow-right\"><\/div><\/div><div class=\"wp-block-table-content-table\"><table><thead><tr><th><strong>Land<\/strong><\/th><th><strong>Produkt<\/strong><\/th><th><strong>Kort (knapper, CTAs)<\/strong><\/th><th><strong>Lang (artikler)<\/strong><\/th><\/tr><\/thead><tbody><tr><td>Spanien<\/td><td>Kryptoansvarsfraskrivelse<\/td><td>Det er vigtigt at l\u00e6se og forst\u00e5 risici ved denne investering som forklaret i detaljer via dette <a href=\"https:\/\/www.etoro.com\/da-dk\/customer-service\/regulation-license\/es-risk-warning\/\">link<\/a>.<\/td><td>Investeringer i kryptoaktiver er ikke regulerede. De kan v\u00e6re uegnede for private investorer, og det fulde investerede bel\u00f8b kan g\u00e5 tabt. Det er vigtigt at l\u00e6se og forst\u00e5 risici ved denne investering som forklaret i detaljer via dette <a href=\"https:\/\/www.etoro.com\/da-dk\/customer-service\/regulation-license\/es-risk-warning\/\">link<\/a>.<\/td><\/tr><tr><td>Frankrig<\/td><td>\u00c6gte krypto<\/td><td>Kryptoinvestering tilbydesaf eToro (Europe) Ltd som en DASP, registreret hos AMF. Investering i Kryptoaktiver er meget volatile. Ingen forbrugerbeskyttelse.<\/td><td>Investering i kryptoaktiver og ejerskab tilbydes af eToro (Europe) Ltd som en tjenesteudbyder for digitale aktiver, registreret hos AMF. Investering i kryptoaktiver er meget volatilt. Ingen forbrugerbeskyttelse. Skat p\u00e5 fortjeneste kan v\u00e6re g\u00e6ldende.<\/td><\/tr><tr><td>Frankrig<\/td><td>CFD-produkt<\/td><td><strong>xx % af private CFD-konti taber penge. <\/strong>Du vil aldrig tabe mere end det bel\u00f8b, der er investeret i hver position.<\/td><td><strong>xx % af private investorkonti taber penge, n\u00e5r de handler med CFD\u2019er med denne udbyder. <\/strong>Du b\u00f8r overveje, om du har r\u00e5d til at tage den h\u00f8je risiko for at tabe dine penge. Du vil aldrig tabe mere end det bel\u00f8b, der er investeret i hver position.<br><\/td><\/tr><tr><td>Schweiz<\/td><td>Aktier (ingen \u00e6gte ETF\u2019er)<\/td><td>Dette er en reklame henhold til den schweiziske finansielle tjenestelov for de finansielle tjenester, der tilbydes af eToro. Det udg\u00f8r ikkeinvesteringsr\u00e5dgivning.<\/td><td>Denne kommunikation og de oplysninger, der gives heri, er udelukkende en reklame i henhold til Art. 68 i den schweiziske finansielle tjenestelov og dens gennemf\u00f8relsesbekendtg\u00f8relse for de finansielle tjenester, der tilbydes af eToro, og g\u00f8r sig ikke g\u00e6ldende som investeringsr\u00e5dgivning. Din kapital er udsat for risici. Andre gebyrer kan v\u00e6re g\u00e6ldende. For flere oplysninger skal du g\u00e5 til <a href=\"https:\/\/www.etoro.com\/da-dk\/trading\/fees\/\">https:\/\/www.etoro.com\/da-dk\/trading\/fees\/<\/a><\/td><\/tr><tr><td>Schweiz<\/td><td>Krypto + kryptoportef\u00f8lje<\/td><td>Investering i kryptoaktiver er ikke reguleret i nogle EU-lande og i Storbritannien. Ingen forbrugerbeskyttelse. Din kapital er udsat for risici. Dette er en reklame i henhold til den schweiziske finansielle tjenestelov for de finansielle tjenester, der tilbydes af eToro. Det udg\u00f8r ikke investeringsr\u00e5dgivning.<\/td><td>Investering i kryptoaktiver er ikke reguleret i nogle EU-lande og i Storbritannien. Ingen forbrugerbeskyttelse. Din kapital er udsat for risici. Dette er en reklame i henhold til den schweiziske finansielle tjenestelov for de finansielle tjenester, der tilbydes af eToro. Det udg\u00f8r ikke investeringsr\u00e5dgivning.<\/td><\/tr><tr><td>Schweiz<\/td><td>Aktie-martportfolio<\/td><td>Copy Trading g\u00f8r sig ikke g\u00e6ldende for investeringsr\u00e5dgivning. V\u00e6rdien af dine investeringer kan stige eller falde. Din kapital er udsat for risici. Dette er en reklame i henhold til den schweiziske finansielle tjenestelov for de finansielle tjenester, der tilbydes af eToro. Det udg\u00f8r ikke investeringsr\u00e5dgivning.<\/td><td>Copy Trading g\u00f8r sig ikke g\u00e6ldende for investeringsr\u00e5dgivning. V\u00e6rdien af dine investeringer kan stige eller falde. Din kapital er udsat for risici. Dette er en reklame i henhold til den schweiziske finansielle tjenestelov for de finansielle tjenester, der tilbydes af eToro. Det udg\u00f8r ikke investeringsr\u00e5dgivning.<\/td><\/tr><\/tbody><\/table><\/div><\/div><\/figure>\n","protected":false},"excerpt":{"rendered":"<p>eToro-platformen opererer under flere enheder, der udg\u00f8r eToro Group, som hver is\u00e6r er underlagt forskellige regulatorer og derfor har forskellige lovkrav&nbsp; Liste over lande pr. kategori&nbsp; Find den korrekte ansvarsfraskrivelse for det land, hvor du promoverer eToro ved hj\u00e6lp af listen nedenfor. Hvis du promoverer i flere lande, skal du bruge alle g\u00e6ldende advarsler om [&hellip;]<\/p>\n","protected":false},"author":4,"featured_media":0,"parent":0,"menu_order":0,"comment_status":"closed","ping_status":"closed","template":"","meta":{"_acf_changed":false,"sticky_cta_settings":"","footnotes":""},"class_list":["post-8603","page","type-page","status-publish","hentry"],"acf":[],"yoast_head":"<!-- This site is optimized with the Yoast SEO plugin v27.3 - https:\/\/yoast.com\/product\/yoast-seo-wordpress\/ -->\n<title>Advarsler om risici<\/title>\n<meta name=\"description\" content=\"Find advarslen om risici per produkt og kategori\" \/>\n<meta name=\"robots\" content=\"index, follow, max-snippet:-1, max-image-preview:large, max-video-preview:-1\" \/>\n<link rel=\"canonical\" href=\"https:\/\/etoropartners.com\/da\/risk-warnings\/\" \/>\n<meta property=\"og:locale\" content=\"da_DK\" \/>\n<meta property=\"og:type\" content=\"article\" \/>\n<meta property=\"og:title\" content=\"Advarsler om risici\" \/>\n<meta property=\"og:description\" content=\"Find advarslen om risici per produkt og kategori\" \/>\n<meta property=\"og:url\" content=\"https:\/\/etoropartners.com\/da\/risk-warnings\/\" \/>\n<meta property=\"og:site_name\" content=\"eToro Partners\" \/>\n<meta property=\"article:modified_time\" content=\"2025-10-29T13:26:14+00:00\" \/>\n<meta name=\"twitter:card\" content=\"summary_large_image\" \/>\n<meta name=\"twitter:label1\" content=\"Estimeret l\u00e6setid\" \/>\n\t<meta name=\"twitter:data1\" content=\"6 minutter\" \/>\n<script type=\"application\/ld+json\" class=\"yoast-schema-graph\">{\"@context\":\"https:\\\/\\\/schema.org\",\"@graph\":[{\"@type\":\"WebPage\",\"@id\":\"https:\\\/\\\/etoropartners.com\\\/da\\\/risk-warnings\\\/\",\"url\":\"https:\\\/\\\/etoropartners.com\\\/da\\\/risk-warnings\\\/\",\"name\":\"Advarsler om risici\",\"isPartOf\":{\"@id\":\"https:\\\/\\\/etoropartners.com\\\/da\\\/#website\"},\"datePublished\":\"2024-04-25T14:13:17+00:00\",\"dateModified\":\"2025-10-29T13:26:14+00:00\",\"description\":\"Find advarslen om risici per produkt og kategori\",\"breadcrumb\":{\"@id\":\"https:\\\/\\\/etoropartners.com\\\/da\\\/risk-warnings\\\/#breadcrumb\"},\"inLanguage\":\"da-DK\",\"potentialAction\":[{\"@type\":\"ReadAction\",\"target\":[\"https:\\\/\\\/etoropartners.com\\\/da\\\/risk-warnings\\\/\"]}]},{\"@type\":\"BreadcrumbList\",\"@id\":\"https:\\\/\\\/etoropartners.com\\\/da\\\/risk-warnings\\\/#breadcrumb\",\"itemListElement\":[{\"@type\":\"ListItem\",\"position\":1,\"name\":\"Home\",\"item\":\"https:\\\/\\\/etoropartners.wpengine.com\\\/da\\\/\"},{\"@type\":\"ListItem\",\"position\":2,\"name\":\"Advarsler om risici\"}]},{\"@type\":\"WebSite\",\"@id\":\"https:\\\/\\\/etoropartners.com\\\/da\\\/#website\",\"url\":\"https:\\\/\\\/etoropartners.com\\\/da\\\/\",\"name\":\"eToro Partners\",\"description\":\"\",\"potentialAction\":[{\"@type\":\"SearchAction\",\"target\":{\"@type\":\"EntryPoint\",\"urlTemplate\":\"https:\\\/\\\/etoropartners.com\\\/da\\\/?s={search_term_string}\"},\"query-input\":{\"@type\":\"PropertyValueSpecification\",\"valueRequired\":true,\"valueName\":\"search_term_string\"}}],\"inLanguage\":\"da-DK\"}]}<\/script>\n<!-- \/ Yoast SEO plugin. -->","yoast_head_json":{"title":"Advarsler om risici","description":"Find advarslen om risici per produkt og kategori","robots":{"index":"index","follow":"follow","max-snippet":"max-snippet:-1","max-image-preview":"max-image-preview:large","max-video-preview":"max-video-preview:-1"},"canonical":"https:\/\/etoropartners.com\/da\/risk-warnings\/","og_locale":"da_DK","og_type":"article","og_title":"Advarsler om risici","og_description":"Find advarslen om risici per produkt og kategori","og_url":"https:\/\/etoropartners.com\/da\/risk-warnings\/","og_site_name":"eToro Partners","article_modified_time":"2025-10-29T13:26:14+00:00","twitter_card":"summary_large_image","twitter_misc":{"Estimeret l\u00e6setid":"6 minutter"},"schema":{"@context":"https:\/\/schema.org","@graph":[{"@type":"WebPage","@id":"https:\/\/etoropartners.com\/da\/risk-warnings\/","url":"https:\/\/etoropartners.com\/da\/risk-warnings\/","name":"Advarsler om risici","isPartOf":{"@id":"https:\/\/etoropartners.com\/da\/#website"},"datePublished":"2024-04-25T14:13:17+00:00","dateModified":"2025-10-29T13:26:14+00:00","description":"Find advarslen om risici per produkt og kategori","breadcrumb":{"@id":"https:\/\/etoropartners.com\/da\/risk-warnings\/#breadcrumb"},"inLanguage":"da-DK","potentialAction":[{"@type":"ReadAction","target":["https:\/\/etoropartners.com\/da\/risk-warnings\/"]}]},{"@type":"BreadcrumbList","@id":"https:\/\/etoropartners.com\/da\/risk-warnings\/#breadcrumb","itemListElement":[{"@type":"ListItem","position":1,"name":"Home","item":"https:\/\/etoropartners.wpengine.com\/da\/"},{"@type":"ListItem","position":2,"name":"Advarsler om risici"}]},{"@type":"WebSite","@id":"https:\/\/etoropartners.com\/da\/#website","url":"https:\/\/etoropartners.com\/da\/","name":"eToro Partners","description":"","potentialAction":[{"@type":"SearchAction","target":{"@type":"EntryPoint","urlTemplate":"https:\/\/etoropartners.com\/da\/?s={search_term_string}"},"query-input":{"@type":"PropertyValueSpecification","valueRequired":true,"valueName":"search_term_string"}}],"inLanguage":"da-DK"}]}},"_links":{"self":[{"href":"https:\/\/etoropartners.com\/da\/wp-json\/wp\/v2\/pages\/8603","targetHints":{"allow":["GET"]}}],"collection":[{"href":"https:\/\/etoropartners.com\/da\/wp-json\/wp\/v2\/pages"}],"about":[{"href":"https:\/\/etoropartners.com\/da\/wp-json\/wp\/v2\/types\/page"}],"author":[{"embeddable":true,"href":"https:\/\/etoropartners.com\/da\/wp-json\/wp\/v2\/users\/4"}],"replies":[{"embeddable":true,"href":"https:\/\/etoropartners.com\/da\/wp-json\/wp\/v2\/comments?post=8603"}],"version-history":[{"count":0,"href":"https:\/\/etoropartners.com\/da\/wp-json\/wp\/v2\/pages\/8603\/revisions"}],"wp:attachment":[{"href":"https:\/\/etoropartners.com\/da\/wp-json\/wp\/v2\/media?parent=8603"}],"curies":[{"name":"wp","href":"https:\/\/api.w.org\/{rel}","templated":true}]}}