{"id":2865,"date":"2021-10-19T08:25:25","date_gmt":"2021-10-19T08:25:25","guid":{"rendered":"https:\/\/etoropartners.wpengine.com\/example-review\/"},"modified":"2026-01-13T11:02:31","modified_gmt":"2026-01-13T09:02:31","slug":"example-review","status":"publish","type":"page","link":"https:\/\/etoropartners.com\/da\/example-review\/","title":{"rendered":"Example Review"},"content":{"rendered":"","protected":false},"excerpt":{"rendered":"","protected":false},"author":5,"featured_media":0,"parent":0,"menu_order":0,"comment_status":"closed","ping_status":"closed","template":"","meta":{"_acf_changed":false,"sticky_cta_settings":"","footnotes":""},"class_list":["post-2865","page","type-page","status-publish","hentry"],"acf":[],"yoast_head":"<!-- This site is optimized with the Yoast SEO plugin v27.3 - https:\/\/yoast.com\/product\/yoast-seo-wordpress\/ -->\n<title>Eksempel p\u00e5 eToro-anmeldelse for eToro-tilknyttede selskaber<\/title>\n<meta name=\"description\" content=\"En af de mest popul\u00e6re metoder til at promovere eToro er at skrive en anmeldelse p\u00e5 din hjemmeside. Indenfor finder du et eksempel p\u00e5 en s\u00e5dan anmeldelse.\" \/>\n<meta name=\"robots\" content=\"index, follow, max-snippet:-1, max-image-preview:large, max-video-preview:-1\" \/>\n<link rel=\"canonical\" href=\"https:\/\/etoropartners.com\/da\/example-review\/\" \/>\n<meta property=\"og:locale\" content=\"da_DK\" \/>\n<meta property=\"og:type\" content=\"article\" \/>\n<meta property=\"og:title\" content=\"Eksempel p\u00e5 eToro-anmeldelse for eToro-tilknyttede selskaber\" \/>\n<meta property=\"og:description\" content=\"En af de mest popul\u00e6re metoder til at promovere eToro er at skrive en anmeldelse p\u00e5 din hjemmeside. Indenfor finder du et eksempel p\u00e5 en s\u00e5dan anmeldelse.\" \/>\n<meta property=\"og:url\" content=\"https:\/\/etoropartners.com\/da\/example-review\/\" \/>\n<meta property=\"og:site_name\" content=\"eToro Partners\" \/>\n<meta property=\"article:modified_time\" content=\"2026-01-13T09:02:31+00:00\" \/>\n<meta name=\"twitter:card\" content=\"summary_large_image\" \/>\n<script type=\"application\/ld+json\" class=\"yoast-schema-graph\">{\"@context\":\"https:\\\/\\\/schema.org\",\"@graph\":[{\"@type\":\"WebPage\",\"@id\":\"https:\\\/\\\/etoropartners.com\\\/da\\\/example-review\\\/\",\"url\":\"https:\\\/\\\/etoropartners.com\\\/da\\\/example-review\\\/\",\"name\":\"Eksempel p\u00e5 eToro-anmeldelse for eToro-tilknyttede selskaber\",\"isPartOf\":{\"@id\":\"https:\\\/\\\/etoropartners.com\\\/da\\\/#website\"},\"datePublished\":\"2021-10-19T08:25:25+00:00\",\"dateModified\":\"2026-01-13T09:02:31+00:00\",\"description\":\"En af de mest popul\u00e6re metoder til at promovere eToro er at skrive en anmeldelse p\u00e5 din hjemmeside. Indenfor finder du et eksempel p\u00e5 en s\u00e5dan anmeldelse.\",\"breadcrumb\":{\"@id\":\"https:\\\/\\\/etoropartners.com\\\/da\\\/example-review\\\/#breadcrumb\"},\"inLanguage\":\"da-DK\",\"potentialAction\":[{\"@type\":\"ReadAction\",\"target\":[\"https:\\\/\\\/etoropartners.com\\\/da\\\/example-review\\\/\"]}]},{\"@type\":\"BreadcrumbList\",\"@id\":\"https:\\\/\\\/etoropartners.com\\\/da\\\/example-review\\\/#breadcrumb\",\"itemListElement\":[{\"@type\":\"ListItem\",\"position\":1,\"name\":\"Home\",\"item\":\"https:\\\/\\\/etoropartners.wpengine.com\\\/da\\\/\"},{\"@type\":\"ListItem\",\"position\":2,\"name\":\"Example Review\"}]},{\"@type\":\"WebSite\",\"@id\":\"https:\\\/\\\/etoropartners.com\\\/da\\\/#website\",\"url\":\"https:\\\/\\\/etoropartners.com\\\/da\\\/\",\"name\":\"eToro Partners\",\"description\":\"\",\"potentialAction\":[{\"@type\":\"SearchAction\",\"target\":{\"@type\":\"EntryPoint\",\"urlTemplate\":\"https:\\\/\\\/etoropartners.com\\\/da\\\/?s={search_term_string}\"},\"query-input\":{\"@type\":\"PropertyValueSpecification\",\"valueRequired\":true,\"valueName\":\"search_term_string\"}}],\"inLanguage\":\"da-DK\"}]}<\/script>\n<!-- \/ Yoast SEO plugin. -->","yoast_head_json":{"title":"Eksempel p\u00e5 eToro-anmeldelse for eToro-tilknyttede selskaber","description":"En af de mest popul\u00e6re metoder til at promovere eToro er at skrive en anmeldelse p\u00e5 din hjemmeside. Indenfor finder du et eksempel p\u00e5 en s\u00e5dan anmeldelse.","robots":{"index":"index","follow":"follow","max-snippet":"max-snippet:-1","max-image-preview":"max-image-preview:large","max-video-preview":"max-video-preview:-1"},"canonical":"https:\/\/etoropartners.com\/da\/example-review\/","og_locale":"da_DK","og_type":"article","og_title":"Eksempel p\u00e5 eToro-anmeldelse for eToro-tilknyttede selskaber","og_description":"En af de mest popul\u00e6re metoder til at promovere eToro er at skrive en anmeldelse p\u00e5 din hjemmeside. Indenfor finder du et eksempel p\u00e5 en s\u00e5dan anmeldelse.","og_url":"https:\/\/etoropartners.com\/da\/example-review\/","og_site_name":"eToro Partners","article_modified_time":"2026-01-13T09:02:31+00:00","twitter_card":"summary_large_image","schema":{"@context":"https:\/\/schema.org","@graph":[{"@type":"WebPage","@id":"https:\/\/etoropartners.com\/da\/example-review\/","url":"https:\/\/etoropartners.com\/da\/example-review\/","name":"Eksempel p\u00e5 eToro-anmeldelse for eToro-tilknyttede selskaber","isPartOf":{"@id":"https:\/\/etoropartners.com\/da\/#website"},"datePublished":"2021-10-19T08:25:25+00:00","dateModified":"2026-01-13T09:02:31+00:00","description":"En af de mest popul\u00e6re metoder til at promovere eToro er at skrive en anmeldelse p\u00e5 din hjemmeside. Indenfor finder du et eksempel p\u00e5 en s\u00e5dan anmeldelse.","breadcrumb":{"@id":"https:\/\/etoropartners.com\/da\/example-review\/#breadcrumb"},"inLanguage":"da-DK","potentialAction":[{"@type":"ReadAction","target":["https:\/\/etoropartners.com\/da\/example-review\/"]}]},{"@type":"BreadcrumbList","@id":"https:\/\/etoropartners.com\/da\/example-review\/#breadcrumb","itemListElement":[{"@type":"ListItem","position":1,"name":"Home","item":"https:\/\/etoropartners.wpengine.com\/da\/"},{"@type":"ListItem","position":2,"name":"Example Review"}]},{"@type":"WebSite","@id":"https:\/\/etoropartners.com\/da\/#website","url":"https:\/\/etoropartners.com\/da\/","name":"eToro Partners","description":"","potentialAction":[{"@type":"SearchAction","target":{"@type":"EntryPoint","urlTemplate":"https:\/\/etoropartners.com\/da\/?s={search_term_string}"},"query-input":{"@type":"PropertyValueSpecification","valueRequired":true,"valueName":"search_term_string"}}],"inLanguage":"da-DK"}]}},"_links":{"self":[{"href":"https:\/\/etoropartners.com\/da\/wp-json\/wp\/v2\/pages\/2865","targetHints":{"allow":["GET"]}}],"collection":[{"href":"https:\/\/etoropartners.com\/da\/wp-json\/wp\/v2\/pages"}],"about":[{"href":"https:\/\/etoropartners.com\/da\/wp-json\/wp\/v2\/types\/page"}],"author":[{"embeddable":true,"href":"https:\/\/etoropartners.com\/da\/wp-json\/wp\/v2\/users\/5"}],"replies":[{"embeddable":true,"href":"https:\/\/etoropartners.com\/da\/wp-json\/wp\/v2\/comments?post=2865"}],"version-history":[{"count":0,"href":"https:\/\/etoropartners.com\/da\/wp-json\/wp\/v2\/pages\/2865\/revisions"}],"wp:attachment":[{"href":"https:\/\/etoropartners.com\/da\/wp-json\/wp\/v2\/media?parent=2865"}],"curies":[{"name":"wp","href":"https:\/\/api.w.org\/{rel}","templated":true}]}}