{"id":1845,"date":"2021-01-14T11:11:13","date_gmt":"2021-01-14T11:11:13","guid":{"rendered":"https:\/\/etoropartners.wpengine.com\/partners\/"},"modified":"2023-04-03T13:35:57","modified_gmt":"2023-04-03T11:35:57","slug":"partners","status":"publish","type":"page","link":"https:\/\/etoropartners.com\/da\/","title":{"rendered":"Partners"},"content":{"rendered":"","protected":false},"excerpt":{"rendered":"","protected":false},"author":5,"featured_media":0,"parent":0,"menu_order":0,"comment_status":"closed","ping_status":"closed","template":"","meta":{"_acf_changed":false,"sticky_cta_settings":"","footnotes":""},"class_list":["post-1845","page","type-page","status-publish","hentry"],"acf":[],"yoast_head":"<!-- This site is optimized with the Yoast SEO plugin v27.3 - https:\/\/yoast.com\/product\/yoast-seo-wordpress\/ -->\n<title>Slut dig til eToros partnerprogram \u2013 Bliv finansiel partner<\/title>\n<meta name=\"description\" content=\"Indg\u00e5 partnerskab med et verdensf\u00f8rende, etableret Fintech-selskab. eToros ry for st\u00e6rke partnerskaber er grunden til, at vi er anerkendt som en f\u00f8rende m\u00e6gler i verden.\" \/>\n<meta name=\"robots\" content=\"index, follow, max-snippet:-1, max-image-preview:large, max-video-preview:-1\" \/>\n<link rel=\"canonical\" href=\"https:\/\/etoropartners.com\/da\/\" \/>\n<meta property=\"og:locale\" content=\"da_DK\" \/>\n<meta property=\"og:type\" content=\"article\" \/>\n<meta property=\"og:title\" content=\"Slut dig til eToros partnerprogram \u2013 Bliv finansiel partner\" \/>\n<meta property=\"og:description\" content=\"Indg\u00e5 partnerskab med et verdensf\u00f8rende, etableret Fintech-selskab. eToros ry for st\u00e6rke partnerskaber er grunden til, at vi er anerkendt som en f\u00f8rende m\u00e6gler i verden.\" \/>\n<meta property=\"og:url\" content=\"https:\/\/etoropartners.com\/da\/\" \/>\n<meta property=\"og:site_name\" content=\"eToro Partners\" \/>\n<meta property=\"article:modified_time\" content=\"2023-04-03T11:35:57+00:00\" \/>\n<meta name=\"twitter:card\" content=\"summary_large_image\" \/>\n<script type=\"application\/ld+json\" class=\"yoast-schema-graph\">{\"@context\":\"https:\\\/\\\/schema.org\",\"@graph\":[{\"@type\":\"WebPage\",\"@id\":\"https:\\\/\\\/etoropartners.com\\\/da\\\/\",\"url\":\"https:\\\/\\\/etoropartners.com\\\/da\\\/\",\"name\":\"Slut dig til eToros partnerprogram \u2013 Bliv finansiel partner\",\"isPartOf\":{\"@id\":\"https:\\\/\\\/etoropartners.com\\\/da\\\/#website\"},\"datePublished\":\"2021-01-14T11:11:13+00:00\",\"dateModified\":\"2023-04-03T11:35:57+00:00\",\"description\":\"Indg\u00e5 partnerskab med et verdensf\u00f8rende, etableret Fintech-selskab. eToros ry for st\u00e6rke partnerskaber er grunden til, at vi er anerkendt som en f\u00f8rende m\u00e6gler i verden.\",\"breadcrumb\":{\"@id\":\"https:\\\/\\\/etoropartners.com\\\/da\\\/#breadcrumb\"},\"inLanguage\":\"da-DK\",\"potentialAction\":[{\"@type\":\"ReadAction\",\"target\":[\"https:\\\/\\\/etoropartners.com\\\/da\\\/\"]}]},{\"@type\":\"BreadcrumbList\",\"@id\":\"https:\\\/\\\/etoropartners.com\\\/da\\\/#breadcrumb\",\"itemListElement\":[{\"@type\":\"ListItem\",\"position\":1,\"name\":\"Home\",\"item\":\"https:\\\/\\\/etoropartners.wpengine.com\\\/da\\\/\"},{\"@type\":\"ListItem\",\"position\":2,\"name\":\"STARTSIDE\"}]},{\"@type\":\"WebSite\",\"@id\":\"https:\\\/\\\/etoropartners.com\\\/da\\\/#website\",\"url\":\"https:\\\/\\\/etoropartners.com\\\/da\\\/\",\"name\":\"eToro Partners\",\"description\":\"\",\"potentialAction\":[{\"@type\":\"SearchAction\",\"target\":{\"@type\":\"EntryPoint\",\"urlTemplate\":\"https:\\\/\\\/etoropartners.com\\\/da\\\/?s={search_term_string}\"},\"query-input\":{\"@type\":\"PropertyValueSpecification\",\"valueRequired\":true,\"valueName\":\"search_term_string\"}}],\"inLanguage\":\"da-DK\"}]}<\/script>\n<!-- \/ Yoast SEO plugin. -->","yoast_head_json":{"title":"Slut dig til eToros partnerprogram \u2013 Bliv finansiel partner","description":"Indg\u00e5 partnerskab med et verdensf\u00f8rende, etableret Fintech-selskab. eToros ry for st\u00e6rke partnerskaber er grunden til, at vi er anerkendt som en f\u00f8rende m\u00e6gler i verden.","robots":{"index":"index","follow":"follow","max-snippet":"max-snippet:-1","max-image-preview":"max-image-preview:large","max-video-preview":"max-video-preview:-1"},"canonical":"https:\/\/etoropartners.com\/da\/","og_locale":"da_DK","og_type":"article","og_title":"Slut dig til eToros partnerprogram \u2013 Bliv finansiel partner","og_description":"Indg\u00e5 partnerskab med et verdensf\u00f8rende, etableret Fintech-selskab. eToros ry for st\u00e6rke partnerskaber er grunden til, at vi er anerkendt som en f\u00f8rende m\u00e6gler i verden.","og_url":"https:\/\/etoropartners.com\/da\/","og_site_name":"eToro Partners","article_modified_time":"2023-04-03T11:35:57+00:00","twitter_card":"summary_large_image","schema":{"@context":"https:\/\/schema.org","@graph":[{"@type":"WebPage","@id":"https:\/\/etoropartners.com\/da\/","url":"https:\/\/etoropartners.com\/da\/","name":"Slut dig til eToros partnerprogram \u2013 Bliv finansiel partner","isPartOf":{"@id":"https:\/\/etoropartners.com\/da\/#website"},"datePublished":"2021-01-14T11:11:13+00:00","dateModified":"2023-04-03T11:35:57+00:00","description":"Indg\u00e5 partnerskab med et verdensf\u00f8rende, etableret Fintech-selskab. eToros ry for st\u00e6rke partnerskaber er grunden til, at vi er anerkendt som en f\u00f8rende m\u00e6gler i verden.","breadcrumb":{"@id":"https:\/\/etoropartners.com\/da\/#breadcrumb"},"inLanguage":"da-DK","potentialAction":[{"@type":"ReadAction","target":["https:\/\/etoropartners.com\/da\/"]}]},{"@type":"BreadcrumbList","@id":"https:\/\/etoropartners.com\/da\/#breadcrumb","itemListElement":[{"@type":"ListItem","position":1,"name":"Home","item":"https:\/\/etoropartners.wpengine.com\/da\/"},{"@type":"ListItem","position":2,"name":"STARTSIDE"}]},{"@type":"WebSite","@id":"https:\/\/etoropartners.com\/da\/#website","url":"https:\/\/etoropartners.com\/da\/","name":"eToro Partners","description":"","potentialAction":[{"@type":"SearchAction","target":{"@type":"EntryPoint","urlTemplate":"https:\/\/etoropartners.com\/da\/?s={search_term_string}"},"query-input":{"@type":"PropertyValueSpecification","valueRequired":true,"valueName":"search_term_string"}}],"inLanguage":"da-DK"}]}},"_links":{"self":[{"href":"https:\/\/etoropartners.com\/da\/wp-json\/wp\/v2\/pages\/1845","targetHints":{"allow":["GET"]}}],"collection":[{"href":"https:\/\/etoropartners.com\/da\/wp-json\/wp\/v2\/pages"}],"about":[{"href":"https:\/\/etoropartners.com\/da\/wp-json\/wp\/v2\/types\/page"}],"author":[{"embeddable":true,"href":"https:\/\/etoropartners.com\/da\/wp-json\/wp\/v2\/users\/5"}],"replies":[{"embeddable":true,"href":"https:\/\/etoropartners.com\/da\/wp-json\/wp\/v2\/comments?post=1845"}],"version-history":[{"count":0,"href":"https:\/\/etoropartners.com\/da\/wp-json\/wp\/v2\/pages\/1845\/revisions"}],"wp:attachment":[{"href":"https:\/\/etoropartners.com\/da\/wp-json\/wp\/v2\/media?parent=1845"}],"curies":[{"name":"wp","href":"https:\/\/api.w.org\/{rel}","templated":true}]}}