{"id":9538,"date":"2026-04-14T14:29:40","date_gmt":"2026-04-14T12:29:40","guid":{"rendered":"https:\/\/etoropartners.com\/?page_id=9538"},"modified":"2026-04-14T14:29:41","modified_gmt":"2026-04-14T12:29:41","slug":"contact-us","status":"publish","type":"page","link":"https:\/\/etoropartners.com\/cs\/contact-us\/","title":{"rendered":"Contact Us"},"content":{"rendered":"\n<section class=\"wp-block-group wp-block-group-boxed\"><div class=\"wp-block-group-inner is-layout-flow wp-block-group-is-layout-flow\">\n<div class=\"wp-block-columns are-vertically-aligned-top wp-block-columns-1 is-layout-flex wp-container-core-columns-is-layout-9d6595d7 wp-block-columns-is-layout-flex\">\n<div class=\"wp-block-column wp-block-column-align-desktop-center wp-block-column-align-mobile-center is-layout-flow wp-block-column-is-layout-flow\">\n<p>Jsme zde, abychom V\u00e1m pomohli z\u00edskat maximum z programu eToro Partners. S dotazy na partnery se obra\u0165te na n\u00ed\u017ee uveden\u00e9ho e-mailov\u00e9ho mana\u017eera Affiliate partnera. U probl\u00e9m\u016f s ov\u011b\u0159en\u00edm \u00fa\u010dtu a p\u0159\u00edstupem pros\u00edm otev\u0159ete tiket. Zadejte e-mailovou adresu spojenou s va\u0161\u00edm partnersk\u00fdm \u00fa\u010dtem a adresu URL sv\u00fdch webov\u00fdch str\u00e1nek, abychom mohli reagovat rychleji.<\/p>\n<\/div>\n<\/div>\n<\/div><\/section>\n\n\n\n<section class=\"wp-block-group wp-block-group-full has-white-background-color has-background hide-on-mobile hide-on-tablet\"><div class=\"wp-block-group-inner is-layout-flow wp-block-group-is-layout-flow\">\n<div class=\"wp-block-columns are-vertically-aligned-top wp-block-columns-1 is-layout-flex wp-container-core-columns-is-layout-9d6595d7 wp-block-columns-is-layout-flex\">\n<div class=\"wp-block-column wp-block-column-align-desktop-center wp-block-column-align-mobile-center is-layout-flow wp-block-column-is-layout-flow\">\n<h2 class=\"wp-block-heading\"><strong>Region\u00e1ln\u00ed <b class=\"wp-etoro-format-colored-green\">kontakty<\/b><\/strong><\/h2>\n<\/div>\n<\/div>\n\n\n\n<div class=\"wp-block-columns are-vertically-aligned-top wp-block-columns-4 is-layout-flex wp-container-core-columns-is-layout-9d6595d7 wp-block-columns-is-layout-flex\">\n<div class=\"wp-block-column is-layout-flow wp-block-column-is-layout-flow\"><\/div>\n\n\n\n<div class=\"wp-block-column is-layout-flow wp-block-column-is-layout-flow\">\n<p><strong><b class=\"wp-etoro-format-colored-dark-blue\">Spojen\u00e9 kr\u00e1lovstv\u00ed<\/b><\/strong><br><strong>Sam Kershner<\/strong> \u2013 samke@etoro.com<\/p>\n<\/div>\n\n\n\n<div class=\"wp-block-column is-layout-flow wp-block-column-is-layout-flow\">\n<p class=\"has-text-align-right\"><br><a href=\"https:\/\/calendly.com\/samk-etoro\/30min\" type=\"link\" id=\"https:\/\/calendly.com\/samk-etoro\/30min\">Zarezervujte si 15minutov\u00fd hovor<\/a><\/p>\n<\/div>\n\n\n\n<div class=\"wp-block-column is-layout-flow wp-block-column-is-layout-flow\"><\/div>\n<\/div>\n\n\n\n<div class=\"wp-block-columns are-vertically-aligned-top wp-block-columns-4 is-layout-flex wp-container-core-columns-is-layout-9d6595d7 wp-block-columns-is-layout-flex\">\n<div class=\"wp-block-column is-layout-flow wp-block-column-is-layout-flow\"><\/div>\n\n\n\n<div class=\"wp-block-column is-layout-flow wp-block-column-is-layout-flow\">\n<p><strong><b class=\"wp-etoro-format-colored-dark-blue\">Austr\u00e1lie<\/b><\/strong><br><strong>Bri Techert<\/strong> \u2013 brite@etoro.com<\/p>\n<\/div>\n\n\n\n<div class=\"wp-block-column is-layout-flow wp-block-column-is-layout-flow\">\n<p class=\"has-text-align-right\"><br><a href=\"https:\/\/calendly.com\/bri-etoro\/30min\" type=\"link\" id=\"https:\/\/calendly.com\/bri-etoro\/30min\">Zarezervujte si 15minutov\u00fd hovor<\/a><\/p>\n<\/div>\n\n\n\n<div class=\"wp-block-column is-layout-flow wp-block-column-is-layout-flow\"><\/div>\n<\/div>\n\n\n\n<div class=\"wp-block-columns are-vertically-aligned-top wp-block-columns-4 is-layout-flex wp-container-core-columns-is-layout-9d6595d7 wp-block-columns-is-layout-flex\">\n<div class=\"wp-block-column is-layout-flow wp-block-column-is-layout-flow\"><\/div>\n\n\n\n<div class=\"wp-block-column is-layout-flow wp-block-column-is-layout-flow\">\n<p><strong><b class=\"wp-etoro-format-colored-dark-blue\">N\u011bmecko a Nizozemsko<\/b><\/strong><br><strong>Monika Hakak<\/strong> \u2013 monikaha@etoro.com<\/p>\n<\/div>\n\n\n\n<div class=\"wp-block-column is-layout-flow wp-block-column-is-layout-flow\">\n<p class=\"has-text-align-right\"><br><a href=\"https:\/\/calendly.com\/monikaha-etoro\/\" type=\"link\" id=\"https:\/\/calendly.com\/monikaha-etoro\/\">Zarezervujte si 15minutov\u00fd hovor<\/a><\/p>\n<\/div>\n\n\n\n<div class=\"wp-block-column is-layout-flow wp-block-column-is-layout-flow\"><\/div>\n<\/div>\n\n\n\n<div class=\"wp-block-columns are-vertically-aligned-top wp-block-columns-4 is-layout-flex wp-container-core-columns-is-layout-9d6595d7 wp-block-columns-is-layout-flex\">\n<div class=\"wp-block-column is-layout-flow wp-block-column-is-layout-flow\"><\/div>\n\n\n\n<div class=\"wp-block-column is-layout-flow wp-block-column-is-layout-flow\">\n<p><strong><b class=\"wp-etoro-format-colored-dark-blue\">USA, \u0160pan\u011blsko a LATAM<\/b><\/strong><br><strong>Nimrod Burla<\/strong> \u2013 nimrodbu@etoro.com<\/p>\n<\/div>\n\n\n\n<div class=\"wp-block-column is-layout-flow wp-block-column-is-layout-flow\">\n<p class=\"has-text-align-right\"><br><a href=\"https:\/\/calendly.com\/nimrodbu-etoro\" type=\"link\" id=\"https:\/\/calendly.com\/nimrodbu-etoro\">Zarezervujte si 15minutov\u00fd hovor<\/a><\/p>\n<\/div>\n\n\n\n<div class=\"wp-block-column is-layout-flow wp-block-column-is-layout-flow\"><\/div>\n<\/div>\n\n\n\n<div class=\"wp-block-columns are-vertically-aligned-top wp-block-columns-4 is-layout-flex wp-container-core-columns-is-layout-9d6595d7 wp-block-columns-is-layout-flex\">\n<div class=\"wp-block-column is-layout-flow wp-block-column-is-layout-flow\"><\/div>\n\n\n\n<div class=\"wp-block-column is-layout-flow wp-block-column-is-layout-flow\">\n<p><strong><b class=\"wp-etoro-format-colored-dark-blue\">It\u00e1lie<\/b><\/strong><br><strong>Ran Regev<\/strong> \u2013 ranre@etoro.com<\/p>\n<\/div>\n\n\n\n<div class=\"wp-block-column is-layout-flow wp-block-column-is-layout-flow\">\n<p class=\"has-text-align-right\"><br><a href=\"https:\/\/calendly.com\/ranre\" type=\"link\" id=\"https:\/\/calendly.com\/ranre\">Zarezervujte si 15minutov\u00fd hovor<\/a><\/p>\n<\/div>\n\n\n\n<div class=\"wp-block-column is-layout-flow wp-block-column-is-layout-flow\"><\/div>\n<\/div>\n\n\n\n<div class=\"wp-block-columns are-vertically-aligned-top wp-block-columns-4 is-layout-flex wp-container-core-columns-is-layout-9d6595d7 wp-block-columns-is-layout-flex\">\n<div class=\"wp-block-column is-layout-flow wp-block-column-is-layout-flow\"><\/div>\n\n\n\n<div class=\"wp-block-column is-layout-flow wp-block-column-is-layout-flow\">\n<p><strong><b class=\"wp-etoro-format-colored-dark-blue\">Francie a arabsky mluv\u00edc\u00ed trhy<\/b><\/strong><br><strong>Arie Cohen<\/strong> \u2013 arieco@etoro.com<\/p>\n<\/div>\n\n\n\n<div class=\"wp-block-column is-layout-flow wp-block-column-is-layout-flow\">\n<p class=\"has-text-align-right\"><br><br><a href=\"https:\/\/calendly.com\/arieco-etoro\" type=\"link\" id=\"https:\/\/calendly.com\/arieco-etoro\">Zarezervujte si 15minutov\u00fd hovor<\/a><\/p>\n<\/div>\n\n\n\n<div class=\"wp-block-column is-layout-flow wp-block-column-is-layout-flow\"><\/div>\n<\/div>\n\n\n\n<div class=\"wp-block-columns are-vertically-aligned-top wp-block-columns-4 is-layout-flex wp-container-core-columns-is-layout-9d6595d7 wp-block-columns-is-layout-flex\">\n<div class=\"wp-block-column is-layout-flow wp-block-column-is-layout-flow\"><\/div>\n\n\n\n<div class=\"wp-block-column is-layout-flow wp-block-column-is-layout-flow\">\n<p><strong><b class=\"wp-etoro-format-colored-dark-blue\">V\u00fdchodn\u00ed Evropa a seversk\u00e9 zem\u011b<\/b><\/strong><br><strong>Lucia Ashkenazy<\/strong> \u2013 luciaas@etoro.com<\/p>\n<\/div>\n\n\n\n<div class=\"wp-block-column is-layout-flow wp-block-column-is-layout-flow\">\n<p class=\"has-text-align-right\"><br><a href=\"https:\/\/calendly.com\/lucia_ashkenazy\" type=\"link\" id=\"https:\/\/calendly.com\/lucia_ashkenazy\">Zarezervujte si 15minutov\u00fd hovor<\/a><\/p>\n<\/div>\n\n\n\n<div class=\"wp-block-column is-layout-flow wp-block-column-is-layout-flow\"><\/div>\n<\/div>\n\n\n\n<div class=\"wp-block-columns are-vertically-aligned-top wp-block-columns-4 is-layout-flex wp-container-core-columns-is-layout-9d6595d7 wp-block-columns-is-layout-flex\">\n<div class=\"wp-block-column is-layout-flow wp-block-column-is-layout-flow\"><\/div>\n\n\n\n<div class=\"wp-block-column is-layout-flow wp-block-column-is-layout-flow\">\n<p><strong><b class=\"wp-etoro-format-colored-dark-blue\">Provoz a technick\u00e1 podpora<\/b><\/strong><br><strong>Liora Edelstein Hakak<\/strong> \u2013 lioraed@etoro.com<\/p>\n<\/div>\n\n\n\n<div class=\"wp-block-column is-layout-flow wp-block-column-is-layout-flow\">\n<p class=\"has-text-align-right\"><br><a href=\"https:\/\/calendly.com\/lioraed\" type=\"link\" id=\"https:\/\/calendly.com\/lioraed\">Zarezervujte si 15minutov\u00fd hovor<\/a><\/p>\n<\/div>\n\n\n\n<div class=\"wp-block-column is-layout-flow wp-block-column-is-layout-flow\"><\/div>\n<\/div>\n\n\n\n<div class=\"wp-block-columns are-vertically-aligned-top wp-block-columns-4 is-layout-flex wp-container-core-columns-is-layout-9d6595d7 wp-block-columns-is-layout-flex\">\n<div class=\"wp-block-column is-layout-flow wp-block-column-is-layout-flow\"><\/div>\n\n\n\n<div class=\"wp-block-column is-layout-flow wp-block-column-is-layout-flow\">\n<p><strong><b class=\"wp-etoro-format-colored-dark-blue\">\u0158editelka pro Affiliate partnerstv\u00ed<\/b><\/strong><br><strong>Ofer Farjun<\/strong> \u2013 oferfa@etoro.com<\/p>\n<\/div>\n\n\n\n<div class=\"wp-block-column is-layout-flow wp-block-column-is-layout-flow\">\n<p class=\"has-text-align-right\"><br><a href=\"https:\/\/calendly.com\/oferfa\" type=\"link\" id=\"https:\/\/calendly.com\/oferfa\">Zarezervujte si 15minutov\u00fd hovor<\/a><\/p>\n<\/div>\n\n\n\n<div class=\"wp-block-column is-layout-flow wp-block-column-is-layout-flow\"><\/div>\n<\/div>\n<\/div><\/section>\n\n\n\n<section class=\"wp-block-group wp-block-group-boxed has-white-background-color has-background hide-on-desktop\"><div class=\"wp-block-group-inner is-layout-flow wp-block-group-is-layout-flow\">\n<div class=\"wp-block-columns are-vertically-aligned-top wp-block-columns-1 is-layout-flex wp-container-core-columns-is-layout-9d6595d7 wp-block-columns-is-layout-flex\">\n<div class=\"wp-block-column is-layout-flow wp-block-column-is-layout-flow\">\n<p><strong><b class=\"wp-etoro-format-colored-dark-blue\">Spojen\u00e9 kr\u00e1lovstv\u00ed<\/b><\/strong><br><strong>Sam Kershner<\/strong> \u2013 samke@etoro.com<\/p>\n\n\n\n<p><a href=\"https:\/\/calendly.com\/samk-etoro\/30min\" type=\"link\" id=\"https:\/\/calendly.com\/samk-etoro\/30min\">Zarezervujte si 15minutov\u00fd hovor<\/a><\/p>\n<\/div>\n<\/div>\n\n\n\n<div class=\"wp-block-columns are-vertically-aligned-top wp-block-columns-1 is-layout-flex wp-container-core-columns-is-layout-9d6595d7 wp-block-columns-is-layout-flex\">\n<div class=\"wp-block-column is-layout-flow wp-block-column-is-layout-flow\">\n<p><strong><b class=\"wp-etoro-format-colored-dark-blue\">Austr\u00e1lie<\/b><\/strong><br><strong>Bri Techert<\/strong> \u2013 brite@etoro.com<\/p>\n\n\n\n<p><a href=\"https:\/\/calendly.com\/bri-etoro\/30min\" type=\"link\" id=\"https:\/\/calendly.com\/bri-etoro\/30min\">Zarezervujte si 15minutov\u00fd hovor<\/a><\/p>\n<\/div>\n<\/div>\n\n\n\n<div class=\"wp-block-columns are-vertically-aligned-top wp-block-columns-1 is-layout-flex wp-container-core-columns-is-layout-9d6595d7 wp-block-columns-is-layout-flex\">\n<div class=\"wp-block-column is-layout-flow wp-block-column-is-layout-flow\">\n<p><strong><b class=\"wp-etoro-format-colored-dark-blue\">N\u011bmecko a Nizozemsko<\/b><\/strong><br><strong>Monika Hakak<\/strong> \u2013 monikaha@etoro.com<\/p>\n\n\n\n<p><a id=\"https:\/\/calendly.com\/monikaha-etoro\/\" href=\"https:\/\/calendly.com\/monikaha-etoro\/\" type=\"link\">Zarezervujte si 15minutov\u00fd hovor<\/a><\/p>\n<\/div>\n<\/div>\n\n\n\n<div class=\"wp-block-columns are-vertically-aligned-top wp-block-columns-1 is-layout-flex wp-container-core-columns-is-layout-9d6595d7 wp-block-columns-is-layout-flex\">\n<div class=\"wp-block-column is-layout-flow wp-block-column-is-layout-flow\">\n<p><strong><b class=\"wp-etoro-format-colored-dark-blue\">USA, \u0160pan\u011blsko a LATAM<\/b><\/strong><br><strong>Nimrod Burla<\/strong> \u2013 nimrodbu@etoro.com<\/p>\n\n\n\n<p><a id=\"https:\/\/calendly.com\/nimrodbu-etoro\" href=\"https:\/\/calendly.com\/nimrodbu-etoro\" type=\"link\">Zarezervujte si 15minutov\u00fd hovor<\/a><\/p>\n<\/div>\n<\/div>\n\n\n\n<div class=\"wp-block-columns are-vertically-aligned-top wp-block-columns-1 is-layout-flex wp-container-core-columns-is-layout-9d6595d7 wp-block-columns-is-layout-flex\">\n<div class=\"wp-block-column is-layout-flow wp-block-column-is-layout-flow\">\n<p><strong><b class=\"wp-etoro-format-colored-dark-blue\">It\u00e1lie<\/b><\/strong><br><strong>Ran Regev<\/strong> \u2013 ranre@etoro.com<\/p>\n\n\n\n<p><a id=\"https:\/\/calendly.com\/ranre\" href=\"https:\/\/calendly.com\/ranre\" type=\"link\">Zarezervujte si 15minutov\u00fd hovor<\/a><\/p>\n<\/div>\n<\/div>\n\n\n\n<div class=\"wp-block-columns are-vertically-aligned-top wp-block-columns-1 is-layout-flex wp-container-core-columns-is-layout-9d6595d7 wp-block-columns-is-layout-flex\">\n<div class=\"wp-block-column is-layout-flow wp-block-column-is-layout-flow\">\n<p><strong><b class=\"wp-etoro-format-colored-dark-blue\">Francie a arabsky mluv\u00edc\u00ed trhy<\/b><\/strong><br><strong>Arie Cohen<\/strong> \u2013 arieco@etoro.com<\/p>\n\n\n\n<p><a id=\"https:\/\/calendly.com\/arieco-etoro\" href=\"https:\/\/calendly.com\/arieco-etoro\" type=\"link\">Zarezervujte si 15minutov\u00fd hovor<\/a><\/p>\n<\/div>\n<\/div>\n\n\n\n<div class=\"wp-block-columns are-vertically-aligned-top wp-block-columns-1 is-layout-flex wp-container-core-columns-is-layout-9d6595d7 wp-block-columns-is-layout-flex\">\n<div class=\"wp-block-column is-layout-flow wp-block-column-is-layout-flow\">\n<p><strong><b class=\"wp-etoro-format-colored-dark-blue\">V\u00fdchodn\u00ed Evropa a seversk\u00e9 zem\u011b<\/b><\/strong><br><strong>Lucia Ashkenazy<\/strong> \u2013 luciaas@etoro.com<\/p>\n\n\n\n<p><a id=\"https:\/\/calendly.com\/lucia_ashkenazy\" href=\"https:\/\/calendly.com\/lucia_ashkenazy\" type=\"link\">Zarezervujte si 15minutov\u00fd hovor<\/a><\/p>\n<\/div>\n<\/div>\n\n\n\n<div class=\"wp-block-columns are-vertically-aligned-top wp-block-columns-1 is-layout-flex wp-container-core-columns-is-layout-9d6595d7 wp-block-columns-is-layout-flex\">\n<div class=\"wp-block-column is-layout-flow wp-block-column-is-layout-flow\">\n<p><strong><b class=\"wp-etoro-format-colored-dark-blue\">Provoz a technick\u00e1 podpora<\/b><\/strong><br><strong>Liora Edelstein Hakak<\/strong> \u2013 lioraed@etoro.com<\/p>\n\n\n\n<p><a id=\"https:\/\/calendly.com\/lioraed\" href=\"https:\/\/calendly.com\/lioraed\" type=\"link\">Zarezervujte si 15minutov\u00fd hovor<\/a><\/p>\n<\/div>\n<\/div>\n\n\n\n<div class=\"wp-block-columns are-vertically-aligned-top wp-block-columns-1 is-layout-flex wp-container-core-columns-is-layout-9d6595d7 wp-block-columns-is-layout-flex\">\n<div class=\"wp-block-column is-layout-flow wp-block-column-is-layout-flow\">\n<p><strong><b class=\"wp-etoro-format-colored-dark-blue\">\u0158editelka pro Affiliate partnerstv\u00ed<\/b><\/strong><br><strong>Ofer Farjun<\/strong> \u2013 oferfa@etoro.com<\/p>\n\n\n\n<p><a id=\"https:\/\/calendly.com\/oferfa\" href=\"https:\/\/calendly.com\/oferfa\" type=\"link\">Zarezervujte si 15minutov\u00fd hovor<\/a><\/p>\n<\/div>\n<\/div>\n<\/div><\/section>\n\n\n\n<section class=\"wp-block-group wp-block-group-boxed has-light-blue-background-color has-background\"><div class=\"wp-block-group-inner is-layout-flow wp-block-group-is-layout-flow\">\n<div class=\"wp-block-columns are-vertically-aligned-top wp-block-columns-1 is-layout-flex wp-container-core-columns-is-layout-9d6595d7 wp-block-columns-is-layout-flex\">\n<div class=\"wp-block-column wp-block-column-align-desktop-center wp-block-column-align-mobile-center is-layout-flow wp-block-column-is-layout-flow\">\n<h2 class=\"wp-block-heading\"><strong>Probl\u00e9my s ov\u011b\u0159en\u00edm \/ \u00fa\u010dtem<\/strong><\/h2>\n\n\n\n<p>V p\u0159\u00edpad\u011b probl\u00e9m\u016f s ov\u011b\u0159en\u00edm nebo p\u0159\u00edstupem k \u00fa\u010dtu otev\u0159ete tiket a n\u00e1\u0161 t\u00fdm v\u00e1m pom\u016f\u017ee.<\/p>\n\n\n\n<div class=\"wp-block-buttons is-layout-flex wp-block-buttons-is-layout-flex\">\n<a class=\"e-cta e-cta-alternative\" href=\"https:\/\/www.etoro.com\/customer-service\/?deepLink=type\/programs\/programs_subtype\/partners_program\/\" target=\"_blank\" rel=\"noopener\">Otev\u0159ete tiket<\/a>\n<\/div>\n<\/div>\n<\/div>\n<\/div><\/section>\n","protected":false},"excerpt":{"rendered":"<p>Jsme zde, abychom V\u00e1m pomohli z\u00edskat maximum z programu eToro Partners. S dotazy na partnery se obra\u0165te na n\u00ed\u017ee uveden\u00e9ho e-mailov\u00e9ho mana\u017eera Affiliate partnera. U probl\u00e9m\u016f s ov\u011b\u0159en\u00edm \u00fa\u010dtu a p\u0159\u00edstupem pros\u00edm otev\u0159ete tiket. Zadejte e-mailovou adresu spojenou s va\u0161\u00edm partnersk\u00fdm \u00fa\u010dtem a adresu URL sv\u00fdch webov\u00fdch str\u00e1nek, abychom mohli reagovat rychleji. Region\u00e1ln\u00ed kontakty Spojen\u00e9 [&hellip;]<\/p>\n","protected":false},"author":21,"featured_media":0,"parent":0,"menu_order":0,"comment_status":"closed","ping_status":"closed","template":"","meta":{"_acf_changed":false,"sticky_cta_settings":"","footnotes":""},"class_list":["post-9538","page","type-page","status-publish","hentry"],"acf":[],"yoast_head":"<!-- This site is optimized with the Yoast SEO plugin v27.3 - https:\/\/yoast.com\/product\/yoast-seo-wordpress\/ -->\n<title>Kontaktujte t\u00fdm eToro Partners | region\u00e1ln\u00ed mana\u017ee\u0159i partnersk\u00fdch spole\u010dnost\u00ed<\/title>\n<meta name=\"description\" content=\"Pot\u0159ebujete pomoci s programem eToro Partners? Po\u0161lete e-mail sv\u00e9mu mana\u017eerovi partnersk\u00e9ho programu nebo si rezervujte 15minutov\u00fd hovor. V p\u0159\u00edpad\u011b probl\u00e9m\u016f s p\u0159\u00edstupem k \u00fa\u010dtu otev\u0159ete po\u017eadavek na podporu a z\u00edskejte rychlej\u0161\u00ed pomoc.\" \/>\n<meta name=\"robots\" content=\"index, follow, max-snippet:-1, max-image-preview:large, max-video-preview:-1\" \/>\n<link rel=\"canonical\" href=\"https:\/\/etoropartners.com\/cs\/contact-us\/\" \/>\n<meta property=\"og:locale\" content=\"cs_CZ\" \/>\n<meta property=\"og:type\" content=\"article\" \/>\n<meta property=\"og:title\" content=\"Kontaktujte t\u00fdm eToro Partners | region\u00e1ln\u00ed mana\u017ee\u0159i partnersk\u00fdch spole\u010dnost\u00ed\" \/>\n<meta property=\"og:description\" content=\"Pot\u0159ebujete pomoci s programem eToro Partners? Po\u0161lete e-mail sv\u00e9mu mana\u017eerovi partnersk\u00e9ho programu nebo si rezervujte 15minutov\u00fd hovor. V p\u0159\u00edpad\u011b probl\u00e9m\u016f s p\u0159\u00edstupem k \u00fa\u010dtu otev\u0159ete po\u017eadavek na podporu a z\u00edskejte rychlej\u0161\u00ed pomoc.\" \/>\n<meta property=\"og:url\" content=\"https:\/\/etoropartners.com\/cs\/contact-us\/\" \/>\n<meta property=\"og:site_name\" content=\"eToro Partners\" \/>\n<meta property=\"article:modified_time\" content=\"2026-04-14T12:29:41+00:00\" \/>\n<meta name=\"twitter:card\" content=\"summary_large_image\" \/>\n<meta name=\"twitter:label1\" content=\"Odhadovan\u00e1 doba \u010dten\u00ed\" \/>\n\t<meta name=\"twitter:data1\" content=\"2 minuty\" \/>\n<script type=\"application\/ld+json\" class=\"yoast-schema-graph\">{\"@context\":\"https:\\\/\\\/schema.org\",\"@graph\":[{\"@type\":\"WebPage\",\"@id\":\"https:\\\/\\\/etoropartners.com\\\/cs\\\/contact-us\\\/\",\"url\":\"https:\\\/\\\/etoropartners.com\\\/cs\\\/contact-us\\\/\",\"name\":\"Kontaktujte t\u00fdm eToro Partners | region\u00e1ln\u00ed mana\u017ee\u0159i partnersk\u00fdch spole\u010dnost\u00ed\",\"isPartOf\":{\"@id\":\"https:\\\/\\\/etoropartners.com\\\/cs\\\/#website\"},\"datePublished\":\"2026-04-14T12:29:40+00:00\",\"dateModified\":\"2026-04-14T12:29:41+00:00\",\"description\":\"Pot\u0159ebujete pomoci s programem eToro Partners? Po\u0161lete e-mail sv\u00e9mu mana\u017eerovi partnersk\u00e9ho programu nebo si rezervujte 15minutov\u00fd hovor. V p\u0159\u00edpad\u011b probl\u00e9m\u016f s p\u0159\u00edstupem k \u00fa\u010dtu otev\u0159ete po\u017eadavek na podporu a z\u00edskejte rychlej\u0161\u00ed pomoc.\",\"breadcrumb\":{\"@id\":\"https:\\\/\\\/etoropartners.com\\\/cs\\\/contact-us\\\/#breadcrumb\"},\"inLanguage\":\"cs\",\"potentialAction\":[{\"@type\":\"ReadAction\",\"target\":[\"https:\\\/\\\/etoropartners.com\\\/cs\\\/contact-us\\\/\"]}]},{\"@type\":\"BreadcrumbList\",\"@id\":\"https:\\\/\\\/etoropartners.com\\\/cs\\\/contact-us\\\/#breadcrumb\",\"itemListElement\":[{\"@type\":\"ListItem\",\"position\":1,\"name\":\"Home\",\"item\":\"https:\\\/\\\/etoropartners.wpengine.com\\\/cs\\\/\"},{\"@type\":\"ListItem\",\"position\":2,\"name\":\"Contact Us\"}]},{\"@type\":\"WebSite\",\"@id\":\"https:\\\/\\\/etoropartners.com\\\/cs\\\/#website\",\"url\":\"https:\\\/\\\/etoropartners.com\\\/cs\\\/\",\"name\":\"eToro Partners\",\"description\":\"\",\"potentialAction\":[{\"@type\":\"SearchAction\",\"target\":{\"@type\":\"EntryPoint\",\"urlTemplate\":\"https:\\\/\\\/etoropartners.com\\\/cs\\\/?s={search_term_string}\"},\"query-input\":{\"@type\":\"PropertyValueSpecification\",\"valueRequired\":true,\"valueName\":\"search_term_string\"}}],\"inLanguage\":\"cs\"}]}<\/script>\n<!-- \/ Yoast SEO plugin. -->","yoast_head_json":{"title":"Kontaktujte t\u00fdm eToro Partners | region\u00e1ln\u00ed mana\u017ee\u0159i partnersk\u00fdch spole\u010dnost\u00ed","description":"Pot\u0159ebujete pomoci s programem eToro Partners? Po\u0161lete e-mail sv\u00e9mu mana\u017eerovi partnersk\u00e9ho programu nebo si rezervujte 15minutov\u00fd hovor. V p\u0159\u00edpad\u011b probl\u00e9m\u016f s p\u0159\u00edstupem k \u00fa\u010dtu otev\u0159ete po\u017eadavek na podporu a z\u00edskejte rychlej\u0161\u00ed pomoc.","robots":{"index":"index","follow":"follow","max-snippet":"max-snippet:-1","max-image-preview":"max-image-preview:large","max-video-preview":"max-video-preview:-1"},"canonical":"https:\/\/etoropartners.com\/cs\/contact-us\/","og_locale":"cs_CZ","og_type":"article","og_title":"Kontaktujte t\u00fdm eToro Partners | region\u00e1ln\u00ed mana\u017ee\u0159i partnersk\u00fdch spole\u010dnost\u00ed","og_description":"Pot\u0159ebujete pomoci s programem eToro Partners? Po\u0161lete e-mail sv\u00e9mu mana\u017eerovi partnersk\u00e9ho programu nebo si rezervujte 15minutov\u00fd hovor. V p\u0159\u00edpad\u011b probl\u00e9m\u016f s p\u0159\u00edstupem k \u00fa\u010dtu otev\u0159ete po\u017eadavek na podporu a z\u00edskejte rychlej\u0161\u00ed pomoc.","og_url":"https:\/\/etoropartners.com\/cs\/contact-us\/","og_site_name":"eToro Partners","article_modified_time":"2026-04-14T12:29:41+00:00","twitter_card":"summary_large_image","twitter_misc":{"Odhadovan\u00e1 doba \u010dten\u00ed":"2 minuty"},"schema":{"@context":"https:\/\/schema.org","@graph":[{"@type":"WebPage","@id":"https:\/\/etoropartners.com\/cs\/contact-us\/","url":"https:\/\/etoropartners.com\/cs\/contact-us\/","name":"Kontaktujte t\u00fdm eToro Partners | region\u00e1ln\u00ed mana\u017ee\u0159i partnersk\u00fdch spole\u010dnost\u00ed","isPartOf":{"@id":"https:\/\/etoropartners.com\/cs\/#website"},"datePublished":"2026-04-14T12:29:40+00:00","dateModified":"2026-04-14T12:29:41+00:00","description":"Pot\u0159ebujete pomoci s programem eToro Partners? Po\u0161lete e-mail sv\u00e9mu mana\u017eerovi partnersk\u00e9ho programu nebo si rezervujte 15minutov\u00fd hovor. V p\u0159\u00edpad\u011b probl\u00e9m\u016f s p\u0159\u00edstupem k \u00fa\u010dtu otev\u0159ete po\u017eadavek na podporu a z\u00edskejte rychlej\u0161\u00ed pomoc.","breadcrumb":{"@id":"https:\/\/etoropartners.com\/cs\/contact-us\/#breadcrumb"},"inLanguage":"cs","potentialAction":[{"@type":"ReadAction","target":["https:\/\/etoropartners.com\/cs\/contact-us\/"]}]},{"@type":"BreadcrumbList","@id":"https:\/\/etoropartners.com\/cs\/contact-us\/#breadcrumb","itemListElement":[{"@type":"ListItem","position":1,"name":"Home","item":"https:\/\/etoropartners.wpengine.com\/cs\/"},{"@type":"ListItem","position":2,"name":"Contact Us"}]},{"@type":"WebSite","@id":"https:\/\/etoropartners.com\/cs\/#website","url":"https:\/\/etoropartners.com\/cs\/","name":"eToro Partners","description":"","potentialAction":[{"@type":"SearchAction","target":{"@type":"EntryPoint","urlTemplate":"https:\/\/etoropartners.com\/cs\/?s={search_term_string}"},"query-input":{"@type":"PropertyValueSpecification","valueRequired":true,"valueName":"search_term_string"}}],"inLanguage":"cs"}]}},"_links":{"self":[{"href":"https:\/\/etoropartners.com\/cs\/wp-json\/wp\/v2\/pages\/9538","targetHints":{"allow":["GET"]}}],"collection":[{"href":"https:\/\/etoropartners.com\/cs\/wp-json\/wp\/v2\/pages"}],"about":[{"href":"https:\/\/etoropartners.com\/cs\/wp-json\/wp\/v2\/types\/page"}],"author":[{"embeddable":true,"href":"https:\/\/etoropartners.com\/cs\/wp-json\/wp\/v2\/users\/21"}],"replies":[{"embeddable":true,"href":"https:\/\/etoropartners.com\/cs\/wp-json\/wp\/v2\/comments?post=9538"}],"version-history":[{"count":0,"href":"https:\/\/etoropartners.com\/cs\/wp-json\/wp\/v2\/pages\/9538\/revisions"}],"wp:attachment":[{"href":"https:\/\/etoropartners.com\/cs\/wp-json\/wp\/v2\/media?parent=9538"}],"curies":[{"name":"wp","href":"https:\/\/api.w.org\/{rel}","templated":true}]}}