{"id":8844,"date":"2024-05-22T13:12:03","date_gmt":"2024-05-22T11:12:03","guid":{"rendered":"https:\/\/etoropartners.com\/payment-methods\/"},"modified":"2024-08-27T14:28:08","modified_gmt":"2024-08-27T12:28:08","slug":"platebni-metody","status":"publish","type":"page","link":"https:\/\/etoropartners.com\/cs\/platebni-metody\/","title":{"rendered":"Platebn\u00ed metody"},"content":{"rendered":"\n<section class=\"wp-block-group wp-block-group-boxed wp-block-group-small-top-padding wp-block-group-small-bottom-padding\"><div class=\"wp-block-group-inner is-layout-flow wp-block-group-is-layout-flow\">\n<div class=\"wp-block-columns are-vertically-aligned-top wp-block-columns-1 is-layout-flex wp-container-core-columns-is-layout-9d6595d7 wp-block-columns-is-layout-flex\">\n<div class=\"wp-block-column wp-block-column-align-desktop-center wp-block-column-align-mobile-center is-layout-flow wp-block-column-is-layout-flow\">\n<h2 class=\"wp-block-heading\">Platebn\u00ed metody<\/h2>\n\n\n\n<figure class=\"wp-block-image size-full\"><img loading=\"lazy\" decoding=\"async\" width=\"1600\" height=\"400\" src=\"https:\/\/etoropartners.com\/wp-content\/uploads\/2024\/05\/Cover_PAYMENT-METHODS.jpg\" alt=\"\" class=\"wp-image-8271 wp-image-desktop\" srcset=\"https:\/\/etoropartners.com\/wp-content\/uploads\/2024\/05\/Cover_PAYMENT-METHODS.jpg 1600w, https:\/\/etoropartners.com\/wp-content\/uploads\/2024\/05\/Cover_PAYMENT-METHODS-300x75.jpg 300w, https:\/\/etoropartners.com\/wp-content\/uploads\/2024\/05\/Cover_PAYMENT-METHODS-1024x256.jpg 1024w, https:\/\/etoropartners.com\/wp-content\/uploads\/2024\/05\/Cover_PAYMENT-METHODS-768x192.jpg 768w, https:\/\/etoropartners.com\/wp-content\/uploads\/2024\/05\/Cover_PAYMENT-METHODS-1536x384.jpg 1536w\" sizes=\"auto, (max-width: 1600px) 100vw, 1600px\" \/><\/figure>\n<\/div>\n<\/div>\n<\/div><\/section>\n\n\n\n<section class=\"wp-block-group wp-block-group-boxed wp-block-group-small-top-padding wp-block-group-small-bottom-padding\"><div class=\"wp-block-group-inner is-layout-flow wp-block-group-is-layout-flow\">\n<div class=\"wp-block-columns are-vertically-aligned-top wp-block-columns-1 is-layout-flex wp-container-core-columns-is-layout-9d6595d7 wp-block-columns-is-layout-flex\">\n<div class=\"wp-block-column is-layout-flow wp-block-column-is-layout-flow\">\n<h2 class=\"wp-block-heading is-style-heading-1\">Na co byste si m\u011bli d\u00e1t pozor, kdy\u017e zmi\u0148ujete platebn\u00ed metody?\u00a0\u00a0<\/h2>\n\n\n\n<p class=\"is-style-heading-2\">Bu\u010fte p\u0159esn\u00ed<\/p>\n\n\n\n<p>P\u0159i zmi\u0148ov\u00e1n\u00ed platebn\u00edch metod se ujist\u011bte, \u017ee jsou dostupn\u00e9 v zemi, ve kter\u00e9 eToro propagujete. Informace o platebn\u00edch metod\u00e1ch a omezen\u00edch najdete na <a href=\"https:\/\/www.etoro.com\/cs-cz\/customer-service\/deposit-faq\/\">str\u00e1nce Vklady<\/a> na webu eToro.<\/p>\n\n\n\n<p class=\"is-style-heading-2\">P\u0159\u00edklady \u010dast\u00fdch chyb:<\/p>\n\n\n\n<p>Paypal v n\u011bkter\u00fdch zem\u00edch nen\u00ed dostupn\u00fd (nap\u0159\u00edklad ve Velk\u00e9 Brit\u00e1nii) a v jin\u00fdch zem\u00edch je dostupn\u00fd a\u017e po prvn\u00edm vkladu (nap\u0159\u00edklad v Nizozemsku). Vzhledem k tomu, \u017ee v t\u011bchto zem\u00edch nebudou moci obchodn\u00edci prov\u00e9st prvn\u00ed vklad prost\u0159ednictv\u00edm Paypalu, nem\u011bl by b\u00fdt Paypal p\u0159i propagaci eToro v t\u011bchto zem\u00edch uv\u00e1d\u011bn jako platebn\u00ed metoda. Pokud je va\u0161e n\u00e1v\u0161t\u011bvnost sm\u00ed\u0161en\u00e1 a zam\u011b\u0159ujete se na zem\u011b, kde Paypal k dispozici je i na jin\u00e9 zem\u011b, kde k dispozici nen\u00ed, uve\u010fte seznam zem\u00ed, kde k dispozici nen\u00ed a seznam zem\u00ed, kde k dispozici nen\u00ed pro prvn\u00ed vklad.<\/p>\n\n\n\n<p class=\"is-style-heading-2\">Kreditn\u00ed karty<\/p>\n\n\n\n<p>Velk\u00e1 Brit\u00e1nie a \u0160pan\u011blsko: Kreditn\u00ed karty nelze pou\u017e\u00edt pro vklad pen\u011bz ve Velk\u00e9 Brit\u00e1nii a ve \u0160pan\u011blsku (debetn\u00ed karty k dispozici jsou).<\/p>\n<\/div>\n<\/div>\n<\/div><\/section>\n","protected":false},"excerpt":{"rendered":"<p>Platebn\u00ed metody Na co byste si m\u011bli d\u00e1t pozor, kdy\u017e zmi\u0148ujete platebn\u00ed metody?\u00a0\u00a0 Bu\u010fte p\u0159esn\u00ed P\u0159i zmi\u0148ov\u00e1n\u00ed platebn\u00edch metod se ujist\u011bte, \u017ee jsou dostupn\u00e9 v zemi, ve kter\u00e9 eToro propagujete. Informace o platebn\u00edch metod\u00e1ch a omezen\u00edch najdete na str\u00e1nce Vklady na webu eToro. P\u0159\u00edklady \u010dast\u00fdch chyb: Paypal v n\u011bkter\u00fdch zem\u00edch nen\u00ed dostupn\u00fd (nap\u0159\u00edklad ve Velk\u00e9 [&hellip;]<\/p>\n","protected":false},"author":11,"featured_media":8259,"parent":0,"menu_order":0,"comment_status":"closed","ping_status":"closed","template":"","meta":{"_acf_changed":false,"sticky_cta_settings":"","footnotes":""},"class_list":["post-8844","page","type-page","status-publish","has-post-thumbnail","hentry"],"acf":[],"yoast_head":"<!-- This site is optimized with the Yoast SEO plugin v27.3 - https:\/\/yoast.com\/product\/yoast-seo-wordpress\/ -->\n<title>Platebn\u00ed metody<\/title>\n<meta name=\"description\" content=\"Na co byste si m\u011bli d\u00e1t pozor, kdy\u017e zmi\u0148ujete platebn\u00ed metody?\u00a0\u00a0\" \/>\n<meta name=\"robots\" content=\"index, follow, max-snippet:-1, max-image-preview:large, max-video-preview:-1\" \/>\n<link rel=\"canonical\" href=\"https:\/\/etoropartners.com\/cs\/platebni-metody\/\" \/>\n<meta property=\"og:locale\" content=\"cs_CZ\" \/>\n<meta property=\"og:type\" content=\"article\" \/>\n<meta property=\"og:title\" content=\"Platebn\u00ed metody\" \/>\n<meta property=\"og:description\" content=\"Na co byste si m\u011bli d\u00e1t pozor, kdy\u017e zmi\u0148ujete platebn\u00ed metody?\u00a0\u00a0\" \/>\n<meta property=\"og:url\" content=\"https:\/\/etoropartners.com\/cs\/platebni-metody\/\" \/>\n<meta property=\"og:site_name\" content=\"eToro Partners\" \/>\n<meta property=\"article:modified_time\" content=\"2024-08-27T12:28:08+00:00\" \/>\n<meta property=\"og:image\" content=\"https:\/\/etoropartners.com\/wp-content\/uploads\/2024\/05\/Featured_PAYMENT-METHODS.png\" \/>\n\t<meta property=\"og:image:width\" content=\"1200\" \/>\n\t<meta property=\"og:image:height\" content=\"630\" \/>\n\t<meta property=\"og:image:type\" content=\"image\/png\" \/>\n<meta name=\"twitter:card\" content=\"summary_large_image\" \/>\n<meta name=\"twitter:label1\" content=\"Odhadovan\u00e1 doba \u010dten\u00ed\" \/>\n\t<meta name=\"twitter:data1\" content=\"2 minuty\" \/>\n<script type=\"application\/ld+json\" class=\"yoast-schema-graph\">{\"@context\":\"https:\\\/\\\/schema.org\",\"@graph\":[{\"@type\":\"WebPage\",\"@id\":\"https:\\\/\\\/etoropartners.com\\\/cs\\\/platebni-metody\\\/\",\"url\":\"https:\\\/\\\/etoropartners.com\\\/cs\\\/platebni-metody\\\/\",\"name\":\"Platebn\u00ed metody\",\"isPartOf\":{\"@id\":\"https:\\\/\\\/etoropartners.com\\\/cs\\\/#website\"},\"primaryImageOfPage\":{\"@id\":\"https:\\\/\\\/etoropartners.com\\\/cs\\\/platebni-metody\\\/#primaryimage\"},\"image\":{\"@id\":\"https:\\\/\\\/etoropartners.com\\\/cs\\\/platebni-metody\\\/#primaryimage\"},\"thumbnailUrl\":\"https:\\\/\\\/etoropartners.com\\\/wp-content\\\/uploads\\\/2024\\\/05\\\/Featured_PAYMENT-METHODS.png\",\"datePublished\":\"2024-05-22T11:12:03+00:00\",\"dateModified\":\"2024-08-27T12:28:08+00:00\",\"description\":\"Na co byste si m\u011bli d\u00e1t pozor, kdy\u017e zmi\u0148ujete platebn\u00ed metody?\u00a0\u00a0\",\"breadcrumb\":{\"@id\":\"https:\\\/\\\/etoropartners.com\\\/cs\\\/platebni-metody\\\/#breadcrumb\"},\"inLanguage\":\"cs\",\"potentialAction\":[{\"@type\":\"ReadAction\",\"target\":[\"https:\\\/\\\/etoropartners.com\\\/cs\\\/platebni-metody\\\/\"]}]},{\"@type\":\"ImageObject\",\"inLanguage\":\"cs\",\"@id\":\"https:\\\/\\\/etoropartners.com\\\/cs\\\/platebni-metody\\\/#primaryimage\",\"url\":\"https:\\\/\\\/etoropartners.com\\\/wp-content\\\/uploads\\\/2024\\\/05\\\/Featured_PAYMENT-METHODS.png\",\"contentUrl\":\"https:\\\/\\\/etoropartners.com\\\/wp-content\\\/uploads\\\/2024\\\/05\\\/Featured_PAYMENT-METHODS.png\",\"width\":1200,\"height\":630},{\"@type\":\"BreadcrumbList\",\"@id\":\"https:\\\/\\\/etoropartners.com\\\/cs\\\/platebni-metody\\\/#breadcrumb\",\"itemListElement\":[{\"@type\":\"ListItem\",\"position\":1,\"name\":\"Home\",\"item\":\"https:\\\/\\\/etoropartners.wpengine.com\\\/cs\\\/\"},{\"@type\":\"ListItem\",\"position\":2,\"name\":\"Platebn\u00ed metody\"}]},{\"@type\":\"WebSite\",\"@id\":\"https:\\\/\\\/etoropartners.com\\\/cs\\\/#website\",\"url\":\"https:\\\/\\\/etoropartners.com\\\/cs\\\/\",\"name\":\"eToro Partners\",\"description\":\"\",\"potentialAction\":[{\"@type\":\"SearchAction\",\"target\":{\"@type\":\"EntryPoint\",\"urlTemplate\":\"https:\\\/\\\/etoropartners.com\\\/cs\\\/?s={search_term_string}\"},\"query-input\":{\"@type\":\"PropertyValueSpecification\",\"valueRequired\":true,\"valueName\":\"search_term_string\"}}],\"inLanguage\":\"cs\"}]}<\/script>\n<!-- \/ Yoast SEO plugin. -->","yoast_head_json":{"title":"Platebn\u00ed metody","description":"Na co byste si m\u011bli d\u00e1t pozor, kdy\u017e zmi\u0148ujete platebn\u00ed metody?\u00a0\u00a0","robots":{"index":"index","follow":"follow","max-snippet":"max-snippet:-1","max-image-preview":"max-image-preview:large","max-video-preview":"max-video-preview:-1"},"canonical":"https:\/\/etoropartners.com\/cs\/platebni-metody\/","og_locale":"cs_CZ","og_type":"article","og_title":"Platebn\u00ed metody","og_description":"Na co byste si m\u011bli d\u00e1t pozor, kdy\u017e zmi\u0148ujete platebn\u00ed metody?\u00a0\u00a0","og_url":"https:\/\/etoropartners.com\/cs\/platebni-metody\/","og_site_name":"eToro Partners","article_modified_time":"2024-08-27T12:28:08+00:00","og_image":[{"width":1200,"height":630,"url":"https:\/\/etoropartners.com\/wp-content\/uploads\/2024\/05\/Featured_PAYMENT-METHODS.png","type":"image\/png"}],"twitter_card":"summary_large_image","twitter_misc":{"Odhadovan\u00e1 doba \u010dten\u00ed":"2 minuty"},"schema":{"@context":"https:\/\/schema.org","@graph":[{"@type":"WebPage","@id":"https:\/\/etoropartners.com\/cs\/platebni-metody\/","url":"https:\/\/etoropartners.com\/cs\/platebni-metody\/","name":"Platebn\u00ed metody","isPartOf":{"@id":"https:\/\/etoropartners.com\/cs\/#website"},"primaryImageOfPage":{"@id":"https:\/\/etoropartners.com\/cs\/platebni-metody\/#primaryimage"},"image":{"@id":"https:\/\/etoropartners.com\/cs\/platebni-metody\/#primaryimage"},"thumbnailUrl":"https:\/\/etoropartners.com\/wp-content\/uploads\/2024\/05\/Featured_PAYMENT-METHODS.png","datePublished":"2024-05-22T11:12:03+00:00","dateModified":"2024-08-27T12:28:08+00:00","description":"Na co byste si m\u011bli d\u00e1t pozor, kdy\u017e zmi\u0148ujete platebn\u00ed metody?\u00a0\u00a0","breadcrumb":{"@id":"https:\/\/etoropartners.com\/cs\/platebni-metody\/#breadcrumb"},"inLanguage":"cs","potentialAction":[{"@type":"ReadAction","target":["https:\/\/etoropartners.com\/cs\/platebni-metody\/"]}]},{"@type":"ImageObject","inLanguage":"cs","@id":"https:\/\/etoropartners.com\/cs\/platebni-metody\/#primaryimage","url":"https:\/\/etoropartners.com\/wp-content\/uploads\/2024\/05\/Featured_PAYMENT-METHODS.png","contentUrl":"https:\/\/etoropartners.com\/wp-content\/uploads\/2024\/05\/Featured_PAYMENT-METHODS.png","width":1200,"height":630},{"@type":"BreadcrumbList","@id":"https:\/\/etoropartners.com\/cs\/platebni-metody\/#breadcrumb","itemListElement":[{"@type":"ListItem","position":1,"name":"Home","item":"https:\/\/etoropartners.wpengine.com\/cs\/"},{"@type":"ListItem","position":2,"name":"Platebn\u00ed metody"}]},{"@type":"WebSite","@id":"https:\/\/etoropartners.com\/cs\/#website","url":"https:\/\/etoropartners.com\/cs\/","name":"eToro Partners","description":"","potentialAction":[{"@type":"SearchAction","target":{"@type":"EntryPoint","urlTemplate":"https:\/\/etoropartners.com\/cs\/?s={search_term_string}"},"query-input":{"@type":"PropertyValueSpecification","valueRequired":true,"valueName":"search_term_string"}}],"inLanguage":"cs"}]}},"_links":{"self":[{"href":"https:\/\/etoropartners.com\/cs\/wp-json\/wp\/v2\/pages\/8844","targetHints":{"allow":["GET"]}}],"collection":[{"href":"https:\/\/etoropartners.com\/cs\/wp-json\/wp\/v2\/pages"}],"about":[{"href":"https:\/\/etoropartners.com\/cs\/wp-json\/wp\/v2\/types\/page"}],"author":[{"embeddable":true,"href":"https:\/\/etoropartners.com\/cs\/wp-json\/wp\/v2\/users\/11"}],"replies":[{"embeddable":true,"href":"https:\/\/etoropartners.com\/cs\/wp-json\/wp\/v2\/comments?post=8844"}],"version-history":[{"count":0,"href":"https:\/\/etoropartners.com\/cs\/wp-json\/wp\/v2\/pages\/8844\/revisions"}],"wp:featuredmedia":[{"embeddable":true,"href":"https:\/\/etoropartners.com\/cs\/wp-json\/wp\/v2\/media\/8259"}],"wp:attachment":[{"href":"https:\/\/etoropartners.com\/cs\/wp-json\/wp\/v2\/media?parent=8844"}],"curies":[{"name":"wp","href":"https:\/\/api.w.org\/{rel}","templated":true}]}}