{"id":8812,"date":"2024-05-22T13:05:01","date_gmt":"2024-05-22T11:05:01","guid":{"rendered":"https:\/\/etoropartners.com\/regulators\/"},"modified":"2024-08-26T15:51:24","modified_gmt":"2024-08-26T13:51:24","slug":"regulators","status":"publish","type":"page","link":"https:\/\/etoropartners.com\/cs\/regulators\/","title":{"rendered":"Regula\u010dn\u00ed org\u00e1ny"},"content":{"rendered":"\n<section class=\"wp-block-group wp-block-group-boxed wp-block-group-small-top-padding wp-block-group-small-bottom-padding has-white-background-color has-background\"><div class=\"wp-block-group-inner is-layout-flow wp-block-group-is-layout-flow\">\n<div class=\"wp-block-columns are-vertically-aligned-top wp-block-columns-1 is-layout-flex wp-container-core-columns-is-layout-9d6595d7 wp-block-columns-is-layout-flex\">\n<div class=\"wp-block-column wp-block-column-align-desktop-center wp-block-column-align-mobile-center is-layout-flow wp-block-column-is-layout-flow\">\n<h2 class=\"wp-block-heading\">Regula\u010dn\u00ed org\u00e1ny<\/h2>\n\n\n\n<figure class=\"wp-block-image size-full\"><img loading=\"lazy\" decoding=\"async\" width=\"1600\" height=\"400\" src=\"https:\/\/etoropartners.com\/wp-content\/uploads\/2024\/05\/Cover_OUR-REGULATION.jpg\" alt=\"\" class=\"wp-image-8239 wp-image-desktop\" srcset=\"https:\/\/etoropartners.com\/wp-content\/uploads\/2024\/05\/Cover_OUR-REGULATION.jpg 1600w, https:\/\/etoropartners.com\/wp-content\/uploads\/2024\/05\/Cover_OUR-REGULATION-300x75.jpg 300w, https:\/\/etoropartners.com\/wp-content\/uploads\/2024\/05\/Cover_OUR-REGULATION-1024x256.jpg 1024w, https:\/\/etoropartners.com\/wp-content\/uploads\/2024\/05\/Cover_OUR-REGULATION-768x192.jpg 768w, https:\/\/etoropartners.com\/wp-content\/uploads\/2024\/05\/Cover_OUR-REGULATION-1536x384.jpg 1536w\" sizes=\"auto, (max-width: 1600px) 100vw, 1600px\" \/><\/figure>\n<\/div>\n<\/div>\n<\/div><\/section>\n\n\n\n<section class=\"wp-block-group wp-block-group-boxed wp-block-group-small-top-padding wp-block-group-small-bottom-padding has-white-background-color has-background\"><div class=\"wp-block-group-inner is-layout-flow wp-block-group-is-layout-flow\">\n<div class=\"wp-block-columns are-vertically-aligned-top wp-block-columns-1 is-layout-flex wp-container-core-columns-is-layout-9d6595d7 wp-block-columns-is-layout-flex\">\n<div class=\"wp-block-column is-layout-flow wp-block-column-is-layout-flow\">\n<p>eToro je regulov\u00e1no v n\u011bkolika jurisdikc\u00edch, v\u00edce informac\u00ed o na\u0161ich licenc\u00edch a regulac\u00edch najdete <a href=\"https:\/\/www.etoro.com\/cs-cz\/customer-service\/regulation-license\/\">zde<\/a>.<\/p>\n\n\n\n<p class=\"is-style-heading-2\"><strong>M\u016f\u017eete zmi\u0148ovat regula\u010dn\u00ed org\u00e1ny?<\/strong><\/p>\n\n\n\n<p>Regula\u010dn\u00ed org\u00e1ny nelze pou\u017e\u00edvat jako prodejn\u00ed argument. To znamen\u00e1, \u017ee je t\u0159eba d\u00e1vat pozor na to, jak se o nich zmi\u0148ujete. N\u00ed\u017ee najdete n\u011bkolik p\u0159\u00edklad\u016f, jak NESM\u00cdTE regula\u010dn\u00ed org\u00e1ny zmi\u0148ovat:<\/p>\n\n\n\n<ul class=\"wp-block-list wp-block-list wp-block-list-circle\">\n<li>Ps\u00e1t nebo navrhovat lidem, \u017ee by m\u011bli obchodovat na eToro, proto\u017ee je to regulovan\u00e1 zna\u010dka<\/li>\n\n\n\n<li>Zmi\u0148ovat regulaci jako \u201eV\u00fdhodu\u201c<\/li>\n\n\n\n<li>Porovn\u00e1vat eToro s jinou zna\u010dkou a pou\u017e\u00edvat regula\u010dn\u00ed org\u00e1ny jako v\u00fdhodu eToro oproti ostatn\u00edm<\/li>\n\n\n\n<li>Pou\u017e\u00edvat logo regul\u00e1tora<\/li>\n\n\n\n<li>Pou\u017e\u00edvat jm\u00e9no regul\u00e1tora na bannerech<\/li>\n<\/ul>\n\n\n\n<p class=\"is-style-heading-2\"><strong>Co je\u00a0 tedy\u00a0 povoleno?<\/strong><\/p>\n\n\n\n<p>Je v po\u0159\u00e1dku zm\u00ednit, \u017ee eToro je regulov\u00e1no a jak\u00fdmi subjekty, pokud se jedn\u00e1 o b\u011b\u017enou zm\u00ednku, nap\u0159\u00edklad jako jeden z mnoha bod\u016f v popisu platformy eToro a jej\u00edch funkc\u00ed (nap\u0159\u00edklad v recenzi).<\/p>\n\n\n\n<p class=\"is-style-heading-2\"><strong>Bu\u010fte p\u0159esn\u00ed<\/strong><br><\/p>\n\n\n\n<p><strong>Kryptom\u011bny: <\/strong>Kryptom\u011bny jsou neregulovan\u00e9 n\u00e1stroje, proto by zm\u00ednka o regul\u00e1torech nebo o tom, \u017ee je eToro regulov\u00e1no, v \u010dl\u00e1nku nebo na str\u00e1nce o kryptom\u011bn\u00e1ch byla zav\u00e1d\u011bj\u00edc\u00ed. Pros\u00edm, vyhn\u011bte se tomu nebo v\u00fdslovn\u011b uve\u010fte, \u017ee kryptom\u011bny nejsou regulovan\u00e9 (pokud se nezam\u011b\u0159ujete na americk\u00e9 publikum, pak to nen\u00ed t\u0159eba dod\u00e1vat).<\/p>\n\n\n\n<p><strong>USA:<\/strong> V USA nab\u00edz\u00ed spole\u010dnost eToro USA LLC platformu pro n\u00e1kup a prodej kryptoaktiv pro z\u00e1kazn\u00edky z USA a je regulov\u00e1na organizac\u00ed FinCen. Spole\u010dnost eToro USA Securities Inc. je broker\u2013dealer regulovan\u00fd organizac\u00ed FINRA, kter\u00fd umo\u017e\u0148uje obchodov\u00e1n\u00ed s akciemi, ETF a opcemi. Neple\u0165te si pros\u00edm tyto dva subjekty.<\/p>\n<\/div>\n<\/div>\n<\/div><\/section>\n","protected":false},"excerpt":{"rendered":"<p>Regula\u010dn\u00ed org\u00e1ny eToro je regulov\u00e1no v n\u011bkolika jurisdikc\u00edch, v\u00edce informac\u00ed o na\u0161ich licenc\u00edch a regulac\u00edch najdete zde. M\u016f\u017eete zmi\u0148ovat regula\u010dn\u00ed org\u00e1ny? Regula\u010dn\u00ed org\u00e1ny nelze pou\u017e\u00edvat jako prodejn\u00ed argument. To znamen\u00e1, \u017ee je t\u0159eba d\u00e1vat pozor na to, jak se o nich zmi\u0148ujete. N\u00ed\u017ee najdete n\u011bkolik p\u0159\u00edklad\u016f, jak NESM\u00cdTE regula\u010dn\u00ed org\u00e1ny zmi\u0148ovat: Co je\u00a0 tedy\u00a0 povoleno? [&hellip;]<\/p>\n","protected":false},"author":11,"featured_media":8227,"parent":0,"menu_order":0,"comment_status":"closed","ping_status":"closed","template":"","meta":{"_acf_changed":false,"sticky_cta_settings":"","footnotes":""},"class_list":["post-8812","page","type-page","status-publish","has-post-thumbnail","hentry"],"acf":[],"yoast_head":"<!-- This site is optimized with the Yoast SEO plugin v27.3 - https:\/\/yoast.com\/product\/yoast-seo-wordpress\/ -->\n<title>Regula\u010dn\u00ed org\u00e1ny<\/title>\n<meta name=\"description\" content=\"eToro je regulov\u00e1no v n\u011bkolika jurisdikc\u00edch, v\u00edce informac\u00ed o na\u0161ich licenc\u00edch a regulac\u00edch najdete zde.\" \/>\n<meta name=\"robots\" content=\"index, follow, max-snippet:-1, max-image-preview:large, max-video-preview:-1\" \/>\n<link rel=\"canonical\" href=\"https:\/\/etoropartners.com\/cs\/regulators\/\" \/>\n<meta property=\"og:locale\" content=\"cs_CZ\" \/>\n<meta property=\"og:type\" content=\"article\" \/>\n<meta property=\"og:title\" content=\"Regula\u010dn\u00ed org\u00e1ny\" \/>\n<meta property=\"og:description\" content=\"eToro je regulov\u00e1no v n\u011bkolika jurisdikc\u00edch, v\u00edce informac\u00ed o na\u0161ich licenc\u00edch a regulac\u00edch najdete zde.\" \/>\n<meta property=\"og:url\" content=\"https:\/\/etoropartners.com\/cs\/regulators\/\" \/>\n<meta property=\"og:site_name\" content=\"eToro Partners\" \/>\n<meta property=\"article:modified_time\" content=\"2024-08-26T13:51:24+00:00\" \/>\n<meta property=\"og:image\" content=\"https:\/\/etoropartners.com\/wp-content\/uploads\/2024\/05\/Featured_OUR-REGULATION.png\" \/>\n\t<meta property=\"og:image:width\" content=\"1200\" \/>\n\t<meta property=\"og:image:height\" content=\"630\" \/>\n\t<meta property=\"og:image:type\" content=\"image\/png\" \/>\n<meta name=\"twitter:card\" content=\"summary_large_image\" \/>\n<meta name=\"twitter:label1\" content=\"Odhadovan\u00e1 doba \u010dten\u00ed\" \/>\n\t<meta name=\"twitter:data1\" content=\"2 minuty\" \/>\n<script type=\"application\/ld+json\" class=\"yoast-schema-graph\">{\"@context\":\"https:\\\/\\\/schema.org\",\"@graph\":[{\"@type\":\"WebPage\",\"@id\":\"https:\\\/\\\/etoropartners.com\\\/cs\\\/regulators\\\/\",\"url\":\"https:\\\/\\\/etoropartners.com\\\/cs\\\/regulators\\\/\",\"name\":\"Regula\u010dn\u00ed org\u00e1ny\",\"isPartOf\":{\"@id\":\"https:\\\/\\\/etoropartners.com\\\/cs\\\/#website\"},\"primaryImageOfPage\":{\"@id\":\"https:\\\/\\\/etoropartners.com\\\/cs\\\/regulators\\\/#primaryimage\"},\"image\":{\"@id\":\"https:\\\/\\\/etoropartners.com\\\/cs\\\/regulators\\\/#primaryimage\"},\"thumbnailUrl\":\"https:\\\/\\\/etoropartners.com\\\/wp-content\\\/uploads\\\/2024\\\/05\\\/Featured_OUR-REGULATION.png\",\"datePublished\":\"2024-05-22T11:05:01+00:00\",\"dateModified\":\"2024-08-26T13:51:24+00:00\",\"description\":\"eToro je regulov\u00e1no v n\u011bkolika jurisdikc\u00edch, v\u00edce informac\u00ed o na\u0161ich licenc\u00edch a regulac\u00edch najdete zde.\",\"breadcrumb\":{\"@id\":\"https:\\\/\\\/etoropartners.com\\\/cs\\\/regulators\\\/#breadcrumb\"},\"inLanguage\":\"cs\",\"potentialAction\":[{\"@type\":\"ReadAction\",\"target\":[\"https:\\\/\\\/etoropartners.com\\\/cs\\\/regulators\\\/\"]}]},{\"@type\":\"ImageObject\",\"inLanguage\":\"cs\",\"@id\":\"https:\\\/\\\/etoropartners.com\\\/cs\\\/regulators\\\/#primaryimage\",\"url\":\"https:\\\/\\\/etoropartners.com\\\/wp-content\\\/uploads\\\/2024\\\/05\\\/Featured_OUR-REGULATION.png\",\"contentUrl\":\"https:\\\/\\\/etoropartners.com\\\/wp-content\\\/uploads\\\/2024\\\/05\\\/Featured_OUR-REGULATION.png\",\"width\":1200,\"height\":630},{\"@type\":\"BreadcrumbList\",\"@id\":\"https:\\\/\\\/etoropartners.com\\\/cs\\\/regulators\\\/#breadcrumb\",\"itemListElement\":[{\"@type\":\"ListItem\",\"position\":1,\"name\":\"Home\",\"item\":\"https:\\\/\\\/etoropartners.wpengine.com\\\/cs\\\/\"},{\"@type\":\"ListItem\",\"position\":2,\"name\":\"Regula\u010dn\u00ed org\u00e1ny\"}]},{\"@type\":\"WebSite\",\"@id\":\"https:\\\/\\\/etoropartners.com\\\/cs\\\/#website\",\"url\":\"https:\\\/\\\/etoropartners.com\\\/cs\\\/\",\"name\":\"eToro Partners\",\"description\":\"\",\"potentialAction\":[{\"@type\":\"SearchAction\",\"target\":{\"@type\":\"EntryPoint\",\"urlTemplate\":\"https:\\\/\\\/etoropartners.com\\\/cs\\\/?s={search_term_string}\"},\"query-input\":{\"@type\":\"PropertyValueSpecification\",\"valueRequired\":true,\"valueName\":\"search_term_string\"}}],\"inLanguage\":\"cs\"}]}<\/script>\n<!-- \/ Yoast SEO plugin. -->","yoast_head_json":{"title":"Regula\u010dn\u00ed org\u00e1ny","description":"eToro je regulov\u00e1no v n\u011bkolika jurisdikc\u00edch, v\u00edce informac\u00ed o na\u0161ich licenc\u00edch a regulac\u00edch najdete zde.","robots":{"index":"index","follow":"follow","max-snippet":"max-snippet:-1","max-image-preview":"max-image-preview:large","max-video-preview":"max-video-preview:-1"},"canonical":"https:\/\/etoropartners.com\/cs\/regulators\/","og_locale":"cs_CZ","og_type":"article","og_title":"Regula\u010dn\u00ed org\u00e1ny","og_description":"eToro je regulov\u00e1no v n\u011bkolika jurisdikc\u00edch, v\u00edce informac\u00ed o na\u0161ich licenc\u00edch a regulac\u00edch najdete zde.","og_url":"https:\/\/etoropartners.com\/cs\/regulators\/","og_site_name":"eToro Partners","article_modified_time":"2024-08-26T13:51:24+00:00","og_image":[{"width":1200,"height":630,"url":"https:\/\/etoropartners.com\/wp-content\/uploads\/2024\/05\/Featured_OUR-REGULATION.png","type":"image\/png"}],"twitter_card":"summary_large_image","twitter_misc":{"Odhadovan\u00e1 doba \u010dten\u00ed":"2 minuty"},"schema":{"@context":"https:\/\/schema.org","@graph":[{"@type":"WebPage","@id":"https:\/\/etoropartners.com\/cs\/regulators\/","url":"https:\/\/etoropartners.com\/cs\/regulators\/","name":"Regula\u010dn\u00ed org\u00e1ny","isPartOf":{"@id":"https:\/\/etoropartners.com\/cs\/#website"},"primaryImageOfPage":{"@id":"https:\/\/etoropartners.com\/cs\/regulators\/#primaryimage"},"image":{"@id":"https:\/\/etoropartners.com\/cs\/regulators\/#primaryimage"},"thumbnailUrl":"https:\/\/etoropartners.com\/wp-content\/uploads\/2024\/05\/Featured_OUR-REGULATION.png","datePublished":"2024-05-22T11:05:01+00:00","dateModified":"2024-08-26T13:51:24+00:00","description":"eToro je regulov\u00e1no v n\u011bkolika jurisdikc\u00edch, v\u00edce informac\u00ed o na\u0161ich licenc\u00edch a regulac\u00edch najdete zde.","breadcrumb":{"@id":"https:\/\/etoropartners.com\/cs\/regulators\/#breadcrumb"},"inLanguage":"cs","potentialAction":[{"@type":"ReadAction","target":["https:\/\/etoropartners.com\/cs\/regulators\/"]}]},{"@type":"ImageObject","inLanguage":"cs","@id":"https:\/\/etoropartners.com\/cs\/regulators\/#primaryimage","url":"https:\/\/etoropartners.com\/wp-content\/uploads\/2024\/05\/Featured_OUR-REGULATION.png","contentUrl":"https:\/\/etoropartners.com\/wp-content\/uploads\/2024\/05\/Featured_OUR-REGULATION.png","width":1200,"height":630},{"@type":"BreadcrumbList","@id":"https:\/\/etoropartners.com\/cs\/regulators\/#breadcrumb","itemListElement":[{"@type":"ListItem","position":1,"name":"Home","item":"https:\/\/etoropartners.wpengine.com\/cs\/"},{"@type":"ListItem","position":2,"name":"Regula\u010dn\u00ed org\u00e1ny"}]},{"@type":"WebSite","@id":"https:\/\/etoropartners.com\/cs\/#website","url":"https:\/\/etoropartners.com\/cs\/","name":"eToro Partners","description":"","potentialAction":[{"@type":"SearchAction","target":{"@type":"EntryPoint","urlTemplate":"https:\/\/etoropartners.com\/cs\/?s={search_term_string}"},"query-input":{"@type":"PropertyValueSpecification","valueRequired":true,"valueName":"search_term_string"}}],"inLanguage":"cs"}]}},"_links":{"self":[{"href":"https:\/\/etoropartners.com\/cs\/wp-json\/wp\/v2\/pages\/8812","targetHints":{"allow":["GET"]}}],"collection":[{"href":"https:\/\/etoropartners.com\/cs\/wp-json\/wp\/v2\/pages"}],"about":[{"href":"https:\/\/etoropartners.com\/cs\/wp-json\/wp\/v2\/types\/page"}],"author":[{"embeddable":true,"href":"https:\/\/etoropartners.com\/cs\/wp-json\/wp\/v2\/users\/11"}],"replies":[{"embeddable":true,"href":"https:\/\/etoropartners.com\/cs\/wp-json\/wp\/v2\/comments?post=8812"}],"version-history":[{"count":0,"href":"https:\/\/etoropartners.com\/cs\/wp-json\/wp\/v2\/pages\/8812\/revisions"}],"wp:featuredmedia":[{"embeddable":true,"href":"https:\/\/etoropartners.com\/cs\/wp-json\/wp\/v2\/media\/8227"}],"wp:attachment":[{"href":"https:\/\/etoropartners.com\/cs\/wp-json\/wp\/v2\/media?parent=8812"}],"curies":[{"name":"wp","href":"https:\/\/api.w.org\/{rel}","templated":true}]}}