{"id":8780,"date":"2024-05-22T10:54:03","date_gmt":"2024-05-22T08:54:03","guid":{"rendered":"https:\/\/etoropartners.com\/how-to-add-risk-warnings\/"},"modified":"2024-08-26T13:18:46","modified_gmt":"2024-08-26T11:18:46","slug":"how-to-add-risk-warnings","status":"publish","type":"page","link":"https:\/\/etoropartners.com\/cs\/how-to-add-risk-warnings\/","title":{"rendered":"How to add risk warnings"},"content":{"rendered":"\n<section class=\"wp-block-group wp-block-group-boxed wp-block-group-small-top-padding wp-block-group-small-bottom-padding\"><div class=\"wp-block-group-inner is-layout-flow wp-block-group-is-layout-flow\">\n<div class=\"wp-block-columns are-vertically-aligned-top wp-block-columns-1 is-layout-flex wp-container-core-columns-is-layout-9d6595d7 wp-block-columns-is-layout-flex\">\n<div class=\"wp-block-column wp-block-column-align-desktop-center wp-block-column-align-mobile-center is-layout-flow wp-block-column-is-layout-flow\">\n<h2 class=\"wp-block-heading has-text-align-center\">Jak p\u0159idat upozorn\u011bn\u00ed na rizika<\/h2>\n\n\n\n<figure class=\"wp-block-image size-full\"><img loading=\"lazy\" decoding=\"async\" width=\"1600\" height=\"400\" src=\"https:\/\/etoropartners.com\/wp-content\/uploads\/2024\/05\/Cover_how-to-add-risk-warnings.jpg\" alt=\"\" class=\"wp-image-8176 wp-image-desktop\" srcset=\"https:\/\/etoropartners.com\/wp-content\/uploads\/2024\/05\/Cover_how-to-add-risk-warnings.jpg 1600w, https:\/\/etoropartners.com\/wp-content\/uploads\/2024\/05\/Cover_how-to-add-risk-warnings-300x75.jpg 300w, https:\/\/etoropartners.com\/wp-content\/uploads\/2024\/05\/Cover_how-to-add-risk-warnings-1024x256.jpg 1024w, https:\/\/etoropartners.com\/wp-content\/uploads\/2024\/05\/Cover_how-to-add-risk-warnings-768x192.jpg 768w, https:\/\/etoropartners.com\/wp-content\/uploads\/2024\/05\/Cover_how-to-add-risk-warnings-1536x384.jpg 1536w\" sizes=\"auto, (max-width: 1600px) 100vw, 1600px\" \/><\/figure>\n<\/div>\n<\/div>\n<\/div><\/section>\n\n\n\n<section class=\"wp-block-group wp-block-group-boxed wp-block-group-small-top-padding wp-block-group-small-bottom-padding\"><div class=\"wp-block-group-inner is-layout-flow wp-block-group-is-layout-flow\">\n<div class=\"wp-block-columns are-vertically-aligned-top wp-block-columns-1 is-layout-flex wp-container-core-columns-is-layout-9d6595d7 wp-block-columns-is-layout-flex\">\n<div class=\"wp-block-column is-layout-flow wp-block-column-is-layout-flow\">\n<p>Upozorn\u011bn\u00ed na rizika mus\u00ed b\u00fdt um\u00edst\u011bna na viditeln\u00e9m m\u00edst\u011b, aby je spot\u0159ebitel\u00e9 mohli snadno p\u0159e\u010d\u00edst a pochopit.<\/p>\n\n\n\n<p class=\"is-style-heading-2\">Kde je t\u0159eba \u00fav\u00e1d\u011bt upozorn\u011bn\u00ed na rizika?<\/p>\n\n\n\n<p>Je t\u0159eba je p\u0159idat do ka\u017ed\u00e9 reklamy na eToro, vedle ka\u017ed\u00e9ho odkazu vedouc\u00edho na eToro nebo v\u00fdzvy k akci.<\/p>\n\n\n\n<p>U recenz\u00ed na eToro nebo \u010dl\u00e1nk\u016f zmi\u0148uj\u00edc\u00edch eToro je t\u0159eba p\u0159idat upozorn\u011bn\u00ed na rizika na za\u010d\u00e1tek textu. Pokud v\u0161ak na stejn\u00e9 str\u00e1nce m\u00e1te samostatn\u00e9 sekce, jako je banner nebo jin\u00e9 prvky odkazuj\u00edc\u00ed na eToro, je pot\u0159eba p\u0159idat jim vlastn\u00ed upozorn\u011bn\u00ed na rizika v bl\u00edzkosti odkazu nebo v\u00fdzvy k akci.<\/p>\n\n\n\n<p>U videa m\u016f\u017eete upozorn\u011bn\u00ed na rizika zobrazovat po celou dobu trv\u00e1n\u00ed videa nebo m\u00edt upozorn\u011bn\u00ed na rizika na za\u010d\u00e1tku videa, kdy budou 10 sekund p\u0159es celou obrazovku. Upozorn\u011bn\u00ed na rizika mus\u00ed b\u00fdt tak\u00e9 v\u017edy uvedeno v popisu videa.<\/p>\n\n\n\n<p>Pokud v t\u011bchto prvc\u00edch nen\u00ed m\u00edsto pro cel\u00e9 upozorn\u011bn\u00ed na rizika, m\u016f\u017eete pou\u017e\u00edt krat\u0161\u00ed verzi upozorn\u011bn\u00ed na rizika, pokud je k dispozici.<\/p>\n\n\n\n<p>Pokud pot\u0159ebujete p\u0159idat v\u00edce upozorn\u011bn\u00ed na rizika na v\u00edce r\u016fzn\u00fdch m\u00edstech str\u00e1nky, m\u016f\u017eete to ud\u011blat i p\u0159id\u00e1n\u00edm plovouc\u00edho upozorn\u011bn\u00ed na rizika, kter\u00e9 na str\u00e1nce bude v\u017edy viditeln\u00e9.<\/p>\n<\/div>\n<\/div>\n<\/div><\/section>\n\n\n\n<section class=\"wp-block-group wp-block-group-boxed wp-block-group-small-top-padding wp-block-group-small-bottom-padding\"><div class=\"wp-block-group-inner is-layout-flow wp-block-group-is-layout-flow\">\n<div class=\"wp-block-columns are-vertically-aligned-top wp-block-columns-1 is-layout-flex wp-container-core-columns-is-layout-9d6595d7 wp-block-columns-is-layout-flex\">\n<div class=\"wp-block-column wp-block-column-align-desktop-center wp-block-column-align-mobile-center is-layout-flow wp-block-column-is-layout-flow\">\n<figure class=\"wp-block-embed is-type-rich is-provider-embed-handler wp-block-embed-embed-handler wp-embed-aspect-16-9 wp-has-aspect-ratio\"><div class=\"wp-block-embed__wrapper\">\n<div class=\"ec-video\"><iframe loading=\"lazy\" title=\"Compliance training video 4- 16:9 - How to  add risk warnings\" width=\"500\" height=\"281\" src=\"https:\/\/www.youtube.com\/embed\/Ar9eFGOq1xg?feature=oembed\" frameborder=\"0\" allow=\"accelerometer; autoplay; clipboard-write; encrypted-media; gyroscope; picture-in-picture; web-share\" referrerpolicy=\"strict-origin-when-cross-origin\" allowfullscreen><\/iframe><\/div>\n<\/div><\/figure>\n<\/div>\n<\/div>\n<\/div><\/section>\n\n\n\n<section class=\"wp-block-group wp-block-group-boxed wp-block-group-small-top-padding wp-block-group-small-bottom-padding\"><div class=\"wp-block-group-inner is-layout-flow wp-block-group-is-layout-flow\">\n<div class=\"wp-block-columns are-vertically-aligned-top wp-block-columns-1 is-layout-flex wp-container-core-columns-is-layout-9d6595d7 wp-block-columns-is-layout-flex\">\n<div class=\"wp-block-column is-layout-flow wp-block-column-is-layout-flow\">\n<p class=\"is-style-heading-2\">Jak naj\u00edt odpov\u00eddaj\u00edc\u00ed upozorn\u011bn\u00ed na rizika<\/p>\n\n\n\n<p>Upozorn\u011bn\u00ed na rizika, kter\u00e1 je t\u0159eba pou\u017e\u00edt, z\u00e1vis\u00ed na zem\u00edch, na kter\u00e9 se zam\u011b\u0159ujete a na produktech, kter\u00e9 zmi\u0148ujete. V <a href=\"https:\/\/etoropartners.com\/cs\/guidelines\/\">pokynech<\/a> najdete p\u0159\u00edslu\u0161n\u00e1 upozorn\u011bn\u00ed na rizika podle zem\u00ed a kategori\u00ed.<br><br>Pokud se zam\u011b\u0159ujete na r\u016fzn\u00e9 zem\u011b v r\u016fzn\u00fdch kategori\u00edch, mus\u00edte pou\u017e\u00edt v\u0161echna relevantn\u00ed upozorn\u011bn\u00ed na rizika.\u00a0<\/p>\n\n\n\n<p class=\"is-style-heading-2\"><br>Je t\u0159eba m\u00edt na pam\u011bti t\u0159i v\u011bci:<\/p>\n\n\n\n<p class=\"is-style-default\"><br><strong>\u010c\u00edslo 1.<\/strong> V\u0161imn\u011bte si, \u017ee n\u011bkter\u00e9 zem\u011b, nap\u0159\u00edklad \u0160pan\u011blsko a Velk\u00e1 Brit\u00e1nie, maj\u00ed zvl\u00e1\u0161tn\u00ed upozorn\u011bn\u00ed na rizika pro krypto.<\/p>\n\n\n\n<p><strong>\u010c\u00edslo 2.<\/strong> Pokud propagujete na soci\u00e1ln\u00edch s\u00edt\u00edch, mus\u00edte uv\u00e9st, \u017ee jste partner, p\u0159\u00edpadn\u011b, \u017ee se jedn\u00e1 o placenou reklamu. M\u016f\u017ee to b\u00fdt tak jednoduch\u00e9 jako p\u0159id\u00e1n\u00ed hashtagu #reklama.<br><br><strong>\u010c\u00edslo 3.<\/strong> Pokud se jako partner zam\u011b\u0159ujete na trhy v USA, mus\u00edte informovat o platb\u00e1ch, kter\u00e9 m\u016f\u017eete obdr\u017eet z partnersk\u00e9 propagace.<\/p>\n\n\n\n<p><strong>V neposledn\u00ed \u0159ad\u011b<\/strong>\u2026 je d\u016fle\u017eit\u00e9 p\u0159ipomenout, \u017ee v\u011bt\u0161ina upozorn\u011bn\u00ed na CFD rizika obsahuje procento, kter\u00e9 mus\u00edme ka\u017ed\u00e9 3 m\u011bs\u00edce aktualizovat. V p\u0159\u00edpad\u011b pot\u0159eby zve\u0159ejn\u00edme \u017e\u00e1dost o zm\u011bnu procenta v sekci novinek na webu eToro Partners. D\u016frazn\u011b v\u0161ak doporu\u010dujeme pou\u017e\u00edvat n\u00e1stroj <a href=\"https:\/\/docs.google.com\/presentation\/d\/12qK8XF8UURt3y9hTFKDv3f0nudVZez_BNxgC2ZsvhFo\/edit#slide=id.g1c27c6d4ca5_0_0\">dynamic disclaimer percent<\/a>. Pokud tento n\u00e1stroj implementujete, bude se spr\u00e1vn\u00e9 procento zobrazovat automaticky a u\u0161et\u0159\u00ed v\u00e1m to spoustu \u010dasu i pr\u00e1ce.<\/p>\n<\/div>\n<\/div>\n<\/div><\/section>\n","protected":false},"excerpt":{"rendered":"<p>Jak p\u0159idat upozorn\u011bn\u00ed na rizika Upozorn\u011bn\u00ed na rizika mus\u00ed b\u00fdt um\u00edst\u011bna na viditeln\u00e9m m\u00edst\u011b, aby je spot\u0159ebitel\u00e9 mohli snadno p\u0159e\u010d\u00edst a pochopit. Kde je t\u0159eba \u00fav\u00e1d\u011bt upozorn\u011bn\u00ed na rizika? Je t\u0159eba je p\u0159idat do ka\u017ed\u00e9 reklamy na eToro, vedle ka\u017ed\u00e9ho odkazu vedouc\u00edho na eToro nebo v\u00fdzvy k akci. U recenz\u00ed na eToro nebo \u010dl\u00e1nk\u016f zmi\u0148uj\u00edc\u00edch [&hellip;]<\/p>\n","protected":false},"author":11,"featured_media":8164,"parent":0,"menu_order":0,"comment_status":"closed","ping_status":"closed","template":"","meta":{"_acf_changed":false,"sticky_cta_settings":"","footnotes":""},"class_list":["post-8780","page","type-page","status-publish","has-post-thumbnail","hentry"],"acf":[],"yoast_head":"<!-- This site is optimized with the Yoast SEO plugin v27.3 - https:\/\/yoast.com\/product\/yoast-seo-wordpress\/ -->\n<title>Jak p\u0159idat upozorn\u011bn\u00ed na rizika<\/title>\n<meta name=\"description\" content=\"Upozorn\u011bn\u00ed na rizika mus\u00ed b\u00fdt um\u00edst\u011bna na viditeln\u00e9m m\u00edst\u011b, aby je spot\u0159ebitel\u00e9 mohli snadno p\u0159e\u010d\u00edst a pochopit, kam je p\u0159idat?\" \/>\n<meta name=\"robots\" content=\"index, follow, max-snippet:-1, max-image-preview:large, max-video-preview:-1\" \/>\n<link rel=\"canonical\" href=\"https:\/\/etoropartners.com\/cs\/how-to-add-risk-warnings\/\" \/>\n<meta property=\"og:locale\" content=\"cs_CZ\" \/>\n<meta property=\"og:type\" content=\"article\" \/>\n<meta property=\"og:title\" content=\"Jak p\u0159idat upozorn\u011bn\u00ed na rizika\" \/>\n<meta property=\"og:description\" content=\"Upozorn\u011bn\u00ed na rizika mus\u00ed b\u00fdt um\u00edst\u011bna na viditeln\u00e9m m\u00edst\u011b, aby je spot\u0159ebitel\u00e9 mohli snadno p\u0159e\u010d\u00edst a pochopit, kam je p\u0159idat?\" \/>\n<meta property=\"og:url\" content=\"https:\/\/etoropartners.com\/cs\/how-to-add-risk-warnings\/\" \/>\n<meta property=\"og:site_name\" content=\"eToro Partners\" \/>\n<meta property=\"article:modified_time\" content=\"2024-08-26T11:18:46+00:00\" \/>\n<meta property=\"og:image\" content=\"https:\/\/etoropartners.com\/wp-content\/uploads\/2024\/05\/Featured_how-to-add-risk-warnings.png\" \/>\n\t<meta property=\"og:image:width\" content=\"1200\" \/>\n\t<meta property=\"og:image:height\" content=\"630\" \/>\n\t<meta property=\"og:image:type\" content=\"image\/png\" \/>\n<meta name=\"twitter:card\" content=\"summary_large_image\" \/>\n<meta name=\"twitter:label1\" content=\"Odhadovan\u00e1 doba \u010dten\u00ed\" \/>\n\t<meta name=\"twitter:data1\" content=\"3 minuty\" \/>\n<script type=\"application\/ld+json\" class=\"yoast-schema-graph\">{\"@context\":\"https:\\\/\\\/schema.org\",\"@graph\":[{\"@type\":\"WebPage\",\"@id\":\"https:\\\/\\\/etoropartners.com\\\/cs\\\/how-to-add-risk-warnings\\\/\",\"url\":\"https:\\\/\\\/etoropartners.com\\\/cs\\\/how-to-add-risk-warnings\\\/\",\"name\":\"Jak p\u0159idat upozorn\u011bn\u00ed na rizika\",\"isPartOf\":{\"@id\":\"https:\\\/\\\/etoropartners.com\\\/cs\\\/#website\"},\"primaryImageOfPage\":{\"@id\":\"https:\\\/\\\/etoropartners.com\\\/cs\\\/how-to-add-risk-warnings\\\/#primaryimage\"},\"image\":{\"@id\":\"https:\\\/\\\/etoropartners.com\\\/cs\\\/how-to-add-risk-warnings\\\/#primaryimage\"},\"thumbnailUrl\":\"https:\\\/\\\/etoropartners.com\\\/wp-content\\\/uploads\\\/2024\\\/05\\\/Featured_how-to-add-risk-warnings.png\",\"datePublished\":\"2024-05-22T08:54:03+00:00\",\"dateModified\":\"2024-08-26T11:18:46+00:00\",\"description\":\"Upozorn\u011bn\u00ed na rizika mus\u00ed b\u00fdt um\u00edst\u011bna na viditeln\u00e9m m\u00edst\u011b, aby je spot\u0159ebitel\u00e9 mohli snadno p\u0159e\u010d\u00edst a pochopit, kam je p\u0159idat?\",\"breadcrumb\":{\"@id\":\"https:\\\/\\\/etoropartners.com\\\/cs\\\/how-to-add-risk-warnings\\\/#breadcrumb\"},\"inLanguage\":\"cs\",\"potentialAction\":[{\"@type\":\"ReadAction\",\"target\":[\"https:\\\/\\\/etoropartners.com\\\/cs\\\/how-to-add-risk-warnings\\\/\"]}]},{\"@type\":\"ImageObject\",\"inLanguage\":\"cs\",\"@id\":\"https:\\\/\\\/etoropartners.com\\\/cs\\\/how-to-add-risk-warnings\\\/#primaryimage\",\"url\":\"https:\\\/\\\/etoropartners.com\\\/wp-content\\\/uploads\\\/2024\\\/05\\\/Featured_how-to-add-risk-warnings.png\",\"contentUrl\":\"https:\\\/\\\/etoropartners.com\\\/wp-content\\\/uploads\\\/2024\\\/05\\\/Featured_how-to-add-risk-warnings.png\",\"width\":1200,\"height\":630},{\"@type\":\"BreadcrumbList\",\"@id\":\"https:\\\/\\\/etoropartners.com\\\/cs\\\/how-to-add-risk-warnings\\\/#breadcrumb\",\"itemListElement\":[{\"@type\":\"ListItem\",\"position\":1,\"name\":\"Home\",\"item\":\"https:\\\/\\\/etoropartners.wpengine.com\\\/cs\\\/\"},{\"@type\":\"ListItem\",\"position\":2,\"name\":\"How to add risk warnings\"}]},{\"@type\":\"WebSite\",\"@id\":\"https:\\\/\\\/etoropartners.com\\\/cs\\\/#website\",\"url\":\"https:\\\/\\\/etoropartners.com\\\/cs\\\/\",\"name\":\"eToro Partners\",\"description\":\"\",\"potentialAction\":[{\"@type\":\"SearchAction\",\"target\":{\"@type\":\"EntryPoint\",\"urlTemplate\":\"https:\\\/\\\/etoropartners.com\\\/cs\\\/?s={search_term_string}\"},\"query-input\":{\"@type\":\"PropertyValueSpecification\",\"valueRequired\":true,\"valueName\":\"search_term_string\"}}],\"inLanguage\":\"cs\"}]}<\/script>\n<!-- \/ Yoast SEO plugin. -->","yoast_head_json":{"title":"Jak p\u0159idat upozorn\u011bn\u00ed na rizika","description":"Upozorn\u011bn\u00ed na rizika mus\u00ed b\u00fdt um\u00edst\u011bna na viditeln\u00e9m m\u00edst\u011b, aby je spot\u0159ebitel\u00e9 mohli snadno p\u0159e\u010d\u00edst a pochopit, kam je p\u0159idat?","robots":{"index":"index","follow":"follow","max-snippet":"max-snippet:-1","max-image-preview":"max-image-preview:large","max-video-preview":"max-video-preview:-1"},"canonical":"https:\/\/etoropartners.com\/cs\/how-to-add-risk-warnings\/","og_locale":"cs_CZ","og_type":"article","og_title":"Jak p\u0159idat upozorn\u011bn\u00ed na rizika","og_description":"Upozorn\u011bn\u00ed na rizika mus\u00ed b\u00fdt um\u00edst\u011bna na viditeln\u00e9m m\u00edst\u011b, aby je spot\u0159ebitel\u00e9 mohli snadno p\u0159e\u010d\u00edst a pochopit, kam je p\u0159idat?","og_url":"https:\/\/etoropartners.com\/cs\/how-to-add-risk-warnings\/","og_site_name":"eToro Partners","article_modified_time":"2024-08-26T11:18:46+00:00","og_image":[{"width":1200,"height":630,"url":"https:\/\/etoropartners.com\/wp-content\/uploads\/2024\/05\/Featured_how-to-add-risk-warnings.png","type":"image\/png"}],"twitter_card":"summary_large_image","twitter_misc":{"Odhadovan\u00e1 doba \u010dten\u00ed":"3 minuty"},"schema":{"@context":"https:\/\/schema.org","@graph":[{"@type":"WebPage","@id":"https:\/\/etoropartners.com\/cs\/how-to-add-risk-warnings\/","url":"https:\/\/etoropartners.com\/cs\/how-to-add-risk-warnings\/","name":"Jak p\u0159idat upozorn\u011bn\u00ed na rizika","isPartOf":{"@id":"https:\/\/etoropartners.com\/cs\/#website"},"primaryImageOfPage":{"@id":"https:\/\/etoropartners.com\/cs\/how-to-add-risk-warnings\/#primaryimage"},"image":{"@id":"https:\/\/etoropartners.com\/cs\/how-to-add-risk-warnings\/#primaryimage"},"thumbnailUrl":"https:\/\/etoropartners.com\/wp-content\/uploads\/2024\/05\/Featured_how-to-add-risk-warnings.png","datePublished":"2024-05-22T08:54:03+00:00","dateModified":"2024-08-26T11:18:46+00:00","description":"Upozorn\u011bn\u00ed na rizika mus\u00ed b\u00fdt um\u00edst\u011bna na viditeln\u00e9m m\u00edst\u011b, aby je spot\u0159ebitel\u00e9 mohli snadno p\u0159e\u010d\u00edst a pochopit, kam je p\u0159idat?","breadcrumb":{"@id":"https:\/\/etoropartners.com\/cs\/how-to-add-risk-warnings\/#breadcrumb"},"inLanguage":"cs","potentialAction":[{"@type":"ReadAction","target":["https:\/\/etoropartners.com\/cs\/how-to-add-risk-warnings\/"]}]},{"@type":"ImageObject","inLanguage":"cs","@id":"https:\/\/etoropartners.com\/cs\/how-to-add-risk-warnings\/#primaryimage","url":"https:\/\/etoropartners.com\/wp-content\/uploads\/2024\/05\/Featured_how-to-add-risk-warnings.png","contentUrl":"https:\/\/etoropartners.com\/wp-content\/uploads\/2024\/05\/Featured_how-to-add-risk-warnings.png","width":1200,"height":630},{"@type":"BreadcrumbList","@id":"https:\/\/etoropartners.com\/cs\/how-to-add-risk-warnings\/#breadcrumb","itemListElement":[{"@type":"ListItem","position":1,"name":"Home","item":"https:\/\/etoropartners.wpengine.com\/cs\/"},{"@type":"ListItem","position":2,"name":"How to add risk warnings"}]},{"@type":"WebSite","@id":"https:\/\/etoropartners.com\/cs\/#website","url":"https:\/\/etoropartners.com\/cs\/","name":"eToro Partners","description":"","potentialAction":[{"@type":"SearchAction","target":{"@type":"EntryPoint","urlTemplate":"https:\/\/etoropartners.com\/cs\/?s={search_term_string}"},"query-input":{"@type":"PropertyValueSpecification","valueRequired":true,"valueName":"search_term_string"}}],"inLanguage":"cs"}]}},"_links":{"self":[{"href":"https:\/\/etoropartners.com\/cs\/wp-json\/wp\/v2\/pages\/8780","targetHints":{"allow":["GET"]}}],"collection":[{"href":"https:\/\/etoropartners.com\/cs\/wp-json\/wp\/v2\/pages"}],"about":[{"href":"https:\/\/etoropartners.com\/cs\/wp-json\/wp\/v2\/types\/page"}],"author":[{"embeddable":true,"href":"https:\/\/etoropartners.com\/cs\/wp-json\/wp\/v2\/users\/11"}],"replies":[{"embeddable":true,"href":"https:\/\/etoropartners.com\/cs\/wp-json\/wp\/v2\/comments?post=8780"}],"version-history":[{"count":0,"href":"https:\/\/etoropartners.com\/cs\/wp-json\/wp\/v2\/pages\/8780\/revisions"}],"wp:featuredmedia":[{"embeddable":true,"href":"https:\/\/etoropartners.com\/cs\/wp-json\/wp\/v2\/media\/8164"}],"wp:attachment":[{"href":"https:\/\/etoropartners.com\/cs\/wp-json\/wp\/v2\/media?parent=8780"}],"curies":[{"name":"wp","href":"https:\/\/api.w.org\/{rel}","templated":true}]}}