{"id":8749,"date":"2024-05-22T11:00:34","date_gmt":"2024-05-22T09:00:34","guid":{"rendered":"https:\/\/etoropartners.com\/investment-advice\/"},"modified":"2024-08-22T11:32:34","modified_gmt":"2024-08-22T09:32:34","slug":"investicni-poradenstvi","status":"publish","type":"page","link":"https:\/\/etoropartners.com\/cs\/investicni-poradenstvi\/","title":{"rendered":"Investi\u010dn\u00ed poradenstv\u00ed"},"content":{"rendered":"\n<section class=\"wp-block-group wp-block-group-boxed wp-block-group-small-top-padding wp-block-group-small-bottom-padding\"><div class=\"wp-block-group-inner is-layout-flow wp-block-group-is-layout-flow\">\n<div class=\"wp-block-columns are-vertically-aligned-top wp-block-columns-1 is-layout-flex wp-container-core-columns-is-layout-9d6595d7 wp-block-columns-is-layout-flex\">\n<div class=\"wp-block-column wp-block-column-align-desktop-center wp-block-column-align-mobile-center is-layout-flow wp-block-column-is-layout-flow\">\n<h2 class=\"wp-block-heading has-text-align-center\">Investi\u010dn\u00ed poradenstv\u00ed<\/h2>\n<\/div>\n<\/div>\n\n\n\n<figure class=\"wp-block-image size-full\"><img loading=\"lazy\" decoding=\"async\" width=\"1600\" height=\"400\" src=\"https:\/\/etoropartners.com\/wp-content\/uploads\/2024\/05\/Cover_Investment-advice.jpg\" alt=\"\" class=\"wp-image-8208 wp-image-desktop\" srcset=\"https:\/\/etoropartners.com\/wp-content\/uploads\/2024\/05\/Cover_Investment-advice.jpg 1600w, https:\/\/etoropartners.com\/wp-content\/uploads\/2024\/05\/Cover_Investment-advice-300x75.jpg 300w, https:\/\/etoropartners.com\/wp-content\/uploads\/2024\/05\/Cover_Investment-advice-1024x256.jpg 1024w, https:\/\/etoropartners.com\/wp-content\/uploads\/2024\/05\/Cover_Investment-advice-768x192.jpg 768w, https:\/\/etoropartners.com\/wp-content\/uploads\/2024\/05\/Cover_Investment-advice-1536x384.jpg 1536w\" sizes=\"auto, (max-width: 1600px) 100vw, 1600px\" \/><\/figure>\n<\/div><\/section>\n\n\n\n<section class=\"wp-block-group wp-block-group-boxed wp-block-group-small-top-padding wp-block-group-small-bottom-padding\"><div class=\"wp-block-group-inner is-layout-flow wp-block-group-is-layout-flow\">\n<div class=\"wp-block-columns are-vertically-aligned-top wp-block-columns-1 is-layout-flex wp-container-core-columns-is-layout-9d6595d7 wp-block-columns-is-layout-flex\">\n<div class=\"wp-block-column is-layout-flow wp-block-column-is-layout-flow\">\n<p>Nab\u00edzet investi\u010dn\u00ed poradenstv\u00ed NEN\u00cd dovoleno, ale co je investi\u010dn\u00ed poradenstv\u00ed?<\/p>\n\n\n\n<p class=\"is-style-heading-2\">Co je pova\u017eov\u00e1no za investi\u010dn\u00ed poradenstv\u00ed?<\/p>\n\n\n\n<p>Investi\u010dn\u00ed poradenstv\u00ed je jak\u00e9koliv doporu\u010den\u00ed nebo veden\u00ed, kter\u00e9 se sna\u017e\u00ed investora vzd\u011bl\u00e1vat, informovat nebo v\u00e9st ohledn\u011b ur\u010dit\u00e9ho investi\u010dn\u00edho produktu nebo \u0159ady produkt\u016f.<\/p>\n\n\n\n<p>Nen\u00ed dovoleno doporu\u010dovat n\u00e1v\u0161t\u011bvn\u00edk\u016fm n\u00e1kup konkr\u00e9tn\u00edho n\u00e1stroje nebo doporu\u010dovat ur\u010ditou investici, a\u0165 u\u017e implicitn\u011b nebo explicitn\u011b.<\/p>\n\n\n\n<p>Anal\u00fdza n\u00e1stroj\u016f nebo p\u0159edpov\u011bdi ov\u0161em mohou b\u00fdt poskytov\u00e1ny jako investi\u010dn\u00ed pr\u016fzkum a mus\u00ed b\u00fdt obecn\u00e9, zalo\u017een\u00e9 na ve\u0159ejn\u00fdch informac\u00edch a nesm\u00ed b\u00fdt zam\u011b\u0159eny na ur\u010ditou osobu nebo skupinu osob.<\/p>\n\n\n\n<p class=\"is-style-heading-3\"><strong>Upozorn\u011bn\u00ed na rizika<\/strong><\/p>\n\n\n\n<p>P\u0159i psan\u00ed anal\u00fdzy n\u00e1stroje nebo p\u0159edpov\u011bdi je t\u0159eba doplnit n\u00e1sleduj\u00edc\u00ed prohl\u00e1\u0161en\u00ed o vylou\u010den\u00ed odpov\u011bdnosti (spolu s upozorn\u011bn\u00edmi na rizika, kter\u00e1 najdete v \u010d\u00e1sti upozorn\u011bn\u00ed na rizika v <a href=\"https:\/\/etoropartners.com\/cs\/guidelines\/\">pokynech<\/a>):<\/p>\n\n\n\n<p>Toto sd\u011blen\u00ed slou\u017e\u00ed pouze pro informa\u010dn\u00ed a vzd\u011bl\u00e1vac\u00ed \u00fa\u010dely a nem\u011blo by b\u00fdt pova\u017eov\u00e1no za investi\u010dn\u00ed poradenstv\u00ed, osobn\u00ed doporu\u010den\u00ed ani za nab\u00eddku \u010di v\u00fdzvu k n\u00e1kupu nebo prodeji jak\u00fdchkoli finan\u010dn\u00edch n\u00e1stroj\u016f. <strong>Tento materi\u00e1l byl p\u0159ipraven bez zohledn\u011bn\u00ed investi\u010dn\u00edch c\u00edl\u016f nebo finan\u010dn\u00ed situace konkr\u00e9tn\u00edho p\u0159\u00edjemce a nebyl p\u0159ipraven v souladu s pr\u00e1vn\u00edmi a regula\u010dn\u00edmi po\u017eadavky na podporu nez\u00e1visl\u00e9ho v\u00fdzkumu. <\/strong>Jak\u00e9koli odkazy na minulou nebo budouc\u00ed v\u00fdkonnost finan\u010dn\u00edho n\u00e1stroje, indexu nebo bal\u00ed\u010dku investi\u010dn\u00edch produkt\u016f nejsou a nem\u011bly by b\u00fdt pova\u017eov\u00e1ny za spolehliv\u00fd ukazatel budouc\u00edch v\u00fdsledk\u016f. eToro neposkytuje \u017e\u00e1dn\u00e9 z\u00e1ruky a nenese \u017e\u00e1dnou odpov\u011bdnost za p\u0159esnost nebo \u00faplnost obsahu t\u00e9to publikace.<\/p>\n\n\n\n<p class=\"is-style-heading-2\">Pros\u00edm v\u011bnujte pozornost<\/p>\n\n\n\n<p><strong>\u00a0<\/strong><strong>USA:<\/strong> V USA nem\u016f\u017eete propagovat eToro v cenov\u00fdch p\u0159edpov\u011bd\u00edch. Propagovace eToro v anal\u00fdz\u00e1ch n\u00e1stroj\u016f, kter\u00e9 neobsahuj\u00ed p\u0159edpov\u011b\u010f, je povolena.<\/p>\n\n\n\n<p><strong>Norsko a \u0160v\u00fdcarsko:<\/strong> V Norsku a \u0160v\u00fdcarsku nen\u00ed dovoleno uv\u00e1d\u011bt konkr\u00e9tn\u00ed n\u00e1stroje. eToro tak\u00e9 nesm\u00ed b\u00fdt propagov\u00e1no v \u017e\u00e1dn\u00e9m \u010dl\u00e1nku, kter\u00fd zmi\u0148uje konkr\u00e9tn\u00ed n\u00e1stroje. Je povoleno zmi\u0148ovat skupiny n\u00e1stroj\u016f, jako jsou akcie, CFD nebo kryptom\u011bny, ale ne konkr\u00e9tn\u00ed aktiva, jako jsou akcie Tesla nebo Apple.<\/p>\n\n\n\n<p>V p\u0159\u00edpad\u011b pochybnost\u00ed se obra\u0165te na sv\u00e9ho affiliate mana\u017eera nebo na <a href=\"mailto:lioraed@etoro.com\">Lioru Edelsteinovou<\/a>, p\u0159\u00edpadn\u011b si <a href=\"https:\/\/calendly.com\/lioraed\">napl\u00e1nujte sch\u016fzku<\/a>.<\/p>\n<\/div>\n<\/div>\n<\/div><\/section>\n","protected":false},"excerpt":{"rendered":"<p>Investi\u010dn\u00ed poradenstv\u00ed Nab\u00edzet investi\u010dn\u00ed poradenstv\u00ed NEN\u00cd dovoleno, ale co je investi\u010dn\u00ed poradenstv\u00ed? Co je pova\u017eov\u00e1no za investi\u010dn\u00ed poradenstv\u00ed? Investi\u010dn\u00ed poradenstv\u00ed je jak\u00e9koliv doporu\u010den\u00ed nebo veden\u00ed, kter\u00e9 se sna\u017e\u00ed investora vzd\u011bl\u00e1vat, informovat nebo v\u00e9st ohledn\u011b ur\u010dit\u00e9ho investi\u010dn\u00edho produktu nebo \u0159ady produkt\u016f. Nen\u00ed dovoleno doporu\u010dovat n\u00e1v\u0161t\u011bvn\u00edk\u016fm n\u00e1kup konkr\u00e9tn\u00edho n\u00e1stroje nebo doporu\u010dovat ur\u010ditou investici, a\u0165 u\u017e implicitn\u011b nebo [&hellip;]<\/p>\n","protected":false},"author":11,"featured_media":8196,"parent":0,"menu_order":0,"comment_status":"closed","ping_status":"closed","template":"","meta":{"_acf_changed":false,"sticky_cta_settings":"","footnotes":""},"class_list":["post-8749","page","type-page","status-publish","has-post-thumbnail","hentry"],"acf":[],"yoast_head":"<!-- This site is optimized with the Yoast SEO plugin v27.3 - https:\/\/yoast.com\/product\/yoast-seo-wordpress\/ -->\n<title>Investi\u010dn\u00ed poradenstv\u00ed<\/title>\n<meta name=\"description\" content=\"Nab\u00edzet investi\u010dn\u00ed poradenstv\u00ed NEN\u00cd dovoleno, ale co je investi\u010dn\u00ed poradenstv\u00ed?\" \/>\n<meta name=\"robots\" content=\"index, follow, max-snippet:-1, max-image-preview:large, max-video-preview:-1\" \/>\n<link rel=\"canonical\" href=\"https:\/\/etoropartners.com\/cs\/investicni-poradenstvi\/\" \/>\n<meta property=\"og:locale\" content=\"cs_CZ\" \/>\n<meta property=\"og:type\" content=\"article\" \/>\n<meta property=\"og:title\" content=\"Investi\u010dn\u00ed poradenstv\u00ed\" \/>\n<meta property=\"og:description\" content=\"Nab\u00edzet investi\u010dn\u00ed poradenstv\u00ed NEN\u00cd dovoleno, ale co je investi\u010dn\u00ed poradenstv\u00ed?\" \/>\n<meta property=\"og:url\" content=\"https:\/\/etoropartners.com\/cs\/investicni-poradenstvi\/\" \/>\n<meta property=\"og:site_name\" content=\"eToro Partners\" \/>\n<meta property=\"article:modified_time\" content=\"2024-08-22T09:32:34+00:00\" \/>\n<meta property=\"og:image\" content=\"https:\/\/etoropartners.com\/wp-content\/uploads\/2024\/05\/Featured_Investment-advice.png\" \/>\n\t<meta property=\"og:image:width\" content=\"1200\" \/>\n\t<meta property=\"og:image:height\" content=\"630\" \/>\n\t<meta property=\"og:image:type\" content=\"image\/png\" \/>\n<meta name=\"twitter:card\" content=\"summary_large_image\" \/>\n<meta name=\"twitter:label1\" content=\"Odhadovan\u00e1 doba \u010dten\u00ed\" \/>\n\t<meta name=\"twitter:data1\" content=\"2 minuty\" \/>\n<script type=\"application\/ld+json\" class=\"yoast-schema-graph\">{\"@context\":\"https:\\\/\\\/schema.org\",\"@graph\":[{\"@type\":\"WebPage\",\"@id\":\"https:\\\/\\\/etoropartners.com\\\/cs\\\/investicni-poradenstvi\\\/\",\"url\":\"https:\\\/\\\/etoropartners.com\\\/cs\\\/investicni-poradenstvi\\\/\",\"name\":\"Investi\u010dn\u00ed poradenstv\u00ed\",\"isPartOf\":{\"@id\":\"https:\\\/\\\/etoropartners.com\\\/cs\\\/#website\"},\"primaryImageOfPage\":{\"@id\":\"https:\\\/\\\/etoropartners.com\\\/cs\\\/investicni-poradenstvi\\\/#primaryimage\"},\"image\":{\"@id\":\"https:\\\/\\\/etoropartners.com\\\/cs\\\/investicni-poradenstvi\\\/#primaryimage\"},\"thumbnailUrl\":\"https:\\\/\\\/etoropartners.com\\\/wp-content\\\/uploads\\\/2024\\\/05\\\/Featured_Investment-advice.png\",\"datePublished\":\"2024-05-22T09:00:34+00:00\",\"dateModified\":\"2024-08-22T09:32:34+00:00\",\"description\":\"Nab\u00edzet investi\u010dn\u00ed poradenstv\u00ed NEN\u00cd dovoleno, ale co je investi\u010dn\u00ed poradenstv\u00ed?\",\"breadcrumb\":{\"@id\":\"https:\\\/\\\/etoropartners.com\\\/cs\\\/investicni-poradenstvi\\\/#breadcrumb\"},\"inLanguage\":\"cs\",\"potentialAction\":[{\"@type\":\"ReadAction\",\"target\":[\"https:\\\/\\\/etoropartners.com\\\/cs\\\/investicni-poradenstvi\\\/\"]}]},{\"@type\":\"ImageObject\",\"inLanguage\":\"cs\",\"@id\":\"https:\\\/\\\/etoropartners.com\\\/cs\\\/investicni-poradenstvi\\\/#primaryimage\",\"url\":\"https:\\\/\\\/etoropartners.com\\\/wp-content\\\/uploads\\\/2024\\\/05\\\/Featured_Investment-advice.png\",\"contentUrl\":\"https:\\\/\\\/etoropartners.com\\\/wp-content\\\/uploads\\\/2024\\\/05\\\/Featured_Investment-advice.png\",\"width\":1200,\"height\":630},{\"@type\":\"BreadcrumbList\",\"@id\":\"https:\\\/\\\/etoropartners.com\\\/cs\\\/investicni-poradenstvi\\\/#breadcrumb\",\"itemListElement\":[{\"@type\":\"ListItem\",\"position\":1,\"name\":\"Home\",\"item\":\"https:\\\/\\\/etoropartners.wpengine.com\\\/cs\\\/\"},{\"@type\":\"ListItem\",\"position\":2,\"name\":\"Investi\u010dn\u00ed poradenstv\u00ed\"}]},{\"@type\":\"WebSite\",\"@id\":\"https:\\\/\\\/etoropartners.com\\\/cs\\\/#website\",\"url\":\"https:\\\/\\\/etoropartners.com\\\/cs\\\/\",\"name\":\"eToro Partners\",\"description\":\"\",\"potentialAction\":[{\"@type\":\"SearchAction\",\"target\":{\"@type\":\"EntryPoint\",\"urlTemplate\":\"https:\\\/\\\/etoropartners.com\\\/cs\\\/?s={search_term_string}\"},\"query-input\":{\"@type\":\"PropertyValueSpecification\",\"valueRequired\":true,\"valueName\":\"search_term_string\"}}],\"inLanguage\":\"cs\"}]}<\/script>\n<!-- \/ Yoast SEO plugin. -->","yoast_head_json":{"title":"Investi\u010dn\u00ed poradenstv\u00ed","description":"Nab\u00edzet investi\u010dn\u00ed poradenstv\u00ed NEN\u00cd dovoleno, ale co je investi\u010dn\u00ed poradenstv\u00ed?","robots":{"index":"index","follow":"follow","max-snippet":"max-snippet:-1","max-image-preview":"max-image-preview:large","max-video-preview":"max-video-preview:-1"},"canonical":"https:\/\/etoropartners.com\/cs\/investicni-poradenstvi\/","og_locale":"cs_CZ","og_type":"article","og_title":"Investi\u010dn\u00ed poradenstv\u00ed","og_description":"Nab\u00edzet investi\u010dn\u00ed poradenstv\u00ed NEN\u00cd dovoleno, ale co je investi\u010dn\u00ed poradenstv\u00ed?","og_url":"https:\/\/etoropartners.com\/cs\/investicni-poradenstvi\/","og_site_name":"eToro Partners","article_modified_time":"2024-08-22T09:32:34+00:00","og_image":[{"width":1200,"height":630,"url":"https:\/\/etoropartners.com\/wp-content\/uploads\/2024\/05\/Featured_Investment-advice.png","type":"image\/png"}],"twitter_card":"summary_large_image","twitter_misc":{"Odhadovan\u00e1 doba \u010dten\u00ed":"2 minuty"},"schema":{"@context":"https:\/\/schema.org","@graph":[{"@type":"WebPage","@id":"https:\/\/etoropartners.com\/cs\/investicni-poradenstvi\/","url":"https:\/\/etoropartners.com\/cs\/investicni-poradenstvi\/","name":"Investi\u010dn\u00ed poradenstv\u00ed","isPartOf":{"@id":"https:\/\/etoropartners.com\/cs\/#website"},"primaryImageOfPage":{"@id":"https:\/\/etoropartners.com\/cs\/investicni-poradenstvi\/#primaryimage"},"image":{"@id":"https:\/\/etoropartners.com\/cs\/investicni-poradenstvi\/#primaryimage"},"thumbnailUrl":"https:\/\/etoropartners.com\/wp-content\/uploads\/2024\/05\/Featured_Investment-advice.png","datePublished":"2024-05-22T09:00:34+00:00","dateModified":"2024-08-22T09:32:34+00:00","description":"Nab\u00edzet investi\u010dn\u00ed poradenstv\u00ed NEN\u00cd dovoleno, ale co je investi\u010dn\u00ed poradenstv\u00ed?","breadcrumb":{"@id":"https:\/\/etoropartners.com\/cs\/investicni-poradenstvi\/#breadcrumb"},"inLanguage":"cs","potentialAction":[{"@type":"ReadAction","target":["https:\/\/etoropartners.com\/cs\/investicni-poradenstvi\/"]}]},{"@type":"ImageObject","inLanguage":"cs","@id":"https:\/\/etoropartners.com\/cs\/investicni-poradenstvi\/#primaryimage","url":"https:\/\/etoropartners.com\/wp-content\/uploads\/2024\/05\/Featured_Investment-advice.png","contentUrl":"https:\/\/etoropartners.com\/wp-content\/uploads\/2024\/05\/Featured_Investment-advice.png","width":1200,"height":630},{"@type":"BreadcrumbList","@id":"https:\/\/etoropartners.com\/cs\/investicni-poradenstvi\/#breadcrumb","itemListElement":[{"@type":"ListItem","position":1,"name":"Home","item":"https:\/\/etoropartners.wpengine.com\/cs\/"},{"@type":"ListItem","position":2,"name":"Investi\u010dn\u00ed poradenstv\u00ed"}]},{"@type":"WebSite","@id":"https:\/\/etoropartners.com\/cs\/#website","url":"https:\/\/etoropartners.com\/cs\/","name":"eToro Partners","description":"","potentialAction":[{"@type":"SearchAction","target":{"@type":"EntryPoint","urlTemplate":"https:\/\/etoropartners.com\/cs\/?s={search_term_string}"},"query-input":{"@type":"PropertyValueSpecification","valueRequired":true,"valueName":"search_term_string"}}],"inLanguage":"cs"}]}},"_links":{"self":[{"href":"https:\/\/etoropartners.com\/cs\/wp-json\/wp\/v2\/pages\/8749","targetHints":{"allow":["GET"]}}],"collection":[{"href":"https:\/\/etoropartners.com\/cs\/wp-json\/wp\/v2\/pages"}],"about":[{"href":"https:\/\/etoropartners.com\/cs\/wp-json\/wp\/v2\/types\/page"}],"author":[{"embeddable":true,"href":"https:\/\/etoropartners.com\/cs\/wp-json\/wp\/v2\/users\/11"}],"replies":[{"embeddable":true,"href":"https:\/\/etoropartners.com\/cs\/wp-json\/wp\/v2\/comments?post=8749"}],"version-history":[{"count":0,"href":"https:\/\/etoropartners.com\/cs\/wp-json\/wp\/v2\/pages\/8749\/revisions"}],"wp:featuredmedia":[{"embeddable":true,"href":"https:\/\/etoropartners.com\/cs\/wp-json\/wp\/v2\/media\/8196"}],"wp:attachment":[{"href":"https:\/\/etoropartners.com\/cs\/wp-json\/wp\/v2\/media?parent=8749"}],"curies":[{"name":"wp","href":"https:\/\/api.w.org\/{rel}","templated":true}]}}