{"id":8731,"date":"2024-05-22T09:50:03","date_gmt":"2024-05-22T07:50:03","guid":{"rendered":"https:\/\/etoropartners.com\/be-accurate\/"},"modified":"2024-08-26T11:04:22","modified_gmt":"2024-08-26T09:04:22","slug":"be-accurate","status":"publish","type":"page","link":"https:\/\/etoropartners.com\/cs\/be-accurate\/","title":{"rendered":"How to be accurate, balanced, and not misleading"},"content":{"rendered":"\n<section class=\"wp-block-group wp-block-group-boxed wp-block-group-small-top-padding wp-block-group-small-bottom-padding\"><div class=\"wp-block-group-inner is-layout-flow wp-block-group-is-layout-flow\">\n<div class=\"wp-block-columns are-vertically-aligned-top wp-block-columns-1 is-layout-flex wp-container-core-columns-is-layout-9d6595d7 wp-block-columns-is-layout-flex\">\n<div class=\"wp-block-column wp-block-column-align-desktop-center wp-block-column-align-mobile-center is-layout-flow wp-block-column-is-layout-flow\">\n<h2 class=\"wp-block-heading has-text-align-center\">Jak b\u00fdt p\u0159esn\u00ed, vyv\u00e1\u017een\u00ed a nezav\u00e1d\u011bj\u00edc\u00ed<\/h2>\n\n\n\n<figure class=\"wp-block-image size-full\"><img loading=\"lazy\" decoding=\"async\" width=\"1600\" height=\"400\" src=\"https:\/\/etoropartners.com\/wp-content\/uploads\/2024\/05\/Cover_be-accurate.jpg\" alt=\"\" class=\"wp-image-8091 wp-image-desktop\" srcset=\"https:\/\/etoropartners.com\/wp-content\/uploads\/2024\/05\/Cover_be-accurate.jpg 1600w, https:\/\/etoropartners.com\/wp-content\/uploads\/2024\/05\/Cover_be-accurate-300x75.jpg 300w, https:\/\/etoropartners.com\/wp-content\/uploads\/2024\/05\/Cover_be-accurate-1024x256.jpg 1024w, https:\/\/etoropartners.com\/wp-content\/uploads\/2024\/05\/Cover_be-accurate-768x192.jpg 768w, https:\/\/etoropartners.com\/wp-content\/uploads\/2024\/05\/Cover_be-accurate-1536x384.jpg 1536w\" sizes=\"auto, (max-width: 1600px) 100vw, 1600px\" \/><\/figure>\n<\/div>\n<\/div>\n<\/div><\/section>\n\n\n\n<section class=\"wp-block-group wp-block-group-boxed wp-block-group-small-top-padding wp-block-group-small-bottom-padding\"><div class=\"wp-block-group-inner is-layout-flow wp-block-group-is-layout-flow\">\n<div class=\"wp-block-columns are-vertically-aligned-top wp-block-columns-1 is-layout-flex wp-container-core-columns-is-layout-9d6595d7 wp-block-columns-is-layout-flex\">\n<div class=\"wp-block-column is-layout-flow wp-block-column-is-layout-flow\">\n<p>Jedno z hlavn\u00edch pravidel v r\u00e1mci dodr\u017eov\u00e1n\u00ed p\u0159edpis\u016f stanovuje, \u017ee va\u0161e propagace mus\u00ed b\u00fdt p\u0159esn\u00e1, vyv\u00e1\u017een\u00e1 a nesm\u00ed b\u00fdt zav\u00e1d\u011bj\u00edc\u00ed. N\u00ed\u017ee najdete n\u011bkolik p\u0159\u00edklad\u016f, kter\u00e9 p\u0159esn\u011b ilustruj\u00ed, co to znamen\u00e1.<\/p>\n\n\n\n<p class=\"is-style-heading-2\"><br>4 v\u011bci, ve kter\u00fdch byste m\u011bli b\u00fdt p\u0159esn\u00ed:<\/p>\n\n\n\n<p><br>1. Nevyd\u00e1vejte se za n\u011bkoho jin\u00e9ho: ne\u0159\u00edkejte, \u017ee zastupujete eToro, ani nepou\u017e\u00edvejte eToro v n\u00e1zvu sv\u00e9 dom\u00e9ny.<\/p>\n\n\n\n<p>2. Neprezentujte eToro jako m\u00edstn\u00ed zna\u010dku, pokud tomu tak nen\u00ed. Nap\u0159\u00edklad tvrzen\u00ed typu \u201eNejlep\u0161\u00ed francouzsk\u00fd broker\u201c nen\u00ed v souladu s p\u0159edpisy. I kdy\u017e je eToro ve Francii k dispozici, nen\u00ed to francouzsk\u00fd broker, tak\u017ee se vyhn\u011bte tomu, abyste jej tak popisovali.<\/p>\n\n\n\n<p>3. Nepropagujte nedostupn\u00e9 n\u00e1stroje, propaga\u010dn\u00ed akce nebo platebn\u00ed metody.<\/p>\n\n\n\n<p>4. Uv\u00e1d\u011bjte p\u0159esn\u00e9 informace o mo\u017enostech platby, poplatc\u00edch a maxim\u00e1ln\u00ed p\u00e1ce (v z\u00e1vislosti na podkladov\u00e9m aktivu) a nezapome\u0148te si zkontrolovat rozpis poplatk\u016f na webu eToro, kde najdete nejaktu\u00e1ln\u011bj\u0161\u00ed informace.<\/p>\n\n\n\n<p>Odkazy na v\u0161echny informace, kter\u00e9 pot\u0159ebujete k psan\u00ed p\u0159esn\u00fdch kampan\u00ed, najdete v sekci <a href=\"https:\/\/etoropartners.com\/cs\/find-out-more\/\">\u201eZjist\u011bte v\u00edce\u201c<\/a> v centru pro partnery eToro.<br><\/p>\n<\/div>\n<\/div>\n<\/div><\/section>\n\n\n\n<section class=\"wp-block-group wp-block-group-boxed wp-block-group-small-top-padding wp-block-group-small-bottom-padding\"><div class=\"wp-block-group-inner is-layout-flow wp-block-group-is-layout-flow\">\n<div class=\"wp-block-columns are-vertically-aligned-top wp-block-columns-1 is-layout-flex wp-container-core-columns-is-layout-9d6595d7 wp-block-columns-is-layout-flex\">\n<div class=\"wp-block-column wp-block-column-align-desktop-center wp-block-column-align-mobile-center is-layout-flow wp-block-column-is-layout-flow\">\n<figure class=\"wp-block-embed is-type-rich is-provider-embed-handler wp-block-embed-embed-handler wp-embed-aspect-16-9 wp-has-aspect-ratio\"><div class=\"wp-block-embed__wrapper\">\n<div class=\"ec-video\"><iframe loading=\"lazy\" title=\"Compliance training video 2 - 16:9 - How to be accurate, fair, not misleading\" width=\"500\" height=\"281\" src=\"https:\/\/www.youtube.com\/embed\/Im2UgdX05dg?feature=oembed\" frameborder=\"0\" allow=\"accelerometer; autoplay; clipboard-write; encrypted-media; gyroscope; picture-in-picture; web-share\" referrerpolicy=\"strict-origin-when-cross-origin\" allowfullscreen><\/iframe><\/div>\n<\/div><\/figure>\n<\/div>\n<\/div>\n<\/div><\/section>\n\n\n\n<section class=\"wp-block-group wp-block-group-boxed wp-block-group-small-top-padding wp-block-group-small-bottom-padding\"><div class=\"wp-block-group-inner is-layout-flow wp-block-group-is-layout-flow\">\n<div class=\"wp-block-columns are-vertically-aligned-top wp-block-columns-1 is-layout-flex wp-container-core-columns-is-layout-9d6595d7 wp-block-columns-is-layout-flex\">\n<div class=\"wp-block-column is-layout-flow wp-block-column-is-layout-flow\">\n<p class=\"is-style-heading-2\">Va\u0161e propagace by m\u011bla b\u00fdt vyv\u00e1\u017een\u00e1:<\/p>\n\n\n\n<p>1. Pros\u00edm, ujist\u011bte se, \u017ee va\u0161e sd\u011blen\u00ed je vyv\u00e1\u017een\u00e9: kdykoli zmi\u0148ujete mo\u017en\u00e9 zisky, v\u017edy uve\u010fte souvisej\u00edc\u00ed rizika a mo\u017en\u00e9 ztr\u00e1ty. Stejn\u011b tak, pokud se zm\u00edn\u00edte o tom, \u017ee p\u00e1kov\u00fd efekt lze pou\u017e\u00edt k maximalizaci zisk\u016f, zmi\u0148te, \u017ee tak\u00e9 maximalizuje p\u0159\u00edpadn\u00e9 ztr\u00e1ty.<\/p>\n\n\n\n<p>2. Nepou\u017e\u00edvejte pros\u00edm obrazov\u00e9 materi\u00e1ly, kter\u00e9 nazna\u010duj\u00ed zisky, jako jsou pen\u00edze, luxusn\u00ed auta atd.<\/p>\n\n\n\n<p>3. P\u0159i propagaci Popular investor\u016f o nich pros\u00edm nemluvte jako o \u201eprofesion\u00e1ln\u00edch obchodn\u00edc\u00edch\u201c nebo \u201enejlep\u0161\u00edch sv\u011btov\u00fdch obchodn\u00edc\u00edch\u201c. M\u016f\u017eete pou\u017e\u00edvat konkr\u00e9tn\u011bj\u0161\u00ed popisy, nap\u0159\u00edklad \u201enejlep\u0161\u00ed obchodn\u00edci na eToro\u201c, \u201ezku\u0161en\u00ed obchodn\u00edci\u201c nebo \u201e\u00fasp\u011b\u0161n\u00ed obchodn\u00edci\u201c.<\/p>\n\n\n\n<p>4. P\u0159i propagaci CopyTradingu pros\u00edm neuv\u00e1d\u011bjte v\u00fdroky typu \u201enepot\u0159ebujete \u017e\u00e1dn\u00e9 znalosti\u201c nebo \u201esedn\u011bte si a odpo\u010d\u00edvejte, zat\u00edmco ostatn\u00ed ud\u011blaj\u00ed pr\u00e1ci za v\u00e1s\u201c. Nezapome\u0148te, \u017ee CopyTrading je st\u00e1le obchodov\u00e1n\u00ed a jako takov\u00fd je spojen s rizikem a m\u016f\u017ee p\u0159i n\u011bm doch\u00e1zet ke ztr\u00e1t\u00e1m.<\/p>\n\n\n\n<p>5. Vyvarujte se pros\u00edm ozna\u010dov\u00e1n\u00ed akciov\u00e9ho trhu jako \u201esnadn\u00e9ho\u201c. Obchodov\u00e1n\u00ed nen\u00ed snadn\u00e9, proto se pros\u00edm vyhn\u011bte pou\u017e\u00edv\u00e1n\u00ed v\u011bt typu \u201eObchodov\u00e1n\u00ed na eToro je snadn\u00e9\u201e nebo \u201eeToro je pro za\u010d\u00e1te\u010dn\u00edky\u201c. M\u00edsto toho m\u016f\u017eete zd\u016fraznit, \u017ee eToro je u\u017eivatelsky p\u0159\u00edv\u011btiv\u00e9 a m\u00e1 intuitivn\u00ed platformu.<\/p>\n\n\n\n<p class=\"is-style-heading-2\"><br><br>V neposledn\u00ed \u0159ad\u011b \u2013 nezav\u00e1d\u011bj\u00edc\u00ed:<\/p>\n\n\n\n<p>Pokud n\u011bco nen\u00ed jasn\u00e9 ani vyv\u00e1\u017een\u00e9, m\u016f\u017ee to z\u00e1kazn\u00edka p\u0159i obchodn\u00edm rozhodov\u00e1n\u00ed uv\u00e9st v omyl. Vyhn\u011bte se proto v\u011bt\u00e1m jako jsou:<\/p>\n\n\n\n<ul class=\"wp-block-list wp-block-list wp-block-list-circle\">\n<li>\u201eObchodov\u00e1n\u00ed nikdy nebylo tak snadn\u00e9\u201c<\/li>\n\n\n\n<li>\u201eZa\u010dn\u011bte svou obchodn\u00ed kari\u00e9ru hned te\u010f\u201c<\/li>\n\n\n\n<li>\u201eObchodov\u00e1n\u00ed m\u016f\u017eete vyu\u017e\u00edt k z\u00edsk\u00e1n\u00ed vedlej\u0161\u00edho p\u0159\u00edjmu a rychlej\u0161\u00edmu splacen\u00ed dluh\u016f\u201c<\/li>\n<\/ul>\n\n\n\n<p>Z\u00e1v\u011brem pamatujte, \u017ee dodr\u017eov\u00e1n\u00ed p\u0159edpis\u016f m\u016f\u017ee b\u00fdt n\u00e1ro\u010dn\u00e9, proto se v p\u0159\u00edpad\u011b pochybnost\u00ed obra\u0165te na sv\u00e9ho affiliate mana\u017eera nebo si napl\u00e1nujte soukromou sch\u016fzku o dodr\u017eov\u00e1n\u00ed p\u0159edpis\u016f prost\u0159ednictv\u00edm Calendly.<br><\/p>\n<\/div>\n<\/div>\n<\/div><\/section>\n","protected":false},"excerpt":{"rendered":"<p>Jak b\u00fdt p\u0159esn\u00ed, vyv\u00e1\u017een\u00ed a nezav\u00e1d\u011bj\u00edc\u00ed Jedno z hlavn\u00edch pravidel v r\u00e1mci dodr\u017eov\u00e1n\u00ed p\u0159edpis\u016f stanovuje, \u017ee va\u0161e propagace mus\u00ed b\u00fdt p\u0159esn\u00e1, vyv\u00e1\u017een\u00e1 a nesm\u00ed b\u00fdt zav\u00e1d\u011bj\u00edc\u00ed. N\u00ed\u017ee najdete n\u011bkolik p\u0159\u00edklad\u016f, kter\u00e9 p\u0159esn\u011b ilustruj\u00ed, co to znamen\u00e1. 4 v\u011bci, ve kter\u00fdch byste m\u011bli b\u00fdt p\u0159esn\u00ed: 1. Nevyd\u00e1vejte se za n\u011bkoho jin\u00e9ho: ne\u0159\u00edkejte, \u017ee zastupujete eToro, ani [&hellip;]<\/p>\n","protected":false},"author":11,"featured_media":8079,"parent":0,"menu_order":0,"comment_status":"closed","ping_status":"closed","template":"","meta":{"_acf_changed":false,"sticky_cta_settings":"","footnotes":""},"class_list":["post-8731","page","type-page","status-publish","has-post-thumbnail","hentry"],"acf":[],"yoast_head":"<!-- This site is optimized with the Yoast SEO plugin v27.3 - https:\/\/yoast.com\/product\/yoast-seo-wordpress\/ -->\n<title>Jak b\u00fdt p\u0159esn\u00ed, vyv\u00e1\u017een\u00ed a nezav\u00e1d\u011bj\u00edc\u00ed<\/title>\n<meta name=\"description\" content=\"Jedno z hlavn\u00edch pravidel pro dodr\u017eov\u00e1n\u00ed p\u0159edpis\u016f stanovuje, \u017ee va\u0161e propagace mus\u00ed b\u00fdt p\u0159esn\u00e1, vyv\u00e1\u017een\u00e1 a nesm\u00ed b\u00fdt zav\u00e1d\u011bj\u00edc\u00ed. N\u00ed\u017ee najdete n\u011bkolik p\u0159\u00edklad\u016f\" \/>\n<meta name=\"robots\" content=\"index, follow, max-snippet:-1, max-image-preview:large, max-video-preview:-1\" \/>\n<link rel=\"canonical\" href=\"https:\/\/etoropartners.com\/cs\/be-accurate\/\" \/>\n<meta property=\"og:locale\" content=\"cs_CZ\" \/>\n<meta property=\"og:type\" content=\"article\" \/>\n<meta property=\"og:title\" content=\"Jak b\u00fdt p\u0159esn\u00ed, vyv\u00e1\u017een\u00ed a nezav\u00e1d\u011bj\u00edc\u00ed\" \/>\n<meta property=\"og:description\" content=\"Jedno z hlavn\u00edch pravidel pro dodr\u017eov\u00e1n\u00ed p\u0159edpis\u016f stanovuje, \u017ee va\u0161e propagace mus\u00ed b\u00fdt p\u0159esn\u00e1, vyv\u00e1\u017een\u00e1 a nesm\u00ed b\u00fdt zav\u00e1d\u011bj\u00edc\u00ed. N\u00ed\u017ee najdete n\u011bkolik p\u0159\u00edklad\u016f\" \/>\n<meta property=\"og:url\" content=\"https:\/\/etoropartners.com\/cs\/be-accurate\/\" \/>\n<meta property=\"og:site_name\" content=\"eToro Partners\" \/>\n<meta property=\"article:modified_time\" content=\"2024-08-26T09:04:22+00:00\" \/>\n<meta property=\"og:image\" content=\"https:\/\/etoropartners.com\/wp-content\/uploads\/2024\/05\/Featured_be-accurate.png\" \/>\n\t<meta property=\"og:image:width\" content=\"1200\" \/>\n\t<meta property=\"og:image:height\" content=\"630\" \/>\n\t<meta property=\"og:image:type\" content=\"image\/png\" \/>\n<meta name=\"twitter:card\" content=\"summary_large_image\" \/>\n<meta name=\"twitter:label1\" content=\"Odhadovan\u00e1 doba \u010dten\u00ed\" \/>\n\t<meta name=\"twitter:data1\" content=\"3 minuty\" \/>\n<script type=\"application\/ld+json\" class=\"yoast-schema-graph\">{\"@context\":\"https:\\\/\\\/schema.org\",\"@graph\":[{\"@type\":\"WebPage\",\"@id\":\"https:\\\/\\\/etoropartners.com\\\/cs\\\/be-accurate\\\/\",\"url\":\"https:\\\/\\\/etoropartners.com\\\/cs\\\/be-accurate\\\/\",\"name\":\"Jak b\u00fdt p\u0159esn\u00ed, vyv\u00e1\u017een\u00ed a nezav\u00e1d\u011bj\u00edc\u00ed\",\"isPartOf\":{\"@id\":\"https:\\\/\\\/etoropartners.com\\\/cs\\\/#website\"},\"primaryImageOfPage\":{\"@id\":\"https:\\\/\\\/etoropartners.com\\\/cs\\\/be-accurate\\\/#primaryimage\"},\"image\":{\"@id\":\"https:\\\/\\\/etoropartners.com\\\/cs\\\/be-accurate\\\/#primaryimage\"},\"thumbnailUrl\":\"https:\\\/\\\/etoropartners.com\\\/wp-content\\\/uploads\\\/2024\\\/05\\\/Featured_be-accurate.png\",\"datePublished\":\"2024-05-22T07:50:03+00:00\",\"dateModified\":\"2024-08-26T09:04:22+00:00\",\"description\":\"Jedno z hlavn\u00edch pravidel pro dodr\u017eov\u00e1n\u00ed p\u0159edpis\u016f stanovuje, \u017ee va\u0161e propagace mus\u00ed b\u00fdt p\u0159esn\u00e1, vyv\u00e1\u017een\u00e1 a nesm\u00ed b\u00fdt zav\u00e1d\u011bj\u00edc\u00ed. N\u00ed\u017ee najdete n\u011bkolik p\u0159\u00edklad\u016f\",\"breadcrumb\":{\"@id\":\"https:\\\/\\\/etoropartners.com\\\/cs\\\/be-accurate\\\/#breadcrumb\"},\"inLanguage\":\"cs\",\"potentialAction\":[{\"@type\":\"ReadAction\",\"target\":[\"https:\\\/\\\/etoropartners.com\\\/cs\\\/be-accurate\\\/\"]}]},{\"@type\":\"ImageObject\",\"inLanguage\":\"cs\",\"@id\":\"https:\\\/\\\/etoropartners.com\\\/cs\\\/be-accurate\\\/#primaryimage\",\"url\":\"https:\\\/\\\/etoropartners.com\\\/wp-content\\\/uploads\\\/2024\\\/05\\\/Featured_be-accurate.png\",\"contentUrl\":\"https:\\\/\\\/etoropartners.com\\\/wp-content\\\/uploads\\\/2024\\\/05\\\/Featured_be-accurate.png\",\"width\":1200,\"height\":630,\"caption\":\"Be accurate\"},{\"@type\":\"BreadcrumbList\",\"@id\":\"https:\\\/\\\/etoropartners.com\\\/cs\\\/be-accurate\\\/#breadcrumb\",\"itemListElement\":[{\"@type\":\"ListItem\",\"position\":1,\"name\":\"Home\",\"item\":\"https:\\\/\\\/etoropartners.wpengine.com\\\/cs\\\/\"},{\"@type\":\"ListItem\",\"position\":2,\"name\":\"How to be accurate, balanced, and not misleading\"}]},{\"@type\":\"WebSite\",\"@id\":\"https:\\\/\\\/etoropartners.com\\\/cs\\\/#website\",\"url\":\"https:\\\/\\\/etoropartners.com\\\/cs\\\/\",\"name\":\"eToro Partners\",\"description\":\"\",\"potentialAction\":[{\"@type\":\"SearchAction\",\"target\":{\"@type\":\"EntryPoint\",\"urlTemplate\":\"https:\\\/\\\/etoropartners.com\\\/cs\\\/?s={search_term_string}\"},\"query-input\":{\"@type\":\"PropertyValueSpecification\",\"valueRequired\":true,\"valueName\":\"search_term_string\"}}],\"inLanguage\":\"cs\"}]}<\/script>\n<!-- \/ Yoast SEO plugin. -->","yoast_head_json":{"title":"Jak b\u00fdt p\u0159esn\u00ed, vyv\u00e1\u017een\u00ed a nezav\u00e1d\u011bj\u00edc\u00ed","description":"Jedno z hlavn\u00edch pravidel pro dodr\u017eov\u00e1n\u00ed p\u0159edpis\u016f stanovuje, \u017ee va\u0161e propagace mus\u00ed b\u00fdt p\u0159esn\u00e1, vyv\u00e1\u017een\u00e1 a nesm\u00ed b\u00fdt zav\u00e1d\u011bj\u00edc\u00ed. N\u00ed\u017ee najdete n\u011bkolik p\u0159\u00edklad\u016f","robots":{"index":"index","follow":"follow","max-snippet":"max-snippet:-1","max-image-preview":"max-image-preview:large","max-video-preview":"max-video-preview:-1"},"canonical":"https:\/\/etoropartners.com\/cs\/be-accurate\/","og_locale":"cs_CZ","og_type":"article","og_title":"Jak b\u00fdt p\u0159esn\u00ed, vyv\u00e1\u017een\u00ed a nezav\u00e1d\u011bj\u00edc\u00ed","og_description":"Jedno z hlavn\u00edch pravidel pro dodr\u017eov\u00e1n\u00ed p\u0159edpis\u016f stanovuje, \u017ee va\u0161e propagace mus\u00ed b\u00fdt p\u0159esn\u00e1, vyv\u00e1\u017een\u00e1 a nesm\u00ed b\u00fdt zav\u00e1d\u011bj\u00edc\u00ed. N\u00ed\u017ee najdete n\u011bkolik p\u0159\u00edklad\u016f","og_url":"https:\/\/etoropartners.com\/cs\/be-accurate\/","og_site_name":"eToro Partners","article_modified_time":"2024-08-26T09:04:22+00:00","og_image":[{"width":1200,"height":630,"url":"https:\/\/etoropartners.com\/wp-content\/uploads\/2024\/05\/Featured_be-accurate.png","type":"image\/png"}],"twitter_card":"summary_large_image","twitter_misc":{"Odhadovan\u00e1 doba \u010dten\u00ed":"3 minuty"},"schema":{"@context":"https:\/\/schema.org","@graph":[{"@type":"WebPage","@id":"https:\/\/etoropartners.com\/cs\/be-accurate\/","url":"https:\/\/etoropartners.com\/cs\/be-accurate\/","name":"Jak b\u00fdt p\u0159esn\u00ed, vyv\u00e1\u017een\u00ed a nezav\u00e1d\u011bj\u00edc\u00ed","isPartOf":{"@id":"https:\/\/etoropartners.com\/cs\/#website"},"primaryImageOfPage":{"@id":"https:\/\/etoropartners.com\/cs\/be-accurate\/#primaryimage"},"image":{"@id":"https:\/\/etoropartners.com\/cs\/be-accurate\/#primaryimage"},"thumbnailUrl":"https:\/\/etoropartners.com\/wp-content\/uploads\/2024\/05\/Featured_be-accurate.png","datePublished":"2024-05-22T07:50:03+00:00","dateModified":"2024-08-26T09:04:22+00:00","description":"Jedno z hlavn\u00edch pravidel pro dodr\u017eov\u00e1n\u00ed p\u0159edpis\u016f stanovuje, \u017ee va\u0161e propagace mus\u00ed b\u00fdt p\u0159esn\u00e1, vyv\u00e1\u017een\u00e1 a nesm\u00ed b\u00fdt zav\u00e1d\u011bj\u00edc\u00ed. N\u00ed\u017ee najdete n\u011bkolik p\u0159\u00edklad\u016f","breadcrumb":{"@id":"https:\/\/etoropartners.com\/cs\/be-accurate\/#breadcrumb"},"inLanguage":"cs","potentialAction":[{"@type":"ReadAction","target":["https:\/\/etoropartners.com\/cs\/be-accurate\/"]}]},{"@type":"ImageObject","inLanguage":"cs","@id":"https:\/\/etoropartners.com\/cs\/be-accurate\/#primaryimage","url":"https:\/\/etoropartners.com\/wp-content\/uploads\/2024\/05\/Featured_be-accurate.png","contentUrl":"https:\/\/etoropartners.com\/wp-content\/uploads\/2024\/05\/Featured_be-accurate.png","width":1200,"height":630,"caption":"Be accurate"},{"@type":"BreadcrumbList","@id":"https:\/\/etoropartners.com\/cs\/be-accurate\/#breadcrumb","itemListElement":[{"@type":"ListItem","position":1,"name":"Home","item":"https:\/\/etoropartners.wpengine.com\/cs\/"},{"@type":"ListItem","position":2,"name":"How to be accurate, balanced, and not misleading"}]},{"@type":"WebSite","@id":"https:\/\/etoropartners.com\/cs\/#website","url":"https:\/\/etoropartners.com\/cs\/","name":"eToro Partners","description":"","potentialAction":[{"@type":"SearchAction","target":{"@type":"EntryPoint","urlTemplate":"https:\/\/etoropartners.com\/cs\/?s={search_term_string}"},"query-input":{"@type":"PropertyValueSpecification","valueRequired":true,"valueName":"search_term_string"}}],"inLanguage":"cs"}]}},"_links":{"self":[{"href":"https:\/\/etoropartners.com\/cs\/wp-json\/wp\/v2\/pages\/8731","targetHints":{"allow":["GET"]}}],"collection":[{"href":"https:\/\/etoropartners.com\/cs\/wp-json\/wp\/v2\/pages"}],"about":[{"href":"https:\/\/etoropartners.com\/cs\/wp-json\/wp\/v2\/types\/page"}],"author":[{"embeddable":true,"href":"https:\/\/etoropartners.com\/cs\/wp-json\/wp\/v2\/users\/11"}],"replies":[{"embeddable":true,"href":"https:\/\/etoropartners.com\/cs\/wp-json\/wp\/v2\/comments?post=8731"}],"version-history":[{"count":0,"href":"https:\/\/etoropartners.com\/cs\/wp-json\/wp\/v2\/pages\/8731\/revisions"}],"wp:featuredmedia":[{"embeddable":true,"href":"https:\/\/etoropartners.com\/cs\/wp-json\/wp\/v2\/media\/8079"}],"wp:attachment":[{"href":"https:\/\/etoropartners.com\/cs\/wp-json\/wp\/v2\/media?parent=8731"}],"curies":[{"name":"wp","href":"https:\/\/api.w.org\/{rel}","templated":true}]}}