{"id":8701,"date":"2024-05-22T10:18:48","date_gmt":"2024-05-22T08:18:48","guid":{"rendered":"https:\/\/etoropartners.com\/multi-regulated-platform\/"},"modified":"2024-08-21T15:14:59","modified_gmt":"2024-08-21T13:14:59","slug":"multi-regulated-platform","status":"publish","type":"page","link":"https:\/\/etoropartners.com\/cs\/multi-regulated-platform\/","title":{"rendered":"Promoting a multi-regulated platform"},"content":{"rendered":"\n<section class=\"wp-block-group wp-block-group-boxed wp-block-group-small-top-padding wp-block-group-small-bottom-padding\"><div class=\"wp-block-group-inner is-layout-flow wp-block-group-is-layout-flow\">\n<div class=\"wp-block-columns are-vertically-aligned-top wp-block-columns-1 is-layout-flex wp-container-core-columns-is-layout-9d6595d7 wp-block-columns-is-layout-flex\">\n<div class=\"wp-block-column wp-block-column-align-desktop-center wp-block-column-align-mobile-center is-layout-flow wp-block-column-is-layout-flow\">\n<h2 class=\"wp-block-heading has-text-align-center\">Propagace platformy podl\u00e9haj\u00edc\u00ed v\u00edce regulac\u00edm<\/h2>\n\n\n\n<figure class=\"wp-block-image size-full\"><img loading=\"lazy\" decoding=\"async\" width=\"1600\" height=\"400\" src=\"https:\/\/etoropartners.com\/wp-content\/uploads\/2024\/05\/Cover_multi-regulated-platform-1.jpg\" alt=\"\" class=\"wp-image-8144 wp-image-desktop\" srcset=\"https:\/\/etoropartners.com\/wp-content\/uploads\/2024\/05\/Cover_multi-regulated-platform-1.jpg 1600w, https:\/\/etoropartners.com\/wp-content\/uploads\/2024\/05\/Cover_multi-regulated-platform-1-300x75.jpg 300w, https:\/\/etoropartners.com\/wp-content\/uploads\/2024\/05\/Cover_multi-regulated-platform-1-1024x256.jpg 1024w, https:\/\/etoropartners.com\/wp-content\/uploads\/2024\/05\/Cover_multi-regulated-platform-1-768x192.jpg 768w, https:\/\/etoropartners.com\/wp-content\/uploads\/2024\/05\/Cover_multi-regulated-platform-1-1536x384.jpg 1536w\" sizes=\"auto, (max-width: 1600px) 100vw, 1600px\" \/><\/figure>\n<\/div>\n<\/div>\n<\/div><\/section>\n\n\n\n<section class=\"wp-block-group wp-block-group-boxed wp-block-group-small-top-padding wp-block-group-small-bottom-padding\"><div class=\"wp-block-group-inner is-layout-flow wp-block-group-is-layout-flow\">\n<div class=\"wp-block-columns are-vertically-aligned-top wp-block-columns-1 is-layout-flex wp-container-core-columns-is-layout-9d6595d7 wp-block-columns-is-layout-flex\">\n<div class=\"wp-block-column is-layout-flow wp-block-column-is-layout-flow\">\n<p>Spole\u010dnosti, kter\u00e9 tvo\u0159\u00ed skupinu eToro, jsou regulov\u00e1ny r\u016fzn\u00fdmi org\u00e1ny. Proto v r\u016fzn\u00fdch zem\u00edch plat\u00ed r\u016fzn\u00e9 po\u017eadavky a pravidla a ne v\u0161echna aktiva lze propagovat v ka\u017ed\u00e9 zemi. Regulace se \u0159\u00edd\u00ed zem\u00ed va\u0161eho publika a tak\u00e9 jazykem, kter\u00fd na sv\u00e9m webu pou\u017e\u00edv\u00e1te, p\u0159\u00edponou URL adresy a zm\u00ednkami o konkr\u00e9tn\u00edch zem\u00edch nebo polo\u017ek\u00e1ch souvisej\u00edc\u00edch se zem\u00ed, jako jsou m\u00edstn\u00ed m\u011bny.<br><\/p>\n<\/div>\n<\/div>\n<\/div><\/section>\n\n\n\n<section class=\"wp-block-group wp-block-group-boxed wp-block-group-small-top-padding wp-block-group-small-bottom-padding\"><div class=\"wp-block-group-inner is-layout-flow wp-block-group-is-layout-flow\">\n<div class=\"wp-block-columns are-vertically-aligned-top wp-block-columns-1 is-layout-flex wp-container-core-columns-is-layout-9d6595d7 wp-block-columns-is-layout-flex\">\n<div class=\"wp-block-column wp-block-column-align-desktop-center wp-block-column-align-mobile-center is-layout-flow wp-block-column-is-layout-flow\">\n<figure class=\"wp-block-embed is-type-rich is-provider-embed-handler wp-block-embed-embed-handler wp-embed-aspect-16-9 wp-has-aspect-ratio\"><div class=\"wp-block-embed__wrapper\">\n<div class=\"ec-video\"><iframe loading=\"lazy\" title=\"Compliance training video 3 - 16:9 - How to  promote a multiregulated platform\" width=\"500\" height=\"281\" src=\"https:\/\/www.youtube.com\/embed\/u3qzbbYTbjI?feature=oembed\" frameborder=\"0\" allow=\"accelerometer; autoplay; clipboard-write; encrypted-media; gyroscope; picture-in-picture; web-share\" referrerpolicy=\"strict-origin-when-cross-origin\" allowfullscreen><\/iframe><\/div>\n<\/div><\/figure>\n<\/div>\n<\/div>\n<\/div><\/section>\n\n\n\n<section class=\"wp-block-group wp-block-group-boxed wp-block-group-small-top-padding wp-block-group-small-bottom-padding\"><div class=\"wp-block-group-inner is-layout-flow wp-block-group-is-layout-flow\">\n<div class=\"wp-block-columns are-vertically-aligned-top wp-block-columns-1 is-layout-flex wp-container-core-columns-is-layout-9d6595d7 wp-block-columns-is-layout-flex\">\n<div class=\"wp-block-column is-layout-flow wp-block-column-is-layout-flow\">\n<p>Nejd\u0159\u00edve se ujist\u011bte, \u017ee <strong>nepropagujete eToro v zak\u00e1zan\u00e9 zemi<\/strong>, proto\u017ee nejen\u017ee za takov\u00e9 zem\u011b nez\u00edsk\u00e1te \u017e\u00e1dn\u00e9 CPA, ale propagace eToro v zak\u00e1zan\u00e9 zemi je z\u00e1va\u017en\u00fdm poru\u0161en\u00edm pravidel, kter\u00e9 m\u016f\u017ee v\u00e9st k ukon\u010den\u00ed na\u0161\u00ed spolupr\u00e1ce. Proto si na to d\u00e1vejte pozor.<\/p>\n\n\n\n<p>D\u00e1le se ujist\u011bte, \u017ee <strong>propagujete aktiva, kter\u00e1 v zemi, na kterou se zam\u011b\u0159ujete, propagovat lze<\/strong>. V\u0161imn\u011bte si, \u017ee n\u011bkter\u00e9 zem\u011b maj\u00ed omezen\u00ed na propagaci ur\u010dit\u00fdch aktiv, tak\u017ee se ujist\u011bte, \u017ee m\u00e1te jasno, kter\u00e1 aktiva m\u016f\u017eete nebo nem\u016f\u017eete propagovat. Konkr\u00e9tn\u00ed p\u0159\u00edklady najdete v pokynech.<\/p>\n\n\n\n<p>Nap\u0159\u00edklad v USA m\u016f\u017eete propagovat krypto. Pokud m\u00e1te zvl\u00e1\u0161tn\u00ed povolen\u00ed, m\u016f\u017eete propagovat tak\u00e9 akcie, ETF a opce. CFD v\u0161ak v USA NEJSOU dostupn\u00e9, a proto v USA nejsou dostupn\u00e9 slu\u017eby jako Forex, komodity, kr\u00e1tk\u00e9 pozice a p\u00e1kov\u00fd efekt, tak\u017ee je zde nelze propagovat.<\/p>\n\n\n\n<p>V\u0161echny zem\u011b a omezen\u00ed produkt\u016f najdete v p\u0159\u00edslu\u0161n\u00e9 <a href=\"https:\/\/etoropartners.com\/cs\/guidelines\/\">sekci na\u0161ich pokyn\u016f<\/a>. Nezapome\u0148te pros\u00edm, \u017ee tyto pokyny mohou b\u00fdt aktualizov\u00e1ny.<\/p>\n\n\n\n<p>Je tak\u00e9 d\u016fle\u017eit\u00e9 m\u00edt p\u0159ehled o tom, <strong>kter\u00fd subjekt nab\u00edz\u00ed kter\u00fd produkt<\/strong>. Nap\u0159\u00edklad v USA nab\u00edz\u00ed spole\u010dnost eToro USA LLC platformu pro n\u00e1kup a prodej kryptoaktiv pro z\u00e1kazn\u00edky z USA a je regulov\u00e1na organizac\u00ed FinCen. Spole\u010dnost eToro USA Securities Inc. je broker\u2013dealer regulovan\u00fd organizac\u00ed FINRA, kter\u00fd umo\u017e\u0148uje obchodov\u00e1n\u00ed s akciemi, ETF a opcemi. Neple\u0165te si pros\u00edm tyto dva subjekty.<\/p>\n\n\n\n<p>\u00dapln\u00fd seznam subjekt\u016f, nab\u00eddek produkt\u016f a licenc\u00ed najdete na str\u00e1nce <a href=\"https:\/\/www.etoro.com\/cs-cz\/customer-service\/regulation-license\/\">\u201eP\u0159edpisy a licence\u201c<\/a> na eToro.<\/p>\n\n\n\n<p>D\u00e1le <strong>v\u011bnujte pozornost upozorn\u011bn\u00edm na rizika<\/strong>. Upozorn\u011bn\u00ed na rizika, kter\u00e1 mus\u00edte pou\u017e\u00edvat, jsou ur\u010dena zem\u011bmi, ve kter\u00fdch eToro propagujete a tak\u00e9 aktivy, kter\u00e1 propagujete. Pod\u00edvejte se na n\u00e1\u0161 n\u00e1vod k upozorn\u011bn\u00edm na rizika v p\u0159\u00edslu\u0161n\u00e9 <a href=\"https:\/\/etoropartners.com\/cs\/guidelines\/\">sekci pokyn\u016f<\/a> a zjist\u011bte, kter\u00e1 upozorn\u011bn\u00ed na rizika a kdy byste m\u011bli pou\u017e\u00edvat.<\/p>\n\n\n\n<p>Pokud propagujete v\u00edce aktiv, pou\u017eijte v\u0161echna relevantn\u00ed upozorn\u011bn\u00ed na rizika.<\/p>\n\n\n\n<p>N\u011bkdy se uplat\u0148uje v\u00edce regulac\u00ed. Nap\u0159\u00edklad p\u0159i propagaci ve \u0161pan\u011bl\u0161tin\u011b nebo v angli\u010dtin\u011b m\u016f\u017eete m\u00edt sm\u00ed\u0161en\u00e9 publikum z r\u016fzn\u00fdch zem\u00ed. V takov\u00fdch p\u0159\u00edpadech budete muset dodr\u017eovat pravidla v\u0161ech relevantn\u00edch regula\u010dn\u00edch org\u00e1n\u016f.<\/p>\n<\/div>\n<\/div>\n<\/div><\/section>\n","protected":false},"excerpt":{"rendered":"<p>Propagace platformy podl\u00e9haj\u00edc\u00ed v\u00edce regulac\u00edm Spole\u010dnosti, kter\u00e9 tvo\u0159\u00ed skupinu eToro, jsou regulov\u00e1ny r\u016fzn\u00fdmi org\u00e1ny. Proto v r\u016fzn\u00fdch zem\u00edch plat\u00ed r\u016fzn\u00e9 po\u017eadavky a pravidla a ne v\u0161echna aktiva lze propagovat v ka\u017ed\u00e9 zemi. Regulace se \u0159\u00edd\u00ed zem\u00ed va\u0161eho publika a tak\u00e9 jazykem, kter\u00fd na sv\u00e9m webu pou\u017e\u00edv\u00e1te, p\u0159\u00edponou URL adresy a zm\u00ednkami o konkr\u00e9tn\u00edch zem\u00edch nebo [&hellip;]<\/p>\n","protected":false},"author":11,"featured_media":8117,"parent":0,"menu_order":0,"comment_status":"closed","ping_status":"closed","template":"","meta":{"_acf_changed":false,"sticky_cta_settings":"","footnotes":""},"class_list":["post-8701","page","type-page","status-publish","has-post-thumbnail","hentry"],"acf":[],"yoast_head":"<!-- This site is optimized with the Yoast SEO plugin v27.3 - https:\/\/yoast.com\/product\/yoast-seo-wordpress\/ -->\n<title>Propagace platformy podl\u00e9haj\u00edc\u00ed v\u00edce regulac\u00edm<\/title>\n<meta name=\"description\" content=\"Spole\u010dnosti, kter\u00e9 tvo\u0159\u00ed skupinu eToro, jsou regulov\u00e1ny r\u016fzn\u00fdmi org\u00e1ny. Proto v r\u016fzn\u00fdch zem\u00edch plat\u00ed r\u016fzn\u00e9 po\u017eadavky a pravidla\" \/>\n<meta name=\"robots\" content=\"index, follow, max-snippet:-1, max-image-preview:large, max-video-preview:-1\" \/>\n<link rel=\"canonical\" href=\"https:\/\/etoropartners.com\/cs\/multi-regulated-platform\/\" \/>\n<meta property=\"og:locale\" content=\"cs_CZ\" \/>\n<meta property=\"og:type\" content=\"article\" \/>\n<meta property=\"og:title\" content=\"Propagace platformy podl\u00e9haj\u00edc\u00ed v\u00edce regulac\u00edm\" \/>\n<meta property=\"og:description\" content=\"Spole\u010dnosti, kter\u00e9 tvo\u0159\u00ed skupinu eToro, jsou regulov\u00e1ny r\u016fzn\u00fdmi org\u00e1ny. Proto v r\u016fzn\u00fdch zem\u00edch plat\u00ed r\u016fzn\u00e9 po\u017eadavky a pravidla\" \/>\n<meta property=\"og:url\" content=\"https:\/\/etoropartners.com\/cs\/multi-regulated-platform\/\" \/>\n<meta property=\"og:site_name\" content=\"eToro Partners\" \/>\n<meta property=\"article:modified_time\" content=\"2024-08-21T13:14:59+00:00\" \/>\n<meta property=\"og:image\" content=\"https:\/\/etoropartners.com\/wp-content\/uploads\/2024\/05\/Featured_multi-regulated-platform.png\" \/>\n\t<meta property=\"og:image:width\" content=\"1200\" \/>\n\t<meta property=\"og:image:height\" content=\"630\" \/>\n\t<meta property=\"og:image:type\" content=\"image\/png\" \/>\n<meta name=\"twitter:card\" content=\"summary_large_image\" \/>\n<meta name=\"twitter:label1\" content=\"Odhadovan\u00e1 doba \u010dten\u00ed\" \/>\n\t<meta name=\"twitter:data1\" content=\"3 minuty\" \/>\n<script type=\"application\/ld+json\" class=\"yoast-schema-graph\">{\"@context\":\"https:\\\/\\\/schema.org\",\"@graph\":[{\"@type\":\"WebPage\",\"@id\":\"https:\\\/\\\/etoropartners.com\\\/cs\\\/multi-regulated-platform\\\/\",\"url\":\"https:\\\/\\\/etoropartners.com\\\/cs\\\/multi-regulated-platform\\\/\",\"name\":\"Propagace platformy podl\u00e9haj\u00edc\u00ed v\u00edce regulac\u00edm\",\"isPartOf\":{\"@id\":\"https:\\\/\\\/etoropartners.com\\\/cs\\\/#website\"},\"primaryImageOfPage\":{\"@id\":\"https:\\\/\\\/etoropartners.com\\\/cs\\\/multi-regulated-platform\\\/#primaryimage\"},\"image\":{\"@id\":\"https:\\\/\\\/etoropartners.com\\\/cs\\\/multi-regulated-platform\\\/#primaryimage\"},\"thumbnailUrl\":\"https:\\\/\\\/etoropartners.com\\\/wp-content\\\/uploads\\\/2024\\\/05\\\/Featured_multi-regulated-platform.png\",\"datePublished\":\"2024-05-22T08:18:48+00:00\",\"dateModified\":\"2024-08-21T13:14:59+00:00\",\"description\":\"Spole\u010dnosti, kter\u00e9 tvo\u0159\u00ed skupinu eToro, jsou regulov\u00e1ny r\u016fzn\u00fdmi org\u00e1ny. Proto v r\u016fzn\u00fdch zem\u00edch plat\u00ed r\u016fzn\u00e9 po\u017eadavky a pravidla\",\"breadcrumb\":{\"@id\":\"https:\\\/\\\/etoropartners.com\\\/cs\\\/multi-regulated-platform\\\/#breadcrumb\"},\"inLanguage\":\"cs\",\"potentialAction\":[{\"@type\":\"ReadAction\",\"target\":[\"https:\\\/\\\/etoropartners.com\\\/cs\\\/multi-regulated-platform\\\/\"]}]},{\"@type\":\"ImageObject\",\"inLanguage\":\"cs\",\"@id\":\"https:\\\/\\\/etoropartners.com\\\/cs\\\/multi-regulated-platform\\\/#primaryimage\",\"url\":\"https:\\\/\\\/etoropartners.com\\\/wp-content\\\/uploads\\\/2024\\\/05\\\/Featured_multi-regulated-platform.png\",\"contentUrl\":\"https:\\\/\\\/etoropartners.com\\\/wp-content\\\/uploads\\\/2024\\\/05\\\/Featured_multi-regulated-platform.png\",\"width\":1200,\"height\":630},{\"@type\":\"BreadcrumbList\",\"@id\":\"https:\\\/\\\/etoropartners.com\\\/cs\\\/multi-regulated-platform\\\/#breadcrumb\",\"itemListElement\":[{\"@type\":\"ListItem\",\"position\":1,\"name\":\"Home\",\"item\":\"https:\\\/\\\/etoropartners.wpengine.com\\\/cs\\\/\"},{\"@type\":\"ListItem\",\"position\":2,\"name\":\"Promoting a multi-regulated platform\"}]},{\"@type\":\"WebSite\",\"@id\":\"https:\\\/\\\/etoropartners.com\\\/cs\\\/#website\",\"url\":\"https:\\\/\\\/etoropartners.com\\\/cs\\\/\",\"name\":\"eToro Partners\",\"description\":\"\",\"potentialAction\":[{\"@type\":\"SearchAction\",\"target\":{\"@type\":\"EntryPoint\",\"urlTemplate\":\"https:\\\/\\\/etoropartners.com\\\/cs\\\/?s={search_term_string}\"},\"query-input\":{\"@type\":\"PropertyValueSpecification\",\"valueRequired\":true,\"valueName\":\"search_term_string\"}}],\"inLanguage\":\"cs\"}]}<\/script>\n<!-- \/ Yoast SEO plugin. -->","yoast_head_json":{"title":"Propagace platformy podl\u00e9haj\u00edc\u00ed v\u00edce regulac\u00edm","description":"Spole\u010dnosti, kter\u00e9 tvo\u0159\u00ed skupinu eToro, jsou regulov\u00e1ny r\u016fzn\u00fdmi org\u00e1ny. Proto v r\u016fzn\u00fdch zem\u00edch plat\u00ed r\u016fzn\u00e9 po\u017eadavky a pravidla","robots":{"index":"index","follow":"follow","max-snippet":"max-snippet:-1","max-image-preview":"max-image-preview:large","max-video-preview":"max-video-preview:-1"},"canonical":"https:\/\/etoropartners.com\/cs\/multi-regulated-platform\/","og_locale":"cs_CZ","og_type":"article","og_title":"Propagace platformy podl\u00e9haj\u00edc\u00ed v\u00edce regulac\u00edm","og_description":"Spole\u010dnosti, kter\u00e9 tvo\u0159\u00ed skupinu eToro, jsou regulov\u00e1ny r\u016fzn\u00fdmi org\u00e1ny. Proto v r\u016fzn\u00fdch zem\u00edch plat\u00ed r\u016fzn\u00e9 po\u017eadavky a pravidla","og_url":"https:\/\/etoropartners.com\/cs\/multi-regulated-platform\/","og_site_name":"eToro Partners","article_modified_time":"2024-08-21T13:14:59+00:00","og_image":[{"width":1200,"height":630,"url":"https:\/\/etoropartners.com\/wp-content\/uploads\/2024\/05\/Featured_multi-regulated-platform.png","type":"image\/png"}],"twitter_card":"summary_large_image","twitter_misc":{"Odhadovan\u00e1 doba \u010dten\u00ed":"3 minuty"},"schema":{"@context":"https:\/\/schema.org","@graph":[{"@type":"WebPage","@id":"https:\/\/etoropartners.com\/cs\/multi-regulated-platform\/","url":"https:\/\/etoropartners.com\/cs\/multi-regulated-platform\/","name":"Propagace platformy podl\u00e9haj\u00edc\u00ed v\u00edce regulac\u00edm","isPartOf":{"@id":"https:\/\/etoropartners.com\/cs\/#website"},"primaryImageOfPage":{"@id":"https:\/\/etoropartners.com\/cs\/multi-regulated-platform\/#primaryimage"},"image":{"@id":"https:\/\/etoropartners.com\/cs\/multi-regulated-platform\/#primaryimage"},"thumbnailUrl":"https:\/\/etoropartners.com\/wp-content\/uploads\/2024\/05\/Featured_multi-regulated-platform.png","datePublished":"2024-05-22T08:18:48+00:00","dateModified":"2024-08-21T13:14:59+00:00","description":"Spole\u010dnosti, kter\u00e9 tvo\u0159\u00ed skupinu eToro, jsou regulov\u00e1ny r\u016fzn\u00fdmi org\u00e1ny. Proto v r\u016fzn\u00fdch zem\u00edch plat\u00ed r\u016fzn\u00e9 po\u017eadavky a pravidla","breadcrumb":{"@id":"https:\/\/etoropartners.com\/cs\/multi-regulated-platform\/#breadcrumb"},"inLanguage":"cs","potentialAction":[{"@type":"ReadAction","target":["https:\/\/etoropartners.com\/cs\/multi-regulated-platform\/"]}]},{"@type":"ImageObject","inLanguage":"cs","@id":"https:\/\/etoropartners.com\/cs\/multi-regulated-platform\/#primaryimage","url":"https:\/\/etoropartners.com\/wp-content\/uploads\/2024\/05\/Featured_multi-regulated-platform.png","contentUrl":"https:\/\/etoropartners.com\/wp-content\/uploads\/2024\/05\/Featured_multi-regulated-platform.png","width":1200,"height":630},{"@type":"BreadcrumbList","@id":"https:\/\/etoropartners.com\/cs\/multi-regulated-platform\/#breadcrumb","itemListElement":[{"@type":"ListItem","position":1,"name":"Home","item":"https:\/\/etoropartners.wpengine.com\/cs\/"},{"@type":"ListItem","position":2,"name":"Promoting a multi-regulated platform"}]},{"@type":"WebSite","@id":"https:\/\/etoropartners.com\/cs\/#website","url":"https:\/\/etoropartners.com\/cs\/","name":"eToro Partners","description":"","potentialAction":[{"@type":"SearchAction","target":{"@type":"EntryPoint","urlTemplate":"https:\/\/etoropartners.com\/cs\/?s={search_term_string}"},"query-input":{"@type":"PropertyValueSpecification","valueRequired":true,"valueName":"search_term_string"}}],"inLanguage":"cs"}]}},"_links":{"self":[{"href":"https:\/\/etoropartners.com\/cs\/wp-json\/wp\/v2\/pages\/8701","targetHints":{"allow":["GET"]}}],"collection":[{"href":"https:\/\/etoropartners.com\/cs\/wp-json\/wp\/v2\/pages"}],"about":[{"href":"https:\/\/etoropartners.com\/cs\/wp-json\/wp\/v2\/types\/page"}],"author":[{"embeddable":true,"href":"https:\/\/etoropartners.com\/cs\/wp-json\/wp\/v2\/users\/11"}],"replies":[{"embeddable":true,"href":"https:\/\/etoropartners.com\/cs\/wp-json\/wp\/v2\/comments?post=8701"}],"version-history":[{"count":0,"href":"https:\/\/etoropartners.com\/cs\/wp-json\/wp\/v2\/pages\/8701\/revisions"}],"wp:featuredmedia":[{"embeddable":true,"href":"https:\/\/etoropartners.com\/cs\/wp-json\/wp\/v2\/media\/8117"}],"wp:attachment":[{"href":"https:\/\/etoropartners.com\/cs\/wp-json\/wp\/v2\/media?parent=8701"}],"curies":[{"name":"wp","href":"https:\/\/api.w.org\/{rel}","templated":true}]}}