{"id":8669,"date":"2024-05-22T08:47:21","date_gmt":"2024-05-22T06:47:21","guid":{"rendered":"https:\/\/etoropartners.com\/8-most-important-things\/"},"modified":"2024-08-21T11:04:18","modified_gmt":"2024-08-21T09:04:18","slug":"8-most-important-things","status":"publish","type":"page","link":"https:\/\/etoropartners.com\/cs\/8-most-important-things\/","title":{"rendered":"8 most important things to consider when creating a compliant campaign"},"content":{"rendered":"\n<section class=\"wp-block-group wp-block-group-boxed wp-block-group-small-top-padding wp-block-group-small-bottom-padding\"><div class=\"wp-block-group-inner is-layout-flow wp-block-group-is-layout-flow\">\n<div class=\"wp-block-columns are-vertically-aligned-top wp-block-columns-1 is-layout-flex wp-container-core-columns-is-layout-9d6595d7 wp-block-columns-is-layout-flex\">\n<div class=\"wp-block-column wp-block-column-align-desktop-center wp-block-column-align-mobile-center is-layout-flow wp-block-column-is-layout-flow\">\n<h2 class=\"wp-block-heading has-text-align-center\">8 nejd\u016fle\u017eit\u011bj\u0161\u00edch v\u011bc\u00ed, kter\u00e9 je t\u0159eba zv\u00e1\u017eit p\u0159i vytv\u00e1\u0159en\u00ed kampan\u011b vyhovuj\u00edc\u00ed po\u017eadavk\u016fm<\/h2>\n\n\n\n<figure class=\"wp-block-image size-full\"><img loading=\"lazy\" decoding=\"async\" width=\"1600\" height=\"400\" src=\"https:\/\/etoropartners.com\/wp-content\/uploads\/2024\/05\/Cover_8-most-important-things.jpg\" alt=\"8 most important things to consider when creating a compliant campaign\" class=\"wp-image-8016 wp-image-desktop\" srcset=\"https:\/\/etoropartners.com\/wp-content\/uploads\/2024\/05\/Cover_8-most-important-things.jpg 1600w, https:\/\/etoropartners.com\/wp-content\/uploads\/2024\/05\/Cover_8-most-important-things-300x75.jpg 300w, https:\/\/etoropartners.com\/wp-content\/uploads\/2024\/05\/Cover_8-most-important-things-1024x256.jpg 1024w, https:\/\/etoropartners.com\/wp-content\/uploads\/2024\/05\/Cover_8-most-important-things-768x192.jpg 768w, https:\/\/etoropartners.com\/wp-content\/uploads\/2024\/05\/Cover_8-most-important-things-1536x384.jpg 1536w\" sizes=\"auto, (max-width: 1600px) 100vw, 1600px\" \/><\/figure>\n<\/div>\n<\/div>\n<\/div><\/section>\n\n\n\n<section class=\"wp-block-group wp-block-group-boxed wp-block-group-small-top-padding wp-block-group-small-bottom-padding\"><div class=\"wp-block-group-inner is-layout-flow wp-block-group-is-layout-flow\">\n<div class=\"wp-block-columns are-vertically-aligned-top wp-block-columns-1 is-layout-flex wp-container-core-columns-is-layout-9d6595d7 wp-block-columns-is-layout-flex\">\n<div class=\"wp-block-column is-layout-flow wp-block-column-is-layout-flow\">\n<p class=\"has-text-align-left\">eToro je renomovan\u00e1 zna\u010dka, kter\u00e1 obchodn\u00edk\u016fm a investor\u016fm z cel\u00e9ho sv\u011bta zaji\u0161\u0165uje bezpe\u010dn\u00e9 a regulovan\u00e9 obchodov\u00e1n\u00ed. Je proto nanejv\u00fd\u0161 d\u016fle\u017eit\u00e9, abyste vytvo\u0159ili kampa\u0148, kter\u00e1 je v souladu s regula\u010dn\u00edmi po\u017eadavky a se sm\u011brnicemi jurisdikce, v n\u00ed\u017e eToro propagujete.<\/p>\n\n\n\n<p>Dodr\u017eujte <a href=\"https:\/\/etoropartners.com\/cs\/guidelines\/\">pokyny pro partnery<\/a> a n\u00ed\u017ee uveden\u00e1 pravidla a budete na spr\u00e1vn\u00e9 cest\u011b k vytvo\u0159en\u00ed funguj\u00edc\u00ed spolupr\u00e1ce. Upozor\u0148ujeme, \u017ee sankcionujeme partnery, kte\u0159\u00ed propaguj\u00ed eToro zp\u016fsobem, kter\u00fd nen\u00ed v souladu s pravidly.&nbsp; V p\u0159\u00edpad\u011b <strong>nedodr\u017eov\u00e1n\u00ed pravidel <\/strong>nebo nedostate\u010dn\u00e9 spolupr\u00e1ce v\u00e1m deaktivujeme \u00fa\u010det, m\u016f\u017eeme <strong>stornovat va\u0161e platby a ukon\u010dit spolupr\u00e1ci<\/strong>.<\/p>\n\n\n\n<p>Nezapome\u0148te sv\u00e9 kampan\u011b pravideln\u011b kontrolovat. Pracujeme v rychl\u00e9m tempu, p\u0159izp\u016fsobujeme se p\u0159edpis\u016fm i zm\u011bn\u00e1m na trhu a podle pot\u0159eby budeme po\u017eadovat opravy a\/nebo zm\u011bny.<\/p>\n<\/div>\n<\/div>\n<\/div><\/section>\n\n\n\n<section class=\"wp-block-group wp-block-group-boxed wp-block-group-small-top-padding wp-block-group-small-bottom-padding\"><div class=\"wp-block-group-inner is-layout-flow wp-block-group-is-layout-flow\">\n<div class=\"wp-block-columns are-vertically-aligned-top wp-block-columns-1 is-layout-flex wp-container-core-columns-is-layout-9d6595d7 wp-block-columns-is-layout-flex\">\n<div class=\"wp-block-column wp-block-column-align-desktop-center wp-block-column-align-mobile-center is-layout-flow wp-block-column-is-layout-flow\">\n<figure class=\"wp-block-embed is-type-rich is-provider-embed-handler wp-block-embed-embed-handler wp-embed-aspect-16-9 wp-has-aspect-ratio\"><div class=\"wp-block-embed__wrapper\">\n<div class=\"ec-video\"><iframe loading=\"lazy\" title=\"compliance Training Video - N1 - 8 Most Important things to be compliant\" width=\"500\" height=\"281\" src=\"https:\/\/www.youtube.com\/embed\/UGYqpMcdc84?feature=oembed\" frameborder=\"0\" allow=\"accelerometer; autoplay; clipboard-write; encrypted-media; gyroscope; picture-in-picture; web-share\" referrerpolicy=\"strict-origin-when-cross-origin\" allowfullscreen><\/iframe><\/div>\n<\/div><\/figure>\n<\/div>\n<\/div>\n<\/div><\/section>\n\n\n\n<section class=\"wp-block-group wp-block-group-boxed wp-block-group-small-top-padding wp-block-group-small-bottom-padding\"><div class=\"wp-block-group-inner is-layout-flow wp-block-group-is-layout-flow\">\n<div class=\"wp-block-columns are-vertically-aligned-top wp-block-columns-1 is-layout-flex wp-container-core-columns-is-layout-9d6595d7 wp-block-columns-is-layout-flex\">\n<div class=\"wp-block-column is-layout-flow wp-block-column-is-layout-flow\">\n<p class=\"is-style-heading-2\"><strong>Uve\u010fte va\u0161e URL adresy<\/strong><\/p>\n\n\n\n<p>Ujist\u011bte se, \u017ee eToro propagujete POUZE na webech, o kter\u00fdch jste eToro informovali. Kdy\u017e chcete propagovat eToro prost\u0159ednictv\u00edm nov\u00e9ho kan\u00e1lu nebo webu, mus\u00edte jej nejprve poslat ke schv\u00e1len\u00ed sv\u00e9mu affiliate mana\u017eerovi. Mus\u00edme v\u011bd\u011bt, jak a kde je eToro propagov\u00e1no.<\/p>\n\n\n\n<p class=\"is-style-heading-2\"><strong>P\u0159esn\u00e9, vyv\u00e1\u017een\u00e9 a nezav\u00e1d\u011bj\u00edc\u00ed<\/strong><\/p>\n\n\n\n<p>Bu\u010fte p\u0159esn\u00ed, vyv\u00e1\u017een\u00ed a nezav\u00e1d\u011bj\u00edc\u00ed. Ujist\u011bte se, \u017ee v\u0161echny informace jsou spr\u00e1vn\u00e9 a aktu\u00e1ln\u00ed. V\u017edy dbejte na to, abyste se zm\u00ednili o rizic\u00edch. Nevytv\u00e1\u0159ejte dojem, \u017ee investov\u00e1n\u00ed je snadn\u00e9, ned\u00e1vejte plan\u00e9 sliby a neuv\u00e1d\u011bjte zav\u00e1d\u011bj\u00edc\u00ed tvrzen\u00ed. Nepou\u017e\u00edvejte eToro v n\u00e1zvu sv\u00e9 dom\u00e9ny a neuv\u00e1d\u011bjte, \u017ee eToro zastupujete nebo pro n\u011bj pracujete.<\/p>\n\n\n\n<p class=\"is-style-heading-2\"><strong>Zak\u00e1zan\u00e9 zem\u011b<\/strong><\/p>\n\n\n\n<p>Nepropagujte eToro v <a href=\"https:\/\/etoropartners.com\/cs\/guidelines\/\">zak\u00e1zan\u00fdch zem\u00edch<\/a>. M\u011bjte na pam\u011bti, \u017ee za takovou propagaci neplat\u00edme. Seznam zak\u00e1zan\u00fdch zem\u00ed najdete v pokynech. Dbejte na to, abyste nepou\u017e\u00edvali danou zemi v URL adrese, jej\u00ed p\u0159\u00edpon\u011b, tamn\u00ed jazyk nebo zm\u00ednku o zemi na str\u00e1nce.<\/p>\n\n\n\n<p class=\"is-style-heading-2\"><strong>Produktov\u00e1 omezen\u00ed<\/strong><\/p>\n\n\n\n<p>Pamatujte na <a href=\"https:\/\/etoropartners.com\/cs\/guidelines\/\">produktov\u00e1 omezen\u00ed<\/a>: v n\u011bkter\u00fdch zem\u00edch nem\u016f\u017eete propagovat ur\u010dit\u00e9 typy aktiv. Pokud propagujete po cel\u00e9m sv\u011bt\u011b, nezapome\u0148te uv\u00e9st, co je kde k dispozici a co ne; nap\u0159: \u201eObchodujte s kryptom\u011bnami, akciemi, komoditami a forexem na eToro (komodity a forex nejsou dostupn\u00e9 v USA)\u201c. P\u0159edpisy se mohou m\u011bnit, proto se ujist\u011bte, \u017ee dodr\u017eujete platn\u00e1 omezen\u00ed.<\/p>\n\n\n\n<p class=\"is-style-heading-2\"><strong>\u017d\u00e1dn\u00e9 investi\u010dn\u00ed poradenstv\u00ed<\/strong><\/p>\n\n\n\n<p>Nezahrnujte eToro do obsahu nab\u00edzej\u00edc\u00edho investi\u010dn\u00ed poradenstv\u00ed.<\/p>\n\n\n\n<p class=\"is-style-heading-2\"><strong>Upozorn\u011bn\u00ed na rizika<\/strong><\/p>\n\n\n\n<p>V\u017edy se ujist\u011bte, \u017ee jste p\u0159idali spr\u00e1vn\u00e9 <a href=\"https:\/\/etoropartners.com\/cs\/guidelines\/\">upozorn\u011bn\u00ed na rizika<\/a> na spr\u00e1vn\u00e9 m\u00edsto a ve stejn\u00e9 velikosti jako zbytek textu. Upozorn\u011bn\u00ed na rizika najdete v p\u0159\u00edslu\u0161n\u00e9 sekci pokyn\u016f. Upozorn\u011bn\u00ed mus\u00ed b\u00fdt v bl\u00edzkosti ka\u017ed\u00e9ho odkazu sm\u011b\u0159uj\u00edc\u00edho na eToro, v horn\u00ed \u010d\u00e1sti recenz\u00ed a \u010dl\u00e1nk\u016f i ve vide\u00edch a jejich popisech.<\/p>\n\n\n\n<p class=\"is-style-heading-2\"><strong>Nevytv\u00e1\u0159ejte pocit neodkladnosti<\/strong><\/p>\n\n\n\n<p>Nevytv\u00e1\u0159ejte pocit neodkladnosti n\u00e1kupu ur\u010dit\u00fdch n\u00e1stroj\u016f.<\/p>\n\n\n\n<p class=\"is-style-heading-2\"><strong>\u017d\u00e1dn\u00e9 zve\u0159ej\u0148ov\u00e1n\u00ed KYC, \u017e\u00e1dn\u00e9 podvody<\/strong><\/p>\n\n\n\n<p>Neprozrazujte d\u016fv\u011brn\u00e9 informace ani nepom\u00e1hejte obchodn\u00edk\u016fm v podvodech na platform\u011b eToro, nepou\u010dujte obchodn\u00edky o tom, jak odpov\u011bd\u011bt na KYC ot\u00e1zky, ani jim nenab\u00edzejte odm\u011bny za obchodov\u00e1n\u00ed na platform\u011b.<\/p>\n<\/div>\n<\/div>\n<\/div><\/section>\n","protected":false},"excerpt":{"rendered":"<p>8 nejd\u016fle\u017eit\u011bj\u0161\u00edch v\u011bc\u00ed, kter\u00e9 je t\u0159eba zv\u00e1\u017eit p\u0159i vytv\u00e1\u0159en\u00ed kampan\u011b vyhovuj\u00edc\u00ed po\u017eadavk\u016fm eToro je renomovan\u00e1 zna\u010dka, kter\u00e1 obchodn\u00edk\u016fm a investor\u016fm z cel\u00e9ho sv\u011bta zaji\u0161\u0165uje bezpe\u010dn\u00e9 a regulovan\u00e9 obchodov\u00e1n\u00ed. Je proto nanejv\u00fd\u0161 d\u016fle\u017eit\u00e9, abyste vytvo\u0159ili kampa\u0148, kter\u00e1 je v souladu s regula\u010dn\u00edmi po\u017eadavky a se sm\u011brnicemi jurisdikce, v n\u00ed\u017e eToro propagujete. Dodr\u017eujte pokyny pro partnery a [&hellip;]<\/p>\n","protected":false},"author":11,"featured_media":8064,"parent":0,"menu_order":0,"comment_status":"closed","ping_status":"closed","template":"","meta":{"_acf_changed":false,"sticky_cta_settings":"","footnotes":""},"class_list":["post-8669","page","type-page","status-publish","has-post-thumbnail","hentry"],"acf":[],"yoast_head":"<!-- This site is optimized with the Yoast SEO plugin v27.3 - https:\/\/yoast.com\/product\/yoast-seo-wordpress\/ -->\n<title>8 nejd\u016fle\u017eit\u011bj\u0161\u00edch v\u011bc\u00ed pro vyhovuj\u00edc\u00ed kampa\u0148<\/title>\n<meta name=\"description\" content=\"eToro je renomovan\u00e1 zna\u010dka, kter\u00e1 obchodn\u00edk\u016fm a investor\u016fm z cel\u00e9ho sv\u011bta zaji\u0161\u0165uje bezpe\u010dn\u00e9 a regulovan\u00e9 obchodov\u00e1n\u00ed. Je proto nanejv\u00fd\u0161 d\u016fle\u017eit\u00e9, abyste vytvo\u0159ili kampa\u0148, kter\u00e1 je v souladu s regula\u010dn\u00edmi po\u017eadavky\" \/>\n<meta name=\"robots\" content=\"index, follow, max-snippet:-1, max-image-preview:large, max-video-preview:-1\" \/>\n<link rel=\"canonical\" href=\"https:\/\/etoropartners.com\/cs\/8-most-important-things\/\" \/>\n<meta property=\"og:locale\" content=\"cs_CZ\" \/>\n<meta property=\"og:type\" content=\"article\" \/>\n<meta property=\"og:title\" content=\"8 nejd\u016fle\u017eit\u011bj\u0161\u00edch v\u011bc\u00ed pro vyhovuj\u00edc\u00ed kampa\u0148\" \/>\n<meta property=\"og:description\" content=\"eToro je renomovan\u00e1 zna\u010dka, kter\u00e1 obchodn\u00edk\u016fm a investor\u016fm z cel\u00e9ho sv\u011bta zaji\u0161\u0165uje bezpe\u010dn\u00e9 a regulovan\u00e9 obchodov\u00e1n\u00ed. Je proto nanejv\u00fd\u0161 d\u016fle\u017eit\u00e9, abyste vytvo\u0159ili kampa\u0148, kter\u00e1 je v souladu s regula\u010dn\u00edmi po\u017eadavky\" \/>\n<meta property=\"og:url\" content=\"https:\/\/etoropartners.com\/cs\/8-most-important-things\/\" \/>\n<meta property=\"og:site_name\" content=\"eToro Partners\" \/>\n<meta property=\"article:modified_time\" content=\"2024-08-21T09:04:18+00:00\" \/>\n<meta property=\"og:image\" content=\"https:\/\/etoropartners.com\/wp-content\/uploads\/2024\/05\/Featured_8-most-important-things.png\" \/>\n\t<meta property=\"og:image:width\" content=\"1200\" \/>\n\t<meta property=\"og:image:height\" content=\"630\" \/>\n\t<meta property=\"og:image:type\" content=\"image\/png\" \/>\n<meta name=\"twitter:card\" content=\"summary_large_image\" \/>\n<meta name=\"twitter:label1\" content=\"Odhadovan\u00e1 doba \u010dten\u00ed\" \/>\n\t<meta name=\"twitter:data1\" content=\"3 minuty\" \/>\n<script type=\"application\/ld+json\" class=\"yoast-schema-graph\">{\"@context\":\"https:\\\/\\\/schema.org\",\"@graph\":[{\"@type\":\"WebPage\",\"@id\":\"https:\\\/\\\/etoropartners.com\\\/cs\\\/8-most-important-things\\\/\",\"url\":\"https:\\\/\\\/etoropartners.com\\\/cs\\\/8-most-important-things\\\/\",\"name\":\"8 nejd\u016fle\u017eit\u011bj\u0161\u00edch v\u011bc\u00ed pro vyhovuj\u00edc\u00ed kampa\u0148\",\"isPartOf\":{\"@id\":\"https:\\\/\\\/etoropartners.com\\\/cs\\\/#website\"},\"primaryImageOfPage\":{\"@id\":\"https:\\\/\\\/etoropartners.com\\\/cs\\\/8-most-important-things\\\/#primaryimage\"},\"image\":{\"@id\":\"https:\\\/\\\/etoropartners.com\\\/cs\\\/8-most-important-things\\\/#primaryimage\"},\"thumbnailUrl\":\"https:\\\/\\\/etoropartners.com\\\/wp-content\\\/uploads\\\/2024\\\/05\\\/Featured_8-most-important-things.png\",\"datePublished\":\"2024-05-22T06:47:21+00:00\",\"dateModified\":\"2024-08-21T09:04:18+00:00\",\"description\":\"eToro je renomovan\u00e1 zna\u010dka, kter\u00e1 obchodn\u00edk\u016fm a investor\u016fm z cel\u00e9ho sv\u011bta zaji\u0161\u0165uje bezpe\u010dn\u00e9 a regulovan\u00e9 obchodov\u00e1n\u00ed. Je proto nanejv\u00fd\u0161 d\u016fle\u017eit\u00e9, abyste vytvo\u0159ili kampa\u0148, kter\u00e1 je v souladu s regula\u010dn\u00edmi po\u017eadavky\",\"breadcrumb\":{\"@id\":\"https:\\\/\\\/etoropartners.com\\\/cs\\\/8-most-important-things\\\/#breadcrumb\"},\"inLanguage\":\"cs\",\"potentialAction\":[{\"@type\":\"ReadAction\",\"target\":[\"https:\\\/\\\/etoropartners.com\\\/cs\\\/8-most-important-things\\\/\"]}]},{\"@type\":\"ImageObject\",\"inLanguage\":\"cs\",\"@id\":\"https:\\\/\\\/etoropartners.com\\\/cs\\\/8-most-important-things\\\/#primaryimage\",\"url\":\"https:\\\/\\\/etoropartners.com\\\/wp-content\\\/uploads\\\/2024\\\/05\\\/Featured_8-most-important-things.png\",\"contentUrl\":\"https:\\\/\\\/etoropartners.com\\\/wp-content\\\/uploads\\\/2024\\\/05\\\/Featured_8-most-important-things.png\",\"width\":1200,\"height\":630,\"caption\":\"8 most important things to consider when creating a compliant campaign\"},{\"@type\":\"BreadcrumbList\",\"@id\":\"https:\\\/\\\/etoropartners.com\\\/cs\\\/8-most-important-things\\\/#breadcrumb\",\"itemListElement\":[{\"@type\":\"ListItem\",\"position\":1,\"name\":\"Home\",\"item\":\"https:\\\/\\\/etoropartners.wpengine.com\\\/cs\\\/\"},{\"@type\":\"ListItem\",\"position\":2,\"name\":\"8 most important things to consider when creating a compliant campaign\"}]},{\"@type\":\"WebSite\",\"@id\":\"https:\\\/\\\/etoropartners.com\\\/cs\\\/#website\",\"url\":\"https:\\\/\\\/etoropartners.com\\\/cs\\\/\",\"name\":\"eToro Partners\",\"description\":\"\",\"potentialAction\":[{\"@type\":\"SearchAction\",\"target\":{\"@type\":\"EntryPoint\",\"urlTemplate\":\"https:\\\/\\\/etoropartners.com\\\/cs\\\/?s={search_term_string}\"},\"query-input\":{\"@type\":\"PropertyValueSpecification\",\"valueRequired\":true,\"valueName\":\"search_term_string\"}}],\"inLanguage\":\"cs\"}]}<\/script>\n<!-- \/ Yoast SEO plugin. -->","yoast_head_json":{"title":"8 nejd\u016fle\u017eit\u011bj\u0161\u00edch v\u011bc\u00ed pro vyhovuj\u00edc\u00ed kampa\u0148","description":"eToro je renomovan\u00e1 zna\u010dka, kter\u00e1 obchodn\u00edk\u016fm a investor\u016fm z cel\u00e9ho sv\u011bta zaji\u0161\u0165uje bezpe\u010dn\u00e9 a regulovan\u00e9 obchodov\u00e1n\u00ed. Je proto nanejv\u00fd\u0161 d\u016fle\u017eit\u00e9, abyste vytvo\u0159ili kampa\u0148, kter\u00e1 je v souladu s regula\u010dn\u00edmi po\u017eadavky","robots":{"index":"index","follow":"follow","max-snippet":"max-snippet:-1","max-image-preview":"max-image-preview:large","max-video-preview":"max-video-preview:-1"},"canonical":"https:\/\/etoropartners.com\/cs\/8-most-important-things\/","og_locale":"cs_CZ","og_type":"article","og_title":"8 nejd\u016fle\u017eit\u011bj\u0161\u00edch v\u011bc\u00ed pro vyhovuj\u00edc\u00ed kampa\u0148","og_description":"eToro je renomovan\u00e1 zna\u010dka, kter\u00e1 obchodn\u00edk\u016fm a investor\u016fm z cel\u00e9ho sv\u011bta zaji\u0161\u0165uje bezpe\u010dn\u00e9 a regulovan\u00e9 obchodov\u00e1n\u00ed. Je proto nanejv\u00fd\u0161 d\u016fle\u017eit\u00e9, abyste vytvo\u0159ili kampa\u0148, kter\u00e1 je v souladu s regula\u010dn\u00edmi po\u017eadavky","og_url":"https:\/\/etoropartners.com\/cs\/8-most-important-things\/","og_site_name":"eToro Partners","article_modified_time":"2024-08-21T09:04:18+00:00","og_image":[{"width":1200,"height":630,"url":"https:\/\/etoropartners.com\/wp-content\/uploads\/2024\/05\/Featured_8-most-important-things.png","type":"image\/png"}],"twitter_card":"summary_large_image","twitter_misc":{"Odhadovan\u00e1 doba \u010dten\u00ed":"3 minuty"},"schema":{"@context":"https:\/\/schema.org","@graph":[{"@type":"WebPage","@id":"https:\/\/etoropartners.com\/cs\/8-most-important-things\/","url":"https:\/\/etoropartners.com\/cs\/8-most-important-things\/","name":"8 nejd\u016fle\u017eit\u011bj\u0161\u00edch v\u011bc\u00ed pro vyhovuj\u00edc\u00ed kampa\u0148","isPartOf":{"@id":"https:\/\/etoropartners.com\/cs\/#website"},"primaryImageOfPage":{"@id":"https:\/\/etoropartners.com\/cs\/8-most-important-things\/#primaryimage"},"image":{"@id":"https:\/\/etoropartners.com\/cs\/8-most-important-things\/#primaryimage"},"thumbnailUrl":"https:\/\/etoropartners.com\/wp-content\/uploads\/2024\/05\/Featured_8-most-important-things.png","datePublished":"2024-05-22T06:47:21+00:00","dateModified":"2024-08-21T09:04:18+00:00","description":"eToro je renomovan\u00e1 zna\u010dka, kter\u00e1 obchodn\u00edk\u016fm a investor\u016fm z cel\u00e9ho sv\u011bta zaji\u0161\u0165uje bezpe\u010dn\u00e9 a regulovan\u00e9 obchodov\u00e1n\u00ed. Je proto nanejv\u00fd\u0161 d\u016fle\u017eit\u00e9, abyste vytvo\u0159ili kampa\u0148, kter\u00e1 je v souladu s regula\u010dn\u00edmi po\u017eadavky","breadcrumb":{"@id":"https:\/\/etoropartners.com\/cs\/8-most-important-things\/#breadcrumb"},"inLanguage":"cs","potentialAction":[{"@type":"ReadAction","target":["https:\/\/etoropartners.com\/cs\/8-most-important-things\/"]}]},{"@type":"ImageObject","inLanguage":"cs","@id":"https:\/\/etoropartners.com\/cs\/8-most-important-things\/#primaryimage","url":"https:\/\/etoropartners.com\/wp-content\/uploads\/2024\/05\/Featured_8-most-important-things.png","contentUrl":"https:\/\/etoropartners.com\/wp-content\/uploads\/2024\/05\/Featured_8-most-important-things.png","width":1200,"height":630,"caption":"8 most important things to consider when creating a compliant campaign"},{"@type":"BreadcrumbList","@id":"https:\/\/etoropartners.com\/cs\/8-most-important-things\/#breadcrumb","itemListElement":[{"@type":"ListItem","position":1,"name":"Home","item":"https:\/\/etoropartners.wpengine.com\/cs\/"},{"@type":"ListItem","position":2,"name":"8 most important things to consider when creating a compliant campaign"}]},{"@type":"WebSite","@id":"https:\/\/etoropartners.com\/cs\/#website","url":"https:\/\/etoropartners.com\/cs\/","name":"eToro Partners","description":"","potentialAction":[{"@type":"SearchAction","target":{"@type":"EntryPoint","urlTemplate":"https:\/\/etoropartners.com\/cs\/?s={search_term_string}"},"query-input":{"@type":"PropertyValueSpecification","valueRequired":true,"valueName":"search_term_string"}}],"inLanguage":"cs"}]}},"_links":{"self":[{"href":"https:\/\/etoropartners.com\/cs\/wp-json\/wp\/v2\/pages\/8669","targetHints":{"allow":["GET"]}}],"collection":[{"href":"https:\/\/etoropartners.com\/cs\/wp-json\/wp\/v2\/pages"}],"about":[{"href":"https:\/\/etoropartners.com\/cs\/wp-json\/wp\/v2\/types\/page"}],"author":[{"embeddable":true,"href":"https:\/\/etoropartners.com\/cs\/wp-json\/wp\/v2\/users\/11"}],"replies":[{"embeddable":true,"href":"https:\/\/etoropartners.com\/cs\/wp-json\/wp\/v2\/comments?post=8669"}],"version-history":[{"count":0,"href":"https:\/\/etoropartners.com\/cs\/wp-json\/wp\/v2\/pages\/8669\/revisions"}],"wp:featuredmedia":[{"embeddable":true,"href":"https:\/\/etoropartners.com\/cs\/wp-json\/wp\/v2\/media\/8064"}],"wp:attachment":[{"href":"https:\/\/etoropartners.com\/cs\/wp-json\/wp\/v2\/media?parent=8669"}],"curies":[{"name":"wp","href":"https:\/\/api.w.org\/{rel}","templated":true}]}}