{"id":8618,"date":"2024-05-22T13:20:48","date_gmt":"2024-05-22T11:20:48","guid":{"rendered":"https:\/\/etoropartners.com\/youtube-guidelines\/"},"modified":"2026-02-02T13:01:08","modified_gmt":"2026-02-02T11:01:08","slug":"youtube-guidelines","status":"publish","type":"page","link":"https:\/\/etoropartners.com\/cs\/youtube-guidelines\/","title":{"rendered":"Pr\u016fvodce dodr\u017eov\u00e1n\u00edm p\u0159edpis\u016f pro influencery"},"content":{"rendered":"\n<section class=\"wp-block-group wp-block-group-boxed wp-block-group-small-top-padding wp-block-group-small-bottom-padding\"><div class=\"wp-block-group-inner is-layout-flow wp-block-group-is-layout-flow\">\n<div class=\"wp-block-columns are-vertically-aligned-top wp-block-columns-1 is-layout-flex wp-container-core-columns-is-layout-9d6595d7 wp-block-columns-is-layout-flex\">\n<div class=\"wp-block-column wp-block-column-align-desktop-center wp-block-column-align-mobile-center is-layout-flow wp-block-column-is-layout-flow\">\n<h2 class=\"wp-block-heading\">Pr\u016fvodce dodr\u017eov\u00e1n\u00edm p\u0159edpis\u016f pro influencery<\/h2>\n\n\n\n<figure class=\"wp-block-image size-large\"><img loading=\"lazy\" decoding=\"async\" width=\"1024\" height=\"256\" src=\"https:\/\/etoropartners.com\/wp-content\/uploads\/2026\/01\/4301-12.10.25-eToro-Affiliate-Program-Influencer-compliance-guide-Header-1600x400px-V2-1024x256.jpg\" alt=\"\" class=\"wp-image-9301 wp-image-desktop\" srcset=\"https:\/\/etoropartners.com\/wp-content\/uploads\/2026\/01\/4301-12.10.25-eToro-Affiliate-Program-Influencer-compliance-guide-Header-1600x400px-V2-1024x256.jpg 1024w, https:\/\/etoropartners.com\/wp-content\/uploads\/2026\/01\/4301-12.10.25-eToro-Affiliate-Program-Influencer-compliance-guide-Header-1600x400px-V2-300x75.jpg 300w, https:\/\/etoropartners.com\/wp-content\/uploads\/2026\/01\/4301-12.10.25-eToro-Affiliate-Program-Influencer-compliance-guide-Header-1600x400px-V2-768x192.jpg 768w, https:\/\/etoropartners.com\/wp-content\/uploads\/2026\/01\/4301-12.10.25-eToro-Affiliate-Program-Influencer-compliance-guide-Header-1600x400px-V2-1536x384.jpg 1536w, https:\/\/etoropartners.com\/wp-content\/uploads\/2026\/01\/4301-12.10.25-eToro-Affiliate-Program-Influencer-compliance-guide-Header-1600x400px-V2.jpg 1600w\" sizes=\"auto, (max-width: 1024px) 100vw, 1024px\" \/><\/figure>\n<\/div>\n<\/div>\n<\/div><\/section>\n\n\n\n<section class=\"wp-block-group wp-block-group-boxed wp-block-group-small-top-padding wp-block-group-small-bottom-padding\"><div class=\"wp-block-group-inner is-layout-flow wp-block-group-is-layout-flow\">\n<div class=\"wp-block-columns are-vertically-aligned-top wp-block-columns-1 is-layout-flex wp-container-core-columns-is-layout-9d6595d7 wp-block-columns-is-layout-flex\">\n<div class=\"wp-block-column is-layout-flow wp-block-column-is-layout-flow\">\n<p>eToro je renomovan\u00e1 zna\u010dka, kter\u00e1 obchodn\u00edk\u016fm a investor\u016fm z cel\u00e9ho sv\u011bta poskytuje bezpe\u010dn\u00e9 a regulovan\u00e9 obchodn\u00ed prost\u0159ed\u00ed. Zav\u00e1zali jsme se k transparentn\u00edm, spravedliv\u00fdm a odpov\u011bdn\u00fdm marketingov\u00fdm praktik\u00e1m a dodr\u017eov\u00e1n\u00ed integrity finan\u010dn\u00edho syst\u00e9mu. Jako influencer hrajete kl\u00ed\u010dovou roli v udr\u017eov\u00e1n\u00ed t\u00e9to d\u016fv\u011bry. Je proto nanejv\u00fd\u0161 d\u016fle\u017eit\u00e9, aby ka\u017ed\u00e1 kampa\u0148, kterou vytvo\u0159\u00edte, byla pln\u011b v souladu s regula\u010dn\u00edmi po\u017eadavky a pokyny jurisdikce, ve kter\u00e9 propagujete nebo se zam\u011b\u0159ujete na propagaci eToro. Tato p\u0159\u00edru\u010dka popisuje kl\u00ed\u010dov\u00e9 po\u017eadavky na dodr\u017eov\u00e1n\u00ed p\u0159edpis\u016f pro influencery propaguj\u00edc\u00ed eToro, kter\u00e9 dopl\u0148uj\u00ed pokyny dostupn\u00e9 <a href=\"https:\/\/etoropartners.com\/cs\/compliance-guidelines\/\">zde<\/a>.<\/p>\n\n\n\n<p><\/p>\n\n\n\n<p><strong>Po\u010d\u00e1te\u010dn\u00ed kontrola obsahu:<\/strong> P\u0159ed zve\u0159ejn\u011bn\u00edm jak\u00e9hokoli obsahu t\u00fdkaj\u00edc\u00edho se eToro mus\u00edte sv\u016fj obsah nebo sc\u00e9n\u00e1\u0159 p\u0159edlo\u017eit ke kontrole sv\u00e9mu affiliate mana\u017eerovi. Tento proces zaji\u0161\u0165uje, \u017ee ve\u0161ker\u00fd propaga\u010dn\u00ed materi\u00e1l je p\u0159ed zve\u0159ejn\u011bn\u00edm v souladu s politikami\/pokyny eToro a regula\u010dn\u00edmi po\u017eadavky.<\/p>\n\n\n\n<p><\/p>\n\n\n\n<p><strong>Propagace v r\u016fzn\u00fdch zem\u00edch:<\/strong> eToro p\u016fsob\u00ed ve v\u00edce ne\u017e 100 zem\u00edch po cel\u00e9m sv\u011bt\u011b. Na propagaci slu\u017eeb a ur\u010dit\u00fdch produkt\u016f eToro v konkr\u00e9tn\u00edch regionech se v\u0161ak vztahuj\u00ed regula\u010dn\u00ed omezen\u00ed. P\u0159i propagov\u00e1n\u00ed platformy eToro se nezmi\u0148te ani necilte na zak\u00e1zan\u00e9 zem\u011b, v\u010detn\u011b pou\u017e\u00edv\u00e1n\u00ed konkr\u00e9tn\u00edch jazyk\u016f nebo m\u011bn spojen\u00fdch s\u00a0t\u011bmito zem\u011bmi, kter\u00e9 by mohly p\u0159edstavovat propagaci v\u00a0zak\u00e1zan\u00e9m regionu. Krom\u011b toho nepropagujte produkty, kter\u00e9 jsou v zemi, na kterou c\u00edl\u00edte, zak\u00e1z\u00e1ny. Podrobn\u00e9 informace naleznete v na\u0161ich <a href=\"https:\/\/etoropartners.com\/cs\/compliance-guidelines\/\">pokynech.<\/a><\/p>\n\n\n\n<p><\/p>\n\n\n\n<p><strong>Propagace v USA:<\/strong> V USA mus\u00edte propagovat platformu eToro pomoc\u00ed \u00fa\u010dtu v USA, a to a\u017e pot\u00e9, co v\u00e1\u0161 \u00fa\u010det a obsah schv\u00e1l\u00ed t\u00fdm pro dodr\u017eov\u00e1n\u00ed p\u0159edpis\u016f z USA. <a href=\"https:\/\/docs.google.com\/cs\/presentation\/d\/1U5-1DmQStR6pC0GPSti47MVmm_ucMxmz1t-ZmNSzSb0\/edit?slide=id.g3452ee07848_1_2#slide=id.g3452ee07848_1_2\">Chcete-li vytv\u00e1\u0159et obsah, kter\u00fd je v souladu s p\u0159edpisy, postupujte podle pokyn\u016f specifick\u00fdch pro USA.<\/a> Upozor\u0148ujeme, \u017ee glob\u00e1ln\u00ed \u00fa\u010dty nebudou odm\u011b\u0148ov\u00e1ny za obchodn\u00edky z USA a \u00fa\u010dty z USA budou odm\u011b\u0148ov\u00e1ny pouze za obchodn\u00edky z USA.<\/p>\n\n\n\n<p><strong>Kl\u00ed\u010dov\u00e9 po\u017eadavky na shodu:<\/strong><\/p>\n\n\n\n<ol class=\"wp-block-list wp-block-list\">\n<li><strong>Zve\u0159ejn\u011bte sv\u00e9 adresy URL:\u00a0<\/strong>\n<ul class=\"wp-block-list wp-block-list wp-block-list-circle\">\n<li>Propagujte eToro pouze na webov\u00fdch str\u00e1nk\u00e1ch a kan\u00e1lech, kter\u00e9 jste eToro nahl\u00e1sili. Pokud chcete pou\u017e\u00edt nov\u00fd kan\u00e1l nebo web, po\u0161lete je ke schv\u00e1len\u00ed sv\u00e9mu mana\u017eerovi Affiliate partner\u016f. Mus\u00edme v\u011bd\u011bt, jak a kde se eToro propaguje.<\/li>\n<\/ul>\n<\/li>\n\n\n\n<li><strong>Spr\u00e1vnost a nezav\u00e1d\u011bj\u00edc\u00ed informace:\u00a0<\/strong>\n<ul class=\"wp-block-list wp-block-list wp-block-list-circle\">\n<li>Zajist\u011bte, aby v\u0161echny informace byly <a href=\"https:\/\/etoropartners.com\/cs\/be-accurate\/\">p\u0159esn\u00e9, vyv\u00e1\u017een\u00e9 a aktu\u00e1ln\u00ed<\/a>. Uve\u010fte rizika spojen\u00e1 s investov\u00e1n\u00edm. Vyhn\u011bte se tvrzen\u00edm, \u017ee investov\u00e1n\u00ed je snadn\u00e9, nepou\u017e\u00edvejte fale\u0161n\u00e9 sliby ani zav\u00e1d\u011bj\u00edc\u00ed v\u00fdroky. Nepou\u017e\u00edvejte obr\u00e1zky ani emod\u017ei nazna\u010duj\u00edc\u00ed bohatstv\u00ed nebo vzestupn\u00fd trend (nap\u0159. hromady pen\u011bz, drah\u00e1 auta, rakety). Nepou\u017e\u00edvejte eToro ve sv\u00e9m dom\u00e9nov\u00e9m jm\u00e9n\u011b ani neuv\u00e1d\u011bjte, \u017ee zastupujete spole\u010dnost eToro nebo pro ni pracujete.<\/li>\n<\/ul>\n<\/li>\n\n\n\n<li><strong>\u017d\u00e1dn\u00e9 investi\u010dn\u00ed poradenstv\u00ed:\u00a0<\/strong>\n<ul class=\"wp-block-list wp-block-list wp-block-list-circle\">\n<li>Do obsahu nab\u00edzej\u00edc\u00edho investi\u010dn\u00ed poradenstv\u00ed nezahrnujte eToro.<\/li>\n<\/ul>\n<\/li>\n\n\n\n<li><strong>Nevytv\u00e1\u0159ejte pocit nal\u00e9havosti:\u00a0<\/strong>\n<ul class=\"wp-block-list wp-block-list wp-block-list-circle\">\n<li>Nevytv\u00e1\u0159ejte pocit nal\u00e9havosti p\u0159i n\u00e1kupu ur\u010dit\u00fdch n\u00e1stroj\u016f.<\/li>\n<\/ul>\n<\/li>\n\n\n\n<li><strong>D\u016fv\u011brnost informac\u00ed a ochrana proti podvod\u016fm:\u00a0<\/strong>\n<ul class=\"wp-block-list wp-block-list wp-block-list-circle\">\n<li>Nezve\u0159ej\u0148ujte d\u016fv\u011brn\u00e9 informace ani nepom\u00e1hejte obchodn\u00edk\u016fm podv\u00e1d\u011bt eToro. Nenav\u00e1d\u011bjte obchodn\u00edky, jak odpov\u00eddat na ot\u00e1zky KYC, ani je nemotivujte k obchodov\u00e1n\u00ed na platform\u011b.<\/li>\n<\/ul>\n<\/li>\n<\/ol>\n\n\n\n<p><strong>Upozorn\u011bn\u00ed na rizika:<\/strong> V\u017edy se ujist\u011bte, \u017ee jste p\u0159idali spr\u00e1vn\u00e1 <a href=\"https:\/\/etoropartners.com\/cs\/risk-warnings\/\">upozorn\u011bn\u00ed na rizika<\/a> pro propagovan\u00e1 aktiva a zemi, na kterou c\u00edl\u00edte, a to v \u010diteln\u00e9 velikosti. U soci\u00e1ln\u00edch s\u00edt\u00ed pou\u017eijte upozorn\u011bn\u00ed na rizika \u201eObecn\u00e9\u201c. V p\u0159\u00edpad\u011b, \u017ee se v\u00e1\u0161 obsah t\u00fdk\u00e1 pouze kryptom\u011bn, pou\u017eijte m\u00edsto toho upozorn\u011bn\u00ed na rizika kryptom\u011bn. Upozorn\u011bn\u00ed na rizika mus\u00ed b\u00fdt um\u00edst\u011bno v bl\u00edzkosti ka\u017ed\u00e9ho odkazu p\u0159esm\u011bruj\u00edc\u00edho na platformu eToro a v ka\u017ed\u00e9m p\u0159\u00edsp\u011bvku o platform\u011b eToro. U vide\u00ed by se upozorn\u011bn\u00ed m\u011blo zobrazit na obrazovce po dobu 10 sekund na konci vide\u00ed o platform\u011b eToro a tak\u00e9 v popisech vide\u00ed vedle odkazu na platformu eToro. Na platform\u00e1ch, jako jsou TikTok a Instagram, m\u016f\u017eete kv\u016fli omezen\u00ed charakteru pou\u017e\u00edvat kr\u00e1tkou verzi upozorn\u011bn\u00ed na rizika \u201eAkcie a ETF\u201c.<\/p>\n\n\n\n<p><br><strong>Zve\u0159ejn\u011bn\u00ed:<\/strong> Na soci\u00e1ln\u00edch s\u00edt\u00edch zajist\u011bte, aby bylo mo\u017en\u00e9 materi\u00e1l snadno identifikovat jako reklamu. Sta\u010d\u00ed nap\u0159\u00edklad \u201e#reklama\u201c.<\/p>\n\n\n\n<p><br><strong>Pravideln\u00e1 kontrola obsahu a dodr\u017eov\u00e1n\u00ed p\u0159edpis\u016f:<\/strong> Spole\u010dnost eToro bude pravideln\u011b kontrolovat v\u00e1\u0161 propaga\u010dn\u00ed obsah, aby zajistila, \u017ee pr\u016fb\u011b\u017en\u011b dodr\u017eujete jej\u00ed intern\u00ed z\u00e1sady a p\u0159\u00edslu\u0161n\u00fd regula\u010dn\u00ed r\u00e1mec. Jste povinni pln\u011b spolupracovat p\u0159i jak\u00e9koli kontrole dodr\u017eov\u00e1n\u00ed p\u0159edpis\u016f a ihned implementovat po\u017eadovan\u00e9 zm\u011bny. Nedodr\u017een\u00ed pokyn\u016f pro platformu eToro m\u016f\u017ee m\u00edt za n\u00e1sledek ukon\u010den\u00ed va\u0161eho \u00fa\u010dtu\/ukon\u010den\u00ed vztahu s n\u00e1mi.<\/p>\n\n\n\n<p><\/p>\n\n\n\n<p><strong>D\u011bkujeme, \u017ee dodr\u017eujete vysok\u00e9 standardy platformy eToro. T\u011b\u0161\u00edme se na V\u00e1\u0161 skv\u011bl\u00fd obsah!<\/strong><\/p>\n\n\n\n<p>eToro je investi\u010dn\u00ed platforma s v\u00edce druhy aktiv. Hodnota va\u0161ich investic m\u016f\u017ee r\u016fst nebo klesat.&nbsp; V\u00e1\u0161 kapit\u00e1l je ohro\u017een.<\/p>\n\n\n\n<p>eToro AUS Capital Limited AFSL 491139. eToro je investi\u010dn\u00ed platforma s v\u00edce druhy aktiv. Hodnota va\u0161ich investic m\u016f\u017ee r\u016fst nebo klesat. V\u00e1\u0161 kapit\u00e1l je v riziku. Pod\u00edvejte se na podm\u00ednky PDS a TMD.<\/p>\n<\/div>\n<\/div>\n<\/div><\/section>\n","protected":false},"excerpt":{"rendered":"<p>Pr\u016fvodce dodr\u017eov\u00e1n\u00edm p\u0159edpis\u016f pro influencery eToro je renomovan\u00e1 zna\u010dka, kter\u00e1 obchodn\u00edk\u016fm a investor\u016fm z cel\u00e9ho sv\u011bta poskytuje bezpe\u010dn\u00e9 a regulovan\u00e9 obchodn\u00ed prost\u0159ed\u00ed. Zav\u00e1zali jsme se k transparentn\u00edm, spravedliv\u00fdm a odpov\u011bdn\u00fdm marketingov\u00fdm praktik\u00e1m a dodr\u017eov\u00e1n\u00ed integrity finan\u010dn\u00edho syst\u00e9mu. Jako influencer hrajete kl\u00ed\u010dovou roli v udr\u017eov\u00e1n\u00ed t\u00e9to d\u016fv\u011bry. Je proto nanejv\u00fd\u0161 d\u016fle\u017eit\u00e9, aby ka\u017ed\u00e1 kampa\u0148, kterou vytvo\u0159\u00edte, [&hellip;]<\/p>\n","protected":false},"author":11,"featured_media":0,"parent":0,"menu_order":0,"comment_status":"closed","ping_status":"closed","template":"","meta":{"_acf_changed":false,"sticky_cta_settings":"","footnotes":""},"class_list":["post-8618","page","type-page","status-publish","hentry"],"acf":[],"yoast_head":"<!-- This site is optimized with the Yoast SEO plugin v27.3 - https:\/\/yoast.com\/product\/yoast-seo-wordpress\/ -->\n<title>Pokyny pro YouTube<\/title>\n<meta name=\"description\" content=\"Zde najdete pokyny pro va\u0161e kampan\u011b na YouTube\" \/>\n<meta name=\"robots\" content=\"index, follow, max-snippet:-1, max-image-preview:large, max-video-preview:-1\" \/>\n<link rel=\"canonical\" href=\"https:\/\/etoropartners.com\/cs\/youtube-guidelines\/\" \/>\n<meta property=\"og:locale\" content=\"cs_CZ\" \/>\n<meta property=\"og:type\" content=\"article\" \/>\n<meta property=\"og:title\" content=\"Pokyny pro YouTube\" \/>\n<meta property=\"og:description\" content=\"Zde najdete pokyny pro va\u0161e kampan\u011b na YouTube\" \/>\n<meta property=\"og:url\" content=\"https:\/\/etoropartners.com\/cs\/youtube-guidelines\/\" \/>\n<meta property=\"og:site_name\" content=\"eToro Partners\" \/>\n<meta property=\"article:modified_time\" content=\"2026-02-02T11:01:08+00:00\" \/>\n<meta property=\"og:image\" content=\"https:\/\/etoropartners.com\/wp-content\/uploads\/2026\/01\/4301-12.10.25-eToro-Affiliate-Program-Influencer-compliance-guide-Header-1600x400px-V2.jpg\" \/>\n\t<meta property=\"og:image:width\" content=\"1600\" \/>\n\t<meta property=\"og:image:height\" content=\"400\" \/>\n\t<meta property=\"og:image:type\" content=\"image\/jpeg\" \/>\n<meta name=\"twitter:card\" content=\"summary_large_image\" \/>\n<meta name=\"twitter:label1\" content=\"Odhadovan\u00e1 doba \u010dten\u00ed\" \/>\n\t<meta name=\"twitter:data1\" content=\"4 minuty\" \/>\n<script type=\"application\/ld+json\" class=\"yoast-schema-graph\">{\"@context\":\"https:\\\/\\\/schema.org\",\"@graph\":[{\"@type\":\"WebPage\",\"@id\":\"https:\\\/\\\/etoropartners.com\\\/cs\\\/youtube-guidelines\\\/\",\"url\":\"https:\\\/\\\/etoropartners.com\\\/cs\\\/youtube-guidelines\\\/\",\"name\":\"Pokyny pro YouTube\",\"isPartOf\":{\"@id\":\"https:\\\/\\\/etoropartners.com\\\/cs\\\/#website\"},\"primaryImageOfPage\":{\"@id\":\"https:\\\/\\\/etoropartners.com\\\/cs\\\/youtube-guidelines\\\/#primaryimage\"},\"image\":{\"@id\":\"https:\\\/\\\/etoropartners.com\\\/cs\\\/youtube-guidelines\\\/#primaryimage\"},\"thumbnailUrl\":\"https:\\\/\\\/etoropartners.com\\\/wp-content\\\/uploads\\\/2026\\\/01\\\/4301-12.10.25-eToro-Affiliate-Program-Influencer-compliance-guide-Header-1600x400px-V2-1024x256.jpg\",\"datePublished\":\"2024-05-22T11:20:48+00:00\",\"dateModified\":\"2026-02-02T11:01:08+00:00\",\"description\":\"Zde najdete pokyny pro va\u0161e kampan\u011b na YouTube\",\"breadcrumb\":{\"@id\":\"https:\\\/\\\/etoropartners.com\\\/cs\\\/youtube-guidelines\\\/#breadcrumb\"},\"inLanguage\":\"cs\",\"potentialAction\":[{\"@type\":\"ReadAction\",\"target\":[\"https:\\\/\\\/etoropartners.com\\\/cs\\\/youtube-guidelines\\\/\"]}]},{\"@type\":\"ImageObject\",\"inLanguage\":\"cs\",\"@id\":\"https:\\\/\\\/etoropartners.com\\\/cs\\\/youtube-guidelines\\\/#primaryimage\",\"url\":\"https:\\\/\\\/etoropartners.com\\\/wp-content\\\/uploads\\\/2026\\\/01\\\/4301-12.10.25-eToro-Affiliate-Program-Influencer-compliance-guide-Header-1600x400px-V2-1024x256.jpg\",\"contentUrl\":\"https:\\\/\\\/etoropartners.com\\\/wp-content\\\/uploads\\\/2026\\\/01\\\/4301-12.10.25-eToro-Affiliate-Program-Influencer-compliance-guide-Header-1600x400px-V2-1024x256.jpg\"},{\"@type\":\"BreadcrumbList\",\"@id\":\"https:\\\/\\\/etoropartners.com\\\/cs\\\/youtube-guidelines\\\/#breadcrumb\",\"itemListElement\":[{\"@type\":\"ListItem\",\"position\":1,\"name\":\"Home\",\"item\":\"https:\\\/\\\/etoropartners.wpengine.com\\\/cs\\\/\"},{\"@type\":\"ListItem\",\"position\":2,\"name\":\"Pr\u016fvodce dodr\u017eov\u00e1n\u00edm p\u0159edpis\u016f pro influencery\"}]},{\"@type\":\"WebSite\",\"@id\":\"https:\\\/\\\/etoropartners.com\\\/cs\\\/#website\",\"url\":\"https:\\\/\\\/etoropartners.com\\\/cs\\\/\",\"name\":\"eToro Partners\",\"description\":\"\",\"potentialAction\":[{\"@type\":\"SearchAction\",\"target\":{\"@type\":\"EntryPoint\",\"urlTemplate\":\"https:\\\/\\\/etoropartners.com\\\/cs\\\/?s={search_term_string}\"},\"query-input\":{\"@type\":\"PropertyValueSpecification\",\"valueRequired\":true,\"valueName\":\"search_term_string\"}}],\"inLanguage\":\"cs\"}]}<\/script>\n<!-- \/ Yoast SEO plugin. -->","yoast_head_json":{"title":"Pokyny pro YouTube","description":"Zde najdete pokyny pro va\u0161e kampan\u011b na YouTube","robots":{"index":"index","follow":"follow","max-snippet":"max-snippet:-1","max-image-preview":"max-image-preview:large","max-video-preview":"max-video-preview:-1"},"canonical":"https:\/\/etoropartners.com\/cs\/youtube-guidelines\/","og_locale":"cs_CZ","og_type":"article","og_title":"Pokyny pro YouTube","og_description":"Zde najdete pokyny pro va\u0161e kampan\u011b na YouTube","og_url":"https:\/\/etoropartners.com\/cs\/youtube-guidelines\/","og_site_name":"eToro Partners","article_modified_time":"2026-02-02T11:01:08+00:00","og_image":[{"width":1600,"height":400,"url":"https:\/\/etoropartners.com\/wp-content\/uploads\/2026\/01\/4301-12.10.25-eToro-Affiliate-Program-Influencer-compliance-guide-Header-1600x400px-V2.jpg","type":"image\/jpeg"}],"twitter_card":"summary_large_image","twitter_misc":{"Odhadovan\u00e1 doba \u010dten\u00ed":"4 minuty"},"schema":{"@context":"https:\/\/schema.org","@graph":[{"@type":"WebPage","@id":"https:\/\/etoropartners.com\/cs\/youtube-guidelines\/","url":"https:\/\/etoropartners.com\/cs\/youtube-guidelines\/","name":"Pokyny pro YouTube","isPartOf":{"@id":"https:\/\/etoropartners.com\/cs\/#website"},"primaryImageOfPage":{"@id":"https:\/\/etoropartners.com\/cs\/youtube-guidelines\/#primaryimage"},"image":{"@id":"https:\/\/etoropartners.com\/cs\/youtube-guidelines\/#primaryimage"},"thumbnailUrl":"https:\/\/etoropartners.com\/wp-content\/uploads\/2026\/01\/4301-12.10.25-eToro-Affiliate-Program-Influencer-compliance-guide-Header-1600x400px-V2-1024x256.jpg","datePublished":"2024-05-22T11:20:48+00:00","dateModified":"2026-02-02T11:01:08+00:00","description":"Zde najdete pokyny pro va\u0161e kampan\u011b na YouTube","breadcrumb":{"@id":"https:\/\/etoropartners.com\/cs\/youtube-guidelines\/#breadcrumb"},"inLanguage":"cs","potentialAction":[{"@type":"ReadAction","target":["https:\/\/etoropartners.com\/cs\/youtube-guidelines\/"]}]},{"@type":"ImageObject","inLanguage":"cs","@id":"https:\/\/etoropartners.com\/cs\/youtube-guidelines\/#primaryimage","url":"https:\/\/etoropartners.com\/wp-content\/uploads\/2026\/01\/4301-12.10.25-eToro-Affiliate-Program-Influencer-compliance-guide-Header-1600x400px-V2-1024x256.jpg","contentUrl":"https:\/\/etoropartners.com\/wp-content\/uploads\/2026\/01\/4301-12.10.25-eToro-Affiliate-Program-Influencer-compliance-guide-Header-1600x400px-V2-1024x256.jpg"},{"@type":"BreadcrumbList","@id":"https:\/\/etoropartners.com\/cs\/youtube-guidelines\/#breadcrumb","itemListElement":[{"@type":"ListItem","position":1,"name":"Home","item":"https:\/\/etoropartners.wpengine.com\/cs\/"},{"@type":"ListItem","position":2,"name":"Pr\u016fvodce dodr\u017eov\u00e1n\u00edm p\u0159edpis\u016f pro influencery"}]},{"@type":"WebSite","@id":"https:\/\/etoropartners.com\/cs\/#website","url":"https:\/\/etoropartners.com\/cs\/","name":"eToro Partners","description":"","potentialAction":[{"@type":"SearchAction","target":{"@type":"EntryPoint","urlTemplate":"https:\/\/etoropartners.com\/cs\/?s={search_term_string}"},"query-input":{"@type":"PropertyValueSpecification","valueRequired":true,"valueName":"search_term_string"}}],"inLanguage":"cs"}]}},"_links":{"self":[{"href":"https:\/\/etoropartners.com\/cs\/wp-json\/wp\/v2\/pages\/8618","targetHints":{"allow":["GET"]}}],"collection":[{"href":"https:\/\/etoropartners.com\/cs\/wp-json\/wp\/v2\/pages"}],"about":[{"href":"https:\/\/etoropartners.com\/cs\/wp-json\/wp\/v2\/types\/page"}],"author":[{"embeddable":true,"href":"https:\/\/etoropartners.com\/cs\/wp-json\/wp\/v2\/users\/11"}],"replies":[{"embeddable":true,"href":"https:\/\/etoropartners.com\/cs\/wp-json\/wp\/v2\/comments?post=8618"}],"version-history":[{"count":0,"href":"https:\/\/etoropartners.com\/cs\/wp-json\/wp\/v2\/pages\/8618\/revisions"}],"wp:attachment":[{"href":"https:\/\/etoropartners.com\/cs\/wp-json\/wp\/v2\/media?parent=8618"}],"curies":[{"name":"wp","href":"https:\/\/api.w.org\/{rel}","templated":true}]}}