{"id":8523,"date":"2024-04-25T16:13:17","date_gmt":"2024-04-25T14:13:17","guid":{"rendered":"https:\/\/etoropartners.com\/risk-warnings\/"},"modified":"2025-10-29T15:21:34","modified_gmt":"2025-10-29T13:21:34","slug":"risk-warnings","status":"publish","type":"page","link":"https:\/\/etoropartners.com\/cs\/risk-warnings\/","title":{"rendered":"Upozorn\u011bn\u00ed na rizika"},"content":{"rendered":"\n<p>Platforma eToro spad\u00e1 pod n\u011bkolik subjekt\u016f, kter\u00e9 tvo\u0159\u00ed skupinu eToro Group. Ty jsou \u0159\u00edzeny r\u016fzn\u00fdmi regula\u010dn\u00edmi org\u00e1ny, a proto se li\u0161\u00ed jejich regulatorn\u00ed po\u017eadavky.<\/p>\n\n\n\n<h2 class=\"wp-block-heading\">Seznam zem\u00ed podle kategorie<\/h2>\n\n\n\n<p>Vyhledejte si spr\u00e1vn\u00e9 prohl\u00e1\u0161en\u00ed o vylou\u010den\u00ed odpov\u011bdnosti pro zemi, ve kter\u00e9 eToro propagujete, pomoc\u00ed n\u00ed\u017ee uveden\u00e9ho seznamu zem\u00ed podle kategori\u00ed. V p\u0159\u00edpad\u011b propagace ve v\u00edce zem\u00edch pou\u017eijte v\u0161echna p\u0159\u00edslu\u0161n\u00e1 upozorn\u011bn\u00ed na rizika.<\/p>\n\n\n\n<p>A \u2013 Austr\u00e1lie<\/p>\n\n\n\n<p>B \u2013 Bulharsko, \u010cesk\u00e1 republika, D\u00e1nsko, Estonsko, Finsko, Francie, Francouzsk\u00e1 Guyana, Francouzsk\u00e1 Polyn\u00e9sie, Guadeloupe, Chorvatsko, Irsko, Island, It\u00e1lie, Kypr, Lichten\u0161tejnsko, Litva, Loty\u0161sko, Lucembursko, Ma\u010farsko, Malta, Martinik, Mayotte, N\u011bmecko, Nizozemsko, Norsko, ostrov Reunion, Polsko, Rakousko, \u0158ecko, Rumunsko, Slovensko, Spojen\u00e9 arabsk\u00e9 emir\u00e1ty, \u0160pan\u011blsko, \u0160v\u00e9dsko, \u0160v\u00fdcarsko<\/p>\n\n\n\n<p>C \u2013 Gibraltar, Velk\u00e1 Brit\u00e1nie<\/p>\n\n\n\n<p>D \u2013 Chile, Seychely, Spojen\u00e9 Arabsk\u00e9 Emir\u00e1ty<\/p>\n\n\n\n<h2 class=\"wp-block-heading\">Upozorn\u011bn\u00ed na rizika<\/h2>\n\n\n\n<p>Chcete-li zajistit, aby va\u0161e finan\u010dn\u00ed reklamy spl\u0148ovaly m\u00edstn\u00ed p\u0159edpisy, pou\u017eijte n\u00e1\u0161 widget: zadejte zemi a on ov\u011b\u0159\u00ed povolen\u00ed a vygeneruje po\u017eadovan\u00e1 varov\u00e1n\u00ed p\u0159ed riziky pro ka\u017ed\u00fd n\u00e1stroj.<\/p>\n\n\n\n<div class=\"wp-block-etoro-compliance-regulations-widget\">\n    <div class=\"wp-block-etoro-compliance-regulations-widget-search-block\">\n        <div class=\"wp-block-etoro-compliance-regulations-widget-search-title\"><\/div>\n        <div class=\"wp-block-etoro-compliance-regulations-widget-search-wrapper\">\n            <div id=\"select_overlay\">\n                <div class=\"loader\"><\/div>\n            <\/div>\n            <select id=\"wp-block-etoro-compliance-regulations-widget-search\"\n                    class=\"wp-block-etoro-compliance-regulations-widget-search\" name=\"search\">\n                <option value=\"\" disabled selected>Country<\/option>\n            <\/select>\n        <\/div>\n        <p id=\"wp-block-etoro-compliance-regulations-widget-restrictions\"\n            class=\"wp-block-etoro-compliance-regulations-widget-restrictions\"><\/p>\n    <\/div>\n    <div id=\"wp-block-etoro-compliance-regulations-widget-items-wrapper\" class=\"wp-block-etoro-compliance-regulations-widget-items-wrapper\"><\/div>\n<\/div>\n\n\n<hr class=\"wp-block-separator wp-block-separator-color-dark-grey wp-block-separator-spaces-medium wp-block-separator-weight-1\"\/>\n\n\n\n<figure class=\"wp-block-table\"><div class=\"wp-block-table-content\"><div class=\"wp-block-table-content-nav wp-block-table-content-nav-left\"><div class=\"wp-block-table-content-nav-arrow wp-block-table-content-nav-arrow-left\"><\/div><\/div><div class=\"wp-block-table-content-nav wp-block-table-content-nav-right\"><div class=\"wp-block-table-content-nav-arrow wp-block-table-content-nav-arrow-right\"><\/div><\/div><div class=\"wp-block-table-content-table\"><table><thead><tr><th><strong>Produkt<\/strong><\/th><th>A<\/th><th>B<\/th><th>C<\/th><th>D<\/th><\/tr><\/thead><tbody><tr><td>Obecn\u00fd (virtu\u00e1ln\u00ed platforma, demo \u00fa\u010det, akademie)<\/td><td>eToro AUS Capital Limited AFSL 491139. eToro je investi\u010dn\u00ed platforma pro v\u00edce aktiv. Hodnota va\u0161ich investic m\u016f\u017ee r\u016fst nebo klesat. V\u00e1\u0161 kapit\u00e1l je ohro\u017een. Viz <a href=\"https:\/\/www.etoro.com\/cs-cz\/customer-service\/terms-conditions\/\">PDS<\/a> a <a href=\"https:\/\/www.etoro.com\/cs-cz\/customer-service\/regulation-license\/aus-risk-warning\/\">TMD<\/a><\/td><td>eToro je investi\u010dn\u00ed platforma pro v\u00edce aktiv. Hodnota va\u0161ich investic m\u016f\u017ee r\u016fst nebo klesat. V\u00e1\u0161 kapit\u00e1l je ohro\u017een.<\/td><td>eToro je investi\u010dn\u00ed platforma pro v\u00edce aktiv. Hodnota va\u0161ich investic m\u016f\u017ee r\u016fst nebo klesat. V\u00e1\u0161 kapit\u00e1l je ohro\u017een.<\/td><td>eToro je investi\u010dn\u00ed platforma pro v\u00edce aktiv. Hodnota va\u0161ich investic m\u016f\u017ee r\u016fst nebo klesat. V\u00e1\u0161 kapit\u00e1l je ohro\u017een.<\/td><\/tr><tr><td>Akcie a ETF<\/td><td>eToro Service ARSN 637 489 466 Kapit\u00e1l v ohro\u017een\u00ed. Viz <a href=\"https:\/\/www.etoro.com\/cs-cz\/customer-service\/terms-conditions\/\">PDS<\/a> a <a href=\"https:\/\/www.etoro.com\/cs-cz\/customer-service\/regulation-license\/aus-risk-warning\/\">TMD<\/a><\/td><td>V\u00e1\u0161 kapit\u00e1l je ohro\u017een.<\/td><td>V\u00e1\u0161 kapit\u00e1l je ohro\u017een.<\/td><td>V\u00e1\u0161 kapit\u00e1l je ohro\u017een.<\/td><\/tr><tr><td>Nulov\u00e1 provize u akci\u00ed a ETF<\/td><td>Nen\u00ed k dispozici<\/td><td>Nen\u00ed k dispozici.<\/td><td>Nulov\u00e1 provize znamen\u00e1, \u017ee p\u0159i otev\u0159en\u00ed nebo uzav\u0159en\u00ed pozice nen\u00ed \u00fa\u010dtov\u00e1n \u017e\u00e1dn\u00fd brokersk\u00fd poplatek a nevztahuje se na kr\u00e1tk\u00e9 nebo p\u00e1kov\u00e9 pozice. Uplat\u0148uj\u00ed se ostatn\u00ed poplatky, v\u010detn\u011b poplatk\u016f za vklad a v\u00fdb\u011br v jin\u00e9 m\u011bn\u011b ne\u017e USD. V\u00e1\u0161 kapit\u00e1l je ohro\u017een.<\/td><td>Nen\u00ed k dispozici.<\/td><\/tr><tr><td>Nulov\u00e1 provize u akci\u00ed a ETF (zkr\u00e1cen\u00e1 verze pro tla\u010d\u00edtka)<\/td><td>Nen\u00ed k dispozici<\/td><td>Nen\u00ed k dispozici.<\/td><td>V\u00e1\u0161 kapit\u00e1l je ohro\u017een. Uplat\u0148uj\u00ed se ostatn\u00ed poplatky.<\/td><td>Nen\u00ed k dispozici.<\/td><\/tr><tr><td>CFD* (komodity, m\u011bny, indexy, p\u00e1kov\u00fd efekt, kr\u00e1tk\u00e9 pozice, krypto CFD, akciov\u00e9 CFD)<\/td><td>AFSL 491139. Kapit\u00e1l v ohro\u017een\u00ed. Viz <a href=\"https:\/\/www.etoro.com\/cs-cz\/customer-service\/terms-conditions\/\">PDS<\/a> a <a href=\"https:\/\/www.etoro.com\/cs-cz\/customer-service\/regulation-license\/aus-risk-warning\/\">TMD<\/a><\/td><td>CFD jsou komplexn\u00ed n\u00e1stroje a je s nimi spojeno vysok\u00e9 riziko rychl\u00e9 ztr\u00e1ty pen\u011bz v d\u016fsledku p\u00e1kov\u00e9ho efektu. <strong>xx % \u00fa\u010dt\u016f drobn\u00fdch investor\u016f p\u0159i obchodov\u00e1n\u00ed s CFD u tohoto poskytovatele p\u0159ich\u00e1z\u00ed o pen\u00edze.<\/strong> M\u011bli byste zv\u00e1\u017eit, zda rozum\u00edte tomu, jak CFD funguj\u00ed a zda si m\u016f\u017eete dovolit podstoupit vysok\u00e9 riziko ztr\u00e1ty pen\u011bz.<\/td><td>CFD jsou komplexn\u00ed n\u00e1stroje a je s nimi spojeno vysok\u00e9 riziko rychl\u00e9 ztr\u00e1ty pen\u011bz v d\u016fsledku p\u00e1kov\u00e9ho efektu. <strong>xx % \u00fa\u010dt\u016f drobn\u00fdch investor\u016f p\u0159i obchodov\u00e1n\u00ed s CFD u tohoto poskytovatele p\u0159ich\u00e1z\u00ed o pen\u00edze.<\/strong> M\u011bli byste zv\u00e1\u017eit, zda rozum\u00edte tomu, jak CFD funguj\u00ed a zda si m\u016f\u017eete dovolit podstoupit vysok\u00e9 riziko ztr\u00e1ty pen\u011bz.<\/td><td>CFD jsou komplexn\u00ed n\u00e1stroje a je s nimi spojeno vysok\u00e9 riziko rychl\u00e9 ztr\u00e1ty pen\u011bz v d\u016fsledku p\u00e1kov\u00e9ho efektu. <strong>xx % \u00fa\u010dt\u016f drobn\u00fdch investor\u016f p\u0159i obchodov\u00e1n\u00ed s CFD u tohoto poskytovatele p\u0159ich\u00e1z\u00ed o pen\u00edze.<\/strong> M\u011bli byste zv\u00e1\u017eit, zda rozum\u00edte tomu, jak CFD funguj\u00ed a zda si m\u016f\u017eete dovolit podstoupit vysok\u00e9 riziko ztr\u00e1ty pen\u011bz.<\/td><\/tr><tr><td>CFD* (komodity, m\u011bny, indexy, p\u00e1kov\u00fd efekt, kr\u00e1tk\u00e9 pozice, krypto CFD, akciov\u00e9 CFD)<\/td><td>Kapit\u00e1l v ohro\u017een\u00ed. Viz <a href=\"https:\/\/www.etoro.com\/cs-cz\/customer-service\/terms-conditions\/\">PDS<\/a> a <a href=\"https:\/\/www.etoro.com\/cs-cz\/customer-service\/regulation-license\/aus-risk-warning\/\">TMD<\/a><\/td><td><strong><strong>xx % CFD \u00fa\u010dt\u016f drobn\u00fdch investor\u016f p\u0159ich\u00e1z\u00ed o pen\u00edze<\/strong><\/strong><\/td><td><strong><strong>xx % CFD \u00fa\u010dt\u016f drobn\u00fdch investor\u016f p\u0159ich\u00e1z\u00ed o pen\u00edze<\/strong><\/strong><\/td><td><strong><strong>xx % CFD \u00fa\u010dt\u016f drobn\u00fdch investor\u016f p\u0159ich\u00e1z\u00ed o pen\u00edze<\/strong><\/strong><\/td><\/tr><tr><td>Krypto<\/td><td>Kryptoaktiva jsou neregulovan\u00e1 a <a href=\"https:\/\/www.etoro.com\/cs-cz\/customer-service\/regulation-license\/aus-risk-warning\/\">vysoce spekulativn\u00ed<\/a>. \u017d\u00e1dn\u00e1 ochrana spot\u0159ebitele. Kapit\u00e1l v ohro\u017een\u00ed.<\/td><td>Kryptom\u011bnov\u00e9 investice jsou rizikov\u00e9 a nemus\u00ed b\u00fdt vhodn\u00e9 pro retailov\u00e9 investory, m\u016f\u017eete p\u0159ij\u00edt o celou svou investici. Seznamte se s riziky <a href=\"https:\/\/etoro.tw\/3PI44nZ\">zde<\/a>.<\/td><td>Neinvestujte, pokud nejste p\u0159ipraveni p\u0159ij\u00edt o ve\u0161ker\u00e9 investovan\u00e9 pen\u00edze. Jedn\u00e1 se o vysoce rizikovou investici a nem\u011bli byste o\u010dek\u00e1vat, \u017ee budete chr\u00e1n\u011bni, pokud se n\u011bco nepovede. <a href=\"https:\/\/www.etoro.com\/cs-cz\/customer-service\/terms-conditions\/trading-restriction\/\">V\u011bnujte 2 minuty tomu, abyste se dozv\u011bd\u011bli v\u00edce<\/a>.<\/td><td>Kryptoaktiva jsou vysoce volatiln\u00ed a na Seychel\u00e1ch neregulovan\u00e1. \u017d\u00e1dn\u00e1 ochrana spot\u0159ebitele. Na zisky se m\u016f\u017ee vztahovat da\u0148.<\/td><\/tr><tr><td>Kop\u00edrov\u00e1n\u00ed\/smartportfolia\/popul\u00e1rn\u00ed investo\u0159i<\/td><td>AFSL 491139. Kapit\u00e1l v ohro\u017een\u00ed. Viz <a href=\"https:\/\/www.etoro.com\/cs-cz\/customer-service\/terms-conditions\/\">PDS<\/a> a <a href=\"https:\/\/www.etoro.com\/cs-cz\/customer-service\/regulation-license\/aus-risk-warning\/\">TMD<\/a><\/td><td>Copy Trading nen\u00ed investi\u010dn\u00edm poradenstv\u00edm. Hodnota va\u0161ich investic m\u016f\u017ee r\u016fst nebo klesat. V\u00e1\u0161 kapit\u00e1l je ohro\u017een.<\/td><td>Copy Trading nen\u00ed investi\u010dn\u00edm poradenstv\u00edm. Hodnota va\u0161ich investic m\u016f\u017ee r\u016fst nebo klesat. V\u00e1\u0161 kapit\u00e1l je ohro\u017een.<\/td><td>Copy Trading nen\u00ed investi\u010dn\u00edm poradenstv\u00edm. Hodnota va\u0161ich investic m\u016f\u017ee r\u016fst nebo klesat. V\u00e1\u0161 kapit\u00e1l je ohro\u017een.<\/td><\/tr><tr><td>Soci\u00e1ln\u00ed s\u00edt\u011b<\/td><td>Lze vybrat z n\u00ed\u017ee uveden\u00fdch mo\u017enost\u00ed:<br>Pokud se zaregistrujete pomoc\u00ed m\u00e9ho odkazu, z\u00edsk\u00e1m provizi.<br>Sponzorov\u00e1no eToro<br>#reklama<br>#eToroAffiliate<br><\/td><td>Lze vybrat z n\u00ed\u017ee uveden\u00fdch mo\u017enost\u00ed:<br>Pokud se zaregistrujete pomoc\u00ed m\u00e9ho odkazu, z\u00edsk\u00e1m provizi.<br>Sponzorov\u00e1no eToro<br>#reklama<br>#eToroAffiliate<br><\/td><td>Lze vybrat z n\u00ed\u017ee uveden\u00fdch mo\u017enost\u00ed:<br>Pokud se zaregistrujete pomoc\u00ed m\u00e9ho odkazu, z\u00edsk\u00e1m provizi.<br>Sponzorov\u00e1no eToro<br>#reklama<br>#eToroAffiliate<br><\/td><td>Lze vybrat z n\u00ed\u017ee uveden\u00fdch mo\u017enost\u00ed:<br>Pokud se zaregistrujete pomoc\u00ed m\u00e9ho odkazu, z\u00edsk\u00e1m provizi.<br>Sponzorov\u00e1no eToro<br>#reklama<br>#eToroAffiliate<br><\/td><\/tr><\/tbody><\/table><\/div><\/div><\/figure>\n\n\n\n<p>* P\u0159i propagaci CFD doporu\u010dujeme pou\u017e\u00edvat n\u00e1stroj \u201e<a href=\"https:\/\/etoropartners.com\/wp-content\/uploads\/2024\/05\/Dynamic-disclaimer-percent-tool.pdf\">dynamic disclaimer percent tool<\/a>\u201c, d\u00edky kter\u00e9mu se procentu\u00e1ln\u00ed \u00fadaj bude ka\u017ed\u00e9 \u010dtvrtlet\u00ed automaticky aktualizovat.<\/p>\n\n\n\n<hr class=\"wp-block-separator wp-block-separator-color-dark-grey wp-block-separator-spaces-medium wp-block-separator-weight-1\"\/>\n\n\n\n<h2 class=\"wp-block-heading is-style-heading-2\">Countries with specific risk warnings<\/h2>\n\n\n\n<figure class=\"wp-block-table\"><div class=\"wp-block-table-content\"><div class=\"wp-block-table-content-nav wp-block-table-content-nav-left\"><div class=\"wp-block-table-content-nav-arrow wp-block-table-content-nav-arrow-left\"><\/div><\/div><div class=\"wp-block-table-content-nav wp-block-table-content-nav-right\"><div class=\"wp-block-table-content-nav-arrow wp-block-table-content-nav-arrow-right\"><\/div><\/div><div class=\"wp-block-table-content-table\"><table><thead><tr><th><strong>Zem\u011b<\/strong><\/th><th><strong>Produkt<\/strong><\/th><th><strong>Kr\u00e1tk\u00e1 verze (tla\u010d\u00edtka, CTA)<\/strong><\/th><th><strong>Dlouh\u00e1 verze (\u010dl\u00e1nky)<\/strong><\/th><\/tr><\/thead><tbody><tr><td>\u0160pan\u011blsko<\/td><td>Krypto, vylou\u010den\u00ed odpov\u011bdnosti<\/td><td>Je d\u016fle\u017eit\u00e9 si p\u0159e\u010d\u00edst a pochopit rizika t\u00e9to investice, kter\u00e1 jsou podrobn\u011b vysv\u011btlena na <a href=\"https:\/\/www.etoro.com\/customer-service\/regulation-license\/es-risk-warning\/\">t\u00e9to str\u00e1nce<\/a>.<\/td><td>Investice do kryptoaktiv nejsou regulov\u00e1ny. Nemus\u00ed b\u00fdt vhodn\u00e9 pro drobn\u00e9 investory a m\u016f\u017ee doj\u00edt ke ztr\u00e1t\u011b cel\u00e9 investovan\u00e9 \u010d\u00e1stky. Je d\u016fle\u017eit\u00e9 si p\u0159e\u010d\u00edst a pochopit rizika t\u00e9to investice, kter\u00e1 jsou podrobn\u011b vysv\u011btlena na <a href=\"https:\/\/www.etoro.com\/customer-service\/regulation-license\/es-risk-warning\/\">t\u00e9to str\u00e1nce<\/a>.<\/td><\/tr><tr><td>Francie<\/td><td>Re\u00e1ln\u00e9 krypto<\/td><td>Investov\u00e1n\u00ed do kryptoaktiv nab\u00edz\u00ed eToro (Europe) Ltd jako DASP registrovan\u00fd u AMF. Investov\u00e1n\u00ed do kryptoaktiv je vysoce volatiln\u00ed. \u017d\u00e1dn\u00e1 ochrana spot\u0159ebitele.<\/td><td>Investov\u00e1n\u00ed do kryptoaktiv a jejich \u00faschovu nab\u00edz\u00ed eToro (Europe) Ltd jako poskytovatel slu\u017eeb v oblasti digit\u00e1ln\u00edch aktiv registrovan\u00fd u AMF. Investov\u00e1n\u00ed do kryptoaktiv je vysoce volatiln\u00ed. \u017d\u00e1dn\u00e1 ochrana spot\u0159ebitele. Na zisky se m\u016f\u017ee vztahovat da\u0148.<\/td><\/tr><tr><td>Francie<\/td><td>CFD produkty<\/td><td><strong>xx % CFD \u00fa\u010dt\u016f drobn\u00fdch investor\u016f p\u0159ich\u00e1z\u00ed o pen\u00edze.<\/strong> Nikdy neztrat\u00edte v\u00edce, ne\u017e kolik jste do dan\u00e9 pozice investovali.<\/td><td><strong>xx % \u00fa\u010dt\u016f drobn\u00fdch investor\u016f p\u0159i obchodov\u00e1n\u00ed s CFD u tohoto poskytovatele p\u0159ich\u00e1z\u00ed o pen\u00edze.<\/strong> M\u011bli byste zv\u00e1\u017eit, zda rozum\u00edte tomu, jak CFD funguj\u00ed a zda si m\u016f\u017eete dovolit podstoupit vysok\u00e9 riziko ztr\u00e1ty pen\u011bz. Nikdy neztrat\u00edte v\u00edce, ne\u017e kolik jste do dan\u00e9 pozice investovali.<\/td><\/tr><tr><td>\u0160v\u00fdcarsko<\/td><td>Akcie (bez re\u00e1ln\u00fdch ETF)<\/td><td>Toto je reklama na finan\u010dn\u00ed slu\u017eby nab\u00edzen\u00e9 spole\u010dnost\u00ed eToro ve smyslu \u0161v\u00fdcarsk\u00e9ho z\u00e1kona Financial Services Act. Nejedn\u00e1 se o investi\u010dn\u00ed poradenstv\u00ed.<\/td><td>Toto sd\u011blen\u00ed a informace v n\u011bm uveden\u00e9 jsou v\u00fdhradn\u011b reklamou na finan\u010dn\u00ed slu\u017eby nab\u00edzen\u00e9 spole\u010dnost\u00ed eToro ve smyslu \u010dl. 68 \u0161v\u00fdcarsk\u00e9ho z\u00e1kona Financial Services Act a jeho prov\u00e1d\u011bc\u00ed vyhl\u00e1\u0161ky a nep\u0159edstavuj\u00ed investi\u010dn\u00ed poradenstv\u00ed.<br>V\u00e1\u0161 kapit\u00e1l je ohro\u017een. Uplat\u0148uj\u00ed se ostatn\u00ed poplatky. Dal\u0161\u00ed informace naleznete na <a href=\"http:\/\/www.etoro.com\/cs-cz\/trading\/fees\/\">www.etoro.com\/cs-cz\/trading\/fees\/<\/a><\/td><\/tr><tr><td>\u0160v\u00fdcarsko<\/td><td>Krypto + Krypto portfolia<\/td><td>Investov\u00e1n\u00ed do kryptoaktiv nen\u00ed v n\u011bkter\u00fdch zem\u00edch EU a ve Velk\u00e9 Brit\u00e1nii regulov\u00e1no. \u017d\u00e1dn\u00e1 ochrana spot\u0159ebitele. V\u00e1\u0161 kapit\u00e1l je ohro\u017een.<br>Toto je reklama na finan\u010dn\u00ed slu\u017eby nab\u00edzen\u00e9 spole\u010dnost\u00ed eToro ve smyslu \u0161v\u00fdcarsk\u00e9ho z\u00e1kona Financial Services Act. Nejedn\u00e1 se o investi\u010dn\u00ed poradenstv\u00ed<br><\/td><td>Investov\u00e1n\u00ed do kryptoaktiv nen\u00ed v n\u011bkter\u00fdch zem\u00edch EU a ve Velk\u00e9 Brit\u00e1nii regulov\u00e1no. \u017d\u00e1dn\u00e1 ochrana spot\u0159ebitele. V\u00e1\u0161 kapit\u00e1l je ohro\u017een.<br>Toto je reklama na finan\u010dn\u00ed slu\u017eby nab\u00edzen\u00e9 spole\u010dnost\u00ed eToro ve smyslu \u0161v\u00fdcarsk\u00e9ho z\u00e1kona Financial Services Act. Nejedn\u00e1 se o investi\u010dn\u00ed poradenstv\u00ed<br><\/td><\/tr><tr><td>\u0160v\u00fdcarsko<\/td><td>Akciov\u00e1 smartportfolia<\/td><td>Copy Trading nen\u00ed investi\u010dn\u00edm poradenstv\u00edm. Hodnota va\u0161ich investic m\u016f\u017ee r\u016fst nebo klesat. V\u00e1\u0161 kapit\u00e1l je ohro\u017een.<br>Toto je reklama na finan\u010dn\u00ed slu\u017eby nab\u00edzen\u00e9 spole\u010dnost\u00ed eToro ve smyslu \u0161v\u00fdcarsk\u00e9ho z\u00e1kona Financial Services Act. Nejedn\u00e1 se o investi\u010dn\u00ed poradenstv\u00ed.<br><\/td><td>Copy Trading nen\u00ed investi\u010dn\u00edm poradenstv\u00edm. Hodnota va\u0161ich investic m\u016f\u017ee r\u016fst nebo klesat. V\u00e1\u0161 kapit\u00e1l je ohro\u017een.<br>Toto je reklama na finan\u010dn\u00ed slu\u017eby nab\u00edzen\u00e9 spole\u010dnost\u00ed eToro ve smyslu \u0161v\u00fdcarsk\u00e9ho z\u00e1kona Financial Services Act. Nejedn\u00e1 se o investi\u010dn\u00ed poradenstv\u00ed.<\/td><\/tr><\/tbody><\/table><\/div><\/div><\/figure>\n","protected":false},"excerpt":{"rendered":"<p>Platforma eToro spad\u00e1 pod n\u011bkolik subjekt\u016f, kter\u00e9 tvo\u0159\u00ed skupinu eToro Group. Ty jsou \u0159\u00edzeny r\u016fzn\u00fdmi regula\u010dn\u00edmi org\u00e1ny, a proto se li\u0161\u00ed jejich regulatorn\u00ed po\u017eadavky. Seznam zem\u00ed podle kategorie Vyhledejte si spr\u00e1vn\u00e9 prohl\u00e1\u0161en\u00ed o vylou\u010den\u00ed odpov\u011bdnosti pro zemi, ve kter\u00e9 eToro propagujete, pomoc\u00ed n\u00ed\u017ee uveden\u00e9ho seznamu zem\u00ed podle kategori\u00ed. V p\u0159\u00edpad\u011b propagace ve v\u00edce zem\u00edch pou\u017eijte [&hellip;]<\/p>\n","protected":false},"author":4,"featured_media":0,"parent":0,"menu_order":0,"comment_status":"closed","ping_status":"closed","template":"","meta":{"_acf_changed":false,"sticky_cta_settings":"","footnotes":""},"class_list":["post-8523","page","type-page","status-publish","hentry"],"acf":[],"yoast_head":"<!-- This site is optimized with the Yoast SEO plugin v27.3 - https:\/\/yoast.com\/product\/yoast-seo-wordpress\/ -->\n<title>Upozorn\u011bn\u00ed na rizika<\/title>\n<meta name=\"description\" content=\"Zde najdete p\u0159ehled upozorn\u011bn\u00ed na rizika pro jednotliv\u00e9 produkty a kategorie\" \/>\n<meta name=\"robots\" content=\"index, follow, max-snippet:-1, max-image-preview:large, max-video-preview:-1\" \/>\n<link rel=\"canonical\" href=\"https:\/\/etoropartners.com\/cs\/risk-warnings\/\" \/>\n<meta property=\"og:locale\" content=\"cs_CZ\" \/>\n<meta property=\"og:type\" content=\"article\" \/>\n<meta property=\"og:title\" content=\"Upozorn\u011bn\u00ed na rizika\" \/>\n<meta property=\"og:description\" content=\"Zde najdete p\u0159ehled upozorn\u011bn\u00ed na rizika pro jednotliv\u00e9 produkty a kategorie\" \/>\n<meta property=\"og:url\" content=\"https:\/\/etoropartners.com\/cs\/risk-warnings\/\" \/>\n<meta property=\"og:site_name\" content=\"eToro Partners\" \/>\n<meta property=\"article:modified_time\" content=\"2025-10-29T13:21:34+00:00\" \/>\n<meta name=\"twitter:card\" content=\"summary_large_image\" \/>\n<meta name=\"twitter:label1\" content=\"Odhadovan\u00e1 doba \u010dten\u00ed\" \/>\n\t<meta name=\"twitter:data1\" content=\"6 minut\" \/>\n<script type=\"application\/ld+json\" class=\"yoast-schema-graph\">{\"@context\":\"https:\\\/\\\/schema.org\",\"@graph\":[{\"@type\":\"WebPage\",\"@id\":\"https:\\\/\\\/etoropartners.com\\\/cs\\\/risk-warnings\\\/\",\"url\":\"https:\\\/\\\/etoropartners.com\\\/cs\\\/risk-warnings\\\/\",\"name\":\"Upozorn\u011bn\u00ed na rizika\",\"isPartOf\":{\"@id\":\"https:\\\/\\\/etoropartners.com\\\/cs\\\/#website\"},\"datePublished\":\"2024-04-25T14:13:17+00:00\",\"dateModified\":\"2025-10-29T13:21:34+00:00\",\"description\":\"Zde najdete p\u0159ehled upozorn\u011bn\u00ed na rizika pro jednotliv\u00e9 produkty a kategorie\",\"breadcrumb\":{\"@id\":\"https:\\\/\\\/etoropartners.com\\\/cs\\\/risk-warnings\\\/#breadcrumb\"},\"inLanguage\":\"cs\",\"potentialAction\":[{\"@type\":\"ReadAction\",\"target\":[\"https:\\\/\\\/etoropartners.com\\\/cs\\\/risk-warnings\\\/\"]}]},{\"@type\":\"BreadcrumbList\",\"@id\":\"https:\\\/\\\/etoropartners.com\\\/cs\\\/risk-warnings\\\/#breadcrumb\",\"itemListElement\":[{\"@type\":\"ListItem\",\"position\":1,\"name\":\"Home\",\"item\":\"https:\\\/\\\/etoropartners.wpengine.com\\\/cs\\\/\"},{\"@type\":\"ListItem\",\"position\":2,\"name\":\"Upozorn\u011bn\u00ed na rizika\"}]},{\"@type\":\"WebSite\",\"@id\":\"https:\\\/\\\/etoropartners.com\\\/cs\\\/#website\",\"url\":\"https:\\\/\\\/etoropartners.com\\\/cs\\\/\",\"name\":\"eToro Partners\",\"description\":\"\",\"potentialAction\":[{\"@type\":\"SearchAction\",\"target\":{\"@type\":\"EntryPoint\",\"urlTemplate\":\"https:\\\/\\\/etoropartners.com\\\/cs\\\/?s={search_term_string}\"},\"query-input\":{\"@type\":\"PropertyValueSpecification\",\"valueRequired\":true,\"valueName\":\"search_term_string\"}}],\"inLanguage\":\"cs\"}]}<\/script>\n<!-- \/ Yoast SEO plugin. -->","yoast_head_json":{"title":"Upozorn\u011bn\u00ed na rizika","description":"Zde najdete p\u0159ehled upozorn\u011bn\u00ed na rizika pro jednotliv\u00e9 produkty a kategorie","robots":{"index":"index","follow":"follow","max-snippet":"max-snippet:-1","max-image-preview":"max-image-preview:large","max-video-preview":"max-video-preview:-1"},"canonical":"https:\/\/etoropartners.com\/cs\/risk-warnings\/","og_locale":"cs_CZ","og_type":"article","og_title":"Upozorn\u011bn\u00ed na rizika","og_description":"Zde najdete p\u0159ehled upozorn\u011bn\u00ed na rizika pro jednotliv\u00e9 produkty a kategorie","og_url":"https:\/\/etoropartners.com\/cs\/risk-warnings\/","og_site_name":"eToro Partners","article_modified_time":"2025-10-29T13:21:34+00:00","twitter_card":"summary_large_image","twitter_misc":{"Odhadovan\u00e1 doba \u010dten\u00ed":"6 minut"},"schema":{"@context":"https:\/\/schema.org","@graph":[{"@type":"WebPage","@id":"https:\/\/etoropartners.com\/cs\/risk-warnings\/","url":"https:\/\/etoropartners.com\/cs\/risk-warnings\/","name":"Upozorn\u011bn\u00ed na rizika","isPartOf":{"@id":"https:\/\/etoropartners.com\/cs\/#website"},"datePublished":"2024-04-25T14:13:17+00:00","dateModified":"2025-10-29T13:21:34+00:00","description":"Zde najdete p\u0159ehled upozorn\u011bn\u00ed na rizika pro jednotliv\u00e9 produkty a kategorie","breadcrumb":{"@id":"https:\/\/etoropartners.com\/cs\/risk-warnings\/#breadcrumb"},"inLanguage":"cs","potentialAction":[{"@type":"ReadAction","target":["https:\/\/etoropartners.com\/cs\/risk-warnings\/"]}]},{"@type":"BreadcrumbList","@id":"https:\/\/etoropartners.com\/cs\/risk-warnings\/#breadcrumb","itemListElement":[{"@type":"ListItem","position":1,"name":"Home","item":"https:\/\/etoropartners.wpengine.com\/cs\/"},{"@type":"ListItem","position":2,"name":"Upozorn\u011bn\u00ed na rizika"}]},{"@type":"WebSite","@id":"https:\/\/etoropartners.com\/cs\/#website","url":"https:\/\/etoropartners.com\/cs\/","name":"eToro Partners","description":"","potentialAction":[{"@type":"SearchAction","target":{"@type":"EntryPoint","urlTemplate":"https:\/\/etoropartners.com\/cs\/?s={search_term_string}"},"query-input":{"@type":"PropertyValueSpecification","valueRequired":true,"valueName":"search_term_string"}}],"inLanguage":"cs"}]}},"_links":{"self":[{"href":"https:\/\/etoropartners.com\/cs\/wp-json\/wp\/v2\/pages\/8523","targetHints":{"allow":["GET"]}}],"collection":[{"href":"https:\/\/etoropartners.com\/cs\/wp-json\/wp\/v2\/pages"}],"about":[{"href":"https:\/\/etoropartners.com\/cs\/wp-json\/wp\/v2\/types\/page"}],"author":[{"embeddable":true,"href":"https:\/\/etoropartners.com\/cs\/wp-json\/wp\/v2\/users\/4"}],"replies":[{"embeddable":true,"href":"https:\/\/etoropartners.com\/cs\/wp-json\/wp\/v2\/comments?post=8523"}],"version-history":[{"count":0,"href":"https:\/\/etoropartners.com\/cs\/wp-json\/wp\/v2\/pages\/8523\/revisions"}],"wp:attachment":[{"href":"https:\/\/etoropartners.com\/cs\/wp-json\/wp\/v2\/media?parent=8523"}],"curies":[{"name":"wp","href":"https:\/\/api.w.org\/{rel}","templated":true}]}}