{"id":2879,"date":"2021-11-23T10:37:10","date_gmt":"2021-11-23T10:37:10","guid":{"rendered":"https:\/\/etoropartners.wpengine.com\/find-out-more\/"},"modified":"2023-05-24T12:04:20","modified_gmt":"2023-05-24T10:04:20","slug":"find-out-more","status":"publish","type":"page","link":"https:\/\/etoropartners.com\/cs\/find-out-more\/","title":{"rendered":"Find out more"},"content":{"rendered":"","protected":false},"excerpt":{"rendered":"","protected":false},"author":5,"featured_media":0,"parent":0,"menu_order":0,"comment_status":"closed","ping_status":"closed","template":"","meta":{"_acf_changed":false,"sticky_cta_settings":"","footnotes":""},"class_list":["post-2879","page","type-page","status-publish","hentry"],"acf":[],"yoast_head":"<!-- This site is optimized with the Yoast SEO plugin v27.3 - https:\/\/yoast.com\/product\/yoast-seo-wordpress\/ -->\n<title>Zjist\u011bte v\u00edce o programu eToro Partners<\/title>\n<meta name=\"description\" content=\"\u010c\u00edm v\u00edce informac\u00ed o eToro budete m\u00edt, t\u00edm l\u00e9pe budete p\u0159ipraveni vytv\u00e1\u0159et kvalitn\u00ed kampan\u011b.\" \/>\n<meta name=\"robots\" content=\"index, follow, max-snippet:-1, max-image-preview:large, max-video-preview:-1\" \/>\n<link rel=\"canonical\" href=\"https:\/\/etoropartners.com\/cs\/find-out-more\/\" \/>\n<meta property=\"og:locale\" content=\"cs_CZ\" \/>\n<meta property=\"og:type\" content=\"article\" \/>\n<meta property=\"og:title\" content=\"Zjist\u011bte v\u00edce o programu eToro Partners\" \/>\n<meta property=\"og:description\" content=\"\u010c\u00edm v\u00edce informac\u00ed o eToro budete m\u00edt, t\u00edm l\u00e9pe budete p\u0159ipraveni vytv\u00e1\u0159et kvalitn\u00ed kampan\u011b.\" \/>\n<meta property=\"og:url\" content=\"https:\/\/etoropartners.com\/cs\/find-out-more\/\" \/>\n<meta property=\"og:site_name\" content=\"eToro Partners\" \/>\n<meta property=\"article:modified_time\" content=\"2023-05-24T10:04:20+00:00\" \/>\n<meta name=\"twitter:card\" content=\"summary_large_image\" \/>\n<script type=\"application\/ld+json\" class=\"yoast-schema-graph\">{\"@context\":\"https:\\\/\\\/schema.org\",\"@graph\":[{\"@type\":\"WebPage\",\"@id\":\"https:\\\/\\\/etoropartners.com\\\/cs\\\/find-out-more\\\/\",\"url\":\"https:\\\/\\\/etoropartners.com\\\/cs\\\/find-out-more\\\/\",\"name\":\"Zjist\u011bte v\u00edce o programu eToro Partners\",\"isPartOf\":{\"@id\":\"https:\\\/\\\/etoropartners.com\\\/cs\\\/#website\"},\"datePublished\":\"2021-11-23T10:37:10+00:00\",\"dateModified\":\"2023-05-24T10:04:20+00:00\",\"description\":\"\u010c\u00edm v\u00edce informac\u00ed o eToro budete m\u00edt, t\u00edm l\u00e9pe budete p\u0159ipraveni vytv\u00e1\u0159et kvalitn\u00ed kampan\u011b.\",\"breadcrumb\":{\"@id\":\"https:\\\/\\\/etoropartners.com\\\/cs\\\/find-out-more\\\/#breadcrumb\"},\"inLanguage\":\"cs\",\"potentialAction\":[{\"@type\":\"ReadAction\",\"target\":[\"https:\\\/\\\/etoropartners.com\\\/cs\\\/find-out-more\\\/\"]}]},{\"@type\":\"BreadcrumbList\",\"@id\":\"https:\\\/\\\/etoropartners.com\\\/cs\\\/find-out-more\\\/#breadcrumb\",\"itemListElement\":[{\"@type\":\"ListItem\",\"position\":1,\"name\":\"Home\",\"item\":\"https:\\\/\\\/etoropartners.wpengine.com\\\/cs\\\/\"},{\"@type\":\"ListItem\",\"position\":2,\"name\":\"Find out more\"}]},{\"@type\":\"WebSite\",\"@id\":\"https:\\\/\\\/etoropartners.com\\\/cs\\\/#website\",\"url\":\"https:\\\/\\\/etoropartners.com\\\/cs\\\/\",\"name\":\"eToro Partners\",\"description\":\"\",\"potentialAction\":[{\"@type\":\"SearchAction\",\"target\":{\"@type\":\"EntryPoint\",\"urlTemplate\":\"https:\\\/\\\/etoropartners.com\\\/cs\\\/?s={search_term_string}\"},\"query-input\":{\"@type\":\"PropertyValueSpecification\",\"valueRequired\":true,\"valueName\":\"search_term_string\"}}],\"inLanguage\":\"cs\"}]}<\/script>\n<!-- \/ Yoast SEO plugin. -->","yoast_head_json":{"title":"Zjist\u011bte v\u00edce o programu eToro Partners","description":"\u010c\u00edm v\u00edce informac\u00ed o eToro budete m\u00edt, t\u00edm l\u00e9pe budete p\u0159ipraveni vytv\u00e1\u0159et kvalitn\u00ed kampan\u011b.","robots":{"index":"index","follow":"follow","max-snippet":"max-snippet:-1","max-image-preview":"max-image-preview:large","max-video-preview":"max-video-preview:-1"},"canonical":"https:\/\/etoropartners.com\/cs\/find-out-more\/","og_locale":"cs_CZ","og_type":"article","og_title":"Zjist\u011bte v\u00edce o programu eToro Partners","og_description":"\u010c\u00edm v\u00edce informac\u00ed o eToro budete m\u00edt, t\u00edm l\u00e9pe budete p\u0159ipraveni vytv\u00e1\u0159et kvalitn\u00ed kampan\u011b.","og_url":"https:\/\/etoropartners.com\/cs\/find-out-more\/","og_site_name":"eToro Partners","article_modified_time":"2023-05-24T10:04:20+00:00","twitter_card":"summary_large_image","schema":{"@context":"https:\/\/schema.org","@graph":[{"@type":"WebPage","@id":"https:\/\/etoropartners.com\/cs\/find-out-more\/","url":"https:\/\/etoropartners.com\/cs\/find-out-more\/","name":"Zjist\u011bte v\u00edce o programu eToro Partners","isPartOf":{"@id":"https:\/\/etoropartners.com\/cs\/#website"},"datePublished":"2021-11-23T10:37:10+00:00","dateModified":"2023-05-24T10:04:20+00:00","description":"\u010c\u00edm v\u00edce informac\u00ed o eToro budete m\u00edt, t\u00edm l\u00e9pe budete p\u0159ipraveni vytv\u00e1\u0159et kvalitn\u00ed kampan\u011b.","breadcrumb":{"@id":"https:\/\/etoropartners.com\/cs\/find-out-more\/#breadcrumb"},"inLanguage":"cs","potentialAction":[{"@type":"ReadAction","target":["https:\/\/etoropartners.com\/cs\/find-out-more\/"]}]},{"@type":"BreadcrumbList","@id":"https:\/\/etoropartners.com\/cs\/find-out-more\/#breadcrumb","itemListElement":[{"@type":"ListItem","position":1,"name":"Home","item":"https:\/\/etoropartners.wpengine.com\/cs\/"},{"@type":"ListItem","position":2,"name":"Find out more"}]},{"@type":"WebSite","@id":"https:\/\/etoropartners.com\/cs\/#website","url":"https:\/\/etoropartners.com\/cs\/","name":"eToro Partners","description":"","potentialAction":[{"@type":"SearchAction","target":{"@type":"EntryPoint","urlTemplate":"https:\/\/etoropartners.com\/cs\/?s={search_term_string}"},"query-input":{"@type":"PropertyValueSpecification","valueRequired":true,"valueName":"search_term_string"}}],"inLanguage":"cs"}]}},"_links":{"self":[{"href":"https:\/\/etoropartners.com\/cs\/wp-json\/wp\/v2\/pages\/2879","targetHints":{"allow":["GET"]}}],"collection":[{"href":"https:\/\/etoropartners.com\/cs\/wp-json\/wp\/v2\/pages"}],"about":[{"href":"https:\/\/etoropartners.com\/cs\/wp-json\/wp\/v2\/types\/page"}],"author":[{"embeddable":true,"href":"https:\/\/etoropartners.com\/cs\/wp-json\/wp\/v2\/users\/5"}],"replies":[{"embeddable":true,"href":"https:\/\/etoropartners.com\/cs\/wp-json\/wp\/v2\/comments?post=2879"}],"version-history":[{"count":0,"href":"https:\/\/etoropartners.com\/cs\/wp-json\/wp\/v2\/pages\/2879\/revisions"}],"wp:attachment":[{"href":"https:\/\/etoropartners.com\/cs\/wp-json\/wp\/v2\/media?parent=2879"}],"curies":[{"name":"wp","href":"https:\/\/api.w.org\/{rel}","templated":true}]}}