{"id":1348,"date":"2021-05-19T12:49:37","date_gmt":"2021-05-19T12:49:37","guid":{"rendered":"https:\/\/etoropartners.wpengine.com\/?page_id=1348"},"modified":"2023-11-02T10:54:58","modified_gmt":"2023-11-02T08:54:58","slug":"guidelines","status":"publish","type":"page","link":"https:\/\/etoropartners.com\/cs\/guidelines\/","title":{"rendered":"Guidelines"},"content":{"rendered":"","protected":false},"excerpt":{"rendered":"","protected":false},"author":5,"featured_media":0,"parent":0,"menu_order":0,"comment_status":"closed","ping_status":"closed","template":"","meta":{"_acf_changed":false,"sticky_cta_settings":"","footnotes":""},"class_list":["post-1348","page","type-page","status-publish","hentry"],"acf":[],"yoast_head":"<!-- This site is optimized with the Yoast SEO plugin v27.3 - https:\/\/yoast.com\/product\/yoast-seo-wordpress\/ -->\n<title>eToro Partners \u2013 pokyny k partnersk\u00e9mu programu<\/title>\n<meta name=\"description\" content=\"Zjist\u011bte si v\u0161echny pokyny a instrukce pro p\u0159ipojen\u00ed k partnersk\u00e9mu programu eToro.\" \/>\n<meta name=\"robots\" content=\"index, follow, max-snippet:-1, max-image-preview:large, max-video-preview:-1\" \/>\n<link rel=\"canonical\" href=\"https:\/\/etoropartners.com\/cs\/guidelines\/\" \/>\n<meta property=\"og:locale\" content=\"cs_CZ\" \/>\n<meta property=\"og:type\" content=\"article\" \/>\n<meta property=\"og:title\" content=\"eToro Partners \u2013 pokyny k partnersk\u00e9mu programu\" \/>\n<meta property=\"og:description\" content=\"Zjist\u011bte si v\u0161echny pokyny a instrukce pro p\u0159ipojen\u00ed k partnersk\u00e9mu programu eToro.\" \/>\n<meta property=\"og:url\" content=\"https:\/\/etoropartners.com\/cs\/guidelines\/\" \/>\n<meta property=\"og:site_name\" content=\"eToro Partners\" \/>\n<meta property=\"article:modified_time\" content=\"2023-11-02T08:54:58+00:00\" \/>\n<meta name=\"twitter:card\" content=\"summary_large_image\" \/>\n<script type=\"application\/ld+json\" class=\"yoast-schema-graph\">{\"@context\":\"https:\\\/\\\/schema.org\",\"@graph\":[{\"@type\":\"WebPage\",\"@id\":\"https:\\\/\\\/etoropartners.com\\\/cs\\\/guidelines\\\/\",\"url\":\"https:\\\/\\\/etoropartners.com\\\/cs\\\/guidelines\\\/\",\"name\":\"eToro Partners \u2013 pokyny k partnersk\u00e9mu programu\",\"isPartOf\":{\"@id\":\"https:\\\/\\\/etoropartners.com\\\/cs\\\/#website\"},\"datePublished\":\"2021-05-19T12:49:37+00:00\",\"dateModified\":\"2023-11-02T08:54:58+00:00\",\"description\":\"Zjist\u011bte si v\u0161echny pokyny a instrukce pro p\u0159ipojen\u00ed k partnersk\u00e9mu programu eToro.\",\"breadcrumb\":{\"@id\":\"https:\\\/\\\/etoropartners.com\\\/cs\\\/guidelines\\\/#breadcrumb\"},\"inLanguage\":\"cs\",\"potentialAction\":[{\"@type\":\"ReadAction\",\"target\":[\"https:\\\/\\\/etoropartners.com\\\/cs\\\/guidelines\\\/\"]}]},{\"@type\":\"BreadcrumbList\",\"@id\":\"https:\\\/\\\/etoropartners.com\\\/cs\\\/guidelines\\\/#breadcrumb\",\"itemListElement\":[{\"@type\":\"ListItem\",\"position\":1,\"name\":\"Home\",\"item\":\"https:\\\/\\\/etoropartners.wpengine.com\\\/cs\\\/\"},{\"@type\":\"ListItem\",\"position\":2,\"name\":\"POKYNY\"}]},{\"@type\":\"WebSite\",\"@id\":\"https:\\\/\\\/etoropartners.com\\\/cs\\\/#website\",\"url\":\"https:\\\/\\\/etoropartners.com\\\/cs\\\/\",\"name\":\"eToro Partners\",\"description\":\"\",\"potentialAction\":[{\"@type\":\"SearchAction\",\"target\":{\"@type\":\"EntryPoint\",\"urlTemplate\":\"https:\\\/\\\/etoropartners.com\\\/cs\\\/?s={search_term_string}\"},\"query-input\":{\"@type\":\"PropertyValueSpecification\",\"valueRequired\":true,\"valueName\":\"search_term_string\"}}],\"inLanguage\":\"cs\"}]}<\/script>\n<!-- \/ Yoast SEO plugin. -->","yoast_head_json":{"title":"eToro Partners \u2013 pokyny k partnersk\u00e9mu programu","description":"Zjist\u011bte si v\u0161echny pokyny a instrukce pro p\u0159ipojen\u00ed k partnersk\u00e9mu programu eToro.","robots":{"index":"index","follow":"follow","max-snippet":"max-snippet:-1","max-image-preview":"max-image-preview:large","max-video-preview":"max-video-preview:-1"},"canonical":"https:\/\/etoropartners.com\/cs\/guidelines\/","og_locale":"cs_CZ","og_type":"article","og_title":"eToro Partners \u2013 pokyny k partnersk\u00e9mu programu","og_description":"Zjist\u011bte si v\u0161echny pokyny a instrukce pro p\u0159ipojen\u00ed k partnersk\u00e9mu programu eToro.","og_url":"https:\/\/etoropartners.com\/cs\/guidelines\/","og_site_name":"eToro Partners","article_modified_time":"2023-11-02T08:54:58+00:00","twitter_card":"summary_large_image","schema":{"@context":"https:\/\/schema.org","@graph":[{"@type":"WebPage","@id":"https:\/\/etoropartners.com\/cs\/guidelines\/","url":"https:\/\/etoropartners.com\/cs\/guidelines\/","name":"eToro Partners \u2013 pokyny k partnersk\u00e9mu programu","isPartOf":{"@id":"https:\/\/etoropartners.com\/cs\/#website"},"datePublished":"2021-05-19T12:49:37+00:00","dateModified":"2023-11-02T08:54:58+00:00","description":"Zjist\u011bte si v\u0161echny pokyny a instrukce pro p\u0159ipojen\u00ed k partnersk\u00e9mu programu eToro.","breadcrumb":{"@id":"https:\/\/etoropartners.com\/cs\/guidelines\/#breadcrumb"},"inLanguage":"cs","potentialAction":[{"@type":"ReadAction","target":["https:\/\/etoropartners.com\/cs\/guidelines\/"]}]},{"@type":"BreadcrumbList","@id":"https:\/\/etoropartners.com\/cs\/guidelines\/#breadcrumb","itemListElement":[{"@type":"ListItem","position":1,"name":"Home","item":"https:\/\/etoropartners.wpengine.com\/cs\/"},{"@type":"ListItem","position":2,"name":"POKYNY"}]},{"@type":"WebSite","@id":"https:\/\/etoropartners.com\/cs\/#website","url":"https:\/\/etoropartners.com\/cs\/","name":"eToro Partners","description":"","potentialAction":[{"@type":"SearchAction","target":{"@type":"EntryPoint","urlTemplate":"https:\/\/etoropartners.com\/cs\/?s={search_term_string}"},"query-input":{"@type":"PropertyValueSpecification","valueRequired":true,"valueName":"search_term_string"}}],"inLanguage":"cs"}]}},"_links":{"self":[{"href":"https:\/\/etoropartners.com\/cs\/wp-json\/wp\/v2\/pages\/1348","targetHints":{"allow":["GET"]}}],"collection":[{"href":"https:\/\/etoropartners.com\/cs\/wp-json\/wp\/v2\/pages"}],"about":[{"href":"https:\/\/etoropartners.com\/cs\/wp-json\/wp\/v2\/types\/page"}],"author":[{"embeddable":true,"href":"https:\/\/etoropartners.com\/cs\/wp-json\/wp\/v2\/users\/5"}],"replies":[{"embeddable":true,"href":"https:\/\/etoropartners.com\/cs\/wp-json\/wp\/v2\/comments?post=1348"}],"version-history":[{"count":0,"href":"https:\/\/etoropartners.com\/cs\/wp-json\/wp\/v2\/pages\/1348\/revisions"}],"wp:attachment":[{"href":"https:\/\/etoropartners.com\/cs\/wp-json\/wp\/v2\/media?parent=1348"}],"curies":[{"name":"wp","href":"https:\/\/api.w.org\/{rel}","templated":true}]}}