{"id":1235,"date":"2021-01-14T11:25:50","date_gmt":"2021-01-14T11:25:50","guid":{"rendered":"http:\/\/etoropartners.wpengine.com\/payments\/"},"modified":"2023-05-23T15:22:23","modified_gmt":"2023-05-23T13:22:23","slug":"payments","status":"publish","type":"page","link":"https:\/\/etoropartners.com\/cs\/payments\/","title":{"rendered":"Payments"},"content":{"rendered":"","protected":false},"excerpt":{"rendered":"","protected":false},"author":5,"featured_media":0,"parent":0,"menu_order":0,"comment_status":"closed","ping_status":"closed","template":"","meta":{"_acf_changed":false,"sticky_cta_settings":"","footnotes":""},"class_list":["post-1235","page","type-page","status-publish","hentry"],"acf":[],"yoast_head":"<!-- This site is optimized with the Yoast SEO plugin v27.3 - https:\/\/yoast.com\/product\/yoast-seo-wordpress\/ -->\n<title>eToro Partners \u2013 ov\u011b\u0159ov\u00e1n\u00ed a platby partnersk\u00fdch spole\u010dnost\u00ed<\/title>\n<meta name=\"description\" content=\"\u010clenov\u00e9 partnersk\u00e9ho programu eToro mohou zjistit v\u0161echny informace o tom, jak p\u0159ij\u00edmat platby a vystavovat faktury\" \/>\n<meta name=\"robots\" content=\"index, follow, max-snippet:-1, max-image-preview:large, max-video-preview:-1\" \/>\n<link rel=\"canonical\" href=\"https:\/\/etoropartners.com\/cs\/payments\/\" \/>\n<meta property=\"og:locale\" content=\"cs_CZ\" \/>\n<meta property=\"og:type\" content=\"article\" \/>\n<meta property=\"og:title\" content=\"eToro Partners \u2013 ov\u011b\u0159ov\u00e1n\u00ed a platby partnersk\u00fdch spole\u010dnost\u00ed\" \/>\n<meta property=\"og:description\" content=\"\u010clenov\u00e9 partnersk\u00e9ho programu eToro mohou zjistit v\u0161echny informace o tom, jak p\u0159ij\u00edmat platby a vystavovat faktury\" \/>\n<meta property=\"og:url\" content=\"https:\/\/etoropartners.com\/cs\/payments\/\" \/>\n<meta property=\"og:site_name\" content=\"eToro Partners\" \/>\n<meta property=\"article:modified_time\" content=\"2023-05-23T13:22:23+00:00\" \/>\n<meta name=\"twitter:card\" content=\"summary_large_image\" \/>\n<script type=\"application\/ld+json\" class=\"yoast-schema-graph\">{\"@context\":\"https:\\\/\\\/schema.org\",\"@graph\":[{\"@type\":\"WebPage\",\"@id\":\"https:\\\/\\\/etoropartners.com\\\/cs\\\/payments\\\/\",\"url\":\"https:\\\/\\\/etoropartners.com\\\/cs\\\/payments\\\/\",\"name\":\"eToro Partners \u2013 ov\u011b\u0159ov\u00e1n\u00ed a platby partnersk\u00fdch spole\u010dnost\u00ed\",\"isPartOf\":{\"@id\":\"https:\\\/\\\/etoropartners.com\\\/cs\\\/#website\"},\"datePublished\":\"2021-01-14T11:25:50+00:00\",\"dateModified\":\"2023-05-23T13:22:23+00:00\",\"description\":\"\u010clenov\u00e9 partnersk\u00e9ho programu eToro mohou zjistit v\u0161echny informace o tom, jak p\u0159ij\u00edmat platby a vystavovat faktury\",\"breadcrumb\":{\"@id\":\"https:\\\/\\\/etoropartners.com\\\/cs\\\/payments\\\/#breadcrumb\"},\"inLanguage\":\"cs\",\"potentialAction\":[{\"@type\":\"ReadAction\",\"target\":[\"https:\\\/\\\/etoropartners.com\\\/cs\\\/payments\\\/\"]}]},{\"@type\":\"BreadcrumbList\",\"@id\":\"https:\\\/\\\/etoropartners.com\\\/cs\\\/payments\\\/#breadcrumb\",\"itemListElement\":[{\"@type\":\"ListItem\",\"position\":1,\"name\":\"Home\",\"item\":\"https:\\\/\\\/etoropartners.wpengine.com\\\/cs\\\/\"},{\"@type\":\"ListItem\",\"position\":2,\"name\":\"PLATBY\"}]},{\"@type\":\"WebSite\",\"@id\":\"https:\\\/\\\/etoropartners.com\\\/cs\\\/#website\",\"url\":\"https:\\\/\\\/etoropartners.com\\\/cs\\\/\",\"name\":\"eToro Partners\",\"description\":\"\",\"potentialAction\":[{\"@type\":\"SearchAction\",\"target\":{\"@type\":\"EntryPoint\",\"urlTemplate\":\"https:\\\/\\\/etoropartners.com\\\/cs\\\/?s={search_term_string}\"},\"query-input\":{\"@type\":\"PropertyValueSpecification\",\"valueRequired\":true,\"valueName\":\"search_term_string\"}}],\"inLanguage\":\"cs\"}]}<\/script>\n<!-- \/ Yoast SEO plugin. -->","yoast_head_json":{"title":"eToro Partners \u2013 ov\u011b\u0159ov\u00e1n\u00ed a platby partnersk\u00fdch spole\u010dnost\u00ed","description":"\u010clenov\u00e9 partnersk\u00e9ho programu eToro mohou zjistit v\u0161echny informace o tom, jak p\u0159ij\u00edmat platby a vystavovat faktury","robots":{"index":"index","follow":"follow","max-snippet":"max-snippet:-1","max-image-preview":"max-image-preview:large","max-video-preview":"max-video-preview:-1"},"canonical":"https:\/\/etoropartners.com\/cs\/payments\/","og_locale":"cs_CZ","og_type":"article","og_title":"eToro Partners \u2013 ov\u011b\u0159ov\u00e1n\u00ed a platby partnersk\u00fdch spole\u010dnost\u00ed","og_description":"\u010clenov\u00e9 partnersk\u00e9ho programu eToro mohou zjistit v\u0161echny informace o tom, jak p\u0159ij\u00edmat platby a vystavovat faktury","og_url":"https:\/\/etoropartners.com\/cs\/payments\/","og_site_name":"eToro Partners","article_modified_time":"2023-05-23T13:22:23+00:00","twitter_card":"summary_large_image","schema":{"@context":"https:\/\/schema.org","@graph":[{"@type":"WebPage","@id":"https:\/\/etoropartners.com\/cs\/payments\/","url":"https:\/\/etoropartners.com\/cs\/payments\/","name":"eToro Partners \u2013 ov\u011b\u0159ov\u00e1n\u00ed a platby partnersk\u00fdch spole\u010dnost\u00ed","isPartOf":{"@id":"https:\/\/etoropartners.com\/cs\/#website"},"datePublished":"2021-01-14T11:25:50+00:00","dateModified":"2023-05-23T13:22:23+00:00","description":"\u010clenov\u00e9 partnersk\u00e9ho programu eToro mohou zjistit v\u0161echny informace o tom, jak p\u0159ij\u00edmat platby a vystavovat faktury","breadcrumb":{"@id":"https:\/\/etoropartners.com\/cs\/payments\/#breadcrumb"},"inLanguage":"cs","potentialAction":[{"@type":"ReadAction","target":["https:\/\/etoropartners.com\/cs\/payments\/"]}]},{"@type":"BreadcrumbList","@id":"https:\/\/etoropartners.com\/cs\/payments\/#breadcrumb","itemListElement":[{"@type":"ListItem","position":1,"name":"Home","item":"https:\/\/etoropartners.wpengine.com\/cs\/"},{"@type":"ListItem","position":2,"name":"PLATBY"}]},{"@type":"WebSite","@id":"https:\/\/etoropartners.com\/cs\/#website","url":"https:\/\/etoropartners.com\/cs\/","name":"eToro Partners","description":"","potentialAction":[{"@type":"SearchAction","target":{"@type":"EntryPoint","urlTemplate":"https:\/\/etoropartners.com\/cs\/?s={search_term_string}"},"query-input":{"@type":"PropertyValueSpecification","valueRequired":true,"valueName":"search_term_string"}}],"inLanguage":"cs"}]}},"_links":{"self":[{"href":"https:\/\/etoropartners.com\/cs\/wp-json\/wp\/v2\/pages\/1235","targetHints":{"allow":["GET"]}}],"collection":[{"href":"https:\/\/etoropartners.com\/cs\/wp-json\/wp\/v2\/pages"}],"about":[{"href":"https:\/\/etoropartners.com\/cs\/wp-json\/wp\/v2\/types\/page"}],"author":[{"embeddable":true,"href":"https:\/\/etoropartners.com\/cs\/wp-json\/wp\/v2\/users\/5"}],"replies":[{"embeddable":true,"href":"https:\/\/etoropartners.com\/cs\/wp-json\/wp\/v2\/comments?post=1235"}],"version-history":[{"count":0,"href":"https:\/\/etoropartners.com\/cs\/wp-json\/wp\/v2\/pages\/1235\/revisions"}],"wp:attachment":[{"href":"https:\/\/etoropartners.com\/cs\/wp-json\/wp\/v2\/media?parent=1235"}],"curies":[{"name":"wp","href":"https:\/\/api.w.org\/{rel}","templated":true}]}}